{"id":968406,"date":"2020-12-30T14:20:39","date_gmt":"2020-12-30T13:20:39","guid":{"rendered":"https:\/\/www.elovis.com\/soluciones-para-la-industria\/"},"modified":"2025-02-25T13:33:33","modified_gmt":"2025-02-25T12:33:33","slug":"soluciones-para-la-industria","status":"publish","type":"page","link":"https:\/\/www.elovis.com\/es\/soluciones-para-la-industria\/","title":{"rendered":"Soluciones para la Industria"},"content":{"rendered":"\t\t<div data-elementor-type=\"wp-post\" data-elementor-id=\"968406\" class=\"elementor elementor-968406 elementor-957156\" data-elementor-post-type=\"page\">\n\t\t\t\t\t\t<section class=\"elementor-section elementor-top-section elementor-element elementor-element-5281739a elementor-section-boxed elementor-section-height-default elementor-section-height-default\" data-id=\"5281739a\" data-element_type=\"section\" data-e-type=\"section\">\n\t\t\t\t\t\t<div class=\"elementor-container elementor-column-gap-default\">\n\t\t\t\t\t<div class=\"elementor-column elementor-col-100 elementor-top-column elementor-element elementor-element-5e90581d\" data-id=\"5e90581d\" data-element_type=\"column\" data-e-type=\"column\">\n\t\t\t<div class=\"elementor-widget-wrap elementor-element-populated\">\n\t\t\t\t\t\t<div class=\"elementor-element elementor-element-4344e8cf elementor-widget elementor-widget-text-editor\" data-id=\"4344e8cf\" data-element_type=\"widget\" data-e-type=\"widget\" data-widget_type=\"text-editor.default\">\n\t\t\t\t<div class=\"elementor-widget-container\">\n\t\t\t\t\t\t\t\t\t<p>ELOVIS ofrece soluciones de medici\u00f3n para numerosos sectores industriales. Todas las soluciones de medici\u00f3n se basan en los sistemas de ELOVIS para la medici\u00f3n de la velocidad, la medici\u00f3n de la longitud, la medici\u00f3n de la longitud de piezas, para la medici\u00f3n de la anchura y la altura, as\u00ed como en los sistemas de transmisi\u00f3n inal\u00e1mbrica de datos de medici\u00f3n. Algunas soluciones de medici\u00f3n para sectores industriales seleccionados se presentan aqu\u00ed como ejemplos.<\/p>\n\t\t\t\t\t\t\t\t<\/div>\n\t\t\t\t<\/div>\n\t\t\t\t\t<\/div>\n\t\t<\/div>\n\t\t\t\t\t<\/div>\n\t\t<\/section>\n\t\t\t\t<section class=\"elementor-section elementor-top-section elementor-element elementor-element-7d243e2 elementor-section-boxed elementor-section-height-default elementor-section-height-default\" data-id=\"7d243e2\" data-element_type=\"section\" data-e-type=\"section\">\n\t\t\t\t\t\t<div class=\"elementor-container elementor-column-gap-default\">\n\t\t\t\t\t<div class=\"elementor-column elementor-col-100 elementor-top-column elementor-element elementor-element-2c37a9b\" data-id=\"2c37a9b\" data-element_type=\"column\" data-e-type=\"column\">\n\t\t\t<div class=\"elementor-widget-wrap elementor-element-populated\">\n\t\t\t\t\t\t<section class=\"elementor-section elementor-inner-section elementor-element elementor-element-6699006 elementor-section-boxed elementor-section-height-default elementor-section-height-default\" data-id=\"6699006\" data-element_type=\"section\" data-e-type=\"section\">\n\t\t\t\t\t\t<div class=\"elementor-container elementor-column-gap-default\">\n\t\t\t\t\t<div class=\"elementor-column elementor-col-50 elementor-inner-column elementor-element elementor-element-e6b54aa\" data-id=\"e6b54aa\" data-element_type=\"column\" data-e-type=\"column\">\n\t\t\t<div class=\"elementor-widget-wrap elementor-element-populated\">\n\t\t\t\t\t\t<div class=\"elementor-element elementor-element-fba15d8 elementor-widget elementor-widget-image\" data-id=\"fba15d8\" data-element_type=\"widget\" data-e-type=\"widget\" data-widget_type=\"image.default\">\n\t\t\t\t<div class=\"elementor-widget-container\">\n\t\t\t\t\t\t\t\t\t\t\t\t\t\t\t\t<a href=\"https:\/\/www.elovis.com\/es\/soluciones-para-la-industria\/industria-del-papel\/\">\n\t\t\t\t\t\t\t<img fetchpriority=\"high\" decoding=\"async\" width=\"1024\" height=\"768\" src=\"https:\/\/www.elovis.com\/wp-content\/smush-webp\/2020\/12\/Siebgeschwindigkeit_03q-1024x768.jpg.webp\" class=\"attachment-large size-large wp-image-957174\" alt=\"Industria del papel\" srcset=\"https:\/\/www.elovis.com\/wp-content\/smush-webp\/2020\/12\/Siebgeschwindigkeit_03q-1024x768.jpg.webp 1024w, https:\/\/www.elovis.com\/wp-content\/smush-webp\/2020\/12\/Siebgeschwindigkeit_03q-300x225.jpg.webp 300w, https:\/\/www.elovis.com\/wp-content\/smush-webp\/2020\/12\/Siebgeschwindigkeit_03q-768x576.jpg.webp 768w, https:\/\/www.elovis.com\/wp-content\/smush-webp\/2020\/12\/Siebgeschwindigkeit_03q-1536x1152.jpg.webp 1536w, https:\/\/www.elovis.com\/wp-content\/smush-webp\/2020\/12\/Siebgeschwindigkeit_03q-2048x1536.jpg.webp 2048w\" sizes=\"(max-width: 1024px) 100vw, 1024px\" data-smush-webp-fallback=\"{&quot;src&quot;:&quot;https:\\\/\\\/www.elovis.com\\\/wp-content\\\/uploads\\\/2020\\\/12\\\/Siebgeschwindigkeit_03q-1024x768.jpg&quot;,&quot;srcset&quot;:&quot;https:\\\/\\\/www.elovis.com\\\/wp-content\\\/uploads\\\/2020\\\/12\\\/Siebgeschwindigkeit_03q-1024x768.jpg 1024w, https:\\\/\\\/www.elovis.com\\\/wp-content\\\/uploads\\\/2020\\\/12\\\/Siebgeschwindigkeit_03q-300x225.jpg 300w, https:\\\/\\\/www.elovis.com\\\/wp-content\\\/uploads\\\/2020\\\/12\\\/Siebgeschwindigkeit_03q-768x576.jpg 768w, https:\\\/\\\/www.elovis.com\\\/wp-content\\\/uploads\\\/2020\\\/12\\\/Siebgeschwindigkeit_03q-1536x1152.jpg 1536w, https:\\\/\\\/www.elovis.com\\\/wp-content\\\/uploads\\\/2020\\\/12\\\/Siebgeschwindigkeit_03q-2048x1536.jpg 2048w&quot;}\" \/>\t\t\t\t\t\t\t\t<\/a>\n\t\t\t\t\t\t\t\t\t\t\t\t\t\t\t<\/div>\n\t\t\t\t<\/div>\n\t\t\t\t<div class=\"elementor-element elementor-element-414382c elementor-widget elementor-widget-text-editor\" data-id=\"414382c\" data-element_type=\"widget\" data-e-type=\"widget\" data-widget_type=\"text-editor.default\">\n\t\t\t\t<div class=\"elementor-widget-container\">\n\t\t\t\t\t\t\t\t\t<p><a href=\"https:\/\/www.elovis.com\/es\/soluciones-para-la-industria\/industria-del-papel\/\"><strong>Industria del Papel<\/strong><\/a><\/p>\n\t\t\t\t\t\t\t\t<\/div>\n\t\t\t\t<\/div>\n\t\t\t\t\t<\/div>\n\t\t<\/div>\n\t\t\t\t<div class=\"elementor-column elementor-col-50 elementor-inner-column elementor-element elementor-element-d991f3d\" data-id=\"d991f3d\" data-element_type=\"column\" data-e-type=\"column\">\n\t\t\t<div class=\"elementor-widget-wrap elementor-element-populated\">\n\t\t\t\t\t\t<div class=\"elementor-element elementor-element-80c003c elementor-widget elementor-widget-image\" data-id=\"80c003c\" data-element_type=\"widget\" data-e-type=\"widget\" data-widget_type=\"image.default\">\n\t\t\t\t<div class=\"elementor-widget-container\">\n\t\t\t\t\t\t\t\t\t\t\t\t\t\t\t\t<a href=\"https:\/\/www.elovis.com\/es\/soluciones-para-la-industria\/industria-de-la-extrusion\/\">\n\t\t\t\t\t\t\t<img decoding=\"async\" width=\"977\" height=\"733\" data-src=\"https:\/\/www.elovis.com\/wp-content\/uploads\/2019\/07\/Extrudex_Abl\u00e4ngvorrichtung4x3.jpg\" class=\"attachment-large size-large wp-image-218180 lazyload\" alt=\"Industria de la extrusi\u00f3n\" data-srcset=\"https:\/\/www.elovis.com\/wp-content\/uploads\/2019\/07\/Extrudex_Abl\u00e4ngvorrichtung4x3.jpg 977w, https:\/\/www.elovis.com\/wp-content\/smush-webp\/2019\/07\/Extrudex_Abl\u00e4ngvorrichtung4x3-300x225.jpg.webp 300w, https:\/\/www.elovis.com\/wp-content\/smush-webp\/2019\/07\/Extrudex_Abl\u00e4ngvorrichtung4x3-768x576.jpg.webp 768w\" data-sizes=\"(max-width: 977px) 100vw, 977px\" src=\"data:image\/svg+xml;base64,PHN2ZyB3aWR0aD0iMSIgaGVpZ2h0PSIxIiB4bWxucz0iaHR0cDovL3d3dy53My5vcmcvMjAwMC9zdmciPjwvc3ZnPg==\" style=\"--smush-placeholder-width: 977px; --smush-placeholder-aspect-ratio: 977\/733;\" data-smush-webp-fallback=\"{&quot;data-srcset&quot;:&quot;https:\\\/\\\/www.elovis.com\\\/wp-content\\\/uploads\\\/2019\\\/07\\\/Extrudex_Abl\\u00e4ngvorrichtung4x3.jpg 977w, https:\\\/\\\/www.elovis.com\\\/wp-content\\\/uploads\\\/2019\\\/07\\\/Extrudex_Abl\\u00e4ngvorrichtung4x3-300x225.jpg 300w, https:\\\/\\\/www.elovis.com\\\/wp-content\\\/uploads\\\/2019\\\/07\\\/Extrudex_Abl\\u00e4ngvorrichtung4x3-768x576.jpg 768w&quot;}\" \/>\t\t\t\t\t\t\t\t<\/a>\n\t\t\t\t\t\t\t\t\t\t\t\t\t\t\t<\/div>\n\t\t\t\t<\/div>\n\t\t\t\t<div class=\"elementor-element elementor-element-73f9357 elementor-widget elementor-widget-text-editor\" data-id=\"73f9357\" data-element_type=\"widget\" data-e-type=\"widget\" data-widget_type=\"text-editor.default\">\n\t\t\t\t<div class=\"elementor-widget-container\">\n\t\t\t\t\t\t\t\t\t<p><a href=\"https:\/\/www.elovis.com\/es\/soluciones-para-la-industria\/industria-de-la-extrusion\/\"><strong>Industria de la Extrusi\u00f3n<\/strong><\/a><\/p>\n\t\t\t\t\t\t\t\t<\/div>\n\t\t\t\t<\/div>\n\t\t\t\t\t<\/div>\n\t\t<\/div>\n\t\t\t\t\t<\/div>\n\t\t<\/section>\n\t\t\t\t\t<\/div>\n\t\t<\/div>\n\t\t\t\t\t<\/div>\n\t\t<\/section>\n\t\t\t\t<section class=\"elementor-section elementor-top-section elementor-element elementor-element-eb798e3 elementor-section-boxed elementor-section-height-default elementor-section-height-default\" data-id=\"eb798e3\" data-element_type=\"section\" data-e-type=\"section\">\n\t\t\t\t\t\t<div class=\"elementor-container elementor-column-gap-default\">\n\t\t\t\t\t<div class=\"elementor-column elementor-col-100 elementor-top-column elementor-element elementor-element-fd6238c\" data-id=\"fd6238c\" data-element_type=\"column\" data-e-type=\"column\">\n\t\t\t<div class=\"elementor-widget-wrap elementor-element-populated\">\n\t\t\t\t\t\t<section class=\"elementor-section elementor-inner-section elementor-element elementor-element-3a1d065 elementor-section-boxed elementor-section-height-default elementor-section-height-default\" data-id=\"3a1d065\" data-element_type=\"section\" data-e-type=\"section\">\n\t\t\t\t\t\t<div class=\"elementor-container elementor-column-gap-default\">\n\t\t\t\t\t<div class=\"elementor-column elementor-col-50 elementor-inner-column elementor-element elementor-element-7feb2e3\" data-id=\"7feb2e3\" data-element_type=\"column\" data-e-type=\"column\">\n\t\t\t<div class=\"elementor-widget-wrap elementor-element-populated\">\n\t\t\t\t\t\t<div class=\"elementor-element elementor-element-00bd926 elementor-widget elementor-widget-image\" data-id=\"00bd926\" data-element_type=\"widget\" data-e-type=\"widget\" data-widget_type=\"image.default\">\n\t\t\t\t<div class=\"elementor-widget-container\">\n\t\t\t\t\t\t\t\t\t\t\t\t\t\t\t\t<a href=\"https:\/\/www.elovis.com\/es\/soluciones-para-la-industria\/industria-del-cable\/\">\n\t\t\t\t\t\t\t<img decoding=\"async\" width=\"1024\" height=\"768\" data-src=\"https:\/\/www.elovis.com\/wp-content\/smush-webp\/2020\/12\/IMG_20201201_162749-1024x768.jpg.webp\" class=\"attachment-large size-large wp-image-957185 lazyload\" alt=\"Industria del cable\" data-srcset=\"https:\/\/www.elovis.com\/wp-content\/smush-webp\/2020\/12\/IMG_20201201_162749-1024x768.jpg.webp 1024w, https:\/\/www.elovis.com\/wp-content\/smush-webp\/2020\/12\/IMG_20201201_162749-300x225.jpg.webp 300w, https:\/\/www.elovis.com\/wp-content\/smush-webp\/2020\/12\/IMG_20201201_162749-768x576.jpg.webp 768w, https:\/\/www.elovis.com\/wp-content\/smush-webp\/2020\/12\/IMG_20201201_162749-1536x1152.jpg.webp 1536w, https:\/\/www.elovis.com\/wp-content\/smush-webp\/2020\/12\/IMG_20201201_162749-2048x1536.jpg.webp 2048w\" data-sizes=\"(max-width: 1024px) 100vw, 1024px\" src=\"data:image\/svg+xml;base64,PHN2ZyB3aWR0aD0iMSIgaGVpZ2h0PSIxIiB4bWxucz0iaHR0cDovL3d3dy53My5vcmcvMjAwMC9zdmciPjwvc3ZnPg==\" style=\"--smush-placeholder-width: 1024px; --smush-placeholder-aspect-ratio: 1024\/768;\" data-smush-webp-fallback=\"{&quot;data-src&quot;:&quot;https:\\\/\\\/www.elovis.com\\\/wp-content\\\/uploads\\\/2020\\\/12\\\/IMG_20201201_162749-1024x768.jpg&quot;,&quot;data-srcset&quot;:&quot;https:\\\/\\\/www.elovis.com\\\/wp-content\\\/uploads\\\/2020\\\/12\\\/IMG_20201201_162749-1024x768.jpg 1024w, https:\\\/\\\/www.elovis.com\\\/wp-content\\\/uploads\\\/2020\\\/12\\\/IMG_20201201_162749-300x225.jpg 300w, https:\\\/\\\/www.elovis.com\\\/wp-content\\\/uploads\\\/2020\\\/12\\\/IMG_20201201_162749-768x576.jpg 768w, https:\\\/\\\/www.elovis.com\\\/wp-content\\\/uploads\\\/2020\\\/12\\\/IMG_20201201_162749-1536x1152.jpg 1536w, https:\\\/\\\/www.elovis.com\\\/wp-content\\\/uploads\\\/2020\\\/12\\\/IMG_20201201_162749-2048x1536.jpg 2048w&quot;}\" \/>\t\t\t\t\t\t\t\t<\/a>\n\t\t\t\t\t\t\t\t\t\t\t\t\t\t\t<\/div>\n\t\t\t\t<\/div>\n\t\t\t\t<div class=\"elementor-element elementor-element-796d266 elementor-widget elementor-widget-text-editor\" data-id=\"796d266\" data-element_type=\"widget\" data-e-type=\"widget\" data-widget_type=\"text-editor.default\">\n\t\t\t\t<div class=\"elementor-widget-container\">\n\t\t\t\t\t\t\t\t\t<p><a href=\"https:\/\/www.elovis.com\/es\/soluciones-para-la-industria\/industria-del-cable\/\"><strong>Industria del Cable<\/strong><\/a><\/p>\n\t\t\t\t\t\t\t\t<\/div>\n\t\t\t\t<\/div>\n\t\t\t\t\t<\/div>\n\t\t<\/div>\n\t\t\t\t<div class=\"elementor-column elementor-col-50 elementor-inner-column elementor-element elementor-element-4de3fed\" data-id=\"4de3fed\" data-element_type=\"column\" data-e-type=\"column\">\n\t\t\t<div class=\"elementor-widget-wrap elementor-element-populated\">\n\t\t\t\t\t\t<div class=\"elementor-element elementor-element-60bc7d6 elementor-widget elementor-widget-image\" data-id=\"60bc7d6\" data-element_type=\"widget\" data-e-type=\"widget\" data-widget_type=\"image.default\">\n\t\t\t\t<div class=\"elementor-widget-container\">\n\t\t\t\t\t\t\t\t\t\t\t\t\t\t\t\t<a href=\"https:\/\/www.elovis.com\/es\/soluciones-para-la-industria\/industria-textil\/\">\n\t\t\t\t\t\t\t<img decoding=\"async\" width=\"1024\" height=\"768\" data-src=\"https:\/\/www.elovis.com\/wp-content\/smush-webp\/2021\/07\/1maag_warenschaumaschine_107-3-1024x768.jpg.webp\" class=\"attachment-large size-large wp-image-1253056 lazyload\" alt=\"\" data-srcset=\"https:\/\/www.elovis.com\/wp-content\/smush-webp\/2021\/07\/1maag_warenschaumaschine_107-3-1024x768.jpg.webp 1024w, https:\/\/www.elovis.com\/wp-content\/smush-webp\/2021\/07\/1maag_warenschaumaschine_107-3-300x225.jpg.webp 300w, https:\/\/www.elovis.com\/wp-content\/smush-webp\/2021\/07\/1maag_warenschaumaschine_107-3-768x576.jpg.webp 768w, https:\/\/www.elovis.com\/wp-content\/smush-webp\/2021\/07\/1maag_warenschaumaschine_107-3-1536x1152.jpg.webp 1536w, https:\/\/www.elovis.com\/wp-content\/smush-webp\/2021\/07\/1maag_warenschaumaschine_107-3-2048x1536.jpg.webp 2048w\" data-sizes=\"(max-width: 1024px) 100vw, 1024px\" src=\"data:image\/svg+xml;base64,PHN2ZyB3aWR0aD0iMSIgaGVpZ2h0PSIxIiB4bWxucz0iaHR0cDovL3d3dy53My5vcmcvMjAwMC9zdmciPjwvc3ZnPg==\" style=\"--smush-placeholder-width: 1024px; --smush-placeholder-aspect-ratio: 1024\/768;\" data-smush-webp-fallback=\"{&quot;data-src&quot;:&quot;https:\\\/\\\/www.elovis.com\\\/wp-content\\\/uploads\\\/2021\\\/07\\\/1maag_warenschaumaschine_107-3-1024x768.jpg&quot;,&quot;data-srcset&quot;:&quot;https:\\\/\\\/www.elovis.com\\\/wp-content\\\/uploads\\\/2021\\\/07\\\/1maag_warenschaumaschine_107-3-1024x768.jpg 1024w, https:\\\/\\\/www.elovis.com\\\/wp-content\\\/uploads\\\/2021\\\/07\\\/1maag_warenschaumaschine_107-3-300x225.jpg 300w, https:\\\/\\\/www.elovis.com\\\/wp-content\\\/uploads\\\/2021\\\/07\\\/1maag_warenschaumaschine_107-3-768x576.jpg 768w, https:\\\/\\\/www.elovis.com\\\/wp-content\\\/uploads\\\/2021\\\/07\\\/1maag_warenschaumaschine_107-3-1536x1152.jpg 1536w, https:\\\/\\\/www.elovis.com\\\/wp-content\\\/uploads\\\/2021\\\/07\\\/1maag_warenschaumaschine_107-3-2048x1536.jpg 2048w&quot;}\" \/>\t\t\t\t\t\t\t\t<\/a>\n\t\t\t\t\t\t\t\t\t\t\t\t\t\t\t<\/div>\n\t\t\t\t<\/div>\n\t\t\t\t<div class=\"elementor-element elementor-element-182b421 elementor-widget elementor-widget-text-editor\" data-id=\"182b421\" data-element_type=\"widget\" data-e-type=\"widget\" data-widget_type=\"text-editor.default\">\n\t\t\t\t<div class=\"elementor-widget-container\">\n\t\t\t\t\t\t\t\t\t<p><a href=\"https:\/\/www.elovis.com\/es\/soluciones-para-la-industria\/industria-textil\/\"><strong>Industria Textil<\/strong><\/a><\/p>\n\t\t\t\t\t\t\t\t<\/div>\n\t\t\t\t<\/div>\n\t\t\t\t\t<\/div>\n\t\t<\/div>\n\t\t\t\t\t<\/div>\n\t\t<\/section>\n\t\t\t\t\t<\/div>\n\t\t<\/div>\n\t\t\t\t\t<\/div>\n\t\t<\/section>\n\t\t\t\t<section class=\"elementor-section elementor-top-section elementor-element elementor-element-eeb070e elementor-section-boxed elementor-section-height-default elementor-section-height-default\" data-id=\"eeb070e\" data-element_type=\"section\" data-e-type=\"section\">\n\t\t\t\t\t\t<div class=\"elementor-container elementor-column-gap-default\">\n\t\t\t\t\t<div class=\"elementor-column elementor-col-100 elementor-top-column elementor-element elementor-element-61f6401\" data-id=\"61f6401\" data-element_type=\"column\" data-e-type=\"column\">\n\t\t\t<div class=\"elementor-widget-wrap elementor-element-populated\">\n\t\t\t\t\t\t<section class=\"elementor-section elementor-inner-section elementor-element elementor-element-6f3bcc1 elementor-section-boxed elementor-section-height-default elementor-section-height-default\" data-id=\"6f3bcc1\" data-element_type=\"section\" data-e-type=\"section\">\n\t\t\t\t\t\t<div class=\"elementor-container elementor-column-gap-default\">\n\t\t\t\t\t<div class=\"elementor-column elementor-col-50 elementor-inner-column elementor-element elementor-element-214155f\" data-id=\"214155f\" data-element_type=\"column\" data-e-type=\"column\">\n\t\t\t<div class=\"elementor-widget-wrap elementor-element-populated\">\n\t\t\t\t\t\t<div class=\"elementor-element elementor-element-c9061b7 elementor-widget elementor-widget-image\" data-id=\"c9061b7\" data-element_type=\"widget\" data-e-type=\"widget\" data-widget_type=\"image.default\">\n\t\t\t\t<div class=\"elementor-widget-container\">\n\t\t\t\t\t\t\t\t\t\t\t\t\t\t\t\t<a href=\"https:\/\/www.elovis.com\/es\/soluciones-para-la-industria\/industria-de-laminas-y-films\/\">\n\t\t\t\t\t\t\t<img decoding=\"async\" width=\"1024\" height=\"768\" data-src=\"https:\/\/www.elovis.com\/wp-content\/smush-webp\/2020\/12\/Lackfolie-02-1024x768.jpg.webp\" class=\"attachment-large size-large wp-image-935509 lazyload\" alt=\"Industria de L\u00e1minas y Films\" data-srcset=\"https:\/\/www.elovis.com\/wp-content\/smush-webp\/2020\/12\/Lackfolie-02-1024x768.jpg.webp 1024w, https:\/\/www.elovis.com\/wp-content\/smush-webp\/2020\/12\/Lackfolie-02-300x225.jpg.webp 300w, https:\/\/www.elovis.com\/wp-content\/smush-webp\/2020\/12\/Lackfolie-02-768x576.jpg.webp 768w, https:\/\/www.elovis.com\/wp-content\/smush-webp\/2020\/12\/Lackfolie-02-1536x1152.jpg.webp 1536w, https:\/\/www.elovis.com\/wp-content\/smush-webp\/2020\/12\/Lackfolie-02-2048x1536.jpg.webp 2048w\" data-sizes=\"(max-width: 1024px) 100vw, 1024px\" src=\"data:image\/svg+xml;base64,PHN2ZyB3aWR0aD0iMSIgaGVpZ2h0PSIxIiB4bWxucz0iaHR0cDovL3d3dy53My5vcmcvMjAwMC9zdmciPjwvc3ZnPg==\" style=\"--smush-placeholder-width: 1024px; --smush-placeholder-aspect-ratio: 1024\/768;\" data-smush-webp-fallback=\"{&quot;data-src&quot;:&quot;https:\\\/\\\/www.elovis.com\\\/wp-content\\\/uploads\\\/2020\\\/12\\\/Lackfolie-02-1024x768.jpg&quot;,&quot;data-srcset&quot;:&quot;https:\\\/\\\/www.elovis.com\\\/wp-content\\\/uploads\\\/2020\\\/12\\\/Lackfolie-02-1024x768.jpg 1024w, https:\\\/\\\/www.elovis.com\\\/wp-content\\\/uploads\\\/2020\\\/12\\\/Lackfolie-02-300x225.jpg 300w, https:\\\/\\\/www.elovis.com\\\/wp-content\\\/uploads\\\/2020\\\/12\\\/Lackfolie-02-768x576.jpg 768w, https:\\\/\\\/www.elovis.com\\\/wp-content\\\/uploads\\\/2020\\\/12\\\/Lackfolie-02-1536x1152.jpg 1536w, https:\\\/\\\/www.elovis.com\\\/wp-content\\\/uploads\\\/2020\\\/12\\\/Lackfolie-02-2048x1536.jpg 2048w&quot;}\" \/>\t\t\t\t\t\t\t\t<\/a>\n\t\t\t\t\t\t\t\t\t\t\t\t\t\t\t<\/div>\n\t\t\t\t<\/div>\n\t\t\t\t<div class=\"elementor-element elementor-element-4e1afbc elementor-widget elementor-widget-text-editor\" data-id=\"4e1afbc\" data-element_type=\"widget\" data-e-type=\"widget\" data-widget_type=\"text-editor.default\">\n\t\t\t\t<div class=\"elementor-widget-container\">\n\t\t\t\t\t\t\t\t\t<p><a href=\"https:\/\/www.elovis.com\/es\/soluciones-para-la-industria\/industria-de-laminas-y-films\/\"><strong>Industria de la L\u00e1minas y Films<\/strong><\/a><\/p>\n\t\t\t\t\t\t\t\t<\/div>\n\t\t\t\t<\/div>\n\t\t\t\t\t<\/div>\n\t\t<\/div>\n\t\t\t\t<div class=\"elementor-column elementor-col-50 elementor-inner-column elementor-element elementor-element-57d6363\" data-id=\"57d6363\" data-element_type=\"column\" data-e-type=\"column\">\n\t\t\t<div class=\"elementor-widget-wrap elementor-element-populated\">\n\t\t\t\t\t\t<div class=\"elementor-element elementor-element-64b02ff elementor-widget elementor-widget-image\" data-id=\"64b02ff\" data-element_type=\"widget\" data-e-type=\"widget\" data-widget_type=\"image.default\">\n\t\t\t\t<div class=\"elementor-widget-container\">\n\t\t\t\t\t\t\t\t\t\t\t\t\t\t\t\t<a href=\"https:\/\/www.elovis.com\/es\/soluciones-para-la-industria\/industria-del-metal\/\">\n\t\t\t\t\t\t\t<img decoding=\"async\" width=\"1024\" height=\"768\" data-src=\"https:\/\/www.elovis.com\/wp-content\/smush-webp\/2018\/03\/Blechmessung-SLM-1-1024x768.jpg.webp\" class=\"attachment-large size-large wp-image-4029 lazyload\" alt=\"Industria del metal\" data-srcset=\"https:\/\/www.elovis.com\/wp-content\/smush-webp\/2018\/03\/Blechmessung-SLM-1-1024x768.jpg.webp 1024w, https:\/\/www.elovis.com\/wp-content\/smush-webp\/2018\/03\/Blechmessung-SLM-1-300x225.jpg.webp 300w, https:\/\/www.elovis.com\/wp-content\/smush-webp\/2018\/03\/Blechmessung-SLM-1-768x576.jpg.webp 768w\" data-sizes=\"(max-width: 1024px) 100vw, 1024px\" src=\"data:image\/svg+xml;base64,PHN2ZyB3aWR0aD0iMSIgaGVpZ2h0PSIxIiB4bWxucz0iaHR0cDovL3d3dy53My5vcmcvMjAwMC9zdmciPjwvc3ZnPg==\" style=\"--smush-placeholder-width: 1024px; --smush-placeholder-aspect-ratio: 1024\/768;\" data-smush-webp-fallback=\"{&quot;data-src&quot;:&quot;https:\\\/\\\/www.elovis.com\\\/wp-content\\\/uploads\\\/2018\\\/03\\\/Blechmessung-SLM-1-1024x768.jpg&quot;,&quot;data-srcset&quot;:&quot;https:\\\/\\\/www.elovis.com\\\/wp-content\\\/uploads\\\/2018\\\/03\\\/Blechmessung-SLM-1-1024x768.jpg 1024w, https:\\\/\\\/www.elovis.com\\\/wp-content\\\/uploads\\\/2018\\\/03\\\/Blechmessung-SLM-1-300x225.jpg 300w, https:\\\/\\\/www.elovis.com\\\/wp-content\\\/uploads\\\/2018\\\/03\\\/Blechmessung-SLM-1-768x576.jpg 768w&quot;}\" \/>\t\t\t\t\t\t\t\t<\/a>\n\t\t\t\t\t\t\t\t\t\t\t\t\t\t\t<\/div>\n\t\t\t\t<\/div>\n\t\t\t\t<div class=\"elementor-element elementor-element-b5a3d73 elementor-widget elementor-widget-text-editor\" data-id=\"b5a3d73\" data-element_type=\"widget\" data-e-type=\"widget\" data-widget_type=\"text-editor.default\">\n\t\t\t\t<div class=\"elementor-widget-container\">\n\t\t\t\t\t\t\t\t\t<p><a href=\"https:\/\/www.elovis.com\/es\/soluciones-para-la-industria\/industria-del-metal\/\"><strong>Industria del Metal<\/strong><\/a><\/p>\n\t\t\t\t\t\t\t\t<\/div>\n\t\t\t\t<\/div>\n\t\t\t\t\t<\/div>\n\t\t<\/div>\n\t\t\t\t\t<\/div>\n\t\t<\/section>\n\t\t\t\t\t<\/div>\n\t\t<\/div>\n\t\t\t\t\t<\/div>\n\t\t<\/section>\n\t\t\t\t<\/div>\n\t\t","protected":false},"excerpt":{"rendered":"<p>ELOVIS ofrece soluciones de medici\u00f3n para numerosos sectores industriales. Todas las soluciones de medici\u00f3n se basan en los sistemas de ELOVIS para la medici\u00f3n de la velocidad, la medici\u00f3n de la longitud, la medici\u00f3n de la longitud de piezas, para la medici\u00f3n de la anchura y la altura, as\u00ed como en los sistemas de transmisi\u00f3n &#8230; <a title=\"Soluciones para la Industria\" class=\"read-more\" href=\"https:\/\/www.elovis.com\/es\/soluciones-para-la-industria\/\" aria-label=\"Leer m\u00e1s sobre Soluciones para la Industria\">Weiterlesen &#8230;<\/a><\/p>\n","protected":false},"author":2,"featured_media":0,"parent":0,"menu_order":4,"comment_status":"closed","ping_status":"closed","template":"","meta":{"footnotes":""},"yst_prominent_words":[2390,2394,2396,2391,2392,2386,2395,2397,2383,2380,2382,2393,2148,2384,2388,2154,2387,2381,2389,2385],"class_list":["post-968406","page","type-page","status-publish"],"_links":{"self":[{"href":"https:\/\/www.elovis.com\/es\/wp-json\/wp\/v2\/pages\/968406","targetHints":{"allow":["GET"]}}],"collection":[{"href":"https:\/\/www.elovis.com\/es\/wp-json\/wp\/v2\/pages"}],"about":[{"href":"https:\/\/www.elovis.com\/es\/wp-json\/wp\/v2\/types\/page"}],"author":[{"embeddable":true,"href":"https:\/\/www.elovis.com\/es\/wp-json\/wp\/v2\/users\/2"}],"replies":[{"embeddable":true,"href":"https:\/\/www.elovis.com\/es\/wp-json\/wp\/v2\/comments?post=968406"}],"version-history":[{"count":14,"href":"https:\/\/www.elovis.com\/es\/wp-json\/wp\/v2\/pages\/968406\/revisions"}],"predecessor-version":[{"id":1622396,"href":"https:\/\/www.elovis.com\/es\/wp-json\/wp\/v2\/pages\/968406\/revisions\/1622396"}],"wp:attachment":[{"href":"https:\/\/www.elovis.com\/es\/wp-json\/wp\/v2\/media?parent=968406"}],"wp:term":[{"taxonomy":"yst_prominent_words","embeddable":true,"href":"https:\/\/www.elovis.com\/es\/wp-json\/wp\/v2\/yst_prominent_words?post=968406"}],"curies":[{"name":"wp","href":"https:\/\/api.w.org\/{rel}","templated":true}]}}