{"id":8285,"date":"2018-12-04T09:46:35","date_gmt":"2018-12-04T08:46:35","guid":{"rendered":"\/contacto\/"},"modified":"2025-09-07T10:59:07","modified_gmt":"2025-09-07T08:59:07","slug":"contacto","status":"publish","type":"page","link":"https:\/\/www.elovis.com\/es\/contacto\/","title":{"rendered":"Contactos"},"content":{"rendered":"\t\t<div data-elementor-type=\"wp-post\" data-elementor-id=\"8285\" class=\"elementor elementor-8285 elementor-629\" data-elementor-post-type=\"page\">\n\t\t\t\t\t\t<section class=\"elementor-section elementor-top-section elementor-element elementor-element-kvfkp6a elementor-section-boxed elementor-section-height-default elementor-section-height-default\" data-id=\"kvfkp6a\" data-element_type=\"section\" data-e-type=\"section\">\n\t\t\t\t\t\t<div class=\"elementor-container elementor-column-gap-default\">\n\t\t\t\t\t<div class=\"elementor-column elementor-col-100 elementor-top-column elementor-element elementor-element-79xa1po\" data-id=\"79xa1po\" data-element_type=\"column\" data-e-type=\"column\">\n\t\t\t<div class=\"elementor-widget-wrap elementor-element-populated\">\n\t\t\t\t\t\t<div class=\"elementor-element elementor-element-dv6953s elementor-widget elementor-widget-heading\" data-id=\"dv6953s\" data-element_type=\"widget\" data-e-type=\"widget\" data-widget_type=\"heading.default\">\n\t\t\t\t<div class=\"elementor-widget-container\">\n\t\t\t\t\t<h2 class=\"elementor-heading-title elementor-size-default\">PRESENCIA GLOBAL<\/h2>\t\t\t\t<\/div>\n\t\t\t\t<\/div>\n\t\t\t\t\t<\/div>\n\t\t<\/div>\n\t\t\t\t\t<\/div>\n\t\t<\/section>\n\t\t\t\t<section class=\"elementor-section elementor-top-section elementor-element elementor-element-fb02e7d elementor-section-boxed elementor-section-height-default elementor-section-height-default\" data-id=\"fb02e7d\" data-element_type=\"section\" data-e-type=\"section\">\n\t\t\t\t\t\t<div class=\"elementor-container elementor-column-gap-default\">\n\t\t\t\t\t<div class=\"elementor-column elementor-col-50 elementor-top-column elementor-element elementor-element-f2fa7b5\" data-id=\"f2fa7b5\" data-element_type=\"column\" data-e-type=\"column\">\n\t\t\t<div class=\"elementor-widget-wrap elementor-element-populated\">\n\t\t\t\t\t\t<div class=\"elementor-element elementor-element-345f2d6 elementor-widget elementor-widget-text-editor\" data-id=\"345f2d6\" data-element_type=\"widget\" data-e-type=\"widget\" data-widget_type=\"text-editor.default\">\n\t\t\t\t<div class=\"elementor-widget-container\">\n\t\t\t\t\t\t\t\t\t<p>Trabajamos con socios de ventas en muchos pa\u00edses. Juntos formamos una estrecha red internacional. De este modo, usted siempre se encuentra con nuestros ingenieros y t\u00e9cnicos de servicio dondequiera que los necesite: in situ, a su lado.<\/p>\n\t\t\t\t\t\t\t\t<\/div>\n\t\t\t\t<\/div>\n\t\t\t\t<div class=\"elementor-element elementor-element-f7dda96 elementor-widget elementor-widget-button\" data-id=\"f7dda96\" data-element_type=\"widget\" data-e-type=\"widget\" data-widget_type=\"button.default\">\n\t\t\t\t<div class=\"elementor-widget-container\">\n\t\t\t\t\t\t\t\t\t<div class=\"elementor-button-wrapper\">\n\t\t\t\t\t<a class=\"elementor-button elementor-button-link elementor-size-sm\" href=\"https:\/\/www.elovis.com\/es\/contacto\/formulario-de-contacto\/\">\n\t\t\t\t\t\t<span class=\"elementor-button-content-wrapper\">\n\t\t\t\t\t\t<span class=\"elementor-button-icon\">\n\t\t\t\t\t\t\t\t\t<i class=\"fa fa-angle-right\" aria-hidden=\"true\"><\/i>\n\t\t\t\t\t\t\t<\/span>\n\t\t\t\t\t\t\t\t\t<span class=\"elementor-button-text\">Contacto<\/span>\n\t\t\t\t\t<\/span>\n\t\t\t\t\t<\/a>\n\t\t\t\t<\/div>\n\t\t\t\t\t\t\t\t<\/div>\n\t\t\t\t<\/div>\n\t\t\t\t\t<\/div>\n\t\t<\/div>\n\t\t\t\t<div class=\"elementor-column elementor-col-50 elementor-top-column elementor-element elementor-element-cee91c1\" data-id=\"cee91c1\" data-element_type=\"column\" data-e-type=\"column\">\n\t\t\t<div class=\"elementor-widget-wrap elementor-element-populated\">\n\t\t\t\t\t\t<div class=\"elementor-element elementor-element-0e9c806 elementor-widget elementor-widget-image\" data-id=\"0e9c806\" data-element_type=\"widget\" data-e-type=\"widget\" data-widget_type=\"image.default\">\n\t\t\t\t<div class=\"elementor-widget-container\">\n\t\t\t\t\t\t\t\t\t\t\t\t\t\t\t<img fetchpriority=\"high\" decoding=\"async\" width=\"597\" height=\"305\" src=\"https:\/\/www.elovis.com\/wp-content\/uploads\/2017\/11\/world-map-146505-grey.png\" class=\"attachment-large size-large wp-image-1212\" alt=\"Red mundial de colaboradores de ELOVIS\" srcset=\"https:\/\/www.elovis.com\/wp-content\/uploads\/2017\/11\/world-map-146505-grey.png 597w, https:\/\/www.elovis.com\/wp-content\/smush-webp\/2017\/11\/world-map-146505-grey-300x153.png.webp 300w\" sizes=\"(max-width: 597px) 100vw, 597px\" data-smush-webp-fallback=\"{&quot;srcset&quot;:&quot;https:\\\/\\\/www.elovis.com\\\/wp-content\\\/uploads\\\/2017\\\/11\\\/world-map-146505-grey.png 597w, https:\\\/\\\/www.elovis.com\\\/wp-content\\\/uploads\\\/2017\\\/11\\\/world-map-146505-grey-300x153.png 300w&quot;}\" \/>\t\t\t\t\t\t\t\t\t\t\t\t\t\t\t<\/div>\n\t\t\t\t<\/div>\n\t\t\t\t\t<\/div>\n\t\t<\/div>\n\t\t\t\t\t<\/div>\n\t\t<\/section>\n\t\t\t\t<section class=\"elementor-section elementor-top-section elementor-element elementor-element-a7d43af elementor-section-boxed elementor-section-height-default elementor-section-height-default\" data-id=\"a7d43af\" data-element_type=\"section\" data-e-type=\"section\">\n\t\t\t\t\t\t<div class=\"elementor-container elementor-column-gap-default\">\n\t\t\t\t\t<div class=\"elementor-column elementor-col-100 elementor-top-column elementor-element elementor-element-tqqv8tj\" data-id=\"tqqv8tj\" data-element_type=\"column\" data-e-type=\"column\">\n\t\t\t<div class=\"elementor-widget-wrap elementor-element-populated\">\n\t\t\t\t\t\t<div class=\"elementor-element elementor-element-5207wlf elementor-widget elementor-widget-text-editor\" data-id=\"5207wlf\" data-element_type=\"widget\" data-e-type=\"widget\" data-widget_type=\"text-editor.default\">\n\t\t\t\t<div class=\"elementor-widget-container\">\n\t\t\t\t\t\t\t\t\t<table class=\"unsichtbare_tabelle\">\n<tbody>\n<tr>\n<td class=\"zeile_1a spaltenbreiter1\" width=\"50%\"><strong>Cuartel General y Centro de distribuci\u00f3n<\/strong><\/td>\n<td class=\"zeile_1b\" width=\"50%\">ELOVIS GmbH<br \/>\nVincenz-Prie\u00dfnitz-Stra\u00dfe 1<br \/>\n76131 Karlsruhe<\/p>\n<div>Alemania<\/div>\n<div>Contacto:\u00a0<a href=\"mailto:engelsdorf@elovis.de\">Bernd Engelsdorf<\/a><br \/>\nTel\u00e9fono: +49 (0)721 933823 0<br \/>\nFax: +49 (0)721 933823 23<\/div>\n<\/td>\n<\/tr>\n<\/tbody>\n<\/table>\n\t\t\t\t\t\t\t\t<\/div>\n\t\t\t\t<\/div>\n\t\t\t\t<div class=\"elementor-element elementor-element-vyn9bcl elementor-widget elementor-widget-toggle\" data-id=\"vyn9bcl\" data-element_type=\"widget\" data-e-type=\"widget\" data-widget_type=\"toggle.default\">\n\t\t\t\t<div class=\"elementor-widget-container\">\n\t\t\t\t\t\t\t<div class=\"elementor-toggle\">\n\t\t\t\t\t\t\t<div class=\"elementor-toggle-item\">\n\t\t\t\t\t<div id=\"elementor-tab-title-2491\" class=\"elementor-tab-title\" data-tab=\"1\" role=\"button\" aria-controls=\"elementor-tab-content-2491\" aria-expanded=\"false\">\n\t\t\t\t\t\t\t\t\t\t\t\t<span class=\"elementor-toggle-icon elementor-toggle-icon-left\" aria-hidden=\"true\">\n\t\t\t\t\t\t\t\t\t\t\t\t\t\t\t<i class=\"elementor-toggle-icon-closed fa fa-caret-right\"><\/i>\n\t\t\t\t\t\t\t\t<i class=\"elementor-toggle-icon-opened fa fa-caret-up\"><\/i>\n\t\t\t\t\t\t\t\t\t\t\t\t\t<\/span>\n\t\t\t\t\t\t\t\t\t\t\t\t<a class=\"elementor-toggle-title\" tabindex=\"0\">Europa<\/a>\n\t\t\t\t\t<\/div>\n\n\t\t\t\t\t<div id=\"elementor-tab-content-2491\" class=\"elementor-tab-content elementor-clearfix\" data-tab=\"1\" role=\"region\" aria-labelledby=\"elementor-tab-title-2491\"><table class=\"unsichtbare_tabelle\" style=\"width: 541px;\">\n<tbody>\n<tr>\n<td class=\"zeile_1a spaltenbreiter1\" style=\"width: 280px;\" width=\"50%\">Representaci\u00f3n\u00a0<strong>BeNeLux<br \/>\n<\/strong><\/td>\n<td class=\"zeile_1b\" style=\"width: 261px;\">\n<div>HERBERT NV<\/div>\n<div>Industriepark I<br \/>\n9052 ZWIJNAARDE<br \/>\nBelgien<\/div>\n<div><span style=\"color: #0000ff; font-family: Arial; font-size: small;\">\u00a0<\/span><\/div>\n<p>Kontakt:<span style=\"font-family: Arial;\"><span style=\"color: #0000ff;\"> <a title=\"Standaert Maurice\" href=\"mailto:hilde.verbeke@herbert.be; sales-be@elovis.de\">Hilde Verbeke<\/a><\/span><\/span><\/td>\n<\/tr>\n<tr>\n<td class=\"zeile_1a spaltenbreiter1\" style=\"width: 280px;\">Representaci\u00f3n en <strong>Finlandia<\/strong><\/td>\n<td class=\"zeile_1b\" style=\"width: 261px;\">Kvalitest Nordic Oy<\/p>\n<div>Huutokalliontie 208<\/div>\n<div>40800 Vaajakoski<\/div>\n<div>Finnland<\/div>\n<div><\/div>\n<div>E-Mail:\u00a0<a href=\"mailto:sales@kvalitest.com,%20sales@elovis.de\">sales@kvalitest.com<\/a><\/div>\n<div>Tel: +358 400 496 472<\/div>\n<\/td>\n<\/tr>\n<tr>\n<td class=\"zeile_1a spaltenbreiter1\" style=\"width: 280px;\">Representaci\u00f3n en \u00a0<strong>Francia<br \/>\n<\/strong><\/td>\n<td class=\"zeile_1b\" style=\"width: 261px;\">ERHARDT + LEIMER FRANCE SARL<br \/>\nParc Technopole de la Mer Rouge 7 rue Gustave Hirn<br \/>\n68200 MULHOUSE<\/p>\n<div>Frankreich<\/div>\n<div>Kontakt:\u00a0<a href=\"mailto:A.Hauacker@erhardt-leimer.com;%20sales-fr@elovis.de\">Mme. Hauacker-Walther<\/a><\/div>\n<div>Tel.: +33 389 32 92 90<br \/>\n<a href=\"http:\/\/www.erhardt-leimer.fr\/\" target=\"_blank\" rel=\"noopener\">www.erhardt-leimer.fr<\/a><\/div>\n<\/td>\n<\/tr>\n<tr>\n<td class=\"zeile_1a spaltenbreiter1\" style=\"width: 280px;\">Representaci\u00f3n en <strong>Italia<br \/>\n<\/strong><\/td>\n<td class=\"zeile_1b\" style=\"width: 261px;\">INGFOR.COM di Fiorenzo Foresto<br \/>\nv. Migliarone 18<br \/>\n10091 Alpignano (TO)<br \/>\nItalien<\/p>\n<div>Kontakt:\u00a0<a href=\"mailto:sales-it@elovis.de\">Sig. Fiorenzo Foresto<\/a><br \/>\n<a href=\"http:\/\/www.ingfor.com\/\" target=\"_blank\" rel=\"noopener\">www.ingfor.com<\/a><\/div>\n<\/td>\n<\/tr>\n<tr>\n<td class=\"zeile_1a spaltenbreiter1\" style=\"width: 280px;\">Representaci\u00f3n en <strong>Polonia<\/strong><\/td>\n<td class=\"zeile_1b\" style=\"width: 261px;\">BUDNER-KOSCIELSKI<br \/>\nTextile, Paper &amp; Sanitary Engineering<br \/>\nBellinostr. 42<\/p>\n<div>72764 Reutlingen<br \/>\nDeutschland<\/div>\n<div>Kontakt:\u00a0<a href=\"mailto:sales-pl@elovis.de\">DR.-ING. S. P. KOSCIELSKI<\/a><\/div>\n<\/td>\n<\/tr>\n<tr>\n<td class=\"zeile_1a spaltenbreiter1\" style=\"width: 280px;\">Representaci\u00f3n en <strong>Suecia<\/strong><\/td>\n<td class=\"zeile_1b\" style=\"width: 261px;\">\n<div>\n<p>Kvalitest Sweden<br \/>\nDomherrev\u00e4gen 2<br \/>\n518 32 Sandared<br \/>\nSchweden<\/p>\n<div>E-Mail:\u00a0<a href=\"mailto:sales@kvalitest.com,%20sales@elovis.de\">sales@kvalitest.com<\/a><\/div>\n<div>Tel: +46 (0) 76 525 5000<\/div>\n<\/div>\n<div>\n<p>MLT Maskin &amp; Laserteknik AB<\/p>\n<p>\u00c5ngpannegatan 6<br \/>\n417 05 G\u00f6teborg<br \/>\nSweden<br \/>\nContact: <a href=\"mailto:henrik.arvidsson@mlt.se,%20sales@elovis.de\">Henrik Arvidsson<\/a><br \/>\nT: +46 730 80 44 18<\/p>\n<\/div>\n<\/td>\n<\/tr>\n<tr>\n<td class=\"zeile_1a spaltenbreiter1\" style=\"width: 280px;\"><span class=\"Y2IQFc\" lang=\"es\">Responsable<\/span> de <strong>Suiza<br \/>\n<\/strong><\/td>\n<td class=\"zeile_1b\" style=\"width: 261px;\">\n<div>ELOVIS GmbH<\/div>\n<div>Vincenz-Prie\u00dfnitz-Str. 1<\/div>\n<div>76131 Karlsruhe<\/div>\n<div>Germany<\/div>\n<div>Contact: <a href=\"mailto:sales-ch@elovis.de, sales@elovis.de\">Bernd Engelsdorf <\/a><\/div>\n<div>Tel.: +49 721 933 823 0<\/div>\n<\/td>\n<\/tr>\n<tr>\n<td class=\"zeile_1a spaltenbreiter1\" style=\"width: 280px;\">Representaci\u00f3n en <strong>Espa\u00f1a<\/strong><\/td>\n<td class=\"zeile_1b\" style=\"width: 261px;\">COMON TECNOLOGIA I SERVEIS, S.L.<br \/>\nSant Ferran, 14<br \/>\n08310 Argentona (BCN)<\/p>\n<div>Spanien<\/div>\n<div>\n<div>Tel.: +34 937 578 720<\/div>\n<div>Cell: +34 677 458 929<\/div>\n<div><span style=\"font-family: inherit; font-size: inherit;\">Contacto: <\/span><a style=\"font-family: inherit; font-size: inherit;\" href=\"mailto:sales-es@elovis.de\">Mr. Jordi Collet<\/a><\/div>\n<\/div>\n<div>\n<p>&nbsp;<\/p>\n<p>EUROTECH SYSTEMS<br \/>\nAve Can Lluch 25<br \/>\nE-8690\u00a0 Sta. Coloma de Cervello<\/p>\n<\/div>\n<div>Spanien<\/div>\n<div>Contacto: <a title=\"Teri Vidal\" href=\"mailto:sales-es@elovis.de\">M. Teri Vidal<\/a><\/div>\n<\/td>\n<\/tr>\n<tr>\n<td class=\"zeile_1a spaltenbreiter1\" style=\"width: 280px;\">Representaci\u00f3n en la <strong>Republica Checa<\/strong><\/td>\n<td class=\"zeile_1b\" style=\"width: 261px;\">POLZ INSTRUMENTS S.R.O.<br \/>\nMr. Radomir Polz<br \/>\nOkru\u017en\u00ed 2326<br \/>\n544 01 Dvur Kr\u00e1lov\u00e9 nad Labem<br \/>\nTschechische Republik<\/p>\n<div>Kontakt:\u00a0<a href=\"mailto:polz@wo.cz;%20sales-cz@elovis.de\">Mr. Polz<\/a><br \/>\n<a>www.polz.cz<\/a><\/div>\n<\/td>\n<\/tr>\n<tr>\n<td class=\"zeile_1a spaltenbreiter1\" style=\"width: 280px;\">Representaci\u00f3n en el<strong> Reino Unido &amp; Irlanda<\/strong><\/td>\n<td class=\"zeile_1b\" style=\"width: 261px;\">ELOVIS UK &amp; Irland<br \/>\nKontakt:\u00a0<a href=\"mailto:sales-gb@elovis.de\">sales-gb@elovis.de<\/a><\/td>\n<\/tr>\n<tr>\n<td class=\"zeile_1a spaltenbreiter1\" style=\"width: 280px;\">Representaci\u00f3n en<strong> Hungria<\/strong><\/td>\n<td class=\"zeile_1b\" style=\"width: 261px;\">PAPIROSOM KERESKEDELMI \u00c9S SZOLG\u00c1LTAT\u00d3 KFT.<br \/>\nDombos u.3.<br \/>\nH-2111 Szada<\/p>\n<div>Ungarn<\/div>\n<div>Kontakt:\u00a0<a href=\"mailto:papirosom@invitel.hu;%20sales-hu@elovis.de\">Mr. Jozsef Somogyi<\/a><br \/>\nTel.: +36 28 757479<br \/>\nCell: +36 30 4889650<\/div>\n<\/td>\n<\/tr>\n<tr>\n<td class=\"zeile_1a spaltenbreiter1\" style=\"width: 280px;\">Representaci\u00f3n para <strong>Bielorusia, Ucrania, Russia <\/strong>y<strong> Paises B\u00e1lticos<\/strong><\/td>\n<td class=\"zeile_1b\" style=\"width: 261px;\">ALNOVA GmbH<\/p>\n<p>Durlacher Stra\u00dfe 33<br \/>\n76229 Karlsruhe<\/p>\n<div>Deutschland<\/div>\n<div>E-Mail:\u00a0<a href=\"mailto:info@alnova.de;%20sales-ru@elovis.de\">info@alnova.de<\/a><br \/>\n<a title=\"Russland, Baltikum, Wei\u00dfrussland\">www.alnova.de<\/a><\/div>\n<\/td>\n<\/tr>\n<tr>\n<td class=\"zeile_1a spaltenbreiter1\" style=\"width: 280px;\">Representaci\u00f3n para <strong style=\"font-family: inherit; font-size: inherit;\">Grecia<\/strong><\/td>\n<td class=\"zeile_1b\" style=\"width: 261px;\">\n<div><span style=\"font-family: inherit; font-size: inherit;\">InQuality G.P.<\/span><\/div>\n<div><\/div>\n<div>\n<div>111 Chris.Smirnis Str.<\/div>\n<div>GR18345, Moschato (Athens)<\/div>\n<div>Greece<\/div>\n<div>Contact: <a href=\"mailto:savvas@inquality.gr;sales@elovis.de\">Mr. Savvas Dakalis<\/a><\/div>\n<div><\/div>\n<div>Tel.: +30 210 483 327 3201<\/div>\n<\/div>\n<\/td>\n<\/tr>\n<tr>\n<td style=\"width: 280px;\">Representaci\u00f3n para <strong>Eslowenia y Kroatia<br \/>\n<\/strong><\/td>\n<td style=\"width: 261px;\">KA Agency d.o.o.<strong><br \/>\n<\/strong>Fin\u017egarjeva 25<br \/>\n4248 Lesce<br \/>\nSlowenien<\/p>\n<div>Contact: <a href=\"mailto:a.kokol@agencija-ka.com; sales@elovis.de\">Mr. Ales Kokol<\/a><\/div>\n<div><\/div>\n<div>Tel.: +386 31 568 950<\/div>\n<div><\/div>\n<\/td>\n<\/tr>\n<tr>\n<td style=\"width: 280px;\">Representaci\u00f3n para <strong>Serbia, Bosnia yHerzegowina, Montenegro, Kosovo, Mazedonia, Bulgaria, Albania<\/strong><\/td>\n<td style=\"width: 261px;\">Indenna DOOEL Skopje- Butel<br \/>\nMr. Miho Andovski<br \/>\nPetar Mandzukov 105<br \/>\nSkopje, N.MacedoniaContact: <a href=\"mailto:miho.andovski@indennask.com; sales@elovis.de\" target=\"_blank\" rel=\"noopener\">Mr. Miho Andovski<\/a><\/p>\n<p>Tel.: +389 2 2402311<br \/>\nTel.: +389 76 425762<\/p>\n<p>&nbsp;<\/td>\n<\/tr>\n<tr>\n<td style=\"width: 280px;\">Representaci\u00f3n para <strong>Turkey<\/strong><\/td>\n<td style=\"width: 261px;\">Visiotek Ltd. Sti.<br \/>\nMr. Cavit Yatman<br \/>\nTanzimat Sk. No: 76<br \/>\n34730 Istanbul<br \/>\nTurkey<\/p>\n<p>Contact: <a href=\"mailto:info@visiotek.com.tr; sales@elovis.de\" target=\"_blank\" rel=\"noopener\">Mr. Yatman<\/a><\/p>\n<p>Tel.: +902163860533<\/td>\n<\/tr>\n<\/tbody>\n<\/table>\n<\/div>\n\t\t\t\t<\/div>\n\t\t\t\t\t\t\t<div class=\"elementor-toggle-item\">\n\t\t\t\t\t<div id=\"elementor-tab-title-2492\" class=\"elementor-tab-title\" data-tab=\"2\" role=\"button\" aria-controls=\"elementor-tab-content-2492\" aria-expanded=\"false\">\n\t\t\t\t\t\t\t\t\t\t\t\t<span class=\"elementor-toggle-icon elementor-toggle-icon-left\" aria-hidden=\"true\">\n\t\t\t\t\t\t\t\t\t\t\t\t\t\t\t<i class=\"elementor-toggle-icon-closed fa fa-caret-right\"><\/i>\n\t\t\t\t\t\t\t\t<i class=\"elementor-toggle-icon-opened fa fa-caret-up\"><\/i>\n\t\t\t\t\t\t\t\t\t\t\t\t\t<\/span>\n\t\t\t\t\t\t\t\t\t\t\t\t<a class=\"elementor-toggle-title\" tabindex=\"0\">Am\u00e9rica del Norte<\/a>\n\t\t\t\t\t<\/div>\n\n\t\t\t\t\t<div id=\"elementor-tab-content-2492\" class=\"elementor-tab-content elementor-clearfix\" data-tab=\"2\" role=\"region\" aria-labelledby=\"elementor-tab-title-2492\"><table class=\"unsichtbare_tabelle\">\n<tbody>\n<tr>\n<td class=\"zeile_1a spaltenbreiter1\" width=\"50%\">Representaci\u00f3n para el<strong> noreste de Estados Unidos<\/strong><\/p>\n<div><\/div>\n<\/td>\n<td class=\"zeile_1b\">Intelligent Measurement Solutions<\/p>\n<p>3635 Dawes<\/p>\n<p>49508 Grand Rapids, MI<\/p>\n<div>USA<\/div>\n<div>Kontakt:\u00a0<a href=\"mailto:darrell@i-m-solutions.net;%20sales-us@elovis.de;%20sales-south-america@elovis.de\">Mr. Darrell Davey<\/a><\/div>\n<\/td>\n<\/tr>\n<tr>\n<td class=\"zeile_1a spaltenbreiter1\" width=\"50%\">Representaci\u00f3n para el<strong> sureste de Estados Unidos<\/strong><\/p>\n<div><\/div>\n<\/td>\n<td class=\"zeile_1b\">ELOVIS GmbH<\/p>\n<div>Vincenz-Prie\u00dfnitz-Stra\u00dfe 1<\/div>\n<div>76131 Karlsruhe<\/div>\n<div>Germany<\/div>\n<div>Contact: <a href=\"mailto:bernd.engelsdorf@elovis.de;%20sales-us@elovis.de;%20sales-south-america@elovis.de\">Mr. Bernd Engelsdorf<\/a><\/div>\n<div>Tel.: +49 (0)721 933823 0<\/div>\n<div><\/div>\n<\/td>\n<\/tr>\n<tr>\n<td class=\"zeile_1a spaltenbreiter1\" width=\"50%\">Contacto para los<strong> Estados Unidos occidentales y centrales<\/strong><\/p>\n<div><\/div>\n<\/td>\n<td class=\"zeile_1b\">ELOVIS GmbH<\/p>\n<div>Kontakt:\u00a0<a href=\"mailto:bernd.engelsdorf@elovis.de;%20sales-us@elovis.de;%20sales-south-america@elovis.de\">Mr. Bernd Engelsdorf<\/a><\/div>\n<\/td>\n<\/tr>\n<tr>\n<td class=\"zeile_1a spaltenbreiter1\">Representaci\u00f3n en <strong>Canada<\/strong><\/td>\n<td class=\"zeile_1b\">Prosynergic Agent Manufacturier Inc.<\/p>\n<p>25 des plaines<\/p>\n<p>J6R2M8 Mercier &#8211; Quebec<\/p>\n<p>Canada<\/p>\n<p>Kontakt:<br \/>\n<a href=\"mailto:sales@elovis.de;%20glaberge@prosynergic.com\">Mr. Gilles Laberge<\/a><\/td>\n<\/tr>\n<\/tbody>\n<\/table>\n<\/div>\n\t\t\t\t<\/div>\n\t\t\t\t\t\t\t<div class=\"elementor-toggle-item\">\n\t\t\t\t\t<div id=\"elementor-tab-title-2493\" class=\"elementor-tab-title\" data-tab=\"3\" role=\"button\" aria-controls=\"elementor-tab-content-2493\" aria-expanded=\"false\">\n\t\t\t\t\t\t\t\t\t\t\t\t<span class=\"elementor-toggle-icon elementor-toggle-icon-left\" aria-hidden=\"true\">\n\t\t\t\t\t\t\t\t\t\t\t\t\t\t\t<i class=\"elementor-toggle-icon-closed fa fa-caret-right\"><\/i>\n\t\t\t\t\t\t\t\t<i class=\"elementor-toggle-icon-opened fa fa-caret-up\"><\/i>\n\t\t\t\t\t\t\t\t\t\t\t\t\t<\/span>\n\t\t\t\t\t\t\t\t\t\t\t\t<a class=\"elementor-toggle-title\" tabindex=\"0\">Sudam\u00e9rica<\/a>\n\t\t\t\t\t<\/div>\n\n\t\t\t\t\t<div id=\"elementor-tab-content-2493\" class=\"elementor-tab-content elementor-clearfix\" data-tab=\"3\" role=\"region\" aria-labelledby=\"elementor-tab-title-2493\"><table class=\"unsichtbare_tabelle\"><tbody><tr><td class=\"zeile_1a spaltenbreiter1\" width=\"50%\">Representaci\u00f3n en <strong>Costa Rica\u00a0<\/strong><\/td><td class=\"zeile_1b\"><p>SYST-CORP Consultants<\/p><div>San Jos\u00e9<\/div><div><p>Costa Rica<\/p><div>\u00a0<\/div><div>Contacto: <a href=\"mailto:info@syst-corp.com;%20sales-cr@elovis.de\">Mr. Maximiliano Libby<\/a><\/div><div>Tel.: +506 8837 95 74<\/div><div><a>www.syst-corp.com<\/a><\/div><\/div><\/td><\/tr><tr><td class=\"zeile_1a spaltenbreiter1\">Representaci\u00f3n en<strong> Mejico<\/strong><\/td><td class=\"zeile_1b\"><p>MISURA<\/p><div>Araucaria 46<\/div><div>76140 Quer\u00e9taro, Qro<\/div><div>Mexico<\/div><div>\u00a0<\/div><div>Contacto: <a href=\"mailto:eduardoespinosac@prodigy.net.mx,sales@elovis.de\">Mr. Eduardo Espinosa<\/a><\/div><div>Tel: +52 442 359 3118<\/div><\/td><\/tr><\/tbody><\/table><\/div>\n\t\t\t\t<\/div>\n\t\t\t\t\t\t\t<div class=\"elementor-toggle-item\">\n\t\t\t\t\t<div id=\"elementor-tab-title-2494\" class=\"elementor-tab-title\" data-tab=\"4\" role=\"button\" aria-controls=\"elementor-tab-content-2494\" aria-expanded=\"false\">\n\t\t\t\t\t\t\t\t\t\t\t\t<span class=\"elementor-toggle-icon elementor-toggle-icon-left\" aria-hidden=\"true\">\n\t\t\t\t\t\t\t\t\t\t\t\t\t\t\t<i class=\"elementor-toggle-icon-closed fa fa-caret-right\"><\/i>\n\t\t\t\t\t\t\t\t<i class=\"elementor-toggle-icon-opened fa fa-caret-up\"><\/i>\n\t\t\t\t\t\t\t\t\t\t\t\t\t<\/span>\n\t\t\t\t\t\t\t\t\t\t\t\t<a class=\"elementor-toggle-title\" tabindex=\"0\">Asia<\/a>\n\t\t\t\t\t<\/div>\n\n\t\t\t\t\t<div id=\"elementor-tab-content-2494\" class=\"elementor-tab-content elementor-clearfix\" data-tab=\"4\" role=\"region\" aria-labelledby=\"elementor-tab-title-2494\"><table style=\"font-weight: 400;\">\n<tbody>\n<tr>\n<td width=\"50%\">Representaci\u00f3n <strong>China\u00a0<\/strong>incl.<strong>\u00a0Hong Kong, Macao\u00a0y Taiwan<\/strong><\/td>\n<td>EURO-ME SHENZHEN TRADE &amp; DEVELOPMENT CO., LTD.<br \/>\nUnit C,11\/F, Honor Crest, 6029 Shennan Blvd. Road,<br \/>\nPost Code: 518040Shenzhen, Guangdong Prov.P.R.ChinaKontakt:\u00a0<a href=\"mailto:amy@euro-me.com;%20sales-cn@elovis.de\">Mrs. Aiwa Liao<\/a><br \/>\nTel.: +86-755-8384 2764<br \/>\nFax: +86-755-8384 2050further branches in: Beijing; Guangzhou, Wuhan, Chengdu<\/td>\n<\/tr>\n<tr>\n<td>Representaci\u00f3n en <strong>India<\/strong><\/td>\n<td>PURETRONICS<\/p>\n<p>A\/37, VIRWANI IND.ESTATE,\u00a0GOREGAON (EAST)<\/p>\n<p>400 063 Mumbai<\/p>\n<p>Indien<\/p>\n<p>Kontakt:\u00a0<a href=\"mailto:sg@pureindia.net\">Mr. Sharad Goyal<\/a><\/p>\n<p>Tel.: +91 22 29271400<\/p>\n<p>&nbsp;<\/td>\n<\/tr>\n<tr>\n<td>Representaci\u00f3n en <strong>Israel<\/strong><\/td>\n<td>Elina Technologies Ltd.<br \/>\n3, HaMetzuda St., Ind. Zone Azur<br \/>\n58001 AzurIsraelKontakt:\u00a0<a href=\"mailto:elina@inter.net.il;%20sales-il@elovis.de\">Mr. Haim Leba<\/a><br \/>\nTel: +972 (3) 5590277 \/ 8<\/td>\n<\/tr>\n<tr>\n<td>Representaci\u00f3n en <strong>Malasia, Singapur, Indonesia\u00a0<\/strong>y<strong> Tailandia<\/strong><\/td>\n<td>OPTOCOM EQUIPTECH<br \/>\n(M) Sdn Bhd<br \/>\nH49-2, Jalan 5 Cosmoplex Industrial Park<br \/>\nBB Salak Tinggi, Sepang<br \/>\nSelangor 43900<br \/>\nMalaysia<br \/>\nKontakt:\u00a0<a href=\"mailto:sales-my@elovis.de\">Mr. H. M. Supian<\/a><br \/>\nwww.optocom.com.myViktori Profindo AutomationMr. Stefanus WardoyoRuko Galaxi Bumi Permai Blok J1-12AJl. Sukosemolo 116, SURABAYAIndonesien<\/td>\n<\/tr>\n<tr>\n<td>Representaci\u00f3n en <strong>Russia<\/strong><\/td>\n<td>ALNOVA UG (haftungsbeschr\u00e4nkt)<br \/>\nEsslinger Str. 61<br \/>\n76228 KarlsruheDeutschlandE-Mail:\u00a0<a href=\"mailto:info@alnova.de;%20sales-ru@elovis.de\">info@alnova.de<\/a><br \/>\nwww.alnova.de<\/td>\n<\/tr>\n<tr>\n<td>Representaci\u00f3n en<strong> Corea del Sud<\/strong><\/td>\n<td>ELOVIS South Korea<br \/>\nKontakt:\u00a0<a href=\"mailto:sales-kr@elovis.de\">sales-kr@elovis.de<\/a><\/td>\n<\/tr>\n<\/tbody>\n<\/table>\n<\/div>\n\t\t\t\t<\/div>\n\t\t\t\t\t\t\t\t<\/div>\n\t\t\t\t\t\t<\/div>\n\t\t\t\t<\/div>\n\t\t\t\t<div class=\"elementor-element elementor-element-nyzjy75 elementor-alert-info elementor-widget elementor-widget-alert\" data-id=\"nyzjy75\" data-element_type=\"widget\" data-e-type=\"widget\" data-widget_type=\"alert.default\">\n\t\t\t\t<div class=\"elementor-widget-container\">\n\t\t\t\t\t\t\t<div class=\"elementor-alert\" role=\"alert\">\n\n\t\t\t\t\t\t<span class=\"elementor-alert-title\">Estamos buscando representantes adicionales<\/span>\n\t\t\t\n\t\t\t\t\t\t<span class=\"elementor-alert-description\"><p>Para nuestros productos de medici\u00f3n de longitud sin contacto y medici\u00f3n de velocidad, estamos buscando representantes adicionales en Alemania y especialmente en el extranjero.\u00bf Ya vende productos t\u00e9cnicos o metrol\u00f3gicos y est\u00e1 especializado en segmentos especiales de la industria?. \u00bfDurante a\u00f1os ha estado en estrecho contacto con los l\u00edderes m\u00e1s importantes de la industria y el mercado, as\u00ed como con los que toman decisiones localmente?. \u00bfTiene todavia\u00a0 capacidad de ventas y est\u00e1 interesado en productos t\u00e9cnicamente brillantes y de bajo mantenimiento? Entonces cont\u00e1ctenos en: info@elovis.de.<\/p>\n<\/span>\n\t\t\t\n\t\t\t\n\t\t<\/div>\n\t\t\t\t\t\t<\/div>\n\t\t\t\t<\/div>\n\t\t\t\t\t<\/div>\n\t\t<\/div>\n\t\t\t\t\t<\/div>\n\t\t<\/section>\n\t\t\t\t<\/div>\n\t\t","protected":false},"excerpt":{"rendered":"<p>PRESENCIA GLOBAL Trabajamos con socios de ventas en muchos pa\u00edses. Juntos formamos una estrecha red internacional. De este modo, usted siempre se encuentra con nuestros ingenieros y t\u00e9cnicos de servicio dondequiera que los necesite: in situ, a su lado. Contacto Cuartel General y Centro de distribuci\u00f3n ELOVIS GmbH Vincenz-Prie\u00dfnitz-Stra\u00dfe 1 76131 Karlsruhe Alemania Contacto:\u00a0Bernd Engelsdorf &#8230; <a title=\"Contactos\" class=\"read-more\" href=\"https:\/\/www.elovis.com\/es\/contacto\/\" aria-label=\"Leer m\u00e1s sobre Contactos\">Weiterlesen &#8230;<\/a><\/p>\n","protected":false},"author":1,"featured_media":0,"parent":0,"menu_order":47,"comment_status":"closed","ping_status":"closed","template":"","meta":{"footnotes":""},"yst_prominent_words":[],"class_list":["post-8285","page","type-page","status-publish"],"_links":{"self":[{"href":"https:\/\/www.elovis.com\/es\/wp-json\/wp\/v2\/pages\/8285","targetHints":{"allow":["GET"]}}],"collection":[{"href":"https:\/\/www.elovis.com\/es\/wp-json\/wp\/v2\/pages"}],"about":[{"href":"https:\/\/www.elovis.com\/es\/wp-json\/wp\/v2\/types\/page"}],"author":[{"embeddable":true,"href":"https:\/\/www.elovis.com\/es\/wp-json\/wp\/v2\/users\/1"}],"replies":[{"embeddable":true,"href":"https:\/\/www.elovis.com\/es\/wp-json\/wp\/v2\/comments?post=8285"}],"version-history":[{"count":24,"href":"https:\/\/www.elovis.com\/es\/wp-json\/wp\/v2\/pages\/8285\/revisions"}],"predecessor-version":[{"id":1622760,"href":"https:\/\/www.elovis.com\/es\/wp-json\/wp\/v2\/pages\/8285\/revisions\/1622760"}],"wp:attachment":[{"href":"https:\/\/www.elovis.com\/es\/wp-json\/wp\/v2\/media?parent=8285"}],"wp:term":[{"taxonomy":"yst_prominent_words","embeddable":true,"href":"https:\/\/www.elovis.com\/es\/wp-json\/wp\/v2\/yst_prominent_words?post=8285"}],"curies":[{"name":"wp","href":"https:\/\/api.w.org\/{rel}","templated":true}]}}