{"id":8283,"date":"2018-12-04T09:32:06","date_gmt":"2018-12-04T08:32:06","guid":{"rendered":"\/empresa\/imprimir\/"},"modified":"2020-09-04T06:30:40","modified_gmt":"2020-09-04T04:30:40","slug":"imprimir","status":"publish","type":"page","link":"https:\/\/www.elovis.com\/es\/empresa\/imprimir\/","title":{"rendered":"Aviso Legal"},"content":{"rendered":"\t\t<div data-elementor-type=\"wp-post\" data-elementor-id=\"8283\" class=\"elementor elementor-8283 elementor-474\" data-elementor-post-type=\"page\">\n\t\t\t\t\t\t<section class=\"elementor-section elementor-top-section elementor-element elementor-element-10aef325 elementor-section-boxed elementor-section-height-default elementor-section-height-default\" data-id=\"10aef325\" data-element_type=\"section\" data-e-type=\"section\">\n\t\t\t\t\t\t<div class=\"elementor-container elementor-column-gap-default\">\n\t\t\t\t\t<div class=\"elementor-column elementor-col-100 elementor-top-column elementor-element elementor-element-41b27452\" data-id=\"41b27452\" data-element_type=\"column\" data-e-type=\"column\">\n\t\t\t<div class=\"elementor-widget-wrap elementor-element-populated\">\n\t\t\t\t\t\t<div class=\"elementor-element elementor-element-d3426c3 elementor-widget elementor-widget-text-editor\" data-id=\"d3426c3\" data-element_type=\"widget\" data-e-type=\"widget\" data-widget_type=\"text-editor.default\">\n\t\t\t\t<div class=\"elementor-widget-container\">\n\t\t\t\t\t\t\t\t\t<h2>INFORMACION ACC. \u00a7 6 TDG<\/h2>\n<h3>Contenido \/ Editorial<\/h3>\n<table class=\"unsichtbare_tabelle\" style=\"height: 388px;\">\n<tbody>\n<tr style=\"height: 192px;\">\n<td class=\"zeile_1a\" style=\"height: 192px; width: 281px;\">\n<h3><span style=\"font-size: 12pt;\">Datos de contacto<\/span><\/h3>\n<\/td>\n<td class=\"zeile_1b\" style=\"height: 192px; width: 282px;\">ELOVIS GmbH<br \/>\nVincenz-Prie\u00dfnitz-Str. 1<br \/>\n76131 Karlsruhe<br \/>\nAlemania<br \/>\nTelefono: 0721 \/ 933 823 0<br \/>\nFax: 0721 \/ 933 823 23<br \/>\ne-Mail: info@elovis.de<\/td>\n<\/tr>\n<tr style=\"height: 65px;\">\n<td class=\"zeile_1a\" style=\"height: 65px; width: 281px;\">\n<h3><span style=\"font-size: 12pt;\">Consejo de administraci\u00f3n<\/span><\/h3>\n<\/td>\n<td class=\"zeile_1b\" style=\"height: 65px; width: 282px;\">Armin Wagner<br \/>\nBernd Engelsdorf<\/td>\n<\/tr>\n<tr style=\"height: 66px;\">\n<td class=\"zeile_1a\" style=\"height: 66px; width: 281px;\">\n<h3><span style=\"font-size: 12pt;\">Registro Comercial<\/span><\/h3>\n<\/td>\n<td class=\"zeile_1b\" style=\"height: 66px; width: 282px;\">Amtsgericht Mannheim, HRB 107461<\/td>\n<\/tr>\n<tr style=\"height: 65px;\">\n<td class=\"zeile_1a\" style=\"height: 65px; width: 281px;\">\n<h3><span style=\"font-size: 12pt;\">Numero de IVA ( CIF)<\/span><\/h3>\n<\/td>\n<td class=\"zeile_1b\" style=\"height: 65px; width: 282px;\">DE 193399431<\/td>\n<\/tr>\n<\/tbody>\n<\/table>\n\t\t\t\t\t\t\t\t<\/div>\n\t\t\t\t<\/div>\n\t\t\t\t\t<\/div>\n\t\t<\/div>\n\t\t\t\t\t<\/div>\n\t\t<\/section>\n\t\t\t\t<section class=\"elementor-section elementor-top-section elementor-element elementor-element-9f40f75 elementor-section-boxed elementor-section-height-default elementor-section-height-default\" data-id=\"9f40f75\" data-element_type=\"section\" data-e-type=\"section\">\n\t\t\t\t\t\t<div class=\"elementor-container elementor-column-gap-default\">\n\t\t\t\t\t<div class=\"elementor-column elementor-col-100 elementor-top-column elementor-element elementor-element-e604b69\" data-id=\"e604b69\" data-element_type=\"column\" data-e-type=\"column\">\n\t\t\t<div class=\"elementor-widget-wrap elementor-element-populated\">\n\t\t\t\t\t\t<div class=\"elementor-element elementor-element-6e7f322 elementor-widget elementor-widget-text-editor\" data-id=\"6e7f322\" data-element_type=\"widget\" data-e-type=\"widget\" data-widget_type=\"text-editor.default\">\n\t\t\t\t<div class=\"elementor-widget-container\">\n\t\t\t\t\t\t\t\t\t<p><strong>Descargo de responsabilidad<\/strong><\/p>\n<p>Exenci\u00f3n de responsabilidad para ELOVIS GmbH<\/p>\n<p>Seguridad de los datos<\/p>\n<p>En algunos puntos de este sitio web, es posible que se le pidan datos personales. No est\u00e1 obligado a responder a estas preguntas. Si acepta responder a una pregunta, acepta que sus datos sean procesados y almacenados. Todos los datos personales recogidos en nuestra p\u00e1gina web se utilizan \u00fanicamente para su apoyo, para el env\u00edo de informaci\u00f3n sobre productos o para la presentaci\u00f3n de diversas ofertas. La entrega de esta informaci\u00f3n est\u00e1 estrictamente restringida dentro de los l\u00edmites de ELOVIS GMBH. Su informaci\u00f3n no se da ni se vende a terceros. Su informaci\u00f3n est\u00e1 sujeta a un manejo discreto y a la jurisdicci\u00f3n europea de seguridad de datos.<\/p>\n<p>Contenido del sitio Web de ELOVIS GMBH y exenci\u00f3n de responsabilidad<\/p>\n<p>ELOVIS GMBH pretende mantener la informaci\u00f3n que se encuentra en este sitio Web correcta y actualizada. Sin embargo, ELOVIS GMBH no est\u00e1 obligada a cumplir este objetivo. ELOVIS GMBH puede, en cualquier momento y sin previo aviso, a\u00f1adir, cambiar o eliminar todo el contenido o cualquier parte del mismo.<\/p>\n<p>Enlaces a y desde sitios Web de terceros<\/p>\n<p>Si utiliza cualquier enlace saliente, abandona este sitio web por su propia cuenta. ELOVIS GMBH no puede y no verificar\u00e1 los sitios Web de terceros. Por lo tanto, ELOVIS GMBH no es responsable del contenido de ning\u00fan sitio Web de terceros. Adem\u00e1s, no se asumir\u00e1 ninguna responsabilidad por las consecuencias de utilizar sitios Web de terceros. El acceso a sitios Web de terceros est\u00e1 sujeto a las responsabilidades de este sitio. El sitio Web de ELOVIS GMBH puede ser enlazado con sitios Web de terceros incluso sin el conocimiento de ELOVIS GMBH. Sin embargo, ELOVIS GMBH no se hace responsable de ning\u00fan contenido o enlace de estas terceras partes. Los enlaces electr\u00f3nicos entrantes al sitio Web de ELOVIS GMBH est\u00e1n prohibidos sin el consentimiento previo de ELOVIS GMBH. Las solicitudes pueden ser enviadas a:<\/p>\n<p>ELOVIS GMBH , Vincenz-Prie\u00dfnitz-Str. 1, D-76131 Karlsruhe.<\/p>\n<p>Derechos de autor<\/p>\n<p>Copyright \u00a92002-2015; ELOVIS GMBH, todos los derechos reservados. Los gr\u00e1ficos, el sonido, el texto, las im\u00e1genes, los dibujos animados y los v\u00eddeos, as\u00ed como su uso en el sitio Web de ELOVIS GMBH est\u00e1n sujetos a las leyes nacionales, los acuerdos internacionales y las leyes de derechos de autor. El contenido de esta p\u00e1gina Web no est\u00e1 permitido para su duplicaci\u00f3n comercial, procesamiento, modificaci\u00f3n o acceso por parte de terceros. Las p\u00e1ginas Web de ELOVIS GMBH pueden contener im\u00e1genes con derechos de autor de terceros.<\/p>\n<p>Responsabilidad y aplicaci\u00f3n fuera de Europa<\/p>\n<p>ELOVIS GMBH no garantiza ninguna aplicaci\u00f3n y responsabilidad del contenido de su p\u00e1gina Web fuera de Europa. Alguna informaci\u00f3n contenida en este sitio Web puede referirse a productos, software o servicios que no est\u00e1n disponibles en algunos pa\u00edses. Si necesita m\u00e1s ayuda, por favor contacte con ELOVIS GMBH, Karl-Friedrich Stra\u00dfe 14-18, D-76133 Karlsruhe, Alemania. ELOVIS GMBH no hace ninguna declaraci\u00f3n si el acceso a este sitio Web fuera de Europa est\u00e1 permitido; la responsabilidad y el riesgo sobre el acceso recaen en el usuario. Los propios usuarios son responsables de observar la legislaci\u00f3n y la jurisdicci\u00f3n local.<\/p>\n<p>Leyes y jurisdicci\u00f3n aplicables<\/p>\n<p>Este sitio Web es operado por ELOVIS GMBH, Karl-Friedrich Stra\u00dfe 14-18, D-76133 Karlsruhe y est\u00e1 sujeto al derecho europeo y a la jurisdicci\u00f3n de los tribunales europeos \u00fanicamente.<\/p>\n<p>Reglamento<\/p>\n<p>ELOVIS GMBH puede en cualquier momento cambiar o modificar esta cl\u00e1usula de exenci\u00f3n de responsabilidad. Le aconsejamos que revise regularmente los t\u00e9rminos y regulaciones aqu\u00ed expuestas.<br \/>\n<strong>Google Analytics<\/strong><\/p>\n<p>Esta p\u00e1gina web utiliza Google Analytics, un servicio anal\u00edtico de web prestado por Google, Inc. (&#8220;Google&#8221;). \u2028Google Analytics utiliza &#8220;cookies&#8221;, que son archivos de texto ubicados en su ordenador, para ayudar al sitio web a analizar el uso que hacen los usuarios del mismo. La informaci\u00f3n que genera la cookie acerca de su uso de la p\u00e1gina web (incluyendo su direcci\u00f3n IP) ser\u00e1 transmitida y almacenada por Google en los servidores de Estados Unidos. \u2028En caso de activar la anonimizaci\u00f3n de la IP, Google truncar\u00e1\/anonimizar\u00e1 el \u00faltimo octeto de la direcci\u00f3n IP para los Estados miembros de la Uni\u00f3n Europea as\u00ed como para otras partes del Acuerdo sobre el Espacio Econ\u00f3mico Europeo. \u2028S\u00f3lo en casos excepcionales, la direcci\u00f3n IP completa es enviada y acortada por los servidores de Google en los Estados Unidos. \u2028Por encargo del proveedor de la p\u00e1gina web, Google utilizar\u00e1 esta informaci\u00f3n con el fin de evaluar su uso de la p\u00e1gina web, recopilar informes sobre la actividad de la p\u00e1gina web para los operadores de la misma y prestar otros servicios relacionados con la actividad de la p\u00e1gina web y el uso de Internet al proveedor de la misma. \u2028Google no asociar\u00e1 su direcci\u00f3n IP con ning\u00fan otro dato del que disponga Google. \u2028Usted puede rechazar el uso de cookies seleccionando la configuraci\u00f3n apropiada de su navegador. Sin embargo, tenga en cuenta que si lo hace, es posible que no pueda utilizar toda la funcionalidad de este sitio web. Adem\u00e1s, puede impedir la recopilaci\u00f3n y el uso de datos (cookies y direcci\u00f3n IP) por parte de Google descargando e instalando el plug-in del navegador disponible en https:\/\/tools.google.com\/dlpage\/gaoptout?hl=en-GB.<\/p>\n<p>Para m\u00e1s informaci\u00f3n sobre las condiciones de uso y la protecci\u00f3n de datos, visite http:\/\/www.google.com\/analytics\/terms\/gb.html o http:\/\/www.google.com\/intl\/en_uk\/analytics\/privacyoverview.html. \u2028Por favor, tenga en cuenta que en esta p\u00e1gina web, el c\u00f3digo de Google Analytics se complementa con &#8220;gat._anonymizeIp();&#8221; para asegurar una colecci\u00f3n an\u00f3nima de direcciones IP (el llamado IP-masking). (Fuente: www.datenschutzbeauftragter-info.de)<\/p>\n<p>&nbsp;<\/p>\n<p>&nbsp;<\/p>\n\t\t\t\t\t\t\t\t<\/div>\n\t\t\t\t<\/div>\n\t\t\t\t\t<\/div>\n\t\t<\/div>\n\t\t\t\t\t<\/div>\n\t\t<\/section>\n\t\t\t\t<\/div>\n\t\t","protected":false},"excerpt":{"rendered":"<p>INFORMACION ACC. \u00a7 6 TDG Contenido \/ Editorial Datos de contacto ELOVIS GmbH Vincenz-Prie\u00dfnitz-Str. 1 76131 Karlsruhe Alemania Telefono: 0721 \/ 933 823 0 Fax: 0721 \/ 933 823 23 e-Mail: info@elovis.de Consejo de administraci\u00f3n Armin Wagner Bernd Engelsdorf Registro Comercial Amtsgericht Mannheim, HRB 107461 Numero de IVA ( CIF) DE 193399431 Descargo de responsabilidad &#8230; <a title=\"Aviso Legal\" class=\"read-more\" href=\"https:\/\/www.elovis.com\/es\/empresa\/imprimir\/\" aria-label=\"Leer m\u00e1s sobre Aviso Legal\">Weiterlesen &#8230;<\/a><\/p>\n","protected":false},"author":1,"featured_media":0,"parent":8281,"menu_order":45,"comment_status":"closed","ping_status":"closed","template":"","meta":{"footnotes":""},"yst_prominent_words":[],"class_list":["post-8283","page","type-page","status-publish"],"_links":{"self":[{"href":"https:\/\/www.elovis.com\/es\/wp-json\/wp\/v2\/pages\/8283","targetHints":{"allow":["GET"]}}],"collection":[{"href":"https:\/\/www.elovis.com\/es\/wp-json\/wp\/v2\/pages"}],"about":[{"href":"https:\/\/www.elovis.com\/es\/wp-json\/wp\/v2\/types\/page"}],"author":[{"embeddable":true,"href":"https:\/\/www.elovis.com\/es\/wp-json\/wp\/v2\/users\/1"}],"replies":[{"embeddable":true,"href":"https:\/\/www.elovis.com\/es\/wp-json\/wp\/v2\/comments?post=8283"}],"version-history":[{"count":3,"href":"https:\/\/www.elovis.com\/es\/wp-json\/wp\/v2\/pages\/8283\/revisions"}],"predecessor-version":[{"id":800309,"href":"https:\/\/www.elovis.com\/es\/wp-json\/wp\/v2\/pages\/8283\/revisions\/800309"}],"up":[{"embeddable":true,"href":"https:\/\/www.elovis.com\/es\/wp-json\/wp\/v2\/pages\/8281"}],"wp:attachment":[{"href":"https:\/\/www.elovis.com\/es\/wp-json\/wp\/v2\/media?parent=8283"}],"wp:term":[{"taxonomy":"yst_prominent_words","embeddable":true,"href":"https:\/\/www.elovis.com\/es\/wp-json\/wp\/v2\/yst_prominent_words?post=8283"}],"curies":[{"name":"wp","href":"https:\/\/api.w.org\/{rel}","templated":true}]}}