{"id":8278,"date":"2018-12-04T09:08:48","date_gmt":"2018-12-04T08:08:48","guid":{"rendered":"\/servicios\/servicios-de-medicion-y-calibracion\/"},"modified":"2018-12-04T09:08:49","modified_gmt":"2018-12-04T08:08:49","slug":"servicios-de-medicion-y-calibracion","status":"publish","type":"page","link":"https:\/\/www.elovis.com\/es\/servicios\/servicios-de-medicion-y-calibracion\/","title":{"rendered":"Servicios de medici\u00f3n y calibraci\u00f3n"},"content":{"rendered":"\t\t<div data-elementor-type=\"wp-post\" data-elementor-id=\"8278\" class=\"elementor elementor-8278 elementor-500\" data-elementor-post-type=\"page\">\n\t\t\t\t\t\t<section class=\"elementor-section elementor-top-section elementor-element elementor-element-71baca4 elementor-section-boxed elementor-section-height-default elementor-section-height-default\" data-id=\"71baca4\" data-element_type=\"section\" data-e-type=\"section\">\n\t\t\t\t\t\t<div class=\"elementor-container elementor-column-gap-default\">\n\t\t\t\t\t<div class=\"elementor-column elementor-col-100 elementor-top-column elementor-element elementor-element-1311a4b\" data-id=\"1311a4b\" data-element_type=\"column\" data-e-type=\"column\">\n\t\t\t<div class=\"elementor-widget-wrap elementor-element-populated\">\n\t\t\t\t\t\t<div class=\"elementor-element elementor-element-aa904e1 elementor-widget elementor-widget-text-editor\" data-id=\"aa904e1\" data-element_type=\"widget\" data-e-type=\"widget\" data-widget_type=\"text-editor.default\">\n\t\t\t\t<div class=\"elementor-widget-container\">\n\t\t\t\t\t\t\t\t\t<h2 align=\"justify\">Servicios de calibraci\u00f3n, verificaci\u00f3n de m\u00e1quinas, resoluci\u00f3n de problemas<\/h2>\n\t\t\t\t\t\t\t\t<\/div>\n\t\t\t\t<\/div>\n\t\t\t\t\t<\/div>\n\t\t<\/div>\n\t\t\t\t\t<\/div>\n\t\t<\/section>\n\t\t\t\t<section class=\"elementor-section elementor-top-section elementor-element elementor-element-1a6a09e elementor-section-boxed elementor-section-height-default elementor-section-height-default\" data-id=\"1a6a09e\" data-element_type=\"section\" data-e-type=\"section\">\n\t\t\t\t\t\t<div class=\"elementor-container elementor-column-gap-default\">\n\t\t\t\t\t<div class=\"elementor-column elementor-col-100 elementor-top-column elementor-element elementor-element-f82d3bc\" data-id=\"f82d3bc\" data-element_type=\"column\" data-e-type=\"column\">\n\t\t\t<div class=\"elementor-widget-wrap elementor-element-populated\">\n\t\t\t\t\t\t<section class=\"elementor-section elementor-inner-section elementor-element elementor-element-3b9407a elementor-section-boxed elementor-section-height-default elementor-section-height-default\" data-id=\"3b9407a\" data-element_type=\"section\" data-e-type=\"section\">\n\t\t\t\t\t\t<div class=\"elementor-container elementor-column-gap-default\">\n\t\t\t\t\t<div class=\"elementor-column elementor-col-50 elementor-inner-column elementor-element elementor-element-1efa4a7\" data-id=\"1efa4a7\" data-element_type=\"column\" data-e-type=\"column\">\n\t\t\t<div class=\"elementor-widget-wrap elementor-element-populated\">\n\t\t\t\t\t\t<div class=\"elementor-element elementor-element-a824b65 elementor-widget elementor-widget-text-editor\" data-id=\"a824b65\" data-element_type=\"widget\" data-e-type=\"widget\" data-widget_type=\"text-editor.default\">\n\t\t\t\t<div class=\"elementor-widget-container\">\n\t\t\t\t\t\t\t\t\t<p>\u00bfSospecha de errores en la medida de longitud o en unidades? \u00bfTe falta el equipo de medici\u00f3n adecuado o la capacidad de verificaci\u00f3n? \u00a1ELOVIS ofrece servicios de calibraci\u00f3n, verificaci\u00f3n de m\u00e1quinas y resoluci\u00f3n de problemas, as\u00ed como la prueba de sistemas de medici\u00f3n de longitud, la calibraci\u00f3n de tac\u00f3metros y la inspecci\u00f3n de unidades del sistema desde una \u00fanica fuente!<\/p>\n\t\t\t\t\t\t\t\t<\/div>\n\t\t\t\t<\/div>\n\t\t\t\t<div class=\"elementor-element elementor-element-5e8f5cf elementor-widget elementor-widget-text-editor\" data-id=\"5e8f5cf\" data-element_type=\"widget\" data-e-type=\"widget\" data-widget_type=\"text-editor.default\">\n\t\t\t\t<div class=\"elementor-widget-container\">\n\t\t\t\t\t\t\t\t\t<h3 align=\"justify\">ELOVIS ofrece servicios de medici\u00f3n en el sitio:<\/h3>\n<div align=\"justify\">\n<p>Despu\u00e9s de hacer una cita, nuestros ingenieros de servicio realizan mediciones en el sitio.<\/p>\n<p>Estos incluyen:<\/p>\n<\/div>\n<ul>\n<li>Comprobaci\u00f3n de longitudes de rollos en caso de reclamaci\u00f3n.<\/li>\n<li>Comprobaci\u00f3n de los dispositivos de medici\u00f3n de longitud de m\u00e1quinas en caso de reclamaci\u00f3n.<\/li>\n<li>Calibraci\u00f3n de tac\u00f3metros y dispositivos de medici\u00f3n de longitud t\u00e1ctil.<\/li>\n<li>Comprobaci\u00f3n de las unidades del sistema para el deslizamiento<\/li>\n<li>Medici\u00f3n de deslizamiento mediante la determinaci\u00f3n de la velocidad diferencial.<\/li>\n<li>Medici\u00f3n de deformaci\u00f3n mediante la determinaci\u00f3n de la velocidad diferencial.<\/li>\n<li>Medici\u00f3n de la contracci\u00f3n mediante la determinaci\u00f3n de la velocidad diferencial.<\/li>\n<li>Instalaciones de ensayo y aceptaci\u00f3n acompa\u00f1ada de m\u00e1quinas de medici\u00f3n de longitud.<\/li>\n<li>&#8230;<\/li>\n<\/ul>\n\t\t\t\t\t\t\t\t<\/div>\n\t\t\t\t<\/div>\n\t\t\t\t<div class=\"elementor-element elementor-element-8a434cf elementor-widget elementor-widget-text-editor\" data-id=\"8a434cf\" data-element_type=\"widget\" data-e-type=\"widget\" data-widget_type=\"text-editor.default\">\n\t\t\t\t<div class=\"elementor-widget-container\">\n\t\t\t\t\t\t\t\t\t<p>Por favor ven a nosotros. Le asesoramos y le hacemos una oferta individual sobre nuestros servicios de medici\u00f3n y calibraci\u00f3n. Su persona de contacto es el Sr. Martin Adler.<\/p>\n\t\t\t\t\t\t\t\t<\/div>\n\t\t\t\t<\/div>\n\t\t\t\t\t<\/div>\n\t\t<\/div>\n\t\t\t\t<div class=\"elementor-column elementor-col-50 elementor-inner-column elementor-element elementor-element-0fcca02\" data-id=\"0fcca02\" data-element_type=\"column\" data-e-type=\"column\">\n\t\t\t<div class=\"elementor-widget-wrap elementor-element-populated\">\n\t\t\t\t\t\t<div class=\"elementor-element elementor-element-451108c elementor-widget elementor-widget-image\" data-id=\"451108c\" data-element_type=\"widget\" data-e-type=\"widget\" data-widget_type=\"image.default\">\n\t\t\t\t<div class=\"elementor-widget-container\">\n\t\t\t\t\t\t\t\t\t\t\t\t\t\t\t<img decoding=\"async\" data-src=\"https:\/\/www.elovis.com\/wp-content\/uploads\/2018\/02\/19_Messdienste_1.svg\" class=\"attachment-full size-full wp-image-2428 lazyload\" alt=\"\" src=\"data:image\/svg+xml;base64,PHN2ZyB3aWR0aD0iMSIgaGVpZ2h0PSIxIiB4bWxucz0iaHR0cDovL3d3dy53My5vcmcvMjAwMC9zdmciPjwvc3ZnPg==\" \/>\t\t\t\t\t\t\t\t\t\t\t\t\t\t\t<\/div>\n\t\t\t\t<\/div>\n\t\t\t\t\t<\/div>\n\t\t<\/div>\n\t\t\t\t\t<\/div>\n\t\t<\/section>\n\t\t\t\t\t<\/div>\n\t\t<\/div>\n\t\t\t\t\t<\/div>\n\t\t<\/section>\n\t\t\t\t<section class=\"elementor-section elementor-top-section elementor-element elementor-element-b098d2e elementor-section-boxed elementor-section-height-default elementor-section-height-default\" data-id=\"b098d2e\" data-element_type=\"section\" data-e-type=\"section\">\n\t\t\t\t\t\t<div class=\"elementor-container elementor-column-gap-default\">\n\t\t\t\t\t<div class=\"elementor-column elementor-col-100 elementor-top-column elementor-element elementor-element-aef86f9\" data-id=\"aef86f9\" data-element_type=\"column\" data-e-type=\"column\">\n\t\t\t<div class=\"elementor-widget-wrap elementor-element-populated\">\n\t\t\t\t\t\t<div class=\"elementor-element elementor-element-030206c elementor-widget elementor-widget-button\" data-id=\"030206c\" data-element_type=\"widget\" data-e-type=\"widget\" data-widget_type=\"button.default\">\n\t\t\t\t<div class=\"elementor-widget-container\">\n\t\t\t\t\t\t\t\t\t<div class=\"elementor-button-wrapper\">\n\t\t\t\t\t<a class=\"elementor-button elementor-button-link elementor-size-sm\" href=\"\/?page_id=629\">\n\t\t\t\t\t\t<span class=\"elementor-button-content-wrapper\">\n\t\t\t\t\t\t<span class=\"elementor-button-icon\">\n\t\t\t\t\t\t\t\t\t<i class=\"fa fa-address-card\" aria-hidden=\"true\"><\/i>\n\t\t\t\t\t\t\t<\/span>\n\t\t\t\t\t\t\t\t\t<span class=\"elementor-button-text\">Consejo personal<\/span>\n\t\t\t\t\t<\/span>\n\t\t\t\t\t<\/a>\n\t\t\t\t<\/div>\n\t\t\t\t\t\t\t\t<\/div>\n\t\t\t\t<\/div>\n\t\t\t\t\t<\/div>\n\t\t<\/div>\n\t\t\t\t\t<\/div>\n\t\t<\/section>\n\t\t\t\t<\/div>\n\t\t","protected":false},"excerpt":{"rendered":"<p>\u00bfSospecha de errores en la medida de longitud o en unidades? Faltan equipos de medici\u00f3n adecuados o la capacidad de verificaci\u00f3n &#8230;<\/p>\n","protected":false},"author":1,"featured_media":2428,"parent":8270,"menu_order":46,"comment_status":"closed","ping_status":"closed","template":"","meta":{"footnotes":""},"yst_prominent_words":[],"class_list":{"0":"post-8278","1":"page","2":"type-page","3":"status-publish","4":"has-post-thumbnail","6":"resize-featured-image"},"_links":{"self":[{"href":"https:\/\/www.elovis.com\/es\/wp-json\/wp\/v2\/pages\/8278","targetHints":{"allow":["GET"]}}],"collection":[{"href":"https:\/\/www.elovis.com\/es\/wp-json\/wp\/v2\/pages"}],"about":[{"href":"https:\/\/www.elovis.com\/es\/wp-json\/wp\/v2\/types\/page"}],"author":[{"embeddable":true,"href":"https:\/\/www.elovis.com\/es\/wp-json\/wp\/v2\/users\/1"}],"replies":[{"embeddable":true,"href":"https:\/\/www.elovis.com\/es\/wp-json\/wp\/v2\/comments?post=8278"}],"version-history":[{"count":1,"href":"https:\/\/www.elovis.com\/es\/wp-json\/wp\/v2\/pages\/8278\/revisions"}],"predecessor-version":[{"id":8279,"href":"https:\/\/www.elovis.com\/es\/wp-json\/wp\/v2\/pages\/8278\/revisions\/8279"}],"up":[{"embeddable":true,"href":"https:\/\/www.elovis.com\/es\/wp-json\/wp\/v2\/pages\/8270"}],"wp:featuredmedia":[{"embeddable":true,"href":"https:\/\/www.elovis.com\/es\/wp-json\/wp\/v2\/media\/2428"}],"wp:attachment":[{"href":"https:\/\/www.elovis.com\/es\/wp-json\/wp\/v2\/media?parent=8278"}],"wp:term":[{"taxonomy":"yst_prominent_words","embeddable":true,"href":"https:\/\/www.elovis.com\/es\/wp-json\/wp\/v2\/yst_prominent_words?post=8278"}],"curies":[{"name":"wp","href":"https:\/\/api.w.org\/{rel}","templated":true}]}}