{"id":8276,"date":"2018-12-04T09:04:20","date_gmt":"2018-12-04T08:04:20","guid":{"rendered":"\/servicios\/desarrollo-y-encargos-oem\/"},"modified":"2019-12-16T11:07:37","modified_gmt":"2019-12-16T10:07:37","slug":"desarrollo-y-encargos-oem","status":"publish","type":"page","link":"https:\/\/www.elovis.com\/es\/servicios\/desarrollo-y-encargos-oem\/","title":{"rendered":"Desarrollos y encargos OEM"},"content":{"rendered":"\t\t<div data-elementor-type=\"wp-post\" data-elementor-id=\"8276\" class=\"elementor elementor-8276 elementor-6346\" data-elementor-post-type=\"page\">\n\t\t\t\t\t\t<section class=\"elementor-section elementor-top-section elementor-element elementor-element-y2wh4dv elementor-section-boxed elementor-section-height-default elementor-section-height-default\" data-id=\"y2wh4dv\" data-element_type=\"section\" data-e-type=\"section\">\n\t\t\t\t\t\t<div class=\"elementor-container elementor-column-gap-default\">\n\t\t\t\t\t<div class=\"elementor-column elementor-col-50 elementor-top-column elementor-element elementor-element-bcvlenu\" data-id=\"bcvlenu\" data-element_type=\"column\" data-e-type=\"column\">\n\t\t\t<div class=\"elementor-widget-wrap elementor-element-populated\">\n\t\t\t\t\t\t<div class=\"elementor-element elementor-element-uo0zflm elementor-widget elementor-widget-text-editor\" data-id=\"uo0zflm\" data-element_type=\"widget\" data-e-type=\"widget\" data-widget_type=\"text-editor.default\">\n\t\t\t\t<div class=\"elementor-widget-container\">\n\t\t\t\t\t\t\t\t\t<h2 style=\"font-family: 'Open Sans', sans-serif; font-style: normal;\">Desarrollo de sistemas completos a medida del producto<\/h2>\n<p>\u00bfTiene un problema de medici\u00f3n y no puede encontrar una soluci\u00f3n adecuada en el mercado? &#8230; ELOVIS ofrece desarrollos y encargo de OEM en los campos de la \u00f3ptica y micro \u00f3ptica, electr\u00f3nica, software, sistemas de sensores.<\/p>\n<h3>Desarrollos de \u00d3ptica \/ Micro-\u00f3ptica<\/h3>\n<ul>\n<li>Dise\u00f1o \u00f3ptico, micro-\u00f3ptica, \u00f3ptica difractiva, dise\u00f1o de medici\u00f3n \u00f3ptica.<\/li>\n<li>Elementos \u00f3pticos difractivos (lentes, rejillas, elementos hologr\u00e1ficos)<\/li>\n<li>Elementos \u00f3pticos refractivos.<\/li>\n<li>Dise\u00f1o, simulaci\u00f3n y prueba de sistemas micro-\u00f3pticos completos.<\/li>\n<li>Tecnolog\u00eda de montaje<\/li>\n<\/ul>\n<h3>Desarrollo electr\u00f3nico<\/h3>\n<ul>\n<li>Electr\u00f3nica, optoelectr\u00f3nica<\/li>\n<li>Comunicaci\u00f3n inal\u00e1mbrica<\/li>\n<li>Control de diodos l\u00e1ser<\/li>\n<li>Tecnolog\u00eda de circuitos anal\u00f3gicos.<\/li>\n<li>DSP de alto rendimiento (punto flotante)<\/li>\n<li>DSP de baja potencia (punto fijo) para aplicaciones m\u00f3viles<\/li>\n<li>Sensores anal\u00f3gicos de alta sensibilidad.<\/li>\n<li>L\u00f3gica programable (FPGA, CPLD)<\/li>\n<\/ul>\n<h3>Desarrollo de software<\/h3>\n<ul>\n<li>Procesamiento de se\u00f1ales<\/li>\n<li>Algoritmos de medici\u00f3n<\/li>\n<li>Programaci\u00f3n de microcontroladores<\/li>\n<\/ul>\n<h3>Desarrollo del sistema de sensores<\/h3>\n<ul>\n<li>Tecnolog\u00eda de medici\u00f3n<\/li>\n<li>Sensores industriales<\/li>\n<li>Detecci\u00f3n de se\u00f1ales sensibles<\/li>\n<\/ul>\n<p>Hable con nosotros y elaboraremos un procedimiento adecuado para su situaci\u00f3n. Su contacto en ELOVIS es:\u00a0<a href=\"mailto:info@elovis.de\">Sr. Wagner<\/a><\/p>\n\t\t\t\t\t\t\t\t<\/div>\n\t\t\t\t<\/div>\n\t\t\t\t\t<\/div>\n\t\t<\/div>\n\t\t\t\t<div class=\"elementor-column elementor-col-50 elementor-top-column elementor-element elementor-element-gyvf965\" data-id=\"gyvf965\" data-element_type=\"column\" data-e-type=\"column\">\n\t\t\t<div class=\"elementor-widget-wrap elementor-element-populated\">\n\t\t\t\t\t\t<div class=\"elementor-element elementor-element-da4da4b elementor-widget elementor-widget-image\" data-id=\"da4da4b\" data-element_type=\"widget\" data-e-type=\"widget\" data-widget_type=\"image.default\">\n\t\t\t\t<div class=\"elementor-widget-container\">\n\t\t\t\t\t\t\t\t\t\t\t\t\t\t\t<img decoding=\"async\" data-src=\"https:\/\/www.elovis.com\/wp-content\/uploads\/2018\/02\/20_Entwicklung.svg\" class=\"attachment-full size-full wp-image-2414 lazyload\" alt=\"\" src=\"data:image\/svg+xml;base64,PHN2ZyB3aWR0aD0iMSIgaGVpZ2h0PSIxIiB4bWxucz0iaHR0cDovL3d3dy53My5vcmcvMjAwMC9zdmciPjwvc3ZnPg==\" \/>\t\t\t\t\t\t\t\t\t\t\t\t\t\t\t<\/div>\n\t\t\t\t<\/div>\n\t\t\t\t\t<\/div>\n\t\t<\/div>\n\t\t\t\t\t<\/div>\n\t\t<\/section>\n\t\t\t\t<section class=\"elementor-section elementor-top-section elementor-element elementor-element-30b065f elementor-section-boxed elementor-section-height-default elementor-section-height-default\" data-id=\"30b065f\" data-element_type=\"section\" data-e-type=\"section\">\n\t\t\t\t\t\t<div class=\"elementor-container elementor-column-gap-default\">\n\t\t\t\t\t<div class=\"elementor-column elementor-col-100 elementor-top-column elementor-element elementor-element-678b6e6\" data-id=\"678b6e6\" data-element_type=\"column\" data-e-type=\"column\">\n\t\t\t<div class=\"elementor-widget-wrap elementor-element-populated\">\n\t\t\t\t\t\t<div class=\"elementor-element elementor-element-50e076e elementor-widget elementor-widget-button\" data-id=\"50e076e\" data-element_type=\"widget\" data-e-type=\"widget\" data-widget_type=\"button.default\">\n\t\t\t\t<div class=\"elementor-widget-container\">\n\t\t\t\t\t\t\t\t\t<div class=\"elementor-button-wrapper\">\n\t\t\t\t\t<a class=\"elementor-button elementor-button-link elementor-size-sm\" href=\"https:\/\/www.elovis.com\/es\/contacto\/\" target=\"_blank\">\n\t\t\t\t\t\t<span class=\"elementor-button-content-wrapper\">\n\t\t\t\t\t\t<span class=\"elementor-button-icon\">\n\t\t\t\t\t\t\t\t\t<i class=\"fa fa-address-card\" aria-hidden=\"true\"><\/i>\n\t\t\t\t\t\t\t<\/span>\n\t\t\t\t\t\t\t\t\t<span class=\"elementor-button-text\">Consejo personalizado<\/span>\n\t\t\t\t\t<\/span>\n\t\t\t\t\t<\/a>\n\t\t\t\t<\/div>\n\t\t\t\t\t\t\t\t<\/div>\n\t\t\t\t<\/div>\n\t\t\t\t\t<\/div>\n\t\t<\/div>\n\t\t\t\t\t<\/div>\n\t\t<\/section>\n\t\t\t\t<\/div>\n\t\t","protected":false},"excerpt":{"rendered":"<p>\u00bfTiene un problema de medici\u00f3n y no puede encontrar una soluci\u00f3n adecuada en el mercado? ELOVIS ofrece desarrollos y encargos para  OEM &#8230;<\/p>\n","protected":false},"author":1,"featured_media":2414,"parent":8270,"menu_order":48,"comment_status":"closed","ping_status":"closed","template":"","meta":{"footnotes":""},"yst_prominent_words":[],"class_list":{"0":"post-8276","1":"page","2":"type-page","3":"status-publish","4":"has-post-thumbnail","6":"resize-featured-image"},"_links":{"self":[{"href":"https:\/\/www.elovis.com\/es\/wp-json\/wp\/v2\/pages\/8276","targetHints":{"allow":["GET"]}}],"collection":[{"href":"https:\/\/www.elovis.com\/es\/wp-json\/wp\/v2\/pages"}],"about":[{"href":"https:\/\/www.elovis.com\/es\/wp-json\/wp\/v2\/types\/page"}],"author":[{"embeddable":true,"href":"https:\/\/www.elovis.com\/es\/wp-json\/wp\/v2\/users\/1"}],"replies":[{"embeddable":true,"href":"https:\/\/www.elovis.com\/es\/wp-json\/wp\/v2\/comments?post=8276"}],"version-history":[{"count":3,"href":"https:\/\/www.elovis.com\/es\/wp-json\/wp\/v2\/pages\/8276\/revisions"}],"predecessor-version":[{"id":421038,"href":"https:\/\/www.elovis.com\/es\/wp-json\/wp\/v2\/pages\/8276\/revisions\/421038"}],"up":[{"embeddable":true,"href":"https:\/\/www.elovis.com\/es\/wp-json\/wp\/v2\/pages\/8270"}],"wp:featuredmedia":[{"embeddable":true,"href":"https:\/\/www.elovis.com\/es\/wp-json\/wp\/v2\/media\/2414"}],"wp:attachment":[{"href":"https:\/\/www.elovis.com\/es\/wp-json\/wp\/v2\/media?parent=8276"}],"wp:term":[{"taxonomy":"yst_prominent_words","embeddable":true,"href":"https:\/\/www.elovis.com\/es\/wp-json\/wp\/v2\/yst_prominent_words?post=8276"}],"curies":[{"name":"wp","href":"https:\/\/api.w.org\/{rel}","templated":true}]}}