{"id":8272,"date":"2018-12-04T08:58:34","date_gmt":"2018-12-04T07:58:34","guid":{"rendered":"\/servicios\/consultoria-en-tecnologia-de-medicion-y-mid\/"},"modified":"2018-12-04T08:58:36","modified_gmt":"2018-12-04T07:58:36","slug":"consultoria-en-tecnologia-de-medicion-y-mid","status":"publish","type":"page","link":"https:\/\/www.elovis.com\/es\/servicios\/consultoria-en-tecnologia-de-medicion-y-mid\/","title":{"rendered":"Consultor\u00eda en Tecnolog\u00eda de Medici\u00f3n y MID"},"content":{"rendered":"\t\t<div data-elementor-type=\"wp-post\" data-elementor-id=\"8272\" class=\"elementor elementor-8272 elementor-499\" data-elementor-post-type=\"page\">\n\t\t\t\t\t\t<section class=\"elementor-section elementor-top-section elementor-element elementor-element-8e3b56b elementor-section-boxed elementor-section-height-default elementor-section-height-default\" data-id=\"8e3b56b\" data-element_type=\"section\" data-e-type=\"section\">\n\t\t\t\t\t\t<div class=\"elementor-container elementor-column-gap-default\">\n\t\t\t\t\t<div class=\"elementor-column elementor-col-100 elementor-top-column elementor-element elementor-element-4950128\" data-id=\"4950128\" data-element_type=\"column\" data-e-type=\"column\">\n\t\t\t<div class=\"elementor-widget-wrap elementor-element-populated\">\n\t\t\t\t\t\t<div class=\"elementor-element elementor-element-856b218 elementor-widget elementor-widget-text-editor\" data-id=\"856b218\" data-element_type=\"widget\" data-e-type=\"widget\" data-widget_type=\"text-editor.default\">\n\t\t\t\t<div class=\"elementor-widget-container\">\n\t\t\t\t\t\t\t\t\t<h2 align=\"justify\">Tecnolog\u00eda de medici\u00f3n sin contacto, evaluaci\u00f3n de conformidad, estudios de medici\u00f3n<\/h2>\n\t\t\t\t\t\t\t\t<\/div>\n\t\t\t\t<\/div>\n\t\t\t\t\t<\/div>\n\t\t<\/div>\n\t\t\t\t\t<\/div>\n\t\t<\/section>\n\t\t\t\t<section class=\"elementor-section elementor-top-section elementor-element elementor-element-5123d87 elementor-section-boxed elementor-section-height-default elementor-section-height-default\" data-id=\"5123d87\" data-element_type=\"section\" data-e-type=\"section\">\n\t\t\t\t\t\t<div class=\"elementor-container elementor-column-gap-default\">\n\t\t\t\t\t<div class=\"elementor-column elementor-col-100 elementor-top-column elementor-element elementor-element-81fbd9d\" data-id=\"81fbd9d\" data-element_type=\"column\" data-e-type=\"column\">\n\t\t\t<div class=\"elementor-widget-wrap elementor-element-populated\">\n\t\t\t\t\t\t<section class=\"elementor-section elementor-inner-section elementor-element elementor-element-c66cd96 elementor-section-boxed elementor-section-height-default elementor-section-height-default\" data-id=\"c66cd96\" data-element_type=\"section\" data-e-type=\"section\">\n\t\t\t\t\t\t<div class=\"elementor-container elementor-column-gap-default\">\n\t\t\t\t\t<div class=\"elementor-column elementor-col-50 elementor-inner-column elementor-element elementor-element-4644bf7\" data-id=\"4644bf7\" data-element_type=\"column\" data-e-type=\"column\">\n\t\t\t<div class=\"elementor-widget-wrap elementor-element-populated\">\n\t\t\t\t\t\t<div class=\"elementor-element elementor-element-c9ad04c elementor-widget elementor-widget-text-editor\" data-id=\"c9ad04c\" data-element_type=\"widget\" data-e-type=\"widget\" data-widget_type=\"text-editor.default\">\n\t\t\t\t<div class=\"elementor-widget-container\">\n\t\t\t\t\t\t\t\t\t<p>\u00bfNecesita asesoramiento  de medici\u00f3n, o un experto para evaluaciones de conformidad de acuerdo con MID 2014\/32 \/ EU? ELOVIS con gusto lo asesorar\u00e1 sobre los siguientes temas: tecnolog\u00eda de medici\u00f3n sin contacto, medici\u00f3n de longitud y velocidad, capacidad de calibraci\u00f3n y medici\u00f3n de ancho, altura y di\u00e1metro. Asimismo, los proyectos con im\u00e1genes, sistemas de medici\u00f3n basados en c\u00e1maras pueden ser supervisados por ELOVIS.<\/p>\n\t\t\t\t\t\t\t\t<\/div>\n\t\t\t\t<\/div>\n\t\t\t\t<div class=\"elementor-element elementor-element-2e645ca elementor-widget elementor-widget-text-editor\" data-id=\"2e645ca\" data-element_type=\"widget\" data-e-type=\"widget\" data-widget_type=\"text-editor.default\">\n\t\t\t\t<div class=\"elementor-widget-container\">\n\t\t\t\t\t\t\t\t\t<h3 align=\"justify\">ELOVIS ofrece servicios de consultor\u00eda en las siguientes \u00e1reas:<\/h3>\n<ul>\n<li>Tecnolog\u00eda de medici\u00f3n sin contacto.<\/li>\n<li>Medici\u00f3n de longitud y velocidad<\/li>\n<li>Medida de longitud verificable de acuerdo con MID 2014\/32 \/ EU<\/li>\n<li>Medida de ancho, altura y di\u00e1metro<\/li>\n<li>Tecnolog\u00eda de medici\u00f3n basada en c\u00e1mara<\/li>\n<\/ul>\n\t\t\t\t\t\t\t\t<\/div>\n\t\t\t\t<\/div>\n\t\t\t\t\t<\/div>\n\t\t<\/div>\n\t\t\t\t<div class=\"elementor-column elementor-col-50 elementor-inner-column elementor-element elementor-element-3ccc819\" data-id=\"3ccc819\" data-element_type=\"column\" data-e-type=\"column\">\n\t\t\t<div class=\"elementor-widget-wrap elementor-element-populated\">\n\t\t\t\t\t\t<div class=\"elementor-element elementor-element-56ef1e5 elementor-widget elementor-widget-image\" data-id=\"56ef1e5\" data-element_type=\"widget\" data-e-type=\"widget\" data-widget_type=\"image.default\">\n\t\t\t\t<div class=\"elementor-widget-container\">\n\t\t\t\t\t\t\t\t\t\t\t\t\t\t\t<img decoding=\"async\" data-src=\"https:\/\/www.elovis.com\/wp-content\/uploads\/2018\/02\/19_Beratung.svg\" class=\"attachment-full size-full wp-image-2410 lazyload\" alt=\"\" src=\"data:image\/svg+xml;base64,PHN2ZyB3aWR0aD0iMSIgaGVpZ2h0PSIxIiB4bWxucz0iaHR0cDovL3d3dy53My5vcmcvMjAwMC9zdmciPjwvc3ZnPg==\" \/>\t\t\t\t\t\t\t\t\t\t\t\t\t\t\t<\/div>\n\t\t\t\t<\/div>\n\t\t\t\t\t<\/div>\n\t\t<\/div>\n\t\t\t\t\t<\/div>\n\t\t<\/section>\n\t\t\t\t\t<\/div>\n\t\t<\/div>\n\t\t\t\t\t<\/div>\n\t\t<\/section>\n\t\t\t\t<section class=\"elementor-section elementor-top-section elementor-element elementor-element-6e3b4e30 elementor-section-boxed elementor-section-height-default elementor-section-height-default\" data-id=\"6e3b4e30\" data-element_type=\"section\" data-e-type=\"section\">\n\t\t\t\t\t\t<div class=\"elementor-container elementor-column-gap-default\">\n\t\t\t\t\t<div class=\"elementor-column elementor-col-100 elementor-top-column elementor-element elementor-element-307d87d\" data-id=\"307d87d\" data-element_type=\"column\" data-e-type=\"column\">\n\t\t\t<div class=\"elementor-widget-wrap elementor-element-populated\">\n\t\t\t\t\t\t<div class=\"elementor-element elementor-element-3a8e26d7 elementor-widget elementor-widget-text-editor\" data-id=\"3a8e26d7\" data-element_type=\"widget\" data-e-type=\"widget\" data-widget_type=\"text-editor.default\">\n\t\t\t\t<div class=\"elementor-widget-container\">\n\t\t\t\t\t\t\t\t\t<p>Especialmente en el \u00e1rea de evaluaci\u00f3n de conformidad de los sistemas de medici\u00f3n de longitud <span style=\"font-size: 15px;\"> de acuerdo con la Directiva de Instrumentos de Medici\u00f3n Europea MID 2014\/32 \/ EU, ELOVIS puede aprovechar una amplia experiencia y ofrece servicios para la evaluaci\u00f3n de sistemas de medici\u00f3n de longitud en el per\u00edodo previo a la conformidad. proyectos de evaluaci\u00f3n, pero tambi\u00e9n servicios complementarios a las evaluaciones de conformidad.<\/span><\/p>\n<div align=\"justify\">Las consultas y los servicios de asesor\u00eda pueden llevarse a cabo en la sede de ELOVIS o en el cliente, su cliente o en las instalaciones pertinentes in situ.<\/div>\n<div align=\"justify\">\u00a0<\/div>\n<div align=\"justify\">Por favor cont\u00e1ctenos. Crearemos un paquete de consulta a medida para usted. Pregunte por el Sr. Bernd Engelsdorf.<\/div>\n\t\t\t\t\t\t\t\t<\/div>\n\t\t\t\t<\/div>\n\t\t\t\t\t<\/div>\n\t\t<\/div>\n\t\t\t\t\t<\/div>\n\t\t<\/section>\n\t\t\t\t<section class=\"elementor-section elementor-top-section elementor-element elementor-element-3fc01ea elementor-section-boxed elementor-section-height-default elementor-section-height-default\" data-id=\"3fc01ea\" data-element_type=\"section\" data-e-type=\"section\">\n\t\t\t\t\t\t<div class=\"elementor-container elementor-column-gap-default\">\n\t\t\t\t\t<div class=\"elementor-column elementor-col-100 elementor-top-column elementor-element elementor-element-e0f949d\" data-id=\"e0f949d\" data-element_type=\"column\" data-e-type=\"column\">\n\t\t\t<div class=\"elementor-widget-wrap elementor-element-populated\">\n\t\t\t\t\t\t<div class=\"elementor-element elementor-element-13a4229 elementor-widget elementor-widget-button\" data-id=\"13a4229\" data-element_type=\"widget\" data-e-type=\"widget\" data-widget_type=\"button.default\">\n\t\t\t\t<div class=\"elementor-widget-container\">\n\t\t\t\t\t\t\t\t\t<div class=\"elementor-button-wrapper\">\n\t\t\t\t\t<a class=\"elementor-button elementor-button-link elementor-size-sm\" href=\"\/?page_id=629\" target=\"_blank\">\n\t\t\t\t\t\t<span class=\"elementor-button-content-wrapper\">\n\t\t\t\t\t\t<span class=\"elementor-button-icon\">\n\t\t\t\t\t\t\t\t\t<i class=\"fa fa-address-card\" aria-hidden=\"true\"><\/i>\n\t\t\t\t\t\t\t<\/span>\n\t\t\t\t\t\t\t\t\t<span class=\"elementor-button-text\">Consejo personal<\/span>\n\t\t\t\t\t<\/span>\n\t\t\t\t\t<\/a>\n\t\t\t\t<\/div>\n\t\t\t\t\t\t\t\t<\/div>\n\t\t\t\t<\/div>\n\t\t\t\t\t<\/div>\n\t\t<\/div>\n\t\t\t\t\t<\/div>\n\t\t<\/section>\n\t\t\t\t<\/div>\n\t\t","protected":false},"excerpt":{"rendered":"<p>\u00bfNecesita un asesoramiento de medici\u00f3n espec\u00edfico, o un experto para la evaluaci\u00f3n de la conformidad. MID 2014\/32 \/ EU ?<\/p>\n","protected":false},"author":1,"featured_media":2410,"parent":8270,"menu_order":45,"comment_status":"closed","ping_status":"closed","template":"","meta":{"footnotes":""},"yst_prominent_words":[],"class_list":{"0":"post-8272","1":"page","2":"type-page","3":"status-publish","4":"has-post-thumbnail","6":"resize-featured-image"},"_links":{"self":[{"href":"https:\/\/www.elovis.com\/es\/wp-json\/wp\/v2\/pages\/8272","targetHints":{"allow":["GET"]}}],"collection":[{"href":"https:\/\/www.elovis.com\/es\/wp-json\/wp\/v2\/pages"}],"about":[{"href":"https:\/\/www.elovis.com\/es\/wp-json\/wp\/v2\/types\/page"}],"author":[{"embeddable":true,"href":"https:\/\/www.elovis.com\/es\/wp-json\/wp\/v2\/users\/1"}],"replies":[{"embeddable":true,"href":"https:\/\/www.elovis.com\/es\/wp-json\/wp\/v2\/comments?post=8272"}],"version-history":[{"count":1,"href":"https:\/\/www.elovis.com\/es\/wp-json\/wp\/v2\/pages\/8272\/revisions"}],"predecessor-version":[{"id":8273,"href":"https:\/\/www.elovis.com\/es\/wp-json\/wp\/v2\/pages\/8272\/revisions\/8273"}],"up":[{"embeddable":true,"href":"https:\/\/www.elovis.com\/es\/wp-json\/wp\/v2\/pages\/8270"}],"wp:featuredmedia":[{"embeddable":true,"href":"https:\/\/www.elovis.com\/es\/wp-json\/wp\/v2\/media\/2410"}],"wp:attachment":[{"href":"https:\/\/www.elovis.com\/es\/wp-json\/wp\/v2\/media?parent=8272"}],"wp:term":[{"taxonomy":"yst_prominent_words","embeddable":true,"href":"https:\/\/www.elovis.com\/es\/wp-json\/wp\/v2\/yst_prominent_words?post=8272"}],"curies":[{"name":"wp","href":"https:\/\/api.w.org\/{rel}","templated":true}]}}