{"id":8270,"date":"2018-12-04T08:53:43","date_gmt":"2018-12-04T07:53:43","guid":{"rendered":"\/servicios\/"},"modified":"2025-02-06T10:04:54","modified_gmt":"2025-02-06T09:04:54","slug":"servicios","status":"publish","type":"page","link":"https:\/\/www.elovis.com\/es\/servicios\/","title":{"rendered":"Servicios"},"content":{"rendered":"\t\t<div data-elementor-type=\"wp-post\" data-elementor-id=\"8270\" class=\"elementor elementor-8270 elementor-418\" data-elementor-post-type=\"page\">\n\t\t\t\t\t\t<section class=\"elementor-section elementor-top-section elementor-element elementor-element-492619d elementor-section-boxed elementor-section-height-default elementor-section-height-default\" data-id=\"492619d\" data-element_type=\"section\" data-e-type=\"section\">\n\t\t\t\t\t\t<div class=\"elementor-container elementor-column-gap-default\">\n\t\t\t\t\t<div class=\"elementor-column elementor-col-100 elementor-top-column elementor-element elementor-element-edbf69d\" data-id=\"edbf69d\" data-element_type=\"column\" data-e-type=\"column\">\n\t\t\t<div class=\"elementor-widget-wrap elementor-element-populated\">\n\t\t\t\t\t\t<div class=\"elementor-element elementor-element-30e6f0f elementor-widget elementor-widget-text-editor\" data-id=\"30e6f0f\" data-element_type=\"widget\" data-e-type=\"widget\" data-widget_type=\"text-editor.default\">\n\t\t\t\t<div class=\"elementor-widget-container\">\n\t\t\t\t\t\t\t\t\t<h2>Servicios en torno de las soluciones de medici\u00f3n ELOVIS<\/h2>\n\t\t\t\t\t\t\t\t<\/div>\n\t\t\t\t<\/div>\n\t\t\t\t\t<\/div>\n\t\t<\/div>\n\t\t\t\t\t<\/div>\n\t\t<\/section>\n\t\t\t\t<section class=\"elementor-section elementor-top-section elementor-element elementor-element-ecee6c0 elementor-section-boxed elementor-section-height-default elementor-section-height-default\" data-id=\"ecee6c0\" data-element_type=\"section\" data-e-type=\"section\">\n\t\t\t\t\t\t<div class=\"elementor-container elementor-column-gap-default\">\n\t\t\t\t\t<div class=\"elementor-column elementor-col-66 elementor-top-column elementor-element elementor-element-17e1760\" data-id=\"17e1760\" data-element_type=\"column\" data-e-type=\"column\">\n\t\t\t<div class=\"elementor-widget-wrap elementor-element-populated\">\n\t\t\t\t\t\t<div class=\"elementor-element elementor-element-38ad178 elementor-widget elementor-widget-text-editor\" data-id=\"38ad178\" data-element_type=\"widget\" data-e-type=\"widget\" data-widget_type=\"text-editor.default\">\n\t\t\t\t<div class=\"elementor-widget-container\">\n\t\t\t\t\t\t\t\t\t<p>\t<p>ELOVIS ofrece varios servicios. Entre ellos se incluye la consultor\u00eda para la selecci\u00f3n de la tecnolog\u00eda de medici\u00f3n adecuada para los proyectos de los clientes, as\u00ed como el asesoramiento en la preparaci\u00f3n y aplicaci\u00f3n de las evaluaciones de conformidad con la MID 2014\/32\/UE. Tambi\u00e9n incluye servicios de medici\u00f3n para llevar a cabo campa\u00f1as de medici\u00f3n para los clientes, calibrar contadores y tac\u00f3metros, comprobar m\u00e1quinas y accionamientos, as\u00ed como la soluci\u00f3n de problemas en las l\u00edneas de producci\u00f3n. El alquiler de sistemas de medici\u00f3n, los cursos de capacitaci\u00f3n relacionados con el uso de los sistemas de medici\u00f3n de ELOVIS, as\u00ed como la asistencia en la aclaraci\u00f3n de reclamaciones con antecedentes metrol\u00f3gicos constituyen otro punto de inter\u00e9s. Por \u00faltimo, pero no por ello menos importante, ELOVIS ofrece desarrollo de contratos y desarrollo de OEM en los campos de la \u00f3ptica, la electr\u00f3nica, el software y los sistemas de sensores.<\/p><\/p>\n\t\t\t\t\t\t\t\t<\/div>\n\t\t\t\t<\/div>\n\t\t\t\t\t<\/div>\n\t\t<\/div>\n\t\t\t\t<div class=\"elementor-column elementor-col-33 elementor-top-column elementor-element elementor-element-fdee13e\" data-id=\"fdee13e\" data-element_type=\"column\" data-e-type=\"column\">\n\t\t\t<div class=\"elementor-widget-wrap elementor-element-populated\">\n\t\t\t\t\t\t<div class=\"elementor-element elementor-element-e72934e elementor-widget elementor-widget-image\" data-id=\"e72934e\" data-element_type=\"widget\" data-e-type=\"widget\" data-widget_type=\"image.default\">\n\t\t\t\t<div class=\"elementor-widget-container\">\n\t\t\t\t\t\t\t\t\t\t\t\t\t\t\t<img fetchpriority=\"high\" decoding=\"async\" width=\"296\" height=\"300\" src=\"https:\/\/www.elovis.com\/wp-content\/smush-webp\/2020\/09\/LOGO-Elovis-grau-HQ-Service-296x300.png.webp\" class=\"attachment-medium size-medium wp-image-820738\" alt=\"\" srcset=\"https:\/\/www.elovis.com\/wp-content\/smush-webp\/2020\/09\/LOGO-Elovis-grau-HQ-Service-296x300.png.webp 296w, https:\/\/www.elovis.com\/wp-content\/smush-webp\/2020\/09\/LOGO-Elovis-grau-HQ-Service-1011x1024.png.webp 1011w, https:\/\/www.elovis.com\/wp-content\/smush-webp\/2020\/09\/LOGO-Elovis-grau-HQ-Service-768x778.png.webp 768w, https:\/\/www.elovis.com\/wp-content\/uploads\/2020\/09\/LOGO-Elovis-grau-HQ-Service.png 1485w\" sizes=\"(max-width: 296px) 100vw, 296px\" data-smush-webp-fallback=\"{&quot;src&quot;:&quot;https:\\\/\\\/www.elovis.com\\\/wp-content\\\/uploads\\\/2020\\\/09\\\/LOGO-Elovis-grau-HQ-Service-296x300.png&quot;,&quot;srcset&quot;:&quot;https:\\\/\\\/www.elovis.com\\\/wp-content\\\/uploads\\\/2020\\\/09\\\/LOGO-Elovis-grau-HQ-Service-296x300.png 296w, https:\\\/\\\/www.elovis.com\\\/wp-content\\\/uploads\\\/2020\\\/09\\\/LOGO-Elovis-grau-HQ-Service-1011x1024.png 1011w, https:\\\/\\\/www.elovis.com\\\/wp-content\\\/uploads\\\/2020\\\/09\\\/LOGO-Elovis-grau-HQ-Service-768x778.png 768w, https:\\\/\\\/www.elovis.com\\\/wp-content\\\/uploads\\\/2020\\\/09\\\/LOGO-Elovis-grau-HQ-Service.png 1485w&quot;}\" \/>\t\t\t\t\t\t\t\t\t\t\t\t\t\t\t<\/div>\n\t\t\t\t<\/div>\n\t\t\t\t\t<\/div>\n\t\t<\/div>\n\t\t\t\t\t<\/div>\n\t\t<\/section>\n\t\t\t\t<section class=\"elementor-section elementor-top-section elementor-element elementor-element-jutrpb8 elementor-section-boxed elementor-section-height-default elementor-section-height-default\" data-id=\"jutrpb8\" data-element_type=\"section\" data-e-type=\"section\">\n\t\t\t\t\t\t<div class=\"elementor-container elementor-column-gap-default\">\n\t\t\t\t\t<div class=\"elementor-column elementor-col-25 elementor-top-column elementor-element elementor-element-t09xrk0\" data-id=\"t09xrk0\" data-element_type=\"column\" data-e-type=\"column\">\n\t\t\t<div class=\"elementor-widget-wrap elementor-element-populated\">\n\t\t\t\t\t\t<div class=\"elementor-element elementor-element-0d0e519 elementor-widget elementor-widget-shortcode\" data-id=\"0d0e519\" data-element_type=\"widget\" data-e-type=\"widget\" data-widget_type=\"shortcode.default\">\n\t\t\t\t<div class=\"elementor-widget-container\">\n\t\t\t\t\t\t\t<div class=\"elementor-shortcode\"><div class=\"elovis-service\">\n\t<a href=\"https:\/\/www.elovis.com\/es\/servicios\/consultoria-en-tecnologia-de-medicion-y-mid\/\" title=\"Consultor\u00eda &lt;br&gt; Tecnolog\u00eda de Medici\u00f3n y MID\">\n\t\t<img decoding=\"async\" width=\"1\" height=\"1\" data-src=\"https:\/\/www.elovis.com\/wp-content\/uploads\/2018\/02\/19_Beratung.svg\" class=\"attachment-medium size-medium wp-post-image lazyload\" alt=\"\" src=\"data:image\/svg+xml;base64,PHN2ZyB3aWR0aD0iMSIgaGVpZ2h0PSIxIiB4bWxucz0iaHR0cDovL3d3dy53My5vcmcvMjAwMC9zdmciPjwvc3ZnPg==\" style=\"--smush-placeholder-width: 1px; --smush-placeholder-aspect-ratio: 1\/1;\" \/>\n\t\t<h3>Consultor\u00eda <br> Tecnolog\u00eda de Medici\u00f3n y MID<\/h3>\n\t<\/a>\n\t<p>\u00bfNecesita un asesoramiento de medici\u00f3n espec\u00edfico, o un experto para la evaluaci\u00f3n de la conformidad. MID 2014\/32 \/ EU ?<\/p>\n<\/div><\/div>\n\t\t\t\t\t\t<\/div>\n\t\t\t\t<\/div>\n\t\t\t\t\t<\/div>\n\t\t<\/div>\n\t\t\t\t<div class=\"elementor-column elementor-col-25 elementor-top-column elementor-element elementor-element-lihd4wr\" data-id=\"lihd4wr\" data-element_type=\"column\" data-e-type=\"column\">\n\t\t\t<div class=\"elementor-widget-wrap elementor-element-populated\">\n\t\t\t\t\t\t<div class=\"elementor-element elementor-element-52f18d3 elementor-widget elementor-widget-shortcode\" data-id=\"52f18d3\" data-element_type=\"widget\" data-e-type=\"widget\" data-widget_type=\"shortcode.default\">\n\t\t\t\t<div class=\"elementor-widget-container\">\n\t\t\t\t\t\t\t<div class=\"elementor-shortcode\"><div class=\"elovis-service\">\n\t<a href=\"https:\/\/www.elovis.com\/es\/servicios\/servicios-de-medicion-y-calibracion\/\" title=\"Servicios de medici\u00f3n y calibraci\u00f3n\">\n\t\t<img decoding=\"async\" width=\"1\" height=\"1\" data-src=\"https:\/\/www.elovis.com\/wp-content\/uploads\/2018\/02\/19_Messdienste_1.svg\" class=\"attachment-medium size-medium wp-post-image lazyload\" alt=\"\" src=\"data:image\/svg+xml;base64,PHN2ZyB3aWR0aD0iMSIgaGVpZ2h0PSIxIiB4bWxucz0iaHR0cDovL3d3dy53My5vcmcvMjAwMC9zdmciPjwvc3ZnPg==\" style=\"--smush-placeholder-width: 1px; --smush-placeholder-aspect-ratio: 1\/1;\" \/>\n\t\t<h3>Servicios de medici\u00f3n y calibraci\u00f3n<\/h3>\n\t<\/a>\n\t<p>\u00bfSospecha de errores en la medida de longitud o en unidades? Faltan equipos de medici\u00f3n adecuados o la capacidad de verificaci\u00f3n ...<\/p>\n<\/div><\/div>\n\t\t\t\t\t\t<\/div>\n\t\t\t\t<\/div>\n\t\t\t\t\t<\/div>\n\t\t<\/div>\n\t\t\t\t<div class=\"elementor-column elementor-col-25 elementor-top-column elementor-element elementor-element-l87j0sm\" data-id=\"l87j0sm\" data-element_type=\"column\" data-e-type=\"column\">\n\t\t\t<div class=\"elementor-widget-wrap elementor-element-populated\">\n\t\t\t\t\t\t<div class=\"elementor-element elementor-element-8b55ba2 elementor-widget elementor-widget-shortcode\" data-id=\"8b55ba2\" data-element_type=\"widget\" data-e-type=\"widget\" data-widget_type=\"shortcode.default\">\n\t\t\t\t<div class=\"elementor-widget-container\">\n\t\t\t\t\t\t\t<div class=\"elementor-shortcode\"><div class=\"elovis-service\">\n\t<a href=\"https:\/\/www.elovis.com\/es\/servicios\/ayuda-con-las-reclamaciones-de-los-clientes\/\" title=\"Ayuda con las reclamaciones de los clientes\">\n\t\t<img decoding=\"async\" width=\"1\" height=\"1\" data-src=\"https:\/\/www.elovis.com\/wp-content\/uploads\/2018\/02\/21_Kundenreklamation_1.svg\" class=\"attachment-medium size-medium wp-post-image lazyload\" alt=\"\" src=\"data:image\/svg+xml;base64,PHN2ZyB3aWR0aD0iMSIgaGVpZ2h0PSIxIiB4bWxucz0iaHR0cDovL3d3dy53My5vcmcvMjAwMC9zdmciPjwvc3ZnPg==\" style=\"--smush-placeholder-width: 1px; --smush-placeholder-aspect-ratio: 1\/1;\" \/>\n\t\t<h3>Ayuda con las reclamaciones de los clientes<\/h3>\n\t<\/a>\n\t<p>\u00bfEst\u00e1 justificada la reclamaci\u00f3n de su cliente por suministro incompleto? \u00bfC\u00f3mo debe uno comportarse con el cliente ...<\/p>\n<\/div><\/div>\n\t\t\t\t\t\t<\/div>\n\t\t\t\t<\/div>\n\t\t\t\t\t<\/div>\n\t\t<\/div>\n\t\t\t\t<div class=\"elementor-column elementor-col-25 elementor-top-column elementor-element elementor-element-1hknbon\" data-id=\"1hknbon\" data-element_type=\"column\" data-e-type=\"column\">\n\t\t\t<div class=\"elementor-widget-wrap elementor-element-populated\">\n\t\t\t\t\t\t<div class=\"elementor-element elementor-element-8b59b0c elementor-widget elementor-widget-shortcode\" data-id=\"8b59b0c\" data-element_type=\"widget\" data-e-type=\"widget\" data-widget_type=\"shortcode.default\">\n\t\t\t\t<div class=\"elementor-widget-container\">\n\t\t\t\t\t\t\t<div class=\"elementor-shortcode\"><div class=\"elovis-service\">\n\t<a href=\"https:\/\/www.elovis.com\/es\/servicios\/desarrollo-y-encargos-oem\/\" title=\"Desarrollos y encargos OEM\">\n\t\t<img decoding=\"async\" width=\"1\" height=\"1\" data-src=\"https:\/\/www.elovis.com\/wp-content\/uploads\/2018\/02\/20_Entwicklung.svg\" class=\"attachment-medium size-medium wp-post-image lazyload\" alt=\"\" src=\"data:image\/svg+xml;base64,PHN2ZyB3aWR0aD0iMSIgaGVpZ2h0PSIxIiB4bWxucz0iaHR0cDovL3d3dy53My5vcmcvMjAwMC9zdmciPjwvc3ZnPg==\" style=\"--smush-placeholder-width: 1px; --smush-placeholder-aspect-ratio: 1\/1;\" \/>\n\t\t<h3>Desarrollos y encargos OEM<\/h3>\n\t<\/a>\n\t<p>\u00bfTiene un problema de medici\u00f3n y no puede encontrar una soluci\u00f3n adecuada en el mercado? ELOVIS ofrece desarrollos y encargos para  OEM ...<\/p>\n<\/div><\/div>\n\t\t\t\t\t\t<\/div>\n\t\t\t\t<\/div>\n\t\t\t\t\t<\/div>\n\t\t<\/div>\n\t\t\t\t\t<\/div>\n\t\t<\/section>\n\t\t\t\t<section class=\"elementor-section elementor-top-section elementor-element elementor-element-0272a90 elementor-section-boxed elementor-section-height-default elementor-section-height-default\" data-id=\"0272a90\" data-element_type=\"section\" data-e-type=\"section\">\n\t\t\t\t\t\t<div class=\"elementor-container elementor-column-gap-default\">\n\t\t\t\t\t<div class=\"elementor-column elementor-col-25 elementor-top-column elementor-element elementor-element-a7d9dcf\" data-id=\"a7d9dcf\" data-element_type=\"column\" data-e-type=\"column\">\n\t\t\t<div class=\"elementor-widget-wrap elementor-element-populated\">\n\t\t\t\t\t\t<div class=\"elementor-element elementor-element-4c57f3d elementor-widget elementor-widget-button\" data-id=\"4c57f3d\" data-element_type=\"widget\" data-e-type=\"widget\" data-widget_type=\"button.default\">\n\t\t\t\t<div class=\"elementor-widget-container\">\n\t\t\t\t\t\t\t\t\t<div class=\"elementor-button-wrapper\">\n\t\t\t\t\t<a class=\"elementor-button elementor-button-link elementor-size-sm\" href=\"https:\/\/www.elovis.com\/mid-basisbetreuung\/\" target=\"_blank\">\n\t\t\t\t\t\t<span class=\"elementor-button-content-wrapper\">\n\t\t\t\t\t\t<span class=\"elementor-button-icon\">\n\t\t\t\t\t\t\t\t\t<i class=\"fa fa-legal\" aria-hidden=\"true\"><\/i>\n\t\t\t\t\t\t\t<\/span>\n\t\t\t\t\t\t\t\t\t<span class=\"elementor-button-text\">MID Apoyo de la base<\/span>\n\t\t\t\t\t<\/span>\n\t\t\t\t\t<\/a>\n\t\t\t\t<\/div>\n\t\t\t\t\t\t\t\t<\/div>\n\t\t\t\t<\/div>\n\t\t\t\t\t<\/div>\n\t\t<\/div>\n\t\t\t\t<div class=\"elementor-column elementor-col-25 elementor-top-column elementor-element elementor-element-6ea3b95\" data-id=\"6ea3b95\" data-element_type=\"column\" data-e-type=\"column\">\n\t\t\t<div class=\"elementor-widget-wrap elementor-element-populated\">\n\t\t\t\t\t\t<div class=\"elementor-element elementor-element-e2b6f2b elementor-widget elementor-widget-button\" data-id=\"e2b6f2b\" data-element_type=\"widget\" data-e-type=\"widget\" data-widget_type=\"button.default\">\n\t\t\t\t<div class=\"elementor-widget-container\">\n\t\t\t\t\t\t\t\t\t<div class=\"elementor-button-wrapper\">\n\t\t\t\t\t<a class=\"elementor-button elementor-button-link elementor-size-sm\" href=\"https:\/\/www.elovis.com\/es\/aplicaciones\/medicion-de-longitud-sin-contacto\/calibracion-del-codificador\/calibracion-de-contadores-de-longitud\/\" target=\"_blank\">\n\t\t\t\t\t\t<span class=\"elementor-button-content-wrapper\">\n\t\t\t\t\t\t<span class=\"elementor-button-icon\">\n\t\t\t\t\t\t\t\t\t<i class=\"fa fa-dashboard\" aria-hidden=\"true\"><\/i>\n\t\t\t\t\t\t\t<\/span>\n\t\t\t\t\t\t\t\t\t<span class=\"elementor-button-text\">Servicio de calibraci\u00f3n<\/span>\n\t\t\t\t\t<\/span>\n\t\t\t\t\t<\/a>\n\t\t\t\t<\/div>\n\t\t\t\t\t\t\t\t<\/div>\n\t\t\t\t<\/div>\n\t\t\t\t\t<\/div>\n\t\t<\/div>\n\t\t\t\t<div class=\"elementor-column elementor-col-25 elementor-top-column elementor-element elementor-element-817a030\" data-id=\"817a030\" data-element_type=\"column\" data-e-type=\"column\">\n\t\t\t<div class=\"elementor-widget-wrap elementor-element-populated\">\n\t\t\t\t\t\t<div class=\"elementor-element elementor-element-0826f5f elementor-widget elementor-widget-button\" data-id=\"0826f5f\" data-element_type=\"widget\" data-e-type=\"widget\" data-widget_type=\"button.default\">\n\t\t\t\t<div class=\"elementor-widget-container\">\n\t\t\t\t\t\t\t\t\t<div class=\"elementor-button-wrapper\">\n\t\t\t\t\t<a class=\"elementor-button elementor-button-link elementor-size-sm\" href=\"https:\/\/www.elovis.com\/es\/contacto\/\" target=\"_blank\">\n\t\t\t\t\t\t<span class=\"elementor-button-content-wrapper\">\n\t\t\t\t\t\t<span class=\"elementor-button-icon\">\n\t\t\t\t\t\t\t\t\t<i class=\"fa fa-phone\" aria-hidden=\"true\"><\/i>\n\t\t\t\t\t\t\t<\/span>\n\t\t\t\t\t\t\t\t\t<span class=\"elementor-button-text\">Consulta personal<\/span>\n\t\t\t\t\t<\/span>\n\t\t\t\t\t<\/a>\n\t\t\t\t<\/div>\n\t\t\t\t\t\t\t\t<\/div>\n\t\t\t\t<\/div>\n\t\t\t\t\t<\/div>\n\t\t<\/div>\n\t\t\t\t<div class=\"elementor-column elementor-col-25 elementor-top-column elementor-element elementor-element-0509ee8\" data-id=\"0509ee8\" data-element_type=\"column\" data-e-type=\"column\">\n\t\t\t<div class=\"elementor-widget-wrap elementor-element-populated\">\n\t\t\t\t\t\t<div class=\"elementor-element elementor-element-c2c1400 elementor-widget elementor-widget-button\" data-id=\"c2c1400\" data-element_type=\"widget\" data-e-type=\"widget\" data-widget_type=\"button.default\">\n\t\t\t\t<div class=\"elementor-widget-container\">\n\t\t\t\t\t\t\t\t\t<div class=\"elementor-button-wrapper\">\n\t\t\t\t\t<a class=\"elementor-button elementor-button-link elementor-size-sm\" href=\"https:\/\/www.elovis.com\/es\/contacto\/\" target=\"_blank\">\n\t\t\t\t\t\t<span class=\"elementor-button-content-wrapper\">\n\t\t\t\t\t\t<span class=\"elementor-button-icon\">\n\t\t\t\t\t\t\t\t\t<i class=\"fa fa-phone\" aria-hidden=\"true\"><\/i>\n\t\t\t\t\t\t\t<\/span>\n\t\t\t\t\t\t\t\t\t<span class=\"elementor-button-text\">Consulta personal<\/span>\n\t\t\t\t\t<\/span>\n\t\t\t\t\t<\/a>\n\t\t\t\t<\/div>\n\t\t\t\t\t\t\t\t<\/div>\n\t\t\t\t<\/div>\n\t\t\t\t\t<\/div>\n\t\t<\/div>\n\t\t\t\t\t<\/div>\n\t\t<\/section>\n\t\t\t\t<section class=\"elementor-section elementor-top-section elementor-element elementor-element-e7d4424 elementor-section-boxed elementor-section-height-default elementor-section-height-default\" data-id=\"e7d4424\" data-element_type=\"section\" data-e-type=\"section\">\n\t\t\t\t\t\t<div class=\"elementor-container elementor-column-gap-default\">\n\t\t\t\t\t<div class=\"elementor-column elementor-col-100 elementor-top-column elementor-element elementor-element-e47359a\" data-id=\"e47359a\" data-element_type=\"column\" data-e-type=\"column\">\n\t\t\t<div class=\"elementor-widget-wrap\">\n\t\t\t\t\t\t\t<\/div>\n\t\t<\/div>\n\t\t\t\t\t<\/div>\n\t\t<\/section>\n\t\t\t\t<\/div>\n\t\t","protected":false},"excerpt":{"rendered":"<p>ELOVIS ofrece varios servicios. Entre ellos se incluye la consultor\u00eda para la selecci\u00f3n de la tecnolog\u00eda de medici\u00f3n adecuada para los proyectos de los clientes, as\u00ed como el asesoramiento en la preparaci\u00f3n y aplicaci\u00f3n de las evaluaciones de conformidad con la MID 2014\/32\/UE. Tambi\u00e9n incluye servicios de medici\u00f3n para llevar a cabo campa\u00f1as de medici\u00f3n para los clientes, calibrar contadores y tac\u00f3metros, comprobar m\u00e1quinas y accionamientos, as\u00ed como la soluci\u00f3n de problemas en las l\u00edneas de producci\u00f3n. El alquiler de sistemas de medici\u00f3n, los cursos de capacitaci\u00f3n relacionados con el uso de los sistemas de medici\u00f3n de ELOVIS, as\u00ed como la asistencia en la aclaraci\u00f3n de reclamaciones con antecedentes metrol\u00f3gicos constituyen otro punto de inter\u00e9s. Por \u00faltimo, pero no por ello menos importante, ELOVIS ofrece desarrollo de contratos y desarrollo de OEM en los campos de la \u00f3ptica, la electr\u00f3nica, el software y los sistemas de sensores.<\/p>\n","protected":false},"author":1,"featured_media":820747,"parent":0,"menu_order":33,"comment_status":"closed","ping_status":"closed","template":"","meta":{"footnotes":""},"yst_prominent_words":[],"class_list":{"0":"post-8270","1":"page","2":"type-page","3":"status-publish","4":"has-post-thumbnail","6":"resize-featured-image"},"_links":{"self":[{"href":"https:\/\/www.elovis.com\/es\/wp-json\/wp\/v2\/pages\/8270","targetHints":{"allow":["GET"]}}],"collection":[{"href":"https:\/\/www.elovis.com\/es\/wp-json\/wp\/v2\/pages"}],"about":[{"href":"https:\/\/www.elovis.com\/es\/wp-json\/wp\/v2\/types\/page"}],"author":[{"embeddable":true,"href":"https:\/\/www.elovis.com\/es\/wp-json\/wp\/v2\/users\/1"}],"replies":[{"embeddable":true,"href":"https:\/\/www.elovis.com\/es\/wp-json\/wp\/v2\/comments?post=8270"}],"version-history":[{"count":8,"href":"https:\/\/www.elovis.com\/es\/wp-json\/wp\/v2\/pages\/8270\/revisions"}],"predecessor-version":[{"id":1622305,"href":"https:\/\/www.elovis.com\/es\/wp-json\/wp\/v2\/pages\/8270\/revisions\/1622305"}],"wp:featuredmedia":[{"embeddable":true,"href":"https:\/\/www.elovis.com\/es\/wp-json\/wp\/v2\/media\/820747"}],"wp:attachment":[{"href":"https:\/\/www.elovis.com\/es\/wp-json\/wp\/v2\/media?parent=8270"}],"wp:term":[{"taxonomy":"yst_prominent_words","embeddable":true,"href":"https:\/\/www.elovis.com\/es\/wp-json\/wp\/v2\/yst_prominent_words?post=8270"}],"curies":[{"name":"wp","href":"https:\/\/api.w.org\/{rel}","templated":true}]}}