{"id":8095,"date":"2018-11-14T06:41:51","date_gmt":"2018-11-14T05:41:51","guid":{"rendered":"\/aplicaciones\/medicion-de-longitud-de-pieza-sin-contacto\/medicion-de-longitud-de-piezas-sin-contacto-de-hasta-5-m\/medicion-de-longitud-de-perfiles-de-plastico-transparente\/"},"modified":"2025-01-21T20:19:30","modified_gmt":"2025-01-21T19:19:30","slug":"medicion-de-longitud-de-perfiles-de-plastico-transparente","status":"publish","type":"page","link":"https:\/\/www.elovis.com\/es\/aplicaciones\/medicion-de-longitud-de-pieza-sin-contacto\/medicion-de-longitud-de-piezas-sin-contacto-de-hasta-5-m\/medicion-de-longitud-de-perfiles-de-plastico-transparente\/","title":{"rendered":"Medici\u00f3n de longitud de perfiles de pl\u00e1stico transparentes"},"content":{"rendered":"\t\t<div data-elementor-type=\"wp-post\" data-elementor-id=\"8095\" class=\"elementor elementor-8095 elementor-4096\" data-elementor-post-type=\"page\">\n\t\t\t\t\t\t<section class=\"elementor-section elementor-top-section elementor-element elementor-element-6bcebca3 elementor-section-boxed elementor-section-height-default elementor-section-height-default\" data-id=\"6bcebca3\" data-element_type=\"section\" data-e-type=\"section\">\n\t\t\t\t\t\t<div class=\"elementor-container elementor-column-gap-default\">\n\t\t\t\t\t<div class=\"elementor-column elementor-col-100 elementor-top-column elementor-element elementor-element-6e8072d6\" data-id=\"6e8072d6\" data-element_type=\"column\" data-e-type=\"column\">\n\t\t\t<div class=\"elementor-widget-wrap elementor-element-populated\">\n\t\t\t\t\t\t<div class=\"elementor-element elementor-element-687d72c3 elementor-widget elementor-widget-text-editor\" data-id=\"687d72c3\" data-element_type=\"widget\" data-e-type=\"widget\" data-widget_type=\"text-editor.default\">\n\t\t\t\t<div class=\"elementor-widget-container\">\n\t\t\t\t\t\t\t\t\t<h2>Medici\u00f3n final sin contacto de perfiles y tubos transl\u00facidos<\/h2>\n\t\t\t\t\t\t\t\t<\/div>\n\t\t\t\t<\/div>\n\t\t\t\t\t<\/div>\n\t\t<\/div>\n\t\t\t\t\t<\/div>\n\t\t<\/section>\n\t\t\t\t<section class=\"elementor-section elementor-top-section elementor-element elementor-element-2cc5f1be elementor-section-boxed elementor-section-height-default elementor-section-height-default\" data-id=\"2cc5f1be\" data-element_type=\"section\" data-e-type=\"section\">\n\t\t\t\t\t\t<div class=\"elementor-container elementor-column-gap-default\">\n\t\t\t\t\t<div class=\"elementor-column elementor-col-66 elementor-top-column elementor-element elementor-element-12909bc\" data-id=\"12909bc\" data-element_type=\"column\" data-e-type=\"column\">\n\t\t\t<div class=\"elementor-widget-wrap elementor-element-populated\">\n\t\t\t\t\t\t<div class=\"elementor-element elementor-element-206d6967 elementor-widget elementor-widget-text-editor\" data-id=\"206d6967\" data-element_type=\"widget\" data-e-type=\"widget\" data-widget_type=\"text-editor.default\">\n\t\t\t\t<div class=\"elementor-widget-container\">\n\t\t\t\t\t\t\t\t\t<p>\t<p>Incluso la medici\u00f3n de longitud final de perfiles de pl\u00e1stico transl\u00facidos es posible de forma sencilla y precisa con el esc\u00e1ner de luz de secci\u00f3n transversal sin contacto de ELOVIS SLM. En la mayor\u00eda de los casos es posible medir perfiles transl\u00facidos y opacos con un solo ajuste del sistema.<\/p><\/p>\n\t\t\t\t\t\t\t\t<\/div>\n\t\t\t\t<\/div>\n\t\t\t\t<div class=\"elementor-element elementor-element-7bb51bfc elementor-widget elementor-widget-text-editor\" data-id=\"7bb51bfc\" data-element_type=\"widget\" data-e-type=\"widget\" data-widget_type=\"text-editor.default\">\n\t\t\t\t<div class=\"elementor-widget-container\">\n\t\t\t\t\t\t\t\t\t<p>Datos de aplicaci\u00f3n t\u00edpicos:<\/p>\n<ul>\n<li>Medici\u00f3n de perfiles transparentes y tuber\u00edas despu\u00e9s del corte, antes del embalaje<\/li>\n<li>Velocidades de producci\u00f3n: t\u00edpicamente hasta 50 m \/ min<\/li>\n<li>Problema con el contacto de los instrumentos de medici\u00f3n: solo posibles controles aleatorios, precisi\u00f3n: +\/- 1 mm \/ m<\/li>\n<li>Precisi\u00f3n de medici\u00f3n con medici\u00f3n de longitud sin contacto SLM: t\u00edpicamente 0,1 mm \/ m<\/li>\n<li>Amortizaci\u00f3n: 2 meses, integraci\u00f3n del sistema de medici\u00f3n en el sistema de transporte existente<\/li>\n<\/ul>\n\t\t\t\t\t\t\t\t<\/div>\n\t\t\t\t<\/div>\n\t\t\t\t<div class=\"elementor-element elementor-element-1bb7c799 elementor-widget elementor-widget-text-editor\" data-id=\"1bb7c799\" data-element_type=\"widget\" data-e-type=\"widget\" data-widget_type=\"text-editor.default\">\n\t\t\t\t<div class=\"elementor-widget-container\">\n\t\t\t\t\t\t\t\t\t<p>Ejemplos de materiales:<\/p>\n<ul>\n<li>Perfiles extruidos de pl\u00e1stico duro y blando, as\u00ed como co-extrusi\u00f3n y tri-extrusi\u00f3n<\/li>\n<li>Materiales: PVC, ABS, PP, PC, PMMA, ASA y TPU<\/li>\n<li>Productos: Perfiles de sellado, tuber\u00edas, mangueras, tubos corrugados, perfiles de limpiaparabrisas, alerones, &#8230;<\/li>\n<\/ul>\n\t\t\t\t\t\t\t\t<\/div>\n\t\t\t\t<\/div>\n\t\t\t\t<div class=\"elementor-element elementor-element-77fedeca elementor-widget elementor-widget-text-editor\" data-id=\"77fedeca\" data-element_type=\"widget\" data-e-type=\"widget\" data-widget_type=\"text-editor.default\">\n\t\t\t\t<div class=\"elementor-widget-container\">\n\t\t\t\t\t\t\t\t\t<p>M\u00e1quinas equipadas con medici\u00f3n de longitud de pieza sin contacto:<\/p>\n<ul>\n<li>guillotina, cortador transversal, divisor cruzado, cortadora<\/li>\n<li>l\u00ednea de sierra, sierra voladora, sierra continua, perforadora<\/li>\n<li>L\u00edneas de embalaje, l\u00edneas de clasificaci\u00f3n, estaciones QS<\/li>\n<\/ul>\n\t\t\t\t\t\t\t\t<\/div>\n\t\t\t\t<\/div>\n\t\t\t\t\t<\/div>\n\t\t<\/div>\n\t\t\t\t<div class=\"elementor-column elementor-col-33 elementor-top-column elementor-element elementor-element-eaad05d elovis-vertical-image-gallery   \" data-id=\"eaad05d\" data-element_type=\"column\" data-e-type=\"column\">\n\t\t\t<div class=\"elementor-widget-wrap elementor-element-populated\">\n\t\t\t\t\t\t<div class=\"elementor-element elementor-element-22270fd elementor-widget elementor-widget-shortcode\" data-id=\"22270fd\" data-element_type=\"widget\" data-e-type=\"widget\" data-widget_type=\"shortcode.default\">\n\t\t\t\t<div class=\"elementor-widget-container\">\n\t\t\t\t\t\t\t<div class=\"elementor-shortcode\"><div class=\"elementor-image-gallery\"><div id=\"gallery-69f5eb57266c3\" class=\"gallery gallery-size-thumbnail\"><figure class=\"gallery-item\" >\n\t\t\t  <div class=\"gallery-icon landscape\">\n\t\t\t\t  <a data-elementor-open-lightbox=\"default\" data-elementor-lightbox-slideshow=\"69f5eb57266c3\" class=\"elementor-clickable\" href=\"https:\/\/www.elovis.com\/wp-content\/smush-webp\/2018\/03\/P1030762-1024x768.jpg.webp\" data-smush-webp-fallback=\"{&quot;href&quot;:&quot;https:\\\/\\\/www.elovis.com\\\/wp-content\\\/uploads\\\/2018\\\/03\\\/P1030762-1024x768.jpg&quot;}\">\n\t\t\t\t\t  <img fetchpriority=\"high\" decoding=\"async\" width=\"300\" height=\"225\" src=\"https:\/\/www.elovis.com\/wp-content\/smush-webp\/2018\/03\/P1030762-300x225.jpg.webp\" class=\"img-responsive attachment-medium\" alt=\"\" srcset=\"https:\/\/www.elovis.com\/wp-content\/smush-webp\/2018\/03\/P1030762-300x225.jpg.webp 300w, https:\/\/www.elovis.com\/wp-content\/smush-webp\/2018\/03\/P1030762-768x576.jpg.webp 768w, https:\/\/www.elovis.com\/wp-content\/smush-webp\/2018\/03\/P1030762-1024x768.jpg.webp 1024w\" sizes=\"(max-width: 300px) 100vw, 300px\" data-smush-webp-fallback=\"{&quot;src&quot;:&quot;https:\\\/\\\/www.elovis.com\\\/wp-content\\\/uploads\\\/2018\\\/03\\\/P1030762-300x225.jpg&quot;,&quot;srcset&quot;:&quot;https:\\\/\\\/www.elovis.com\\\/wp-content\\\/uploads\\\/2018\\\/03\\\/P1030762-300x225.jpg 300w, https:\\\/\\\/www.elovis.com\\\/wp-content\\\/uploads\\\/2018\\\/03\\\/P1030762-768x576.jpg 768w, https:\\\/\\\/www.elovis.com\\\/wp-content\\\/uploads\\\/2018\\\/03\\\/P1030762-1024x768.jpg 1024w&quot;}\" \/>\n\t\t\t\t  <\/a>\n\t\t\t  <\/div>\n\t\t  <\/figure><\/div><\/div><\/div><\/div>\n\t\t\t\t\t\t<\/div>\n\t\t\t\t<\/div>\n\t\t\t\t<div class=\"elementor-element elementor-element-5cd7a708 elementor-widget elementor-widget-spacer\" data-id=\"5cd7a708\" data-element_type=\"widget\" data-e-type=\"widget\" data-widget_type=\"spacer.default\">\n\t\t\t\t<div class=\"elementor-widget-container\">\n\t\t\t\t\t\t\t<div class=\"elementor-spacer\">\n\t\t\t<div class=\"elementor-spacer-inner\"><\/div>\n\t\t<\/div>\n\t\t\t\t\t\t<\/div>\n\t\t\t\t<\/div>\n\t\t\t\t<div class=\"elementor-element elementor-element-5f4153a elementor-widget elementor-widget-shortcode\" data-id=\"5f4153a\" data-element_type=\"widget\" data-e-type=\"widget\" data-widget_type=\"shortcode.default\">\n\t\t\t\t<div class=\"elementor-widget-container\">\n\t\t\t\t\t\t\t<div class=\"elementor-shortcode\"><div class=\"elementor-image-gallery\"><div id=\"gallery-69f5eb57283dd\" class=\"gallery gallery-size-thumbnail\"><figure class=\"gallery-item\" >\n\t\t\t  <div class=\"gallery-icon landscape\">\n\t\t\t\t  <a data-elementor-open-lightbox=\"default\" data-elementor-lightbox-slideshow=\"69f5eb57283dd\" class=\"elementor-clickable\" href=\"https:\/\/www.elovis.com\/wp-content\/smush-webp\/2018\/03\/P1030752-1024x768.jpg.webp\" data-smush-webp-fallback=\"{&quot;href&quot;:&quot;https:\\\/\\\/www.elovis.com\\\/wp-content\\\/uploads\\\/2018\\\/03\\\/P1030752-1024x768.jpg&quot;}\">\n\t\t\t\t\t  <img decoding=\"async\" width=\"300\" height=\"225\" data-src=\"https:\/\/www.elovis.com\/wp-content\/smush-webp\/2018\/03\/P1030752-300x225.jpg.webp\" class=\"img-responsive attachment-medium lazyload\" alt=\"\" data-srcset=\"https:\/\/www.elovis.com\/wp-content\/smush-webp\/2018\/03\/P1030752-300x225.jpg.webp 300w, https:\/\/www.elovis.com\/wp-content\/smush-webp\/2018\/03\/P1030752-768x576.jpg.webp 768w, https:\/\/www.elovis.com\/wp-content\/smush-webp\/2018\/03\/P1030752-1024x768.jpg.webp 1024w\" data-sizes=\"(max-width: 300px) 100vw, 300px\" src=\"data:image\/svg+xml;base64,PHN2ZyB3aWR0aD0iMSIgaGVpZ2h0PSIxIiB4bWxucz0iaHR0cDovL3d3dy53My5vcmcvMjAwMC9zdmciPjwvc3ZnPg==\" style=\"--smush-placeholder-width: 300px; --smush-placeholder-aspect-ratio: 300\/225;\" data-smush-webp-fallback=\"{&quot;data-src&quot;:&quot;https:\\\/\\\/www.elovis.com\\\/wp-content\\\/uploads\\\/2018\\\/03\\\/P1030752-300x225.jpg&quot;,&quot;data-srcset&quot;:&quot;https:\\\/\\\/www.elovis.com\\\/wp-content\\\/uploads\\\/2018\\\/03\\\/P1030752-300x225.jpg 300w, https:\\\/\\\/www.elovis.com\\\/wp-content\\\/uploads\\\/2018\\\/03\\\/P1030752-768x576.jpg 768w, https:\\\/\\\/www.elovis.com\\\/wp-content\\\/uploads\\\/2018\\\/03\\\/P1030752-1024x768.jpg 1024w&quot;}\" \/>\n\t\t\t\t  <\/a>\n\t\t\t  <\/div>\n\t\t  <\/figure><\/div><\/div><\/div><\/div>\n\t\t\t\t\t\t<\/div>\n\t\t\t\t<\/div>\n\t\t\t\t\t<\/div>\n\t\t<\/div>\n\t\t\t\t\t<\/div>\n\t\t<\/section>\n\t\t\t\t<section class=\"elementor-section elementor-top-section elementor-element elementor-element-9f7c6c7 elementor-section-boxed elementor-section-height-default elementor-section-height-default\" data-id=\"9f7c6c7\" data-element_type=\"section\" data-e-type=\"section\">\n\t\t\t\t\t\t<div class=\"elementor-container elementor-column-gap-default\">\n\t\t\t\t\t<div class=\"elementor-column elementor-col-100 elementor-top-column elementor-element elementor-element-12b2a32b\" data-id=\"12b2a32b\" data-element_type=\"column\" data-e-type=\"column\">\n\t\t\t<div class=\"elementor-widget-wrap elementor-element-populated\">\n\t\t\t\t\t\t<div class=\"elementor-element elementor-element-6923fb91 elementor-widget elementor-widget-heading\" data-id=\"6923fb91\" data-element_type=\"widget\" data-e-type=\"widget\" data-widget_type=\"heading.default\">\n\t\t\t\t<div class=\"elementor-widget-container\">\n\t\t\t\t\t<h2 class=\"elementor-heading-title elementor-size-default\">Productos y servicios a juego<\/h2>\t\t\t\t<\/div>\n\t\t\t\t<\/div>\n\t\t\t\t<div class=\"elementor-element elementor-element-2cb0827d elementor-widget elementor-widget-shortcode\" data-id=\"2cb0827d\" data-element_type=\"widget\" data-e-type=\"widget\" data-widget_type=\"shortcode.default\">\n\t\t\t\t<div class=\"elementor-widget-container\">\n\t\t\t\t\t\t\t<div class=\"elementor-shortcode\">\t\t<section\n\t\t\tclass=\"elementor-section elementor-top-section elementor-element elementor-element-2f30f66b elementor-section-boxed elementor-section-height-default elementor-section-height-default\"\n\t\t\tstyle=\"margin:-10px\"\n\t\t\tdata-element_type=\"section\">\n\t\t\t<div class=\"elementor-container elementor-column-gap-default\">\n\t\t\t\t<div class=\"elementor-column elementor-col-25 elementor-top-column elementor-element elementor-element-50798f78\"\n\t\t\t\t\tdata-element_type=\"column\">\n\t\t\t\t\t<div class=\"elementor-widget-wrap elementor-element-populated\">\n\t\t\t\t\t\t<div class=\"elementor-element elementor-element-24415776 elementor-widget elementor-widget-image\"\n\t\t\t\t\t\t\tdata-element_type=\"widget\" data-widget_type=\"image.default\">\n\t\t\t\t\t\t\t<div class=\"elementor-widget-container\">\n\t\t\t\t\t\t\t\t<a href=\"https:\/\/www.elovis.com\/es\/productos\/sensor-de-luz-longitudinal-sistemas-de-medicion-de-longitud-de-pieza\/\">\n\t\t\t\t\t\t\t\t\t<img decoding=\"async\" width=\"300\" height=\"225\" data-src=\"https:\/\/www.elovis.com\/wp-content\/smush-webp\/2017\/12\/SLM_Mod_pfeil-be_1-300x225.jpg.webp\" class=\"attachment-medium size-medium wp-post-image lazyload\" alt=\"sistemas de medici\u00f3n de longitud de pieza\" data-srcset=\"https:\/\/www.elovis.com\/wp-content\/smush-webp\/2017\/12\/SLM_Mod_pfeil-be_1-300x225.jpg.webp 300w, https:\/\/www.elovis.com\/wp-content\/smush-webp\/2017\/12\/SLM_Mod_pfeil-be_1-768x576.jpg.webp 768w, https:\/\/www.elovis.com\/wp-content\/smush-webp\/2017\/12\/SLM_Mod_pfeil-be_1-1024x768.jpg.webp 1024w, https:\/\/www.elovis.com\/wp-content\/uploads\/2017\/12\/SLM_Mod_pfeil-be_1.jpg 1478w\" data-sizes=\"(max-width: 300px) 100vw, 300px\" src=\"data:image\/svg+xml;base64,PHN2ZyB3aWR0aD0iMSIgaGVpZ2h0PSIxIiB4bWxucz0iaHR0cDovL3d3dy53My5vcmcvMjAwMC9zdmciPjwvc3ZnPg==\" style=\"--smush-placeholder-width: 300px; --smush-placeholder-aspect-ratio: 300\/225;\" data-smush-webp-fallback=\"{&quot;data-src&quot;:&quot;https:\\\/\\\/www.elovis.com\\\/wp-content\\\/uploads\\\/2017\\\/12\\\/SLM_Mod_pfeil-be_1-300x225.jpg&quot;,&quot;data-srcset&quot;:&quot;https:\\\/\\\/www.elovis.com\\\/wp-content\\\/uploads\\\/2017\\\/12\\\/SLM_Mod_pfeil-be_1-300x225.jpg 300w, https:\\\/\\\/www.elovis.com\\\/wp-content\\\/uploads\\\/2017\\\/12\\\/SLM_Mod_pfeil-be_1-768x576.jpg 768w, https:\\\/\\\/www.elovis.com\\\/wp-content\\\/uploads\\\/2017\\\/12\\\/SLM_Mod_pfeil-be_1-1024x768.jpg 1024w, https:\\\/\\\/www.elovis.com\\\/wp-content\\\/uploads\\\/2017\\\/12\\\/SLM_Mod_pfeil-be_1.jpg 1478w&quot;}\" \/>\n\t\t\t\t\t\t\t<\/div>\n\t\t\t\t\t\t<\/div>\n\t\t\t\t\t<\/div>\n\t\t\t\t<\/div>\n\t\t\t\t<div class=\"elementor-column elementor-col-75 elementor-top-column elementor-element elementor-element-247710d2\"\n\t\t\t\t\tdata-element_type=\"column\">\n\t\t\t\t\t<div class=\"elementor-widget-wrap elementor-element-populated\">\n\t\t\t\t\t\t<div class=\"elementor-element elementor-element-1943c0c8 elementor-widget elementor-widget-text-editor\"\n\t\t\t\t\t\t\tdata-element_type=\"widget\" data-widget_type=\"text-editor.default\">\n\t\t\t\t\t\t\t<div class=\"elementor-widget-container\">\n\t\t\t\t\t\t\t\t<h2>\n\t\t\t\t\t\t\t\t\t<a href=\"https:\/\/www.elovis.com\/es\/productos\/sensor-de-luz-longitudinal-sistemas-de-medicion-de-longitud-de-pieza\/\">Sensor de luz longitudinal <br> sistemas de medici\u00f3n de longitud de pieza<\/a>\n\t\t\t\t\t\t\t\t<\/h2>\n\t\t\t\t\t\t\t\t<p><ul>\r\n <li> Longitudes de piezas por pieza en el proceso de producci\u00f3n, medici\u00f3n sin contacto en la ejecuci\u00f3n <\/li>\r\n <li> Medici\u00f3n de longitud de pieza de alta precisi\u00f3n, clasificaci\u00f3n y documentaci\u00f3n buenas \/ malas <\/li>\r\n <li> Tecnolog\u00eda de medici\u00f3n de sensor de luz longitudinal basada en LED, sin mantenimiento, \u00f3ptica, calibrada permanentemente <\/li>\r\n <li> Micr\u00f3metro \u00f3ptico para medir la longitud de perfiles, tubos, placas, tableros <\/li>\r\n<\/ul><\/p>\n\t\t\t\t\t\t\t<\/div>\n\t\t\t\t\t\t<\/div>\n\t\t\t\t\t<\/div>\n\t\t\t\t<\/div>\n\t\t\t<\/div>\n\t\t<\/section><\/div>\n\t\t\t\t\t\t<\/div>\n\t\t\t\t<\/div>\n\t\t\t\t\t<\/div>\n\t\t<\/div>\n\t\t\t\t\t<\/div>\n\t\t<\/section>\n\t\t\t\t<section class=\"elementor-section elementor-top-section elementor-element elementor-element-38cc863f elementor-section-boxed elementor-section-height-default elementor-section-height-default\" data-id=\"38cc863f\" data-element_type=\"section\" data-e-type=\"section\">\n\t\t\t\t\t\t<div class=\"elementor-container elementor-column-gap-default\">\n\t\t\t\t\t<div class=\"elementor-column elementor-col-33 elementor-top-column elementor-element elementor-element-79950cac\" data-id=\"79950cac\" data-element_type=\"column\" data-e-type=\"column\">\n\t\t\t<div class=\"elementor-widget-wrap elementor-element-populated\">\n\t\t\t\t\t\t<div class=\"elementor-element elementor-element-5238523a elementor-widget elementor-widget-image\" data-id=\"5238523a\" data-element_type=\"widget\" data-e-type=\"widget\" data-widget_type=\"image.default\">\n\t\t\t\t<div class=\"elementor-widget-container\">\n\t\t\t\t\t\t\t\t\t\t\t\t\t\t\t\t<a href=\"https:\/\/www.elovis.com\/es\/servicios\/\">\n\t\t\t\t\t\t\t<img decoding=\"async\" width=\"2000\" height=\"1500\" data-src=\"https:\/\/www.elovis.com\/wp-content\/uploads\/2019\/01\/ServiceFertig1GrauVerlauf.png\" class=\"attachment-full size-full wp-image-9473 lazyload\" alt=\"\" data-srcset=\"https:\/\/www.elovis.com\/wp-content\/uploads\/2019\/01\/ServiceFertig1GrauVerlauf.png 2000w, https:\/\/www.elovis.com\/wp-content\/smush-webp\/2019\/01\/ServiceFertig1GrauVerlauf-300x225.png.webp 300w, https:\/\/www.elovis.com\/wp-content\/smush-webp\/2019\/01\/ServiceFertig1GrauVerlauf-768x576.png.webp 768w, https:\/\/www.elovis.com\/wp-content\/smush-webp\/2019\/01\/ServiceFertig1GrauVerlauf-1024x768.png.webp 1024w\" data-sizes=\"(max-width: 2000px) 100vw, 2000px\" src=\"data:image\/svg+xml;base64,PHN2ZyB3aWR0aD0iMSIgaGVpZ2h0PSIxIiB4bWxucz0iaHR0cDovL3d3dy53My5vcmcvMjAwMC9zdmciPjwvc3ZnPg==\" style=\"--smush-placeholder-width: 2000px; --smush-placeholder-aspect-ratio: 2000\/1500;\" data-smush-webp-fallback=\"{&quot;data-srcset&quot;:&quot;https:\\\/\\\/www.elovis.com\\\/wp-content\\\/uploads\\\/2019\\\/01\\\/ServiceFertig1GrauVerlauf.png 2000w, https:\\\/\\\/www.elovis.com\\\/wp-content\\\/uploads\\\/2019\\\/01\\\/ServiceFertig1GrauVerlauf-300x225.png 300w, https:\\\/\\\/www.elovis.com\\\/wp-content\\\/uploads\\\/2019\\\/01\\\/ServiceFertig1GrauVerlauf-768x576.png 768w, https:\\\/\\\/www.elovis.com\\\/wp-content\\\/uploads\\\/2019\\\/01\\\/ServiceFertig1GrauVerlauf-1024x768.png 1024w&quot;}\" \/>\t\t\t\t\t\t\t\t<\/a>\n\t\t\t\t\t\t\t\t\t\t\t\t\t\t\t<\/div>\n\t\t\t\t<\/div>\n\t\t\t\t\t<\/div>\n\t\t<\/div>\n\t\t\t\t<div class=\"elementor-column elementor-col-66 elementor-top-column elementor-element elementor-element-4132047b\" data-id=\"4132047b\" data-element_type=\"column\" data-e-type=\"column\">\n\t\t\t<div class=\"elementor-widget-wrap elementor-element-populated\">\n\t\t\t\t\t\t<div class=\"elementor-element elementor-element-13c12290 elementor-widget elementor-widget-text-editor\" data-id=\"13c12290\" data-element_type=\"widget\" data-e-type=\"widget\" data-widget_type=\"text-editor.default\">\n\t\t\t\t<div class=\"elementor-widget-container\">\n\t\t\t\t\t\t\t\t\t<h3>Servicios ELOVIS<\/h3>\n<p>ELOVIS ofrece los siguientes servicios para la medici\u00f3n de piezas de perfil transl\u00facido:<\/p>\n<ul>\n<li>Asesoramiento en la medici\u00f3n de la longitud de la pieza<\/li>\n<li>servicios de medici\u00f3n<\/li>\n<li>Ayuda con quejas de longitud de sus clientes<\/li>\n<li>Desarrollos de sensores OEM en el \u00e1rea de medici\u00f3n de longitud de piezas<\/li>\n<\/ul>\n\t\t\t\t\t\t\t\t<\/div>\n\t\t\t\t<\/div>\n\t\t\t\t\t<\/div>\n\t\t<\/div>\n\t\t\t\t\t<\/div>\n\t\t<\/section>\n\t\t\t\t<section class=\"elementor-section elementor-top-section elementor-element elementor-element-5805d504 elementor-section-boxed elementor-section-height-default elementor-section-height-default\" data-id=\"5805d504\" data-element_type=\"section\" data-e-type=\"section\">\n\t\t\t\t\t\t<div class=\"elementor-container elementor-column-gap-default\">\n\t\t\t\t\t<div class=\"elementor-column elementor-col-100 elementor-top-column elementor-element elementor-element-69251939\" data-id=\"69251939\" data-element_type=\"column\" data-e-type=\"column\">\n\t\t\t<div class=\"elementor-widget-wrap elementor-element-populated\">\n\t\t\t\t\t\t<section class=\"elementor-section elementor-inner-section elementor-element elementor-element-2a8e7cbb elementor-section-boxed elementor-section-height-default elementor-section-height-default\" data-id=\"2a8e7cbb\" data-element_type=\"section\" data-e-type=\"section\">\n\t\t\t\t\t\t<div class=\"elementor-container elementor-column-gap-default\">\n\t\t\t\t\t<div class=\"elementor-column elementor-col-50 elementor-inner-column elementor-element elementor-element-7584e164\" data-id=\"7584e164\" data-element_type=\"column\" data-e-type=\"column\">\n\t\t\t<div class=\"elementor-widget-wrap elementor-element-populated\">\n\t\t\t\t\t\t<div class=\"elementor-element elementor-element-3c444db9 elementor-widget elementor-widget-shortcode\" data-id=\"3c444db9\" data-element_type=\"widget\" data-e-type=\"widget\" data-widget_type=\"shortcode.default\">\n\t\t\t\t<div class=\"elementor-widget-container\">\n\t\t\t\t\t\t\t<div class=\"elementor-shortcode\"><a href=\"https:\/\/www.elovis.com\/es\/aplicaciones\/medicion-de-longitud-de-pieza-sin-contacto\/\" title=\"more applications\" class=\"elementor-button-link elementor-button elementor-size-sm elovis-parent\">\n\t<span class=\"elementor-button-content-wrapper\">\n\t\t<span class=\"elementor-button-text\">more applications<\/span>\n\t<\/span>\n<\/a><\/div>\n\t\t\t\t\t\t<\/div>\n\t\t\t\t<\/div>\n\t\t\t\t\t<\/div>\n\t\t<\/div>\n\t\t\t\t<div class=\"elementor-column elementor-col-50 elementor-inner-column elementor-element elementor-element-3ffb356c\" data-id=\"3ffb356c\" data-element_type=\"column\" data-e-type=\"column\">\n\t\t\t<div class=\"elementor-widget-wrap elementor-element-populated\">\n\t\t\t\t\t\t<div class=\"elementor-element elementor-element-4a6c3700 elementor-widget elementor-widget-button\" data-id=\"4a6c3700\" data-element_type=\"widget\" data-e-type=\"widget\" data-widget_type=\"button.default\">\n\t\t\t\t<div class=\"elementor-widget-container\">\n\t\t\t\t\t\t\t\t\t<div class=\"elementor-button-wrapper\">\n\t\t\t\t\t<a class=\"elementor-button elementor-button-link elementor-size-sm\" href=\"https:\/\/www.elovis.com\/es\/contacto\/\" target=\"_blank\">\n\t\t\t\t\t\t<span class=\"elementor-button-content-wrapper\">\n\t\t\t\t\t\t<span class=\"elementor-button-icon\">\n\t\t\t\t\t\t\t\t\t<i class=\"fa fa-phone\" aria-hidden=\"true\"><\/i>\n\t\t\t\t\t\t\t<\/span>\n\t\t\t\t\t\t\t\t\t<span class=\"elementor-button-text\">Consultoria personalizada<\/span>\n\t\t\t\t\t<\/span>\n\t\t\t\t\t<\/a>\n\t\t\t\t<\/div>\n\t\t\t\t\t\t\t\t<\/div>\n\t\t\t\t<\/div>\n\t\t\t\t\t<\/div>\n\t\t<\/div>\n\t\t\t\t\t<\/div>\n\t\t<\/section>\n\t\t\t\t\t<\/div>\n\t\t<\/div>\n\t\t\t\t\t<\/div>\n\t\t<\/section>\n\t\t\t\t<\/div>\n\t\t","protected":false},"excerpt":{"rendered":"<p>Incluso la medici\u00f3n de longitud final de perfiles de pl\u00e1stico transl\u00facidos es posible de forma sencilla y precisa con el esc\u00e1ner de luz de secci\u00f3n transversal sin contacto de ELOVIS SLM. En la mayor\u00eda de los casos es posible medir perfiles transl\u00facidos y opacos con un solo ajuste del sistema.<\/p>\n","protected":false},"author":2,"featured_media":4100,"parent":8039,"menu_order":10,"comment_status":"closed","ping_status":"closed","template":"","meta":{"footnotes":""},"yst_prominent_words":[],"class_list":{"0":"post-8095","1":"page","2":"type-page","3":"status-publish","4":"has-post-thumbnail","6":"resize-featured-image"},"_links":{"self":[{"href":"https:\/\/www.elovis.com\/es\/wp-json\/wp\/v2\/pages\/8095","targetHints":{"allow":["GET"]}}],"collection":[{"href":"https:\/\/www.elovis.com\/es\/wp-json\/wp\/v2\/pages"}],"about":[{"href":"https:\/\/www.elovis.com\/es\/wp-json\/wp\/v2\/types\/page"}],"author":[{"embeddable":true,"href":"https:\/\/www.elovis.com\/es\/wp-json\/wp\/v2\/users\/2"}],"replies":[{"embeddable":true,"href":"https:\/\/www.elovis.com\/es\/wp-json\/wp\/v2\/comments?post=8095"}],"version-history":[{"count":4,"href":"https:\/\/www.elovis.com\/es\/wp-json\/wp\/v2\/pages\/8095\/revisions"}],"predecessor-version":[{"id":1622169,"href":"https:\/\/www.elovis.com\/es\/wp-json\/wp\/v2\/pages\/8095\/revisions\/1622169"}],"up":[{"embeddable":true,"href":"https:\/\/www.elovis.com\/es\/wp-json\/wp\/v2\/pages\/8039"}],"wp:featuredmedia":[{"embeddable":true,"href":"https:\/\/www.elovis.com\/es\/wp-json\/wp\/v2\/media\/4100"}],"wp:attachment":[{"href":"https:\/\/www.elovis.com\/es\/wp-json\/wp\/v2\/media?parent=8095"}],"wp:term":[{"taxonomy":"yst_prominent_words","embeddable":true,"href":"https:\/\/www.elovis.com\/es\/wp-json\/wp\/v2\/yst_prominent_words?post=8095"}],"curies":[{"name":"wp","href":"https:\/\/api.w.org\/{rel}","templated":true}]}}