{"id":8041,"date":"2018-11-07T10:08:08","date_gmt":"2018-11-07T09:08:08","guid":{"rendered":"\/aplicaciones\/medicion-de-longitud-de-pieza-sin-contacto\/medicion-de-longitud-de-piezas-sin-contacto-de-hasta-5-m\/medicion-de-longitud-de-perfiles-despues-del-corte\/"},"modified":"2025-01-21T19:43:27","modified_gmt":"2025-01-21T18:43:27","slug":"medicion-de-longitud-de-perfiles-despues-del-corte","status":"publish","type":"page","link":"https:\/\/www.elovis.com\/es\/aplicaciones\/medicion-de-longitud-de-pieza-sin-contacto\/medicion-de-longitud-de-piezas-sin-contacto-de-hasta-5-m\/medicion-de-longitud-de-perfiles-despues-del-corte\/","title":{"rendered":"Medici\u00f3n de longitud de perfiles despu\u00e9s del corte"},"content":{"rendered":"\t\t<div data-elementor-type=\"wp-post\" data-elementor-id=\"8041\" class=\"elementor elementor-8041 elementor-3959\" data-elementor-post-type=\"page\">\n\t\t\t\t\t\t<section class=\"elementor-section elementor-top-section elementor-element elementor-element-6ad51fd2 elementor-section-boxed elementor-section-height-default elementor-section-height-default\" data-id=\"6ad51fd2\" data-element_type=\"section\" data-e-type=\"section\">\n\t\t\t\t\t\t<div class=\"elementor-container elementor-column-gap-default\">\n\t\t\t\t\t<div class=\"elementor-column elementor-col-100 elementor-top-column elementor-element elementor-element-2f719982\" data-id=\"2f719982\" data-element_type=\"column\" data-e-type=\"column\">\n\t\t\t<div class=\"elementor-widget-wrap elementor-element-populated\">\n\t\t\t\t\t\t<div class=\"elementor-element elementor-element-683b352a elementor-widget elementor-widget-text-editor\" data-id=\"683b352a\" data-element_type=\"widget\" data-e-type=\"widget\" data-widget_type=\"text-editor.default\">\n\t\t\t\t<div class=\"elementor-widget-container\">\n\t\t\t\t\t\t\t\t\t<h2>Medici\u00f3n final sin contacto de longitudes de perfiles, tubos, mangueras<\/h2>\n\t\t\t\t\t\t\t\t<\/div>\n\t\t\t\t<\/div>\n\t\t\t\t\t<\/div>\n\t\t<\/div>\n\t\t\t\t\t<\/div>\n\t\t<\/section>\n\t\t\t\t<section class=\"elementor-section elementor-top-section elementor-element elementor-element-42c19a7c elementor-section-boxed elementor-section-height-default elementor-section-height-default\" data-id=\"42c19a7c\" data-element_type=\"section\" data-e-type=\"section\">\n\t\t\t\t\t\t<div class=\"elementor-container elementor-column-gap-default\">\n\t\t\t\t\t<div class=\"elementor-column elementor-col-66 elementor-top-column elementor-element elementor-element-55f3365\" data-id=\"55f3365\" data-element_type=\"column\" data-e-type=\"column\">\n\t\t\t<div class=\"elementor-widget-wrap elementor-element-populated\">\n\t\t\t\t\t\t<div class=\"elementor-element elementor-element-548e4a42 elementor-widget elementor-widget-text-editor\" data-id=\"548e4a42\" data-element_type=\"widget\" data-e-type=\"widget\" data-widget_type=\"text-editor.default\">\n\t\t\t\t<div class=\"elementor-widget-container\">\n\t\t\t\t\t\t\t\t\t<p>\t<p>Las altas demandas en la industria de automoci\u00f3n muebles, electr\u00f3nica o m\u00e9dica sobre la precisi\u00f3n de corte de los perfiles hacen que el 100% de inspecci\u00f3n de las piezas despu\u00e9s de cortar sea un paso importante del proceso. A menudo, los compradores de perfiles tambi\u00e9n requieren documentaci\u00f3n sobre la inspecci\u00f3n de piezas. Las rejillas de luz longitudinal ELOVIS miden en un rango de precisi\u00f3n 1\/10 mm \/ m, clasifican los art\u00edculos en buenos y malos y documentan el proceso de comprobaci\u00f3n y clasificaci\u00f3n.<\/p><\/p>\n\t\t\t\t\t\t\t\t<\/div>\n\t\t\t\t<\/div>\n\t\t\t\t<div class=\"elementor-element elementor-element-19e8a53b elementor-widget elementor-widget-text-editor\" data-id=\"19e8a53b\" data-element_type=\"widget\" data-e-type=\"widget\" data-widget_type=\"text-editor.default\">\n\t\t\t\t<div class=\"elementor-widget-container\">\n\t\t\t\t\t\t\t\t\t<p>Datos de aplicaci\u00f3n t\u00edpicos:<\/p>\n<ul>\n<li>Medici\u00f3n de perfiles despu\u00e9s del corte, antes del embalaje<\/li>\n<li>Velocidades de producci\u00f3n: t\u00edpicamente hasta 50 m \/ min<\/li>\n<li>Problema con los dispositivos de medici\u00f3n de contacto: solo es posible la inspecci\u00f3n de muestras, precisi\u00f3n: +\/- 1 mm \/ m<\/li>\n<li>Precisi\u00f3n de medici\u00f3n con medici\u00f3n de longitud sin contacto SLM: t\u00edpicamente 0,1 mm \/ m<\/li>\n<li>Amortizaci\u00f3n: 2 meses, integraci\u00f3n del sistema de medici\u00f3n en el sistema de transporte existente<\/li>\n<\/ul>\n\t\t\t\t\t\t\t\t<\/div>\n\t\t\t\t<\/div>\n\t\t\t\t<div class=\"elementor-element elementor-element-56a1017f elementor-widget elementor-widget-text-editor\" data-id=\"56a1017f\" data-element_type=\"widget\" data-e-type=\"widget\" data-widget_type=\"text-editor.default\">\n\t\t\t\t<div class=\"elementor-widget-container\">\n\t\t\t\t\t\t\t\t\t<p>Ejemplos de materiales:<\/p>\n<ul>\n<li>Piezas : perfiles de sellado, tubos, mangueras, tubos corrugados, perfiles de limpiaparabrisas, alerones, &#8230;<\/li>\n<li>Perfiles extruidos de pl\u00e1stico duro y blando, as\u00ed como coextrusi\u00f3n y tri-extrusi\u00f3n<\/li>\n<li>Materiales de medici\u00f3n: PVC, ABS, PP, PC, PMMA, ASA y TPU<\/li>\n<\/ul>\n\t\t\t\t\t\t\t\t<\/div>\n\t\t\t\t<\/div>\n\t\t\t\t<div class=\"elementor-element elementor-element-1c300ba5 elementor-widget elementor-widget-text-editor\" data-id=\"1c300ba5\" data-element_type=\"widget\" data-e-type=\"widget\" data-widget_type=\"text-editor.default\">\n\t\t\t\t<div class=\"elementor-widget-container\">\n\t\t\t\t\t\t\t\t\t<p>M\u00e1quinas equipadas con medici\u00f3n de longitud de pieza sin contacto:<\/p>\n<ul>\n<li>guillotina, cortador transversal, divisor cruzado, cortadora<\/li>\n<li>l\u00ednea de sierra, sierra voladora, sierra continua, perforadora<\/li>\n<li>L\u00edneas de embalaje l\u00edneas de clasificaci\u00f3n, estaciones QS<\/li>\n<\/ul>\n\t\t\t\t\t\t\t\t<\/div>\n\t\t\t\t<\/div>\n\t\t\t\t\t<\/div>\n\t\t<\/div>\n\t\t\t\t<div class=\"elementor-column elementor-col-33 elementor-top-column elementor-element elementor-element-4783ca02 elovis-vertical-image-gallery   \" data-id=\"4783ca02\" data-element_type=\"column\" data-e-type=\"column\">\n\t\t\t<div class=\"elementor-widget-wrap elementor-element-populated\">\n\t\t\t\t\t\t<div class=\"elementor-element elementor-element-1ad665d0 elementor-widget elementor-widget-shortcode\" data-id=\"1ad665d0\" data-element_type=\"widget\" data-e-type=\"widget\" data-widget_type=\"shortcode.default\">\n\t\t\t\t<div class=\"elementor-widget-container\">\n\t\t\t\t\t\t\t<div class=\"elementor-shortcode\"><div class=\"elementor-image-gallery\"><div id=\"gallery-69f8db5f8bd12\" class=\"gallery gallery-size-thumbnail\"><figure class=\"gallery-item\" >\n\t\t\t  <div class=\"gallery-icon landscape\">\n\t\t\t\t  <a data-elementor-open-lightbox=\"default\" data-elementor-lightbox-slideshow=\"69f8db5f8bd12\" class=\"elementor-clickable\" href=\"https:\/\/www.elovis.com\/wp-content\/smush-webp\/2018\/03\/IMG_0931-1024x768.jpg.webp\" data-smush-webp-fallback=\"{&quot;href&quot;:&quot;https:\\\/\\\/www.elovis.com\\\/wp-content\\\/uploads\\\/2018\\\/03\\\/IMG_0931-1024x768.jpg&quot;}\">\n\t\t\t\t\t  <img fetchpriority=\"high\" decoding=\"async\" width=\"300\" height=\"225\" src=\"https:\/\/www.elovis.com\/wp-content\/smush-webp\/2018\/03\/IMG_0931-300x225.jpg.webp\" class=\"img-responsive attachment-medium\" alt=\"\" srcset=\"https:\/\/www.elovis.com\/wp-content\/smush-webp\/2018\/03\/IMG_0931-300x225.jpg.webp 300w, https:\/\/www.elovis.com\/wp-content\/smush-webp\/2018\/03\/IMG_0931-768x576.jpg.webp 768w, https:\/\/www.elovis.com\/wp-content\/smush-webp\/2018\/03\/IMG_0931-1024x768.jpg.webp 1024w\" sizes=\"(max-width: 300px) 100vw, 300px\" data-smush-webp-fallback=\"{&quot;src&quot;:&quot;https:\\\/\\\/www.elovis.com\\\/wp-content\\\/uploads\\\/2018\\\/03\\\/IMG_0931-300x225.jpg&quot;,&quot;srcset&quot;:&quot;https:\\\/\\\/www.elovis.com\\\/wp-content\\\/uploads\\\/2018\\\/03\\\/IMG_0931-300x225.jpg 300w, https:\\\/\\\/www.elovis.com\\\/wp-content\\\/uploads\\\/2018\\\/03\\\/IMG_0931-768x576.jpg 768w, https:\\\/\\\/www.elovis.com\\\/wp-content\\\/uploads\\\/2018\\\/03\\\/IMG_0931-1024x768.jpg 1024w&quot;}\" \/>\n\t\t\t\t  <\/a>\n\t\t\t  <\/div>\n\t\t  <\/figure><\/div><\/div><\/div><\/div>\n\t\t\t\t\t\t<\/div>\n\t\t\t\t<\/div>\n\t\t\t\t<div class=\"elementor-element elementor-element-4209f4eb elementor-widget elementor-widget-spacer\" data-id=\"4209f4eb\" data-element_type=\"widget\" data-e-type=\"widget\" data-widget_type=\"spacer.default\">\n\t\t\t\t<div class=\"elementor-widget-container\">\n\t\t\t\t\t\t\t<div class=\"elementor-spacer\">\n\t\t\t<div class=\"elementor-spacer-inner\"><\/div>\n\t\t<\/div>\n\t\t\t\t\t\t<\/div>\n\t\t\t\t<\/div>\n\t\t\t\t<div class=\"elementor-element elementor-element-103de0d elementor-widget elementor-widget-shortcode\" data-id=\"103de0d\" data-element_type=\"widget\" data-e-type=\"widget\" data-widget_type=\"shortcode.default\">\n\t\t\t\t<div class=\"elementor-widget-container\">\n\t\t\t\t\t\t\t<div class=\"elementor-shortcode\"><div class=\"elementor-image-gallery\"><div id=\"gallery-69f8db5f8d9b5\" class=\"gallery gallery-size-thumbnail\"><figure class=\"gallery-item\" >\n\t\t\t  <div class=\"gallery-icon landscape\">\n\t\t\t\t  <a data-elementor-open-lightbox=\"default\" data-elementor-lightbox-slideshow=\"69f8db5f8d9b5\" class=\"elementor-clickable\" href=\"https:\/\/www.elovis.com\/wp-content\/smush-webp\/2018\/03\/SLM-mit-SPS-1024x768.jpeg.webp\" data-smush-webp-fallback=\"{&quot;href&quot;:&quot;https:\\\/\\\/www.elovis.com\\\/wp-content\\\/uploads\\\/2018\\\/03\\\/SLM-mit-SPS-1024x768.jpeg&quot;}\">\n\t\t\t\t\t  <img decoding=\"async\" width=\"300\" height=\"225\" data-src=\"https:\/\/www.elovis.com\/wp-content\/smush-webp\/2018\/03\/SLM-mit-SPS-300x225.jpeg.webp\" class=\"img-responsive attachment-medium lazyload\" alt=\"\" data-srcset=\"https:\/\/www.elovis.com\/wp-content\/smush-webp\/2018\/03\/SLM-mit-SPS-300x225.jpeg.webp 300w, https:\/\/www.elovis.com\/wp-content\/smush-webp\/2018\/03\/SLM-mit-SPS-768x576.jpeg.webp 768w, https:\/\/www.elovis.com\/wp-content\/smush-webp\/2018\/03\/SLM-mit-SPS-1024x768.jpeg.webp 1024w, https:\/\/www.elovis.com\/wp-content\/uploads\/2018\/03\/SLM-mit-SPS.jpeg 1632w\" data-sizes=\"(max-width: 300px) 100vw, 300px\" src=\"data:image\/svg+xml;base64,PHN2ZyB3aWR0aD0iMSIgaGVpZ2h0PSIxIiB4bWxucz0iaHR0cDovL3d3dy53My5vcmcvMjAwMC9zdmciPjwvc3ZnPg==\" style=\"--smush-placeholder-width: 300px; --smush-placeholder-aspect-ratio: 300\/225;\" data-smush-webp-fallback=\"{&quot;data-src&quot;:&quot;https:\\\/\\\/www.elovis.com\\\/wp-content\\\/uploads\\\/2018\\\/03\\\/SLM-mit-SPS-300x225.jpeg&quot;,&quot;data-srcset&quot;:&quot;https:\\\/\\\/www.elovis.com\\\/wp-content\\\/uploads\\\/2018\\\/03\\\/SLM-mit-SPS-300x225.jpeg 300w, https:\\\/\\\/www.elovis.com\\\/wp-content\\\/uploads\\\/2018\\\/03\\\/SLM-mit-SPS-768x576.jpeg 768w, https:\\\/\\\/www.elovis.com\\\/wp-content\\\/uploads\\\/2018\\\/03\\\/SLM-mit-SPS-1024x768.jpeg 1024w, https:\\\/\\\/www.elovis.com\\\/wp-content\\\/uploads\\\/2018\\\/03\\\/SLM-mit-SPS.jpeg 1632w&quot;}\" \/>\n\t\t\t\t  <\/a>\n\t\t\t  <\/div>\n\t\t  <\/figure><\/div><\/div><\/div><\/div>\n\t\t\t\t\t\t<\/div>\n\t\t\t\t<\/div>\n\t\t\t\t\t<\/div>\n\t\t<\/div>\n\t\t\t\t\t<\/div>\n\t\t<\/section>\n\t\t\t\t<section class=\"elementor-section elementor-top-section elementor-element elementor-element-5cfedeab elementor-section-boxed elementor-section-height-default elementor-section-height-default\" data-id=\"5cfedeab\" data-element_type=\"section\" data-e-type=\"section\">\n\t\t\t\t\t\t<div class=\"elementor-container elementor-column-gap-default\">\n\t\t\t\t\t<div class=\"elementor-column elementor-col-100 elementor-top-column elementor-element elementor-element-4443ae0d\" data-id=\"4443ae0d\" data-element_type=\"column\" data-e-type=\"column\">\n\t\t\t<div class=\"elementor-widget-wrap elementor-element-populated\">\n\t\t\t\t\t\t<div class=\"elementor-element elementor-element-10469b43 elementor-widget elementor-widget-heading\" data-id=\"10469b43\" data-element_type=\"widget\" data-e-type=\"widget\" data-widget_type=\"heading.default\">\n\t\t\t\t<div class=\"elementor-widget-container\">\n\t\t\t\t\t<h2 class=\"elementor-heading-title elementor-size-default\">Productos y servicios a juego<\/h2>\t\t\t\t<\/div>\n\t\t\t\t<\/div>\n\t\t\t\t<div class=\"elementor-element elementor-element-603a5efc elementor-widget elementor-widget-shortcode\" data-id=\"603a5efc\" data-element_type=\"widget\" data-e-type=\"widget\" data-widget_type=\"shortcode.default\">\n\t\t\t\t<div class=\"elementor-widget-container\">\n\t\t\t\t\t\t\t<div class=\"elementor-shortcode\">\t\t<section\n\t\t\tclass=\"elementor-section elementor-top-section elementor-element elementor-element-2f30f66b elementor-section-boxed elementor-section-height-default elementor-section-height-default\"\n\t\t\tstyle=\"margin:-10px\"\n\t\t\tdata-element_type=\"section\">\n\t\t\t<div class=\"elementor-container elementor-column-gap-default\">\n\t\t\t\t<div class=\"elementor-column elementor-col-25 elementor-top-column elementor-element elementor-element-50798f78\"\n\t\t\t\t\tdata-element_type=\"column\">\n\t\t\t\t\t<div class=\"elementor-widget-wrap elementor-element-populated\">\n\t\t\t\t\t\t<div class=\"elementor-element elementor-element-24415776 elementor-widget elementor-widget-image\"\n\t\t\t\t\t\t\tdata-element_type=\"widget\" data-widget_type=\"image.default\">\n\t\t\t\t\t\t\t<div class=\"elementor-widget-container\">\n\t\t\t\t\t\t\t\t<a href=\"https:\/\/www.elovis.com\/es\/productos\/sensor-de-luz-longitudinal-sistemas-de-medicion-de-longitud-de-pieza\/\">\n\t\t\t\t\t\t\t\t\t<img decoding=\"async\" width=\"300\" height=\"225\" data-src=\"https:\/\/www.elovis.com\/wp-content\/smush-webp\/2017\/12\/SLM_Mod_pfeil-be_1-300x225.jpg.webp\" class=\"attachment-medium size-medium wp-post-image lazyload\" alt=\"sistemas de medici\u00f3n de longitud de pieza\" data-srcset=\"https:\/\/www.elovis.com\/wp-content\/smush-webp\/2017\/12\/SLM_Mod_pfeil-be_1-300x225.jpg.webp 300w, https:\/\/www.elovis.com\/wp-content\/smush-webp\/2017\/12\/SLM_Mod_pfeil-be_1-768x576.jpg.webp 768w, https:\/\/www.elovis.com\/wp-content\/smush-webp\/2017\/12\/SLM_Mod_pfeil-be_1-1024x768.jpg.webp 1024w, https:\/\/www.elovis.com\/wp-content\/uploads\/2017\/12\/SLM_Mod_pfeil-be_1.jpg 1478w\" data-sizes=\"(max-width: 300px) 100vw, 300px\" src=\"data:image\/svg+xml;base64,PHN2ZyB3aWR0aD0iMSIgaGVpZ2h0PSIxIiB4bWxucz0iaHR0cDovL3d3dy53My5vcmcvMjAwMC9zdmciPjwvc3ZnPg==\" style=\"--smush-placeholder-width: 300px; --smush-placeholder-aspect-ratio: 300\/225;\" data-smush-webp-fallback=\"{&quot;data-src&quot;:&quot;https:\\\/\\\/www.elovis.com\\\/wp-content\\\/uploads\\\/2017\\\/12\\\/SLM_Mod_pfeil-be_1-300x225.jpg&quot;,&quot;data-srcset&quot;:&quot;https:\\\/\\\/www.elovis.com\\\/wp-content\\\/uploads\\\/2017\\\/12\\\/SLM_Mod_pfeil-be_1-300x225.jpg 300w, https:\\\/\\\/www.elovis.com\\\/wp-content\\\/uploads\\\/2017\\\/12\\\/SLM_Mod_pfeil-be_1-768x576.jpg 768w, https:\\\/\\\/www.elovis.com\\\/wp-content\\\/uploads\\\/2017\\\/12\\\/SLM_Mod_pfeil-be_1-1024x768.jpg 1024w, https:\\\/\\\/www.elovis.com\\\/wp-content\\\/uploads\\\/2017\\\/12\\\/SLM_Mod_pfeil-be_1.jpg 1478w&quot;}\" \/>\n\t\t\t\t\t\t\t<\/div>\n\t\t\t\t\t\t<\/div>\n\t\t\t\t\t<\/div>\n\t\t\t\t<\/div>\n\t\t\t\t<div class=\"elementor-column elementor-col-75 elementor-top-column elementor-element elementor-element-247710d2\"\n\t\t\t\t\tdata-element_type=\"column\">\n\t\t\t\t\t<div class=\"elementor-widget-wrap elementor-element-populated\">\n\t\t\t\t\t\t<div class=\"elementor-element elementor-element-1943c0c8 elementor-widget elementor-widget-text-editor\"\n\t\t\t\t\t\t\tdata-element_type=\"widget\" data-widget_type=\"text-editor.default\">\n\t\t\t\t\t\t\t<div class=\"elementor-widget-container\">\n\t\t\t\t\t\t\t\t<h2>\n\t\t\t\t\t\t\t\t\t<a href=\"https:\/\/www.elovis.com\/es\/productos\/sensor-de-luz-longitudinal-sistemas-de-medicion-de-longitud-de-pieza\/\">Sensor de luz longitudinal <br> sistemas de medici\u00f3n de longitud de pieza<\/a>\n\t\t\t\t\t\t\t\t<\/h2>\n\t\t\t\t\t\t\t\t<p><ul>\r\n <li> Longitudes de piezas por pieza en el proceso de producci\u00f3n, medici\u00f3n sin contacto en la ejecuci\u00f3n <\/li>\r\n <li> Medici\u00f3n de longitud de pieza de alta precisi\u00f3n, clasificaci\u00f3n y documentaci\u00f3n buenas \/ malas <\/li>\r\n <li> Tecnolog\u00eda de medici\u00f3n de sensor de luz longitudinal basada en LED, sin mantenimiento, \u00f3ptica, calibrada permanentemente <\/li>\r\n <li> Micr\u00f3metro \u00f3ptico para medir la longitud de perfiles, tubos, placas, tableros <\/li>\r\n<\/ul><\/p>\n\t\t\t\t\t\t\t<\/div>\n\t\t\t\t\t\t<\/div>\n\t\t\t\t\t<\/div>\n\t\t\t\t<\/div>\n\t\t\t<\/div>\n\t\t<\/section><\/div>\n\t\t\t\t\t\t<\/div>\n\t\t\t\t<\/div>\n\t\t\t\t\t<\/div>\n\t\t<\/div>\n\t\t\t\t\t<\/div>\n\t\t<\/section>\n\t\t\t\t<section class=\"elementor-section elementor-top-section elementor-element elementor-element-8eb32b8 elementor-section-boxed elementor-section-height-default elementor-section-height-default\" data-id=\"8eb32b8\" data-element_type=\"section\" data-e-type=\"section\">\n\t\t\t\t\t\t<div class=\"elementor-container elementor-column-gap-default\">\n\t\t\t\t\t<div class=\"elementor-column elementor-col-33 elementor-top-column elementor-element elementor-element-4dd71b7\" data-id=\"4dd71b7\" data-element_type=\"column\" data-e-type=\"column\">\n\t\t\t<div class=\"elementor-widget-wrap elementor-element-populated\">\n\t\t\t\t\t\t<div class=\"elementor-element elementor-element-5ce79aad elementor-widget elementor-widget-image\" data-id=\"5ce79aad\" data-element_type=\"widget\" data-e-type=\"widget\" data-widget_type=\"image.default\">\n\t\t\t\t<div class=\"elementor-widget-container\">\n\t\t\t\t\t\t\t\t\t\t\t\t\t\t\t\t<a href=\"https:\/\/www.elovis.com\/es\/servicios\/\">\n\t\t\t\t\t\t\t<img decoding=\"async\" width=\"2000\" height=\"1500\" data-src=\"https:\/\/www.elovis.com\/wp-content\/uploads\/2019\/01\/ServiceFertig1GrauVerlauf.png\" class=\"attachment-full size-full wp-image-9473 lazyload\" alt=\"\" data-srcset=\"https:\/\/www.elovis.com\/wp-content\/uploads\/2019\/01\/ServiceFertig1GrauVerlauf.png 2000w, https:\/\/www.elovis.com\/wp-content\/smush-webp\/2019\/01\/ServiceFertig1GrauVerlauf-300x225.png.webp 300w, https:\/\/www.elovis.com\/wp-content\/smush-webp\/2019\/01\/ServiceFertig1GrauVerlauf-768x576.png.webp 768w, https:\/\/www.elovis.com\/wp-content\/smush-webp\/2019\/01\/ServiceFertig1GrauVerlauf-1024x768.png.webp 1024w\" data-sizes=\"(max-width: 2000px) 100vw, 2000px\" src=\"data:image\/svg+xml;base64,PHN2ZyB3aWR0aD0iMSIgaGVpZ2h0PSIxIiB4bWxucz0iaHR0cDovL3d3dy53My5vcmcvMjAwMC9zdmciPjwvc3ZnPg==\" style=\"--smush-placeholder-width: 2000px; --smush-placeholder-aspect-ratio: 2000\/1500;\" data-smush-webp-fallback=\"{&quot;data-srcset&quot;:&quot;https:\\\/\\\/www.elovis.com\\\/wp-content\\\/uploads\\\/2019\\\/01\\\/ServiceFertig1GrauVerlauf.png 2000w, https:\\\/\\\/www.elovis.com\\\/wp-content\\\/uploads\\\/2019\\\/01\\\/ServiceFertig1GrauVerlauf-300x225.png 300w, https:\\\/\\\/www.elovis.com\\\/wp-content\\\/uploads\\\/2019\\\/01\\\/ServiceFertig1GrauVerlauf-768x576.png 768w, https:\\\/\\\/www.elovis.com\\\/wp-content\\\/uploads\\\/2019\\\/01\\\/ServiceFertig1GrauVerlauf-1024x768.png 1024w&quot;}\" \/>\t\t\t\t\t\t\t\t<\/a>\n\t\t\t\t\t\t\t\t\t\t\t\t\t\t\t<\/div>\n\t\t\t\t<\/div>\n\t\t\t\t\t<\/div>\n\t\t<\/div>\n\t\t\t\t<div class=\"elementor-column elementor-col-66 elementor-top-column elementor-element elementor-element-9576e75\" data-id=\"9576e75\" data-element_type=\"column\" data-e-type=\"column\">\n\t\t\t<div class=\"elementor-widget-wrap elementor-element-populated\">\n\t\t\t\t\t\t<div class=\"elementor-element elementor-element-3df8e788 elementor-widget elementor-widget-text-editor\" data-id=\"3df8e788\" data-element_type=\"widget\" data-e-type=\"widget\" data-widget_type=\"text-editor.default\">\n\t\t\t\t<div class=\"elementor-widget-container\">\n\t\t\t\t\t\t\t\t\t<h2>Servicios ELOVIS<\/h2>\n<p>ELOVIS ofrece los siguientes servicios para la medici\u00f3n de perfiles:<\/p>\n<ul>\n<li>Asesoramiento en la medici\u00f3n de la longitud de las piezas<\/li>\n<li>servicios de medici\u00f3n<\/li>\n<li>Ayuda con quejas de longitud de sus clientes<\/li>\n<li>Desarrollos de sensores OEM en el \u00e1rea de medici\u00f3n de longitud de piezas<\/li>\n<\/ul>\n\t\t\t\t\t\t\t\t<\/div>\n\t\t\t\t<\/div>\n\t\t\t\t\t<\/div>\n\t\t<\/div>\n\t\t\t\t\t<\/div>\n\t\t<\/section>\n\t\t\t\t<section class=\"elementor-section elementor-top-section elementor-element elementor-element-583ca41c elementor-section-boxed elementor-section-height-default elementor-section-height-default\" data-id=\"583ca41c\" data-element_type=\"section\" data-e-type=\"section\">\n\t\t\t\t\t\t<div class=\"elementor-container elementor-column-gap-default\">\n\t\t\t\t\t<div class=\"elementor-column elementor-col-100 elementor-top-column elementor-element elementor-element-36f9f743\" data-id=\"36f9f743\" data-element_type=\"column\" data-e-type=\"column\">\n\t\t\t<div class=\"elementor-widget-wrap elementor-element-populated\">\n\t\t\t\t\t\t<section class=\"elementor-section elementor-inner-section elementor-element elementor-element-191ba4dc elementor-section-boxed elementor-section-height-default elementor-section-height-default\" data-id=\"191ba4dc\" data-element_type=\"section\" data-e-type=\"section\">\n\t\t\t\t\t\t<div class=\"elementor-container elementor-column-gap-default\">\n\t\t\t\t\t<div class=\"elementor-column elementor-col-50 elementor-inner-column elementor-element elementor-element-1682adfe\" data-id=\"1682adfe\" data-element_type=\"column\" data-e-type=\"column\">\n\t\t\t<div class=\"elementor-widget-wrap elementor-element-populated\">\n\t\t\t\t\t\t<div class=\"elementor-element elementor-element-320f8d83 elementor-widget elementor-widget-shortcode\" data-id=\"320f8d83\" data-element_type=\"widget\" data-e-type=\"widget\" data-widget_type=\"shortcode.default\">\n\t\t\t\t<div class=\"elementor-widget-container\">\n\t\t\t\t\t\t\t<div class=\"elementor-shortcode\"><a href=\"https:\/\/www.elovis.com\/es\/aplicaciones\/medicion-de-longitud-de-pieza-sin-contacto\/\" title=\"more applications\" class=\"elementor-button-link elementor-button elementor-size-sm elovis-parent\">\n\t<span class=\"elementor-button-content-wrapper\">\n\t\t<span class=\"elementor-button-text\">more applications<\/span>\n\t<\/span>\n<\/a><\/div>\n\t\t\t\t\t\t<\/div>\n\t\t\t\t<\/div>\n\t\t\t\t\t<\/div>\n\t\t<\/div>\n\t\t\t\t<div class=\"elementor-column elementor-col-50 elementor-inner-column elementor-element elementor-element-f492fd4\" data-id=\"f492fd4\" data-element_type=\"column\" data-e-type=\"column\">\n\t\t\t<div class=\"elementor-widget-wrap elementor-element-populated\">\n\t\t\t\t\t\t<div class=\"elementor-element elementor-element-ed1b09d elementor-widget elementor-widget-button\" data-id=\"ed1b09d\" data-element_type=\"widget\" data-e-type=\"widget\" data-widget_type=\"button.default\">\n\t\t\t\t<div class=\"elementor-widget-container\">\n\t\t\t\t\t\t\t\t\t<div class=\"elementor-button-wrapper\">\n\t\t\t\t\t<a class=\"elementor-button elementor-button-link elementor-size-sm\" href=\"https:\/\/www.elovis.com\/es\/contacto\/\" target=\"_blank\">\n\t\t\t\t\t\t<span class=\"elementor-button-content-wrapper\">\n\t\t\t\t\t\t<span class=\"elementor-button-icon\">\n\t\t\t\t\t\t\t\t\t<i class=\"fa fa-phone\" aria-hidden=\"true\"><\/i>\n\t\t\t\t\t\t\t<\/span>\n\t\t\t\t\t\t\t\t\t<span class=\"elementor-button-text\">Consultoria personalizada<\/span>\n\t\t\t\t\t<\/span>\n\t\t\t\t\t<\/a>\n\t\t\t\t<\/div>\n\t\t\t\t\t\t\t\t<\/div>\n\t\t\t\t<\/div>\n\t\t\t\t\t<\/div>\n\t\t<\/div>\n\t\t\t\t\t<\/div>\n\t\t<\/section>\n\t\t\t\t\t<\/div>\n\t\t<\/div>\n\t\t\t\t\t<\/div>\n\t\t<\/section>\n\t\t\t\t<\/div>\n\t\t","protected":false},"excerpt":{"rendered":"<p>Las altas demandas en la industria de automoci\u00f3n muebles, electr\u00f3nica o m\u00e9dica sobre la precisi\u00f3n de corte de los perfiles hacen que el 100% de inspecci\u00f3n de las piezas despu\u00e9s de cortar sea un paso importante del proceso. A menudo, los compradores de perfiles tambi\u00e9n requieren documentaci\u00f3n sobre la inspecci\u00f3n de piezas. Las rejillas de luz longitudinal ELOVIS miden en un rango de precisi\u00f3n 1\/10 mm \/ m, clasifican los art\u00edculos en buenos y malos y documentan el proceso de comprobaci\u00f3n y clasificaci\u00f3n.<\/p>\n","protected":false},"author":2,"featured_media":3963,"parent":8039,"menu_order":4,"comment_status":"closed","ping_status":"closed","template":"","meta":{"footnotes":""},"yst_prominent_words":[],"class_list":{"0":"post-8041","1":"page","2":"type-page","3":"status-publish","4":"has-post-thumbnail","6":"resize-featured-image"},"_links":{"self":[{"href":"https:\/\/www.elovis.com\/es\/wp-json\/wp\/v2\/pages\/8041","targetHints":{"allow":["GET"]}}],"collection":[{"href":"https:\/\/www.elovis.com\/es\/wp-json\/wp\/v2\/pages"}],"about":[{"href":"https:\/\/www.elovis.com\/es\/wp-json\/wp\/v2\/types\/page"}],"author":[{"embeddable":true,"href":"https:\/\/www.elovis.com\/es\/wp-json\/wp\/v2\/users\/2"}],"replies":[{"embeddable":true,"href":"https:\/\/www.elovis.com\/es\/wp-json\/wp\/v2\/comments?post=8041"}],"version-history":[{"count":6,"href":"https:\/\/www.elovis.com\/es\/wp-json\/wp\/v2\/pages\/8041\/revisions"}],"predecessor-version":[{"id":1622157,"href":"https:\/\/www.elovis.com\/es\/wp-json\/wp\/v2\/pages\/8041\/revisions\/1622157"}],"up":[{"embeddable":true,"href":"https:\/\/www.elovis.com\/es\/wp-json\/wp\/v2\/pages\/8039"}],"wp:featuredmedia":[{"embeddable":true,"href":"https:\/\/www.elovis.com\/es\/wp-json\/wp\/v2\/media\/3963"}],"wp:attachment":[{"href":"https:\/\/www.elovis.com\/es\/wp-json\/wp\/v2\/media?parent=8041"}],"wp:term":[{"taxonomy":"yst_prominent_words","embeddable":true,"href":"https:\/\/www.elovis.com\/es\/wp-json\/wp\/v2\/yst_prominent_words?post=8041"}],"curies":[{"name":"wp","href":"https:\/\/api.w.org\/{rel}","templated":true}]}}