{"id":8031,"date":"2018-11-07T09:47:26","date_gmt":"2018-11-07T08:47:26","guid":{"rendered":"\/aplicaciones\/velocidad-sin-contacto-y-medicion-del-movimiento\/medicion-de-velocidad-de-liquidos\/medicion-de-la-velocidad-de-liquidos\/"},"modified":"2025-01-21T19:38:04","modified_gmt":"2025-01-21T18:38:04","slug":"medicion-de-la-velocidad-de-liquidos","status":"publish","type":"page","link":"https:\/\/www.elovis.com\/es\/aplicaciones\/velocidad-sin-contacto-y-medicion-del-movimiento\/medicion-de-velocidad-de-liquidos\/medicion-de-la-velocidad-de-liquidos\/","title":{"rendered":"Medici\u00f3n de la velocidad de l\u00edquidos"},"content":{"rendered":"\t\t<div data-elementor-type=\"wp-post\" data-elementor-id=\"8031\" class=\"elementor elementor-8031 elementor-3686\" data-elementor-post-type=\"page\">\n\t\t\t\t\t\t<section class=\"elementor-section elementor-top-section elementor-element elementor-element-54f27b11 elementor-section-boxed elementor-section-height-default elementor-section-height-default\" data-id=\"54f27b11\" data-element_type=\"section\" data-e-type=\"section\">\n\t\t\t\t\t\t<div class=\"elementor-container elementor-column-gap-default\">\n\t\t\t\t\t<div class=\"elementor-column elementor-col-100 elementor-top-column elementor-element elementor-element-3fff4336\" data-id=\"3fff4336\" data-element_type=\"column\" data-e-type=\"column\">\n\t\t\t<div class=\"elementor-widget-wrap elementor-element-populated\">\n\t\t\t\t\t\t<div class=\"elementor-element elementor-element-390b0b46 elementor-widget elementor-widget-text-editor\" data-id=\"390b0b46\" data-element_type=\"widget\" data-e-type=\"widget\" data-widget_type=\"text-editor.default\">\n\t\t\t\t<div class=\"elementor-widget-container\">\n\t\t\t\t\t\t\t\t\t<h2>Medici\u00f3n de velocidad sin contacto en superficies l\u00edquidas<\/h2>\n\t\t\t\t\t\t\t\t<\/div>\n\t\t\t\t<\/div>\n\t\t\t\t\t<\/div>\n\t\t<\/div>\n\t\t\t\t\t<\/div>\n\t\t<\/section>\n\t\t\t\t<section class=\"elementor-section elementor-top-section elementor-element elementor-element-6131bdae elementor-section-boxed elementor-section-height-default elementor-section-height-default\" data-id=\"6131bdae\" data-element_type=\"section\" data-e-type=\"section\">\n\t\t\t\t\t\t<div class=\"elementor-container elementor-column-gap-default\">\n\t\t\t\t\t<div class=\"elementor-column elementor-col-66 elementor-top-column elementor-element elementor-element-2d231c1b\" data-id=\"2d231c1b\" data-element_type=\"column\" data-e-type=\"column\">\n\t\t\t<div class=\"elementor-widget-wrap elementor-element-populated\">\n\t\t\t\t\t\t<div class=\"elementor-element elementor-element-1606d58b elementor-widget elementor-widget-text-editor\" data-id=\"1606d58b\" data-element_type=\"widget\" data-e-type=\"widget\" data-widget_type=\"text-editor.default\">\n\t\t\t\t<div class=\"elementor-widget-container\">\n\t\t\t\t\t\t\t\t\t<p>\t<p>La medici\u00f3n de la velocidad de las superficies l\u00edquidas presenta una dificultad particular. Los sensores \u03bcSPEED incluso miden las velocidades en diferentes ubicaciones a lo ancho de las operaciones de recubrimiento de bandas<\/p><\/p>\n\t\t\t\t\t\t\t\t<\/div>\n\t\t\t\t<\/div>\n\t\t\t\t<div class=\"elementor-element elementor-element-1aad9b45 elementor-widget elementor-widget-text-editor\" data-id=\"1aad9b45\" data-element_type=\"widget\" data-e-type=\"widget\" data-widget_type=\"text-editor.default\">\n\t\t\t\t<div class=\"elementor-widget-container\">\n\t\t\t\t\t\t\t\t\t<p>Datos de aplicaci\u00f3n t\u00edpicos:<\/p>\n<ul>\n<li>Velocidades: t\u00edpicamente hasta 1.800 m \/ min<\/li>\n<li>Medici\u00f3n con m\u00e9todos convencionales solo son\u00a0 posible indirectamentee<\/li>\n<li>Precisi\u00f3n de medici\u00f3n con medici\u00f3n de longitud sin contacto \u03bcSPEED: t\u00edpicamente 0.1% &#8211; 0.25%<\/li>\n<li>Amortizaci\u00f3n: 1 &#8211; 3 meses, visualizaci\u00f3n del valor medido, almacenamiento de datos y control del sistema<\/li>\n<\/ul>\n\t\t\t\t\t\t\t\t<\/div>\n\t\t\t\t<\/div>\n\t\t\t\t<div class=\"elementor-element elementor-element-33c6a57c elementor-widget elementor-widget-text-editor\" data-id=\"33c6a57c\" data-element_type=\"widget\" data-e-type=\"widget\" data-widget_type=\"text-editor.default\">\n\t\t\t\t<div class=\"elementor-widget-container\">\n\t\t\t\t\t\t\t\t\t<p>Ejemplos de medici\u00f3n \/ material:<\/p>\n<ul>\n<li>Medici\u00f3n de velocidad en sistemas de cortina de \u00a0recubrimiento.<\/li>\n<li>Medici\u00f3n de velocidades de la banda bajo una pel\u00edcula l\u00edquida<\/li>\n<li>Soluci\u00f3n de problemas para encontrar elementos defectuosos en m\u00e1quinas de recubrimiento<\/li>\n<\/ul>\n\t\t\t\t\t\t\t\t<\/div>\n\t\t\t\t<\/div>\n\t\t\t\t<div class=\"elementor-element elementor-element-24b10c63 elementor-widget elementor-widget-text-editor\" data-id=\"24b10c63\" data-element_type=\"widget\" data-e-type=\"widget\" data-widget_type=\"text-editor.default\">\n\t\t\t\t<div class=\"elementor-widget-container\">\n\t\t\t\t\t\t\t\t\t<p>M\u00e1quinas equipadas con medici\u00f3n de velocidad sin contacto:<\/p>\n<ul>\n<li>M\u00e1quinas de recubrimiento, recubrimiento de cortina, de recubrimiento liquido<\/li>\n<li>calandras, m\u00e1quinas de laminaci\u00f3n, m\u00e1quinas de equipos<\/li>\n<li>producci\u00f3n de materiales compuestos y m\u00e1quinas de producci\u00f3n de materiales compuestos<\/li>\n<li>M\u00e1quinas de no tejidos, m\u00e1quinas de fieltro, m\u00e1quinas de producci\u00f3n de aislamientos<\/li>\n<\/ul>\n\t\t\t\t\t\t\t\t<\/div>\n\t\t\t\t<\/div>\n\t\t\t\t\t<\/div>\n\t\t<\/div>\n\t\t\t\t<div class=\"elementor-column elementor-col-33 elementor-top-column elementor-element elementor-element-123a725f elovis-vertical-image-gallery\" data-id=\"123a725f\" data-element_type=\"column\" data-e-type=\"column\">\n\t\t\t<div class=\"elementor-widget-wrap elementor-element-populated\">\n\t\t\t\t\t\t<div class=\"elementor-element elementor-element-33d57cf4 elementor-widget elementor-widget-spacer\" data-id=\"33d57cf4\" data-element_type=\"widget\" data-e-type=\"widget\" data-widget_type=\"spacer.default\">\n\t\t\t\t<div class=\"elementor-widget-container\">\n\t\t\t\t\t\t\t<div class=\"elementor-spacer\">\n\t\t\t<div class=\"elementor-spacer-inner\"><\/div>\n\t\t<\/div>\n\t\t\t\t\t\t<\/div>\n\t\t\t\t<\/div>\n\t\t\t\t<div class=\"elementor-element elementor-element-3cfdbdcc elementor-widget elementor-widget-shortcode\" data-id=\"3cfdbdcc\" data-element_type=\"widget\" data-e-type=\"widget\" data-widget_type=\"shortcode.default\">\n\t\t\t\t<div class=\"elementor-widget-container\">\n\t\t\t\t\t\t\t<div class=\"elementor-shortcode\"><div class=\"elementor-image-gallery\"><div id=\"gallery-69f5717ebeb8c\" class=\"gallery gallery-size-thumbnail\"><figure class=\"gallery-item\" >\n\t\t\t  <div class=\"gallery-icon landscape\">\n\t\t\t\t  <a data-elementor-open-lightbox=\"default\" data-elementor-lightbox-slideshow=\"69f5717ebeb8c\" class=\"elementor-clickable\" href=\"https:\/\/www.elovis.com\/wp-content\/smush-webp\/2018\/03\/Messung-durch-Fl\u00fcssigkeitsfilm-1024x768.jpg.webp\" data-smush-webp-fallback=\"{&quot;href&quot;:&quot;https:\\\/\\\/www.elovis.com\\\/wp-content\\\/uploads\\\/2018\\\/03\\\/Messung-durch-Fl\\u00fcssigkeitsfilm-1024x768.jpg&quot;}\">\n\t\t\t\t\t  <img fetchpriority=\"high\" decoding=\"async\" width=\"300\" height=\"225\" src=\"https:\/\/www.elovis.com\/wp-content\/smush-webp\/2018\/03\/Messung-durch-Fl\u00fcssigkeitsfilm-300x225.jpg.webp\" class=\"img-responsive attachment-medium\" alt=\"\" srcset=\"https:\/\/www.elovis.com\/wp-content\/smush-webp\/2018\/03\/Messung-durch-Fl\u00fcssigkeitsfilm-300x225.jpg.webp 300w, https:\/\/www.elovis.com\/wp-content\/smush-webp\/2018\/03\/Messung-durch-Fl\u00fcssigkeitsfilm-768x576.jpg.webp 768w, https:\/\/www.elovis.com\/wp-content\/smush-webp\/2018\/03\/Messung-durch-Fl\u00fcssigkeitsfilm-1024x768.jpg.webp 1024w\" sizes=\"(max-width: 300px) 100vw, 300px\" data-smush-webp-fallback=\"{&quot;src&quot;:&quot;https:\\\/\\\/www.elovis.com\\\/wp-content\\\/uploads\\\/2018\\\/03\\\/Messung-durch-Fl\\u00fcssigkeitsfilm-300x225.jpg&quot;,&quot;srcset&quot;:&quot;https:\\\/\\\/www.elovis.com\\\/wp-content\\\/uploads\\\/2018\\\/03\\\/Messung-durch-Fl\\u00fcssigkeitsfilm-300x225.jpg 300w, https:\\\/\\\/www.elovis.com\\\/wp-content\\\/uploads\\\/2018\\\/03\\\/Messung-durch-Fl\\u00fcssigkeitsfilm-768x576.jpg 768w, https:\\\/\\\/www.elovis.com\\\/wp-content\\\/uploads\\\/2018\\\/03\\\/Messung-durch-Fl\\u00fcssigkeitsfilm-1024x768.jpg 1024w&quot;}\" \/>\n\t\t\t\t  <\/a>\n\t\t\t  <\/div>\n\t\t  <\/figure><\/div><\/div><\/div><div class=\"elementor-image-gallery\"><div id=\"gallery-69f5717ec010b\" class=\"gallery gallery-size-thumbnail\"><figure class=\"gallery-item\" >\n\t\t\t  <div class=\"gallery-icon landscape\">\n\t\t\t\t  <a data-elementor-open-lightbox=\"default\" data-elementor-lightbox-slideshow=\"69f5717ec010b\" class=\"elementor-clickable\" href=\"https:\/\/www.elovis.com\/wp-content\/smush-webp\/2018\/03\/Vorhangbeschichtung-1024x768.jpg.webp\" data-smush-webp-fallback=\"{&quot;href&quot;:&quot;https:\\\/\\\/www.elovis.com\\\/wp-content\\\/uploads\\\/2018\\\/03\\\/Vorhangbeschichtung-1024x768.jpg&quot;}\">\n\t\t\t\t\t  <img decoding=\"async\" width=\"300\" height=\"225\" data-src=\"https:\/\/www.elovis.com\/wp-content\/smush-webp\/2018\/03\/Vorhangbeschichtung-300x225.jpg.webp\" class=\"img-responsive attachment-medium lazyload\" alt=\"\" data-srcset=\"https:\/\/www.elovis.com\/wp-content\/smush-webp\/2018\/03\/Vorhangbeschichtung-300x225.jpg.webp 300w, https:\/\/www.elovis.com\/wp-content\/smush-webp\/2018\/03\/Vorhangbeschichtung-768x576.jpg.webp 768w, https:\/\/www.elovis.com\/wp-content\/smush-webp\/2018\/03\/Vorhangbeschichtung-1024x768.jpg.webp 1024w, https:\/\/www.elovis.com\/wp-content\/uploads\/2018\/03\/Vorhangbeschichtung.jpg 1360w\" data-sizes=\"(max-width: 300px) 100vw, 300px\" src=\"data:image\/svg+xml;base64,PHN2ZyB3aWR0aD0iMSIgaGVpZ2h0PSIxIiB4bWxucz0iaHR0cDovL3d3dy53My5vcmcvMjAwMC9zdmciPjwvc3ZnPg==\" style=\"--smush-placeholder-width: 300px; --smush-placeholder-aspect-ratio: 300\/225;\" data-smush-webp-fallback=\"{&quot;data-src&quot;:&quot;https:\\\/\\\/www.elovis.com\\\/wp-content\\\/uploads\\\/2018\\\/03\\\/Vorhangbeschichtung-300x225.jpg&quot;,&quot;data-srcset&quot;:&quot;https:\\\/\\\/www.elovis.com\\\/wp-content\\\/uploads\\\/2018\\\/03\\\/Vorhangbeschichtung-300x225.jpg 300w, https:\\\/\\\/www.elovis.com\\\/wp-content\\\/uploads\\\/2018\\\/03\\\/Vorhangbeschichtung-768x576.jpg 768w, https:\\\/\\\/www.elovis.com\\\/wp-content\\\/uploads\\\/2018\\\/03\\\/Vorhangbeschichtung-1024x768.jpg 1024w, https:\\\/\\\/www.elovis.com\\\/wp-content\\\/uploads\\\/2018\\\/03\\\/Vorhangbeschichtung.jpg 1360w&quot;}\" \/>\n\t\t\t\t  <\/a>\n\t\t\t  <\/div>\n\t\t  <\/figure><\/div><\/div><\/div><\/div>\n\t\t\t\t\t\t<\/div>\n\t\t\t\t<\/div>\n\t\t\t\t\t<\/div>\n\t\t<\/div>\n\t\t\t\t\t<\/div>\n\t\t<\/section>\n\t\t\t\t<section class=\"elementor-section elementor-top-section elementor-element elementor-element-61dbae43 elementor-section-boxed elementor-section-height-default elementor-section-height-default\" data-id=\"61dbae43\" data-element_type=\"section\" data-e-type=\"section\">\n\t\t\t\t\t\t<div class=\"elementor-container elementor-column-gap-default\">\n\t\t\t\t\t<div class=\"elementor-column elementor-col-100 elementor-top-column elementor-element elementor-element-4375d44\" data-id=\"4375d44\" data-element_type=\"column\" data-e-type=\"column\">\n\t\t\t<div class=\"elementor-widget-wrap elementor-element-populated\">\n\t\t\t\t\t\t<div class=\"elementor-element elementor-element-1cf0ba27 elementor-widget elementor-widget-heading\" data-id=\"1cf0ba27\" data-element_type=\"widget\" data-e-type=\"widget\" data-widget_type=\"heading.default\">\n\t\t\t\t<div class=\"elementor-widget-container\">\n\t\t\t\t\t<h2 class=\"elementor-heading-title elementor-size-default\">Productos y servicios a juego<\/h2>\t\t\t\t<\/div>\n\t\t\t\t<\/div>\n\t\t\t\t<div class=\"elementor-element elementor-element-22dbaf2e elementor-widget elementor-widget-shortcode\" data-id=\"22dbaf2e\" data-element_type=\"widget\" data-e-type=\"widget\" data-widget_type=\"shortcode.default\">\n\t\t\t\t<div class=\"elementor-widget-container\">\n\t\t\t\t\t\t\t<div class=\"elementor-shortcode\">\t\t<section\n\t\t\tclass=\"elementor-section elementor-top-section elementor-element elementor-element-2f30f66b elementor-section-boxed elementor-section-height-default elementor-section-height-default\"\n\t\t\tstyle=\"margin:-10px\"\n\t\t\tdata-element_type=\"section\">\n\t\t\t<div class=\"elementor-container elementor-column-gap-default\">\n\t\t\t\t<div class=\"elementor-column elementor-col-25 elementor-top-column elementor-element elementor-element-50798f78\"\n\t\t\t\t\tdata-element_type=\"column\">\n\t\t\t\t\t<div class=\"elementor-widget-wrap elementor-element-populated\">\n\t\t\t\t\t\t<div class=\"elementor-element elementor-element-24415776 elementor-widget elementor-widget-image\"\n\t\t\t\t\t\t\tdata-element_type=\"widget\" data-widget_type=\"image.default\">\n\t\t\t\t\t\t\t<div class=\"elementor-widget-container\">\n\t\t\t\t\t\t\t\t<a href=\"https:\/\/www.elovis.com\/es\/productos\/sistemas-de-medicion-de-longitud-y-velocidad-de-codificador-laser\/\">\n\t\t\t\t\t\t\t\t\t<img decoding=\"async\" width=\"300\" height=\"225\" data-src=\"https:\/\/www.elovis.com\/wp-content\/smush-webp\/2017\/12\/bewegung_messen-be-300x225.jpg.webp\" class=\"attachment-medium size-medium wp-post-image lazyload\" alt=\"Medici\u00f3n de la longitud sin contacto con un codificador l\u00e1ser\" data-srcset=\"https:\/\/www.elovis.com\/wp-content\/smush-webp\/2017\/12\/bewegung_messen-be-300x225.jpg.webp 300w, https:\/\/www.elovis.com\/wp-content\/smush-webp\/2017\/12\/bewegung_messen-be-768x576.jpg.webp 768w, https:\/\/www.elovis.com\/wp-content\/smush-webp\/2017\/12\/bewegung_messen-be-1024x768.jpg.webp 1024w, https:\/\/www.elovis.com\/wp-content\/uploads\/2017\/12\/bewegung_messen-be.jpg 1360w\" data-sizes=\"(max-width: 300px) 100vw, 300px\" src=\"data:image\/svg+xml;base64,PHN2ZyB3aWR0aD0iMSIgaGVpZ2h0PSIxIiB4bWxucz0iaHR0cDovL3d3dy53My5vcmcvMjAwMC9zdmciPjwvc3ZnPg==\" style=\"--smush-placeholder-width: 300px; --smush-placeholder-aspect-ratio: 300\/225;\" data-smush-webp-fallback=\"{&quot;data-src&quot;:&quot;https:\\\/\\\/www.elovis.com\\\/wp-content\\\/uploads\\\/2017\\\/12\\\/bewegung_messen-be-300x225.jpg&quot;,&quot;data-srcset&quot;:&quot;https:\\\/\\\/www.elovis.com\\\/wp-content\\\/uploads\\\/2017\\\/12\\\/bewegung_messen-be-300x225.jpg 300w, https:\\\/\\\/www.elovis.com\\\/wp-content\\\/uploads\\\/2017\\\/12\\\/bewegung_messen-be-768x576.jpg 768w, https:\\\/\\\/www.elovis.com\\\/wp-content\\\/uploads\\\/2017\\\/12\\\/bewegung_messen-be-1024x768.jpg 1024w, https:\\\/\\\/www.elovis.com\\\/wp-content\\\/uploads\\\/2017\\\/12\\\/bewegung_messen-be.jpg 1360w&quot;}\" \/>\n\t\t\t\t\t\t\t<\/div>\n\t\t\t\t\t\t<\/div>\n\t\t\t\t\t<\/div>\n\t\t\t\t<\/div>\n\t\t\t\t<div class=\"elementor-column elementor-col-75 elementor-top-column elementor-element elementor-element-247710d2\"\n\t\t\t\t\tdata-element_type=\"column\">\n\t\t\t\t\t<div class=\"elementor-widget-wrap elementor-element-populated\">\n\t\t\t\t\t\t<div class=\"elementor-element elementor-element-1943c0c8 elementor-widget elementor-widget-text-editor\"\n\t\t\t\t\t\t\tdata-element_type=\"widget\" data-widget_type=\"text-editor.default\">\n\t\t\t\t\t\t\t<div class=\"elementor-widget-container\">\n\t\t\t\t\t\t\t\t<h2>\n\t\t\t\t\t\t\t\t\t<a href=\"https:\/\/www.elovis.com\/es\/productos\/sistemas-de-medicion-de-longitud-y-velocidad-de-codificador-laser\/\">Sistemas de Medici\u00f3n de Longitud y Velocidad de Codificador L\u00e1ser<\/a>\n\t\t\t\t\t\t\t\t<\/h2>\n\t\t\t\t\t\t\t\t<p><ul>\r\n \t<li>Medida de longitud y velocidad sin contacto, \u00f3pticamente con un l\u00e1ser<\/li>\r\n \t<li>  Longitud y velocidad sin deslizamiento, sin mantenimiento, calibrado permanentemente y mesurado con precisi\u00f3n <\/li>\r\n \t<li>El Laser -codificador reemplaza una medici\u00f3n t\u00e1ctil a trav\u00e9s del impulsor, rodillo de medici\u00f3n o accionamiento de la m\u00e1quina<\/li>\r\n \t<li>Medici\u00f3n de superficies en movimiento mediante veloc\u00edmetro de superficie l\u00e1ser-doppler<\/li>\r\n<\/ul><\/p>\n\t\t\t\t\t\t\t<\/div>\n\t\t\t\t\t\t<\/div>\n\t\t\t\t\t<\/div>\n\t\t\t\t<\/div>\n\t\t\t<\/div>\n\t\t<\/section><\/div>\n\t\t\t\t\t\t<\/div>\n\t\t\t\t<\/div>\n\t\t\t\t\t<\/div>\n\t\t<\/div>\n\t\t\t\t\t<\/div>\n\t\t<\/section>\n\t\t\t\t<section class=\"elementor-section elementor-top-section elementor-element elementor-element-6a8d47d9 elementor-section-boxed elementor-section-height-default elementor-section-height-default\" data-id=\"6a8d47d9\" data-element_type=\"section\" data-e-type=\"section\">\n\t\t\t\t\t\t<div class=\"elementor-container elementor-column-gap-default\">\n\t\t\t\t\t<div class=\"elementor-column elementor-col-33 elementor-top-column elementor-element elementor-element-3a383fea\" data-id=\"3a383fea\" data-element_type=\"column\" data-e-type=\"column\">\n\t\t\t<div class=\"elementor-widget-wrap elementor-element-populated\">\n\t\t\t\t\t\t<div class=\"elementor-element elementor-element-5c447907 elementor-widget elementor-widget-image\" data-id=\"5c447907\" data-element_type=\"widget\" data-e-type=\"widget\" data-widget_type=\"image.default\">\n\t\t\t\t<div class=\"elementor-widget-container\">\n\t\t\t\t\t\t\t\t\t\t\t\t\t\t\t\t<a href=\"https:\/\/www.elovis.com\/es\/servicios\/\">\n\t\t\t\t\t\t\t<img decoding=\"async\" width=\"2000\" height=\"1500\" data-src=\"https:\/\/www.elovis.com\/wp-content\/uploads\/2019\/01\/ServiceFertig1GrauVerlauf.png\" class=\"attachment-full size-full wp-image-9473 lazyload\" alt=\"\" data-srcset=\"https:\/\/www.elovis.com\/wp-content\/uploads\/2019\/01\/ServiceFertig1GrauVerlauf.png 2000w, https:\/\/www.elovis.com\/wp-content\/smush-webp\/2019\/01\/ServiceFertig1GrauVerlauf-300x225.png.webp 300w, https:\/\/www.elovis.com\/wp-content\/smush-webp\/2019\/01\/ServiceFertig1GrauVerlauf-768x576.png.webp 768w, https:\/\/www.elovis.com\/wp-content\/smush-webp\/2019\/01\/ServiceFertig1GrauVerlauf-1024x768.png.webp 1024w\" data-sizes=\"(max-width: 2000px) 100vw, 2000px\" src=\"data:image\/svg+xml;base64,PHN2ZyB3aWR0aD0iMSIgaGVpZ2h0PSIxIiB4bWxucz0iaHR0cDovL3d3dy53My5vcmcvMjAwMC9zdmciPjwvc3ZnPg==\" style=\"--smush-placeholder-width: 2000px; --smush-placeholder-aspect-ratio: 2000\/1500;\" data-smush-webp-fallback=\"{&quot;data-srcset&quot;:&quot;https:\\\/\\\/www.elovis.com\\\/wp-content\\\/uploads\\\/2019\\\/01\\\/ServiceFertig1GrauVerlauf.png 2000w, https:\\\/\\\/www.elovis.com\\\/wp-content\\\/uploads\\\/2019\\\/01\\\/ServiceFertig1GrauVerlauf-300x225.png 300w, https:\\\/\\\/www.elovis.com\\\/wp-content\\\/uploads\\\/2019\\\/01\\\/ServiceFertig1GrauVerlauf-768x576.png 768w, https:\\\/\\\/www.elovis.com\\\/wp-content\\\/uploads\\\/2019\\\/01\\\/ServiceFertig1GrauVerlauf-1024x768.png 1024w&quot;}\" \/>\t\t\t\t\t\t\t\t<\/a>\n\t\t\t\t\t\t\t\t\t\t\t\t\t\t\t<\/div>\n\t\t\t\t<\/div>\n\t\t\t\t\t<\/div>\n\t\t<\/div>\n\t\t\t\t<div class=\"elementor-column elementor-col-66 elementor-top-column elementor-element elementor-element-3f0f549f\" data-id=\"3f0f549f\" data-element_type=\"column\" data-e-type=\"column\">\n\t\t\t<div class=\"elementor-widget-wrap elementor-element-populated\">\n\t\t\t\t\t\t<div class=\"elementor-element elementor-element-1e786819 elementor-widget elementor-widget-text-editor\" data-id=\"1e786819\" data-element_type=\"widget\" data-e-type=\"widget\" data-widget_type=\"text-editor.default\">\n\t\t\t\t<div class=\"elementor-widget-container\">\n\t\t\t\t\t\t\t\t\t<h2>Servicios ELOVIS<\/h2>\n<p>ELOVIS ofrece los siguientes servicios para la medici\u00f3n de velocidad:<\/p>\n<ul>\n<li>Asesoramiento sobre la medici\u00f3n de velocidad<\/li>\n<li>Servicios de medici\u00f3n y calibraci\u00f3n<\/li>\n<li>Ayuda con el mal funcionamiento del sistema<\/li>\n<li>Desarrollos de sensores OEM en el campo de medici\u00f3n de longitud y velocidad<\/li>\n<\/ul>\n\t\t\t\t\t\t\t\t<\/div>\n\t\t\t\t<\/div>\n\t\t\t\t\t<\/div>\n\t\t<\/div>\n\t\t\t\t\t<\/div>\n\t\t<\/section>\n\t\t\t\t<section class=\"elementor-section elementor-top-section elementor-element elementor-element-68efc1d2 elementor-section-boxed elementor-section-height-default elementor-section-height-default\" data-id=\"68efc1d2\" data-element_type=\"section\" data-e-type=\"section\">\n\t\t\t\t\t\t<div class=\"elementor-container elementor-column-gap-default\">\n\t\t\t\t\t<div class=\"elementor-column elementor-col-100 elementor-top-column elementor-element elementor-element-254383b1\" data-id=\"254383b1\" data-element_type=\"column\" data-e-type=\"column\">\n\t\t\t<div class=\"elementor-widget-wrap elementor-element-populated\">\n\t\t\t\t\t\t<section class=\"elementor-section elementor-inner-section elementor-element elementor-element-6fc78415 elementor-section-boxed elementor-section-height-default elementor-section-height-default\" data-id=\"6fc78415\" data-element_type=\"section\" data-e-type=\"section\">\n\t\t\t\t\t\t<div class=\"elementor-container elementor-column-gap-default\">\n\t\t\t\t\t<div class=\"elementor-column elementor-col-50 elementor-inner-column elementor-element elementor-element-1bd22fc5\" data-id=\"1bd22fc5\" data-element_type=\"column\" data-e-type=\"column\">\n\t\t\t<div class=\"elementor-widget-wrap elementor-element-populated\">\n\t\t\t\t\t\t<div class=\"elementor-element elementor-element-1d223a60 elementor-widget elementor-widget-shortcode\" data-id=\"1d223a60\" data-element_type=\"widget\" data-e-type=\"widget\" data-widget_type=\"shortcode.default\">\n\t\t\t\t<div class=\"elementor-widget-container\">\n\t\t\t\t\t\t\t<div class=\"elementor-shortcode\"><a href=\"https:\/\/www.elovis.com\/es\/aplicaciones\/velocidad-sin-contacto-y-medicion-del-movimiento\/\" title=\"more applications\" class=\"elementor-button-link elementor-button elementor-size-sm elovis-parent\">\n\t<span class=\"elementor-button-content-wrapper\">\n\t\t<span class=\"elementor-button-text\">more applications<\/span>\n\t<\/span>\n<\/a><\/div>\n\t\t\t\t\t\t<\/div>\n\t\t\t\t<\/div>\n\t\t\t\t\t<\/div>\n\t\t<\/div>\n\t\t\t\t<div class=\"elementor-column elementor-col-50 elementor-inner-column elementor-element elementor-element-70378d61\" data-id=\"70378d61\" data-element_type=\"column\" data-e-type=\"column\">\n\t\t\t<div class=\"elementor-widget-wrap elementor-element-populated\">\n\t\t\t\t\t\t<div class=\"elementor-element elementor-element-73b80703 elementor-widget elementor-widget-button\" data-id=\"73b80703\" data-element_type=\"widget\" data-e-type=\"widget\" data-widget_type=\"button.default\">\n\t\t\t\t<div class=\"elementor-widget-container\">\n\t\t\t\t\t\t\t\t\t<div class=\"elementor-button-wrapper\">\n\t\t\t\t\t<a class=\"elementor-button elementor-button-link elementor-size-sm\" href=\"https:\/\/www.elovis.com\/es\/contacto\/\" target=\"_blank\">\n\t\t\t\t\t\t<span class=\"elementor-button-content-wrapper\">\n\t\t\t\t\t\t<span class=\"elementor-button-icon\">\n\t\t\t\t\t\t\t\t\t<i class=\"fa fa-phone\" aria-hidden=\"true\"><\/i>\n\t\t\t\t\t\t\t<\/span>\n\t\t\t\t\t\t\t\t\t<span class=\"elementor-button-text\">Consultoria personalizada<\/span>\n\t\t\t\t\t<\/span>\n\t\t\t\t\t<\/a>\n\t\t\t\t<\/div>\n\t\t\t\t\t\t\t\t<\/div>\n\t\t\t\t<\/div>\n\t\t\t\t\t<\/div>\n\t\t<\/div>\n\t\t\t\t\t<\/div>\n\t\t<\/section>\n\t\t\t\t\t<\/div>\n\t\t<\/div>\n\t\t\t\t\t<\/div>\n\t\t<\/section>\n\t\t\t\t<\/div>\n\t\t","protected":false},"excerpt":{"rendered":"<p>La medici\u00f3n de la velocidad de las superficies l\u00edquidas presenta una dificultad particular. Los sensores \u03bcSPEED incluso miden las velocidades en diferentes ubicaciones a lo ancho de las operaciones de recubrimiento de bandas<\/p>\n","protected":false},"author":2,"featured_media":3765,"parent":8029,"menu_order":4,"comment_status":"closed","ping_status":"closed","template":"","meta":{"footnotes":""},"yst_prominent_words":[],"class_list":{"0":"post-8031","1":"page","2":"type-page","3":"status-publish","4":"has-post-thumbnail","6":"resize-featured-image"},"_links":{"self":[{"href":"https:\/\/www.elovis.com\/es\/wp-json\/wp\/v2\/pages\/8031","targetHints":{"allow":["GET"]}}],"collection":[{"href":"https:\/\/www.elovis.com\/es\/wp-json\/wp\/v2\/pages"}],"about":[{"href":"https:\/\/www.elovis.com\/es\/wp-json\/wp\/v2\/types\/page"}],"author":[{"embeddable":true,"href":"https:\/\/www.elovis.com\/es\/wp-json\/wp\/v2\/users\/2"}],"replies":[{"embeddable":true,"href":"https:\/\/www.elovis.com\/es\/wp-json\/wp\/v2\/comments?post=8031"}],"version-history":[{"count":4,"href":"https:\/\/www.elovis.com\/es\/wp-json\/wp\/v2\/pages\/8031\/revisions"}],"predecessor-version":[{"id":1622153,"href":"https:\/\/www.elovis.com\/es\/wp-json\/wp\/v2\/pages\/8031\/revisions\/1622153"}],"up":[{"embeddable":true,"href":"https:\/\/www.elovis.com\/es\/wp-json\/wp\/v2\/pages\/8029"}],"wp:featuredmedia":[{"embeddable":true,"href":"https:\/\/www.elovis.com\/es\/wp-json\/wp\/v2\/media\/3765"}],"wp:attachment":[{"href":"https:\/\/www.elovis.com\/es\/wp-json\/wp\/v2\/media?parent=8031"}],"wp:term":[{"taxonomy":"yst_prominent_words","embeddable":true,"href":"https:\/\/www.elovis.com\/es\/wp-json\/wp\/v2\/yst_prominent_words?post=8031"}],"curies":[{"name":"wp","href":"https:\/\/api.w.org\/{rel}","templated":true}]}}