{"id":8017,"date":"2018-11-07T09:34:49","date_gmt":"2018-11-07T08:34:49","guid":{"rendered":"\/aplicaciones\/velocidad-sin-contacto-y-medicion-del-movimiento\/medicion-de-velocidad-portatil-movil\/"},"modified":"2020-01-02T13:01:54","modified_gmt":"2020-01-02T12:01:54","slug":"medicion-de-velocidad-portatil-movil","status":"publish","type":"page","link":"https:\/\/www.elovis.com\/es\/aplicaciones\/velocidad-sin-contacto-y-medicion-del-movimiento\/medicion-de-velocidad-portatil-movil\/","title":{"rendered":"Medici\u00f3n de velocidad port\u00e1til \/ m\u00f3vil"},"content":{"rendered":"\t\t<div data-elementor-type=\"wp-post\" data-elementor-id=\"8017\" class=\"elementor elementor-8017 elementor-5079\" data-elementor-post-type=\"page\">\n\t\t\t\t\t\t<section class=\"elementor-section elementor-top-section elementor-element elementor-element-7a5fc311 elementor-section-boxed elementor-section-height-default elementor-section-height-default\" data-id=\"7a5fc311\" data-element_type=\"section\" data-e-type=\"section\">\n\t\t\t\t\t\t<div class=\"elementor-container elementor-column-gap-default\">\n\t\t\t\t\t<div class=\"elementor-column elementor-col-100 elementor-top-column elementor-element elementor-element-710a63be\" data-id=\"710a63be\" data-element_type=\"column\" data-e-type=\"column\">\n\t\t\t<div class=\"elementor-widget-wrap elementor-element-populated\">\n\t\t\t\t\t\t<div class=\"elementor-element elementor-element-34744ab7 elementor-widget elementor-widget-text-editor\" data-id=\"34744ab7\" data-element_type=\"widget\" data-e-type=\"widget\" data-widget_type=\"text-editor.default\">\n\t\t\t\t<div class=\"elementor-widget-container\">\n\t\t\t\t\t\t\t\t\t<h2>R\u00e1pido y seguro de usar: muy preciso a\u00a0 velocidad m\u00e1xima<\/h2>\n\t\t\t\t\t\t\t\t<\/div>\n\t\t\t\t<\/div>\n\t\t\t\t\t<\/div>\n\t\t<\/div>\n\t\t\t\t\t<\/div>\n\t\t<\/section>\n\t\t\t\t<section class=\"elementor-section elementor-top-section elementor-element elementor-element-4bbd0352 elementor-section-boxed elementor-section-height-default elementor-section-height-default\" data-id=\"4bbd0352\" data-element_type=\"section\" data-e-type=\"section\">\n\t\t\t\t\t\t<div class=\"elementor-container elementor-column-gap-default\">\n\t\t\t\t\t<div class=\"elementor-column elementor-col-66 elementor-top-column elementor-element elementor-element-2c14435f\" data-id=\"2c14435f\" data-element_type=\"column\" data-e-type=\"column\">\n\t\t\t<div class=\"elementor-widget-wrap elementor-element-populated\">\n\t\t\t\t\t\t<div class=\"elementor-element elementor-element-fb89a8c elementor-widget elementor-widget-text-editor\" data-id=\"fb89a8c\" data-element_type=\"widget\" data-e-type=\"widget\" data-widget_type=\"text-editor.default\">\n\t\t\t\t<div class=\"elementor-widget-container\">\n\t\t\t\t\t\t\t\t\t<p>\t<p>\u00bfDesea un dispositivo de medici\u00f3n port\u00e1til para la medici\u00f3n de velocidades sin riesgos, pero confiable? &#8230; El registro parcial de los datos de velocidad crea transparencia, proporciona datos para encontrar fuentes de interferencia y, en \u00faltima instancia, conduce a la optimizaci\u00f3n de los procesos. Esto incluye la comprobaci\u00f3n peri\u00f3dica de los veloc\u00edmetros del sistema o de los dispositivos de medici\u00f3n de velocidad, as\u00ed como la detecci\u00f3n de fallos para encontrar fallos en el funcionamiento del sistema, tales como deslizamiento en el accionamiento, di\u00e1metro incorrecto del rodillo, tensi\u00f3n incorrecta. &#8230; Con un peso del sensor de solo 0,9 kg y equipado con un asistente de ajuste \u00f3ptico, las velocidades se pueden medir desde una distancia segura, pero con alta precisi\u00f3n. Para este prop\u00f3sito, el sensor \u03bcSPEED no se mantiene en la mano, pero se configura de forma muy r\u00e1pida y segura en paralelo a la medici\u00f3n de la m\u00e1quina por medio de un tr\u00edpode o brazo m\u00e1gico. De acuerdo con el concepto Plug and Play, \u03bcSPEED no tiene que parametrizarse ni adaptarse al material o la aplicaci\u00f3n. En casos extremos, incluso se realizan sistemas de medici\u00f3n de velocidad operados de forma aut\u00f3noma. Los sensores \u03bcSPEED equipados con una bater\u00eda y un registrador de datos requieren un m\u00ednimo de espacio de instalaci\u00f3n y pueden medir objetos que se operan lejos de la fuente de alimentaci\u00f3n y separados de los controles. Dichas aplicaciones se pueden encontrar, p. en automovilismo, veh\u00edculos ferroviarios y atracciones.<\/p><\/p>\n\t\t\t\t\t\t\t\t<\/div>\n\t\t\t\t<\/div>\n\t\t\t\t<section class=\"elementor-section elementor-inner-section elementor-element elementor-element-53c153a9 elementor-section-boxed elementor-section-height-default elementor-section-height-default\" data-id=\"53c153a9\" data-element_type=\"section\" data-e-type=\"section\">\n\t\t\t\t\t\t<div class=\"elementor-container elementor-column-gap-default\">\n\t\t\t\t\t<div class=\"elementor-column elementor-col-50 elementor-inner-column elementor-element elementor-element-1ad24e92\" data-id=\"1ad24e92\" data-element_type=\"column\" data-e-type=\"column\">\n\t\t\t<div class=\"elementor-widget-wrap elementor-element-populated\">\n\t\t\t\t\t\t<div class=\"elementor-element elementor-element-7552e833 elementor-widget elementor-widget-text-editor\" data-id=\"7552e833\" data-element_type=\"widget\" data-e-type=\"widget\" data-widget_type=\"text-editor.default\">\n\t\t\t\t<div class=\"elementor-widget-container\">\n\t\t\t\t\t\t\t\t\t<p>Materiales t\u00edpicos de rollo y carrete:<\/p>\n<ul>\n<li>Papel, cart\u00f3n, tejido, &#8230;<\/li>\n<li>Film, papel de aluminio, embalajes de pl\u00e1stico<\/li>\n<li>Textiles, alfombras, tela no tejida<\/li>\n<li>telas, hojas y l\u00e1minas de metal<\/li>\n<li>Cable, alambre, cuerda<\/li>\n<li>Perfiles, mangueras, hebras<\/li>\n<\/ul>\n\t\t\t\t\t\t\t\t<\/div>\n\t\t\t\t<\/div>\n\t\t\t\t\t<\/div>\n\t\t<\/div>\n\t\t\t\t<div class=\"elementor-column elementor-col-50 elementor-inner-column elementor-element elementor-element-2a463ee0\" data-id=\"2a463ee0\" data-element_type=\"column\" data-e-type=\"column\">\n\t\t\t<div class=\"elementor-widget-wrap elementor-element-populated\">\n\t\t\t\t\t\t<div class=\"elementor-element elementor-element-454cc291 elementor-widget elementor-widget-text-editor\" data-id=\"454cc291\" data-element_type=\"widget\" data-e-type=\"widget\" data-widget_type=\"text-editor.default\">\n\t\t\t\t<div class=\"elementor-widget-container\">\n\t\t\t\t\t\t\t\t\t<p>M\u00e1quinas t\u00edpicas con problemas de medici\u00f3n:<\/p>\n<ul>\n<li>cortador de rollos, cortador transversal<\/li>\n<li>Bobinadoras, rebobinadoras<\/li>\n<li>cortador longitudinal<\/li>\n<li>M\u00e1quinas de inspecci\u00f3n de telas<\/li>\n<li>m\u00e1quinas de calandrado<\/li>\n<li>M\u00e1quinas laminadoras<\/li>\n<\/ul>\n\t\t\t\t\t\t\t\t<\/div>\n\t\t\t\t<\/div>\n\t\t\t\t\t<\/div>\n\t\t<\/div>\n\t\t\t\t\t<\/div>\n\t\t<\/section>\n\t\t\t\t\t<\/div>\n\t\t<\/div>\n\t\t\t\t<div class=\"elementor-column elementor-col-33 elementor-top-column elementor-element elementor-element-46c8d102\" data-id=\"46c8d102\" data-element_type=\"column\" data-e-type=\"column\">\n\t\t\t<div class=\"elementor-widget-wrap elementor-element-populated\">\n\t\t\t\t\t\t<div class=\"elementor-element elementor-element-0fdf346 elementor-widget elementor-widget-shortcode\" data-id=\"0fdf346\" data-element_type=\"widget\" data-e-type=\"widget\" data-widget_type=\"shortcode.default\">\n\t\t\t\t<div class=\"elementor-widget-container\">\n\t\t\t\t\t\t\t<div class=\"elementor-shortcode\"><img decoding=\"async\" data-src=\"https:\/\/www.elovis.com\/wp-content\/uploads\/2018\/02\/24_Mobile-Geschwindigkeitsmessung.svg\" class=\"alignright wp-post-image lazyload\" alt=\"\" src=\"data:image\/svg+xml;base64,PHN2ZyB3aWR0aD0iMSIgaGVpZ2h0PSIxIiB4bWxucz0iaHR0cDovL3d3dy53My5vcmcvMjAwMC9zdmciPjwvc3ZnPg==\" \/><\/div>\n\t\t\t\t\t\t<\/div>\n\t\t\t\t<\/div>\n\t\t\t\t\t<\/div>\n\t\t<\/div>\n\t\t\t\t\t<\/div>\n\t\t<\/section>\n\t\t\t\t<section class=\"elementor-section elementor-top-section elementor-element elementor-element-202871e elementor-section-boxed elementor-section-height-default elementor-section-height-default\" data-id=\"202871e\" data-element_type=\"section\" data-e-type=\"section\">\n\t\t\t\t\t\t<div class=\"elementor-container elementor-column-gap-default\">\n\t\t\t\t\t<div class=\"elementor-column elementor-col-33 elementor-top-column elementor-element elementor-element-a22db8a\" data-id=\"a22db8a\" data-element_type=\"column\" data-e-type=\"column\">\n\t\t\t<div class=\"elementor-widget-wrap elementor-element-populated\">\n\t\t\t\t\t\t<div class=\"elementor-element elementor-element-1f71fd3 elementor-align-left elementor-widget elementor-widget-button\" data-id=\"1f71fd3\" data-element_type=\"widget\" data-e-type=\"widget\" data-widget_type=\"button.default\">\n\t\t\t\t<div class=\"elementor-widget-container\">\n\t\t\t\t\t\t\t\t\t<div class=\"elementor-button-wrapper\">\n\t\t\t\t\t<a class=\"elementor-button elementor-button-link elementor-size-sm\" href=\"\/?page_id=208010\">\n\t\t\t\t\t\t<span class=\"elementor-button-content-wrapper\">\n\t\t\t\t\t\t<span class=\"elementor-button-icon\">\n\t\t\t\t\t\t\t\t\t<i class=\"fa fa-youtube-play\" aria-hidden=\"true\"><\/i>\n\t\t\t\t\t\t\t<\/span>\n\t\t\t\t\t\t\t\t\t<span class=\"elementor-button-text\">Videos de aplicacion<\/span>\n\t\t\t\t\t<\/span>\n\t\t\t\t\t<\/a>\n\t\t\t\t<\/div>\n\t\t\t\t\t\t\t\t<\/div>\n\t\t\t\t<\/div>\n\t\t\t\t\t<\/div>\n\t\t<\/div>\n\t\t\t\t<div class=\"elementor-column elementor-col-33 elementor-top-column elementor-element elementor-element-20c6153\" data-id=\"20c6153\" data-element_type=\"column\" data-e-type=\"column\">\n\t\t\t<div class=\"elementor-widget-wrap elementor-element-populated\">\n\t\t\t\t\t\t<div class=\"elementor-element elementor-element-6df6baa elementor-widget elementor-widget-button\" data-id=\"6df6baa\" data-element_type=\"widget\" data-e-type=\"widget\" data-widget_type=\"button.default\">\n\t\t\t\t<div class=\"elementor-widget-container\">\n\t\t\t\t\t\t\t\t\t<div class=\"elementor-button-wrapper\">\n\t\t\t\t\t<a class=\"elementor-button elementor-button-link elementor-size-sm\" href=\"https:\/\/www.elovis.com\/es\/contacto\/\">\n\t\t\t\t\t\t<span class=\"elementor-button-content-wrapper\">\n\t\t\t\t\t\t<span class=\"elementor-button-icon\">\n\t\t\t\t\t\t\t\t\t<i class=\"fa fa-phone\" aria-hidden=\"true\"><\/i>\n\t\t\t\t\t\t\t<\/span>\n\t\t\t\t\t\t\t\t\t<span class=\"elementor-button-text\">Consultoria personalizada<\/span>\n\t\t\t\t\t<\/span>\n\t\t\t\t\t<\/a>\n\t\t\t\t<\/div>\n\t\t\t\t\t\t\t\t<\/div>\n\t\t\t\t<\/div>\n\t\t\t\t\t<\/div>\n\t\t<\/div>\n\t\t\t\t<div class=\"elementor-column elementor-col-33 elementor-top-column elementor-element elementor-element-41199a1\" data-id=\"41199a1\" data-element_type=\"column\" data-e-type=\"column\">\n\t\t\t<div class=\"elementor-widget-wrap\">\n\t\t\t\t\t\t\t<\/div>\n\t\t<\/div>\n\t\t\t\t\t<\/div>\n\t\t<\/section>\n\t\t\t\t<section class=\"elementor-section elementor-top-section elementor-element elementor-element-b053f2d elementor-section-boxed elementor-section-height-default elementor-section-height-default\" data-id=\"b053f2d\" data-element_type=\"section\" data-e-type=\"section\">\n\t\t\t\t\t\t<div class=\"elementor-container elementor-column-gap-default\">\n\t\t\t\t\t<div class=\"elementor-column elementor-col-100 elementor-top-column elementor-element elementor-element-b8bf301\" data-id=\"b8bf301\" data-element_type=\"column\" data-e-type=\"column\">\n\t\t\t<div class=\"elementor-widget-wrap elementor-element-populated\">\n\t\t\t\t\t\t<div class=\"elementor-element elementor-element-65127222 elementor-widget elementor-widget-heading\" data-id=\"65127222\" data-element_type=\"widget\" data-e-type=\"widget\" data-widget_type=\"heading.default\">\n\t\t\t\t<div class=\"elementor-widget-container\">\n\t\t\t\t\t<h2 class=\"elementor-heading-title elementor-size-default\">Ejemplos de Aplicaci\u00f3n<\/h2>\t\t\t\t<\/div>\n\t\t\t\t<\/div>\n\t\t\t\t<div class=\"elementor-element elementor-element-6fab365f elementor-widget elementor-widget-shortcode\" data-id=\"6fab365f\" data-element_type=\"widget\" data-e-type=\"widget\" data-widget_type=\"shortcode.default\">\n\t\t\t\t<div class=\"elementor-widget-container\">\n\t\t\t\t\t\t\t<div class=\"elementor-shortcode\">\t\t<div class=\"elementor-row elovis-example-row\"><div class=\"elementor-element elementor-column elementor-col-25 elementor-top-column \"\n    data-element_type=\"column\">\n\t<div class=\"elementor-column-wrap elementor-element-populated\">\n\t\t<div class=\"elementor-widget-wrap\">\n\t\t\t<div class=\"elementor-element elementor-widget elementor-widget-shortcode\" data-element_type=\"shortcode.default\">\n\t\t\t\t<div class=\"elementor-widget-container\">\n\t\t\t\t\t<div class=\"elementor-shortcode\">\n\t\t\t\t\t\t<div class=\"elovis-example\">\n\t\t\t\t\t\t\t<a href=\"https:\/\/www.elovis.com\/es\/aplicaciones\/velocidad-sin-contacto-y-medicion-del-movimiento\/medicion-de-velocidad-portatil-movil\/geschwindigkeitsmessung-mit-stativ-magic-arm\/\" title=\"V-Medici\u00f3n con sensor port\u00e1til\">\n\t\t\t\t\t\t\t\t<img fetchpriority=\"high\" decoding=\"async\" width=\"300\" height=\"225\" src=\"https:\/\/www.elovis.com\/wp-content\/smush-webp\/2018\/03\/Portable-Messung_Magic-Arm-1-300x225.jpg.webp\" class=\"attachment-medium size-medium wp-post-image\" alt=\"\" srcset=\"https:\/\/www.elovis.com\/wp-content\/smush-webp\/2018\/03\/Portable-Messung_Magic-Arm-1-300x225.jpg.webp 300w, https:\/\/www.elovis.com\/wp-content\/smush-webp\/2018\/03\/Portable-Messung_Magic-Arm-1-768x576.jpg.webp 768w, https:\/\/www.elovis.com\/wp-content\/uploads\/2018\/03\/Portable-Messung_Magic-Arm-1.jpg 1024w\" sizes=\"(max-width: 300px) 100vw, 300px\" data-smush-webp-fallback=\"{&quot;src&quot;:&quot;https:\\\/\\\/www.elovis.com\\\/wp-content\\\/uploads\\\/2018\\\/03\\\/Portable-Messung_Magic-Arm-1-300x225.jpg&quot;,&quot;srcset&quot;:&quot;https:\\\/\\\/www.elovis.com\\\/wp-content\\\/uploads\\\/2018\\\/03\\\/Portable-Messung_Magic-Arm-1-300x225.jpg 300w, https:\\\/\\\/www.elovis.com\\\/wp-content\\\/uploads\\\/2018\\\/03\\\/Portable-Messung_Magic-Arm-1-768x576.jpg 768w, https:\\\/\\\/www.elovis.com\\\/wp-content\\\/uploads\\\/2018\\\/03\\\/Portable-Messung_Magic-Arm-1.jpg 1024w&quot;}\" \/>\n\t\t\t\t\t\t\t\t<h3>V-Medici\u00f3n con sensor port\u00e1til<\/h3>\n\t\t\t\t\t\t\t<\/a>\n\t\t\t\t\t\t\t<p>A menudo, los operarios de una planta se interesan por las velocidades de los tejidos y los componentes de la planta ...<\/p>\n\t\t\t\t\t\t<\/div>\n\t\t\t\t\t<\/div>\n\t\t\t\t<\/div>\n\t\t\t<\/div>\n\t\t<\/div>\n\t<\/div>\n<\/div><\/div><\/div>\n\t\t\t\t\t\t<\/div>\n\t\t\t\t<\/div>\n\t\t\t\t<div class=\"elementor-element elementor-element-7bd44090 elementor-widget elementor-widget-heading\" data-id=\"7bd44090\" data-element_type=\"widget\" data-e-type=\"widget\" data-widget_type=\"heading.default\">\n\t\t\t\t<div class=\"elementor-widget-container\">\n\t\t\t\t\t<h2 class=\"elementor-heading-title elementor-size-default\">Productos y servicios a juego<\/h2>\t\t\t\t<\/div>\n\t\t\t\t<\/div>\n\t\t\t\t<div class=\"elementor-element elementor-element-7b7035fb elementor-widget elementor-widget-shortcode\" data-id=\"7b7035fb\" data-element_type=\"widget\" data-e-type=\"widget\" data-widget_type=\"shortcode.default\">\n\t\t\t\t<div class=\"elementor-widget-container\">\n\t\t\t\t\t\t\t<div class=\"elementor-shortcode\">\t\t<section\n\t\t\tclass=\"elementor-section elementor-top-section elementor-element elementor-element-2f30f66b elementor-section-boxed elementor-section-height-default elementor-section-height-default\"\n\t\t\tstyle=\"margin:-10px\"\n\t\t\tdata-element_type=\"section\">\n\t\t\t<div class=\"elementor-container elementor-column-gap-default\">\n\t\t\t\t<div class=\"elementor-column elementor-col-25 elementor-top-column elementor-element elementor-element-50798f78\"\n\t\t\t\t\tdata-element_type=\"column\">\n\t\t\t\t\t<div class=\"elementor-widget-wrap elementor-element-populated\">\n\t\t\t\t\t\t<div class=\"elementor-element elementor-element-24415776 elementor-widget elementor-widget-image\"\n\t\t\t\t\t\t\tdata-element_type=\"widget\" data-widget_type=\"image.default\">\n\t\t\t\t\t\t\t<div class=\"elementor-widget-container\">\n\t\t\t\t\t\t\t\t<a href=\"https:\/\/www.elovis.com\/es\/productos\/sistemas-de-medicion-de-longitud-y-velocidad-de-codificador-laser\/\">\n\t\t\t\t\t\t\t\t\t<img decoding=\"async\" width=\"300\" height=\"225\" data-src=\"https:\/\/www.elovis.com\/wp-content\/smush-webp\/2017\/12\/bewegung_messen-be-300x225.jpg.webp\" class=\"attachment-medium size-medium wp-post-image lazyload\" alt=\"Medici\u00f3n de la longitud sin contacto con un codificador l\u00e1ser\" data-srcset=\"https:\/\/www.elovis.com\/wp-content\/smush-webp\/2017\/12\/bewegung_messen-be-300x225.jpg.webp 300w, https:\/\/www.elovis.com\/wp-content\/smush-webp\/2017\/12\/bewegung_messen-be-768x576.jpg.webp 768w, https:\/\/www.elovis.com\/wp-content\/smush-webp\/2017\/12\/bewegung_messen-be-1024x768.jpg.webp 1024w, https:\/\/www.elovis.com\/wp-content\/uploads\/2017\/12\/bewegung_messen-be.jpg 1360w\" data-sizes=\"(max-width: 300px) 100vw, 300px\" src=\"data:image\/svg+xml;base64,PHN2ZyB3aWR0aD0iMSIgaGVpZ2h0PSIxIiB4bWxucz0iaHR0cDovL3d3dy53My5vcmcvMjAwMC9zdmciPjwvc3ZnPg==\" style=\"--smush-placeholder-width: 300px; --smush-placeholder-aspect-ratio: 300\/225;\" data-smush-webp-fallback=\"{&quot;data-src&quot;:&quot;https:\\\/\\\/www.elovis.com\\\/wp-content\\\/uploads\\\/2017\\\/12\\\/bewegung_messen-be-300x225.jpg&quot;,&quot;data-srcset&quot;:&quot;https:\\\/\\\/www.elovis.com\\\/wp-content\\\/uploads\\\/2017\\\/12\\\/bewegung_messen-be-300x225.jpg 300w, https:\\\/\\\/www.elovis.com\\\/wp-content\\\/uploads\\\/2017\\\/12\\\/bewegung_messen-be-768x576.jpg 768w, https:\\\/\\\/www.elovis.com\\\/wp-content\\\/uploads\\\/2017\\\/12\\\/bewegung_messen-be-1024x768.jpg 1024w, https:\\\/\\\/www.elovis.com\\\/wp-content\\\/uploads\\\/2017\\\/12\\\/bewegung_messen-be.jpg 1360w&quot;}\" \/>\n\t\t\t\t\t\t\t<\/div>\n\t\t\t\t\t\t<\/div>\n\t\t\t\t\t<\/div>\n\t\t\t\t<\/div>\n\t\t\t\t<div class=\"elementor-column elementor-col-75 elementor-top-column elementor-element elementor-element-247710d2\"\n\t\t\t\t\tdata-element_type=\"column\">\n\t\t\t\t\t<div class=\"elementor-widget-wrap elementor-element-populated\">\n\t\t\t\t\t\t<div class=\"elementor-element elementor-element-1943c0c8 elementor-widget elementor-widget-text-editor\"\n\t\t\t\t\t\t\tdata-element_type=\"widget\" data-widget_type=\"text-editor.default\">\n\t\t\t\t\t\t\t<div class=\"elementor-widget-container\">\n\t\t\t\t\t\t\t\t<h2>\n\t\t\t\t\t\t\t\t\t<a href=\"https:\/\/www.elovis.com\/es\/productos\/sistemas-de-medicion-de-longitud-y-velocidad-de-codificador-laser\/\">Sistemas de Medici\u00f3n de Longitud y Velocidad de Codificador L\u00e1ser<\/a>\n\t\t\t\t\t\t\t\t<\/h2>\n\t\t\t\t\t\t\t\t<p><ul>\r\n \t<li>Medida de longitud y velocidad sin contacto, \u00f3pticamente con un l\u00e1ser<\/li>\r\n \t<li>  Longitud y velocidad sin deslizamiento, sin mantenimiento, calibrado permanentemente y mesurado con precisi\u00f3n <\/li>\r\n \t<li>El Laser -codificador reemplaza una medici\u00f3n t\u00e1ctil a trav\u00e9s del impulsor, rodillo de medici\u00f3n o accionamiento de la m\u00e1quina<\/li>\r\n \t<li>Medici\u00f3n de superficies en movimiento mediante veloc\u00edmetro de superficie l\u00e1ser-doppler<\/li>\r\n<\/ul><\/p>\n\t\t\t\t\t\t\t<\/div>\n\t\t\t\t\t\t<\/div>\n\t\t\t\t\t<\/div>\n\t\t\t\t<\/div>\n\t\t\t<\/div>\n\t\t<\/section><\/div>\n\t\t\t\t\t\t<\/div>\n\t\t\t\t<\/div>\n\t\t\t\t\t<\/div>\n\t\t<\/div>\n\t\t\t\t\t<\/div>\n\t\t<\/section>\n\t\t\t\t<section class=\"elementor-section elementor-top-section elementor-element elementor-element-5ee34d66 elementor-section-boxed elementor-section-height-default elementor-section-height-default\" data-id=\"5ee34d66\" data-element_type=\"section\" data-e-type=\"section\">\n\t\t\t\t\t\t<div class=\"elementor-container elementor-column-gap-default\">\n\t\t\t\t\t<div class=\"elementor-column elementor-col-50 elementor-top-column elementor-element elementor-element-576b1839\" data-id=\"576b1839\" data-element_type=\"column\" data-e-type=\"column\">\n\t\t\t<div class=\"elementor-widget-wrap elementor-element-populated\">\n\t\t\t\t\t\t<div class=\"elementor-element elementor-element-5c6279f1 elementor-widget elementor-widget-image\" data-id=\"5c6279f1\" data-element_type=\"widget\" data-e-type=\"widget\" data-widget_type=\"image.default\">\n\t\t\t\t<div class=\"elementor-widget-container\">\n\t\t\t\t\t\t\t\t\t\t\t\t\t\t\t\t<a href=\"https:\/\/www.elovis.com\/en\/services\/\">\n\t\t\t\t\t\t\t<img decoding=\"async\" width=\"1024\" height=\"768\" data-src=\"https:\/\/www.elovis.com\/wp-content\/smush-webp\/2019\/01\/ServiceFertig1GrauVerlauf-1024x768.png.webp\" class=\"attachment-large size-large wp-image-9473 lazyload\" alt=\"\" data-srcset=\"https:\/\/www.elovis.com\/wp-content\/smush-webp\/2019\/01\/ServiceFertig1GrauVerlauf-1024x768.png.webp 1024w, https:\/\/www.elovis.com\/wp-content\/smush-webp\/2019\/01\/ServiceFertig1GrauVerlauf-300x225.png.webp 300w, https:\/\/www.elovis.com\/wp-content\/smush-webp\/2019\/01\/ServiceFertig1GrauVerlauf-768x576.png.webp 768w, https:\/\/www.elovis.com\/wp-content\/uploads\/2019\/01\/ServiceFertig1GrauVerlauf.png 2000w\" data-sizes=\"(max-width: 1024px) 100vw, 1024px\" src=\"data:image\/svg+xml;base64,PHN2ZyB3aWR0aD0iMSIgaGVpZ2h0PSIxIiB4bWxucz0iaHR0cDovL3d3dy53My5vcmcvMjAwMC9zdmciPjwvc3ZnPg==\" style=\"--smush-placeholder-width: 1024px; --smush-placeholder-aspect-ratio: 1024\/768;\" data-smush-webp-fallback=\"{&quot;data-src&quot;:&quot;https:\\\/\\\/www.elovis.com\\\/wp-content\\\/uploads\\\/2019\\\/01\\\/ServiceFertig1GrauVerlauf-1024x768.png&quot;,&quot;data-srcset&quot;:&quot;https:\\\/\\\/www.elovis.com\\\/wp-content\\\/uploads\\\/2019\\\/01\\\/ServiceFertig1GrauVerlauf-1024x768.png 1024w, https:\\\/\\\/www.elovis.com\\\/wp-content\\\/uploads\\\/2019\\\/01\\\/ServiceFertig1GrauVerlauf-300x225.png 300w, https:\\\/\\\/www.elovis.com\\\/wp-content\\\/uploads\\\/2019\\\/01\\\/ServiceFertig1GrauVerlauf-768x576.png 768w, https:\\\/\\\/www.elovis.com\\\/wp-content\\\/uploads\\\/2019\\\/01\\\/ServiceFertig1GrauVerlauf.png 2000w&quot;}\" \/>\t\t\t\t\t\t\t\t<\/a>\n\t\t\t\t\t\t\t\t\t\t\t\t\t\t\t<\/div>\n\t\t\t\t<\/div>\n\t\t\t\t\t<\/div>\n\t\t<\/div>\n\t\t\t\t<div class=\"elementor-column elementor-col-50 elementor-top-column elementor-element elementor-element-73d2c636\" data-id=\"73d2c636\" data-element_type=\"column\" data-e-type=\"column\">\n\t\t\t<div class=\"elementor-widget-wrap elementor-element-populated\">\n\t\t\t\t\t\t<div class=\"elementor-element elementor-element-1bd8e5da elementor-widget elementor-widget-text-editor\" data-id=\"1bd8e5da\" data-element_type=\"widget\" data-e-type=\"widget\" data-widget_type=\"text-editor.default\">\n\t\t\t\t<div class=\"elementor-widget-container\">\n\t\t\t\t\t\t\t\t\t<h2>Servicios ELOVIS<\/h2>\n<p>ELOVIS ofrece los siguientes servicios en la area de medici\u00f3n de velocidad:<\/p>\n<ul>\n<li>Asesoramiento sobre la medici\u00f3n de velocidad m\u00f3vil<\/li>\n<li>Servicios de medici\u00f3n y calibraci\u00f3n<\/li>\n<li>Ayuda para encontrar fallos en el sistema<\/li>\n<li>Desarrollos de sensores OEM en el campo de la medici\u00f3n de velocidad m\u00f3vil<\/li>\n<\/ul>\n\t\t\t\t\t\t\t\t<\/div>\n\t\t\t\t<\/div>\n\t\t\t\t\t<\/div>\n\t\t<\/div>\n\t\t\t\t\t<\/div>\n\t\t<\/section>\n\t\t\t\t<\/div>\n\t\t","protected":false},"excerpt":{"rendered":"<p>\u00bfDesea un dispositivo de medici\u00f3n port\u00e1til para la medici\u00f3n de velocidades sin riesgos, pero confiable? &#8230; El registro parcial de los datos de velocidad crea transparencia, proporciona datos para encontrar fuentes de interferencia y, en \u00faltima instancia, conduce a la optimizaci\u00f3n de los procesos. Esto incluye la comprobaci\u00f3n peri\u00f3dica de los veloc\u00edmetros del sistema o de los dispositivos de medici\u00f3n de velocidad, as\u00ed como la detecci\u00f3n de fallos para encontrar fallos en el funcionamiento del sistema, tales como deslizamiento en el accionamiento, di\u00e1metro incorrecto del rodillo, tensi\u00f3n incorrecta. &#8230; Con un peso del sensor de solo 0,9 kg y equipado con un asistente de ajuste \u00f3ptico, las velocidades se pueden medir desde una distancia segura, pero con alta precisi\u00f3n. Para este prop\u00f3sito, el sensor \u03bcSPEED no se mantiene en la mano, pero se configura de forma muy r\u00e1pida y segura en paralelo a la medici\u00f3n de la m\u00e1quina por medio de un tr\u00edpode o brazo m\u00e1gico. De acuerdo con el concepto Plug and Play, \u03bcSPEED no tiene que parametrizarse ni adaptarse al material o la aplicaci\u00f3n. En casos extremos, incluso se realizan sistemas de medici\u00f3n de velocidad operados de forma aut\u00f3noma. Los sensores \u03bcSPEED equipados con una bater\u00eda y un registrador de datos requieren un m\u00ednimo de espacio de instalaci\u00f3n y pueden medir objetos que se operan lejos de la fuente de alimentaci\u00f3n y separados de los controles. Dichas aplicaciones se pueden encontrar, p. en automovilismo, veh\u00edculos ferroviarios y atracciones.<\/p>\n","protected":false},"author":2,"featured_media":2452,"parent":7995,"menu_order":9,"comment_status":"closed","ping_status":"closed","template":"","meta":{"footnotes":""},"yst_prominent_words":[],"class_list":{"0":"post-8017","1":"page","2":"type-page","3":"status-publish","4":"has-post-thumbnail","6":"resize-featured-image"},"_links":{"self":[{"href":"https:\/\/www.elovis.com\/es\/wp-json\/wp\/v2\/pages\/8017","targetHints":{"allow":["GET"]}}],"collection":[{"href":"https:\/\/www.elovis.com\/es\/wp-json\/wp\/v2\/pages"}],"about":[{"href":"https:\/\/www.elovis.com\/es\/wp-json\/wp\/v2\/types\/page"}],"author":[{"embeddable":true,"href":"https:\/\/www.elovis.com\/es\/wp-json\/wp\/v2\/users\/2"}],"replies":[{"embeddable":true,"href":"https:\/\/www.elovis.com\/es\/wp-json\/wp\/v2\/comments?post=8017"}],"version-history":[{"count":3,"href":"https:\/\/www.elovis.com\/es\/wp-json\/wp\/v2\/pages\/8017\/revisions"}],"predecessor-version":[{"id":445804,"href":"https:\/\/www.elovis.com\/es\/wp-json\/wp\/v2\/pages\/8017\/revisions\/445804"}],"up":[{"embeddable":true,"href":"https:\/\/www.elovis.com\/es\/wp-json\/wp\/v2\/pages\/7995"}],"wp:featuredmedia":[{"embeddable":true,"href":"https:\/\/www.elovis.com\/es\/wp-json\/wp\/v2\/media\/2452"}],"wp:attachment":[{"href":"https:\/\/www.elovis.com\/es\/wp-json\/wp\/v2\/media?parent=8017"}],"wp:term":[{"taxonomy":"yst_prominent_words","embeddable":true,"href":"https:\/\/www.elovis.com\/es\/wp-json\/wp\/v2\/yst_prominent_words?post=8017"}],"curies":[{"name":"wp","href":"https:\/\/api.w.org\/{rel}","templated":true}]}}