{"id":7985,"date":"2018-11-07T08:16:20","date_gmt":"2018-11-07T07:16:20","guid":{"rendered":"\/aplicaciones\/medicion-de-longitud-sin-contacto\/medicion-de-las-distancias-de-marca\/"},"modified":"2019-12-23T11:42:16","modified_gmt":"2019-12-23T10:42:16","slug":"medicion-de-las-distancias-de-marca","status":"publish","type":"page","link":"https:\/\/www.elovis.com\/es\/aplicaciones\/medicion-de-longitud-sin-contacto\/medicion-de-las-distancias-de-marca\/","title":{"rendered":"Medici\u00f3n de las distancias de marca"},"content":{"rendered":"\t\t<div data-elementor-type=\"wp-post\" data-elementor-id=\"7985\" class=\"elementor elementor-7985 elementor-3244\" data-elementor-post-type=\"page\">\n\t\t\t\t\t\t<section class=\"elementor-section elementor-top-section elementor-element elementor-element-64e8bbea elementor-section-boxed elementor-section-height-default elementor-section-height-default\" data-id=\"64e8bbea\" data-element_type=\"section\" data-e-type=\"section\">\n\t\t\t\t\t\t<div class=\"elementor-container elementor-column-gap-default\">\n\t\t\t\t\t<div class=\"elementor-column elementor-col-100 elementor-top-column elementor-element elementor-element-68bccbb9\" data-id=\"68bccbb9\" data-element_type=\"column\" data-e-type=\"column\">\n\t\t\t<div class=\"elementor-widget-wrap elementor-element-populated\">\n\t\t\t\t\t\t<div class=\"elementor-element elementor-element-2cb64241 elementor-widget elementor-widget-text-editor\" data-id=\"2cb64241\" data-element_type=\"widget\" data-e-type=\"widget\" data-widget_type=\"text-editor.default\">\n\t\t\t\t<div class=\"elementor-widget-container\">\n\t\t\t\t\t\t\t\t\t<h2>Medici\u00f3n de longitud de repetici\u00f3n &#8211; alta precisi\u00f3n a velocidad m\u00e1xima<\/h2>\n\t\t\t\t\t\t\t\t<\/div>\n\t\t\t\t<\/div>\n\t\t\t\t\t<\/div>\n\t\t<\/div>\n\t\t\t\t\t<\/div>\n\t\t<\/section>\n\t\t\t\t<section class=\"elementor-section elementor-top-section elementor-element elementor-element-7209733 elementor-section-boxed elementor-section-height-default elementor-section-height-default\" data-id=\"7209733\" data-element_type=\"section\" data-e-type=\"section\">\n\t\t\t\t\t\t<div class=\"elementor-container elementor-column-gap-default\">\n\t\t\t\t\t<div class=\"elementor-column elementor-col-66 elementor-top-column elementor-element elementor-element-e97e183\" data-id=\"e97e183\" data-element_type=\"column\" data-e-type=\"column\">\n\t\t\t<div class=\"elementor-widget-wrap elementor-element-populated\">\n\t\t\t\t\t\t<div class=\"elementor-element elementor-element-0a0d16d elementor-widget elementor-widget-text-editor\" data-id=\"0a0d16d\" data-element_type=\"widget\" data-e-type=\"widget\" data-widget_type=\"text-editor.default\">\n\t\t\t\t<div class=\"elementor-widget-container\">\n\t\t\t\t\t\t\t\t\t<p>\t<p>El prop\u00f3sito de la medici\u00f3n de la longitud de repetici\u00f3n es acortar el proceso de puesta en marcha y lograr distancias de marca permanentemente correctas. Cuando las elasticidades del producto y las series de la m\u00e1quina tienen que coincidir, y cuando las distancias de la marca deben estar en un rango de tolerancia definido por el cliente, se exige a las impresoras y los ingenieros de proceso. Sin herramientas y confiando en sus sentidos, el trabajo de ajuste puede consumir y malgastar mucho tiempo. &#8230; Ya sean mediciones con fines de documentaci\u00f3n, desde la supervisi\u00f3n del proceso hasta el control del proceso, los sistemas de medici\u00f3n de repetici\u00f3n \u03bcSPEED-RL son soluciones de medici\u00f3n sin contacto y de precisi\u00f3n constante.<\/p><\/p>\n\t\t\t\t\t\t\t\t<\/div>\n\t\t\t\t<\/div>\n\t\t\t\t<section class=\"elementor-section elementor-inner-section elementor-element elementor-element-7fa17678 elementor-section-boxed elementor-section-height-default elementor-section-height-default\" data-id=\"7fa17678\" data-element_type=\"section\" data-e-type=\"section\">\n\t\t\t\t\t\t<div class=\"elementor-container elementor-column-gap-default\">\n\t\t\t\t\t<div class=\"elementor-column elementor-col-50 elementor-inner-column elementor-element elementor-element-2a27940e\" data-id=\"2a27940e\" data-element_type=\"column\" data-e-type=\"column\">\n\t\t\t<div class=\"elementor-widget-wrap elementor-element-populated\">\n\t\t\t\t\t\t<div class=\"elementor-element elementor-element-207f550c elementor-widget elementor-widget-text-editor\" data-id=\"207f550c\" data-element_type=\"widget\" data-e-type=\"widget\" data-widget_type=\"text-editor.default\">\n\t\t\t\t<div class=\"elementor-widget-container\">\n\t\t\t\t\t\t\t\t\t<p>Materiales t\u00edpicos de medici\u00f3n impresos:<\/p>\n<ul>\n<li>Papel, cart\u00f3n, tejido, &#8230;<\/li>\n<li>Pel\u00edcula, papel de aluminio, envases de pl\u00e1stico<\/li>\n<li>Textiles, alfombras, tela no tejida, tela<\/li>\n<li>\u00a0hojas, l\u00e1minas de metal<\/li>\n<li>Cable, alambre, cuerda<\/li>\n<li>Perfiles, tubos, hebras<\/li>\n<\/ul>\n\t\t\t\t\t\t\t\t<\/div>\n\t\t\t\t<\/div>\n\t\t\t\t\t<\/div>\n\t\t<\/div>\n\t\t\t\t<div class=\"elementor-column elementor-col-50 elementor-inner-column elementor-element elementor-element-6062f389\" data-id=\"6062f389\" data-element_type=\"column\" data-e-type=\"column\">\n\t\t\t<div class=\"elementor-widget-wrap elementor-element-populated\">\n\t\t\t\t\t\t<div class=\"elementor-element elementor-element-6be76a2e elementor-widget elementor-widget-text-editor\" data-id=\"6be76a2e\" data-element_type=\"widget\" data-e-type=\"widget\" data-widget_type=\"text-editor.default\">\n\t\t\t\t<div class=\"elementor-widget-container\">\n\t\t\t\t\t\t\t\t\t<p>M\u00e1quinas t\u00edpicas con problemas de medici\u00f3n:<\/p>\n<ul>\n<li>Impresoras<\/li>\n<li>M\u00e1quinas de impresi\u00f3n para bandas<\/li>\n<li>Rebobinadora<\/li>\n<li>Impresoras de rodillo<\/li>\n<li>Impresoras de inyecci\u00f3n de tinta<\/li>\n<li>Sistemas de marcado por l\u00e1ser<\/li>\n<\/ul>\n\t\t\t\t\t\t\t\t<\/div>\n\t\t\t\t<\/div>\n\t\t\t\t\t<\/div>\n\t\t<\/div>\n\t\t\t\t\t<\/div>\n\t\t<\/section>\n\t\t\t\t\t<\/div>\n\t\t<\/div>\n\t\t\t\t<div class=\"elementor-column elementor-col-33 elementor-top-column elementor-element elementor-element-5cab2277\" data-id=\"5cab2277\" data-element_type=\"column\" data-e-type=\"column\">\n\t\t\t<div class=\"elementor-widget-wrap elementor-element-populated\">\n\t\t\t\t\t\t<div class=\"elementor-element elementor-element-dbc89b1 elementor-widget elementor-widget-shortcode\" data-id=\"dbc89b1\" data-element_type=\"widget\" data-e-type=\"widget\" data-widget_type=\"shortcode.default\">\n\t\t\t\t<div class=\"elementor-widget-container\">\n\t\t\t\t\t\t\t<div class=\"elementor-shortcode\"><img decoding=\"async\" data-src=\"https:\/\/www.elovis.com\/wp-content\/uploads\/2018\/02\/17_Markenabst\u00e4nde.svg\" class=\"alignright wp-post-image lazyload\" alt=\"\" src=\"data:image\/svg+xml;base64,PHN2ZyB3aWR0aD0iMSIgaGVpZ2h0PSIxIiB4bWxucz0iaHR0cDovL3d3dy53My5vcmcvMjAwMC9zdmciPjwvc3ZnPg==\" \/><\/div>\n\t\t\t\t\t\t<\/div>\n\t\t\t\t<\/div>\n\t\t\t\t\t<\/div>\n\t\t<\/div>\n\t\t\t\t\t<\/div>\n\t\t<\/section>\n\t\t\t\t<section class=\"elementor-section elementor-top-section elementor-element elementor-element-96dfbbc elementor-section-boxed elementor-section-height-default elementor-section-height-default\" data-id=\"96dfbbc\" data-element_type=\"section\" data-e-type=\"section\">\n\t\t\t\t\t\t<div class=\"elementor-container elementor-column-gap-default\">\n\t\t\t\t\t<div class=\"elementor-column elementor-col-33 elementor-top-column elementor-element elementor-element-1087225\" data-id=\"1087225\" data-element_type=\"column\" data-e-type=\"column\">\n\t\t\t<div class=\"elementor-widget-wrap elementor-element-populated\">\n\t\t\t\t\t\t<div class=\"elementor-element elementor-element-6bf05dd elementor-align-left elementor-widget elementor-widget-button\" data-id=\"6bf05dd\" data-element_type=\"widget\" data-e-type=\"widget\" data-widget_type=\"button.default\">\n\t\t\t\t<div class=\"elementor-widget-container\">\n\t\t\t\t\t\t\t\t\t<div class=\"elementor-button-wrapper\">\n\t\t\t\t\t<a class=\"elementor-button elementor-button-link elementor-size-sm\" href=\"\/?page_id=207970\">\n\t\t\t\t\t\t<span class=\"elementor-button-content-wrapper\">\n\t\t\t\t\t\t<span class=\"elementor-button-icon\">\n\t\t\t\t\t\t\t\t\t<i class=\"fa fa-youtube-play\" aria-hidden=\"true\"><\/i>\n\t\t\t\t\t\t\t<\/span>\n\t\t\t\t\t\t\t\t\t<span class=\"elementor-button-text\">Videos de aplicacion<\/span>\n\t\t\t\t\t<\/span>\n\t\t\t\t\t<\/a>\n\t\t\t\t<\/div>\n\t\t\t\t\t\t\t\t<\/div>\n\t\t\t\t<\/div>\n\t\t\t\t\t<\/div>\n\t\t<\/div>\n\t\t\t\t<div class=\"elementor-column elementor-col-33 elementor-top-column elementor-element elementor-element-d5b25b5\" data-id=\"d5b25b5\" data-element_type=\"column\" data-e-type=\"column\">\n\t\t\t<div class=\"elementor-widget-wrap elementor-element-populated\">\n\t\t\t\t\t\t<div class=\"elementor-element elementor-element-9a0de84 elementor-widget elementor-widget-button\" data-id=\"9a0de84\" data-element_type=\"widget\" data-e-type=\"widget\" data-widget_type=\"button.default\">\n\t\t\t\t<div class=\"elementor-widget-container\">\n\t\t\t\t\t\t\t\t\t<div class=\"elementor-button-wrapper\">\n\t\t\t\t\t<a class=\"elementor-button elementor-button-link elementor-size-sm\" href=\"https:\/\/www.elovis.com\/es\/contacto\/\">\n\t\t\t\t\t\t<span class=\"elementor-button-content-wrapper\">\n\t\t\t\t\t\t<span class=\"elementor-button-icon\">\n\t\t\t\t\t\t\t\t\t<i class=\"fa fa-phone\" aria-hidden=\"true\"><\/i>\n\t\t\t\t\t\t\t<\/span>\n\t\t\t\t\t\t\t\t\t<span class=\"elementor-button-text\">Consultoria personalizada<\/span>\n\t\t\t\t\t<\/span>\n\t\t\t\t\t<\/a>\n\t\t\t\t<\/div>\n\t\t\t\t\t\t\t\t<\/div>\n\t\t\t\t<\/div>\n\t\t\t\t\t<\/div>\n\t\t<\/div>\n\t\t\t\t<div class=\"elementor-column elementor-col-33 elementor-top-column elementor-element elementor-element-6737ba5\" data-id=\"6737ba5\" data-element_type=\"column\" data-e-type=\"column\">\n\t\t\t<div class=\"elementor-widget-wrap\">\n\t\t\t\t\t\t\t<\/div>\n\t\t<\/div>\n\t\t\t\t\t<\/div>\n\t\t<\/section>\n\t\t\t\t<section class=\"elementor-section elementor-top-section elementor-element elementor-element-4b783637 elementor-section-boxed elementor-section-height-default elementor-section-height-default\" data-id=\"4b783637\" data-element_type=\"section\" data-e-type=\"section\">\n\t\t\t\t\t\t<div class=\"elementor-container elementor-column-gap-default\">\n\t\t\t\t\t<div class=\"elementor-column elementor-col-100 elementor-top-column elementor-element elementor-element-477e5e5\" data-id=\"477e5e5\" data-element_type=\"column\" data-e-type=\"column\">\n\t\t\t<div class=\"elementor-widget-wrap elementor-element-populated\">\n\t\t\t\t\t\t<div class=\"elementor-element elementor-element-6e698f90 elementor-widget elementor-widget-heading\" data-id=\"6e698f90\" data-element_type=\"widget\" data-e-type=\"widget\" data-widget_type=\"heading.default\">\n\t\t\t\t<div class=\"elementor-widget-container\">\n\t\t\t\t\t<h2 class=\"elementor-heading-title elementor-size-default\">Ejemplos de Aplicaci\u00f3n<\/h2>\t\t\t\t<\/div>\n\t\t\t\t<\/div>\n\t\t\t\t<div class=\"elementor-element elementor-element-142915a9 elementor-widget elementor-widget-shortcode\" data-id=\"142915a9\" data-element_type=\"widget\" data-e-type=\"widget\" data-widget_type=\"shortcode.default\">\n\t\t\t\t<div class=\"elementor-widget-container\">\n\t\t\t\t\t\t\t<div class=\"elementor-shortcode\">\t\t<div class=\"elementor-row elovis-example-row\"><div class=\"elementor-element elementor-column elementor-col-25 elementor-top-column \"\n    data-element_type=\"column\">\n\t<div class=\"elementor-column-wrap elementor-element-populated\">\n\t\t<div class=\"elementor-widget-wrap\">\n\t\t\t<div class=\"elementor-element elementor-widget elementor-widget-shortcode\" data-element_type=\"shortcode.default\">\n\t\t\t\t<div class=\"elementor-widget-container\">\n\t\t\t\t\t<div class=\"elementor-shortcode\">\n\t\t\t\t\t\t<div class=\"elovis-example\">\n\t\t\t\t\t\t\t<a href=\"https:\/\/www.elovis.com\/es\/aplicaciones\/medicion-de-longitud-sin-contacto\/medicion-de-las-distancias-de-marca\/sistema-de-medicion-de-longitud-de-repeticion\/\" title=\"Sistema de medici\u00f3n de longitud de repetici\u00f3n\">\n\t\t\t\t\t\t\t\t<img fetchpriority=\"high\" decoding=\"async\" width=\"300\" height=\"225\" src=\"https:\/\/www.elovis.com\/wp-content\/smush-webp\/2018\/03\/Rapportl\u00e4nge_00-300x225.jpg.webp\" class=\"attachment-medium size-medium wp-post-image\" alt=\"\" srcset=\"https:\/\/www.elovis.com\/wp-content\/smush-webp\/2018\/03\/Rapportl\u00e4nge_00-300x225.jpg.webp 300w, https:\/\/www.elovis.com\/wp-content\/smush-webp\/2018\/03\/Rapportl\u00e4nge_00-768x576.jpg.webp 768w, https:\/\/www.elovis.com\/wp-content\/smush-webp\/2018\/03\/Rapportl\u00e4nge_00-1024x768.jpg.webp 1024w\" sizes=\"(max-width: 300px) 100vw, 300px\" data-smush-webp-fallback=\"{&quot;src&quot;:&quot;https:\\\/\\\/www.elovis.com\\\/wp-content\\\/uploads\\\/2018\\\/03\\\/Rapportl\\u00e4nge_00-300x225.jpg&quot;,&quot;srcset&quot;:&quot;https:\\\/\\\/www.elovis.com\\\/wp-content\\\/uploads\\\/2018\\\/03\\\/Rapportl\\u00e4nge_00-300x225.jpg 300w, https:\\\/\\\/www.elovis.com\\\/wp-content\\\/uploads\\\/2018\\\/03\\\/Rapportl\\u00e4nge_00-768x576.jpg 768w, https:\\\/\\\/www.elovis.com\\\/wp-content\\\/uploads\\\/2018\\\/03\\\/Rapportl\\u00e4nge_00-1024x768.jpg 1024w&quot;}\" \/>\n\t\t\t\t\t\t\t\t<h3>Sistema de medici\u00f3n de longitud de repetici\u00f3n<\/h3>\n\t\t\t\t\t\t\t<\/a>\n\t\t\t\t\t\t\t<p>Monitorizar las longitudes de repetici\u00f3n es crucial para la impresora. La tensi\u00f3n de las m\u00e1quinas y la capacidad de e...<\/p>\n\t\t\t\t\t\t<\/div>\n\t\t\t\t\t<\/div>\n\t\t\t\t<\/div>\n\t\t\t<\/div>\n\t\t<\/div>\n\t<\/div>\n<\/div><\/div><\/div>\n\t\t\t\t\t\t<\/div>\n\t\t\t\t<\/div>\n\t\t\t\t<div class=\"elementor-element elementor-element-7ea0b53a elementor-widget elementor-widget-heading\" data-id=\"7ea0b53a\" data-element_type=\"widget\" data-e-type=\"widget\" data-widget_type=\"heading.default\">\n\t\t\t\t<div class=\"elementor-widget-container\">\n\t\t\t\t\t<h2 class=\"elementor-heading-title elementor-size-default\">Productos y servicios a juego<\/h2>\t\t\t\t<\/div>\n\t\t\t\t<\/div>\n\t\t\t\t<div class=\"elementor-element elementor-element-8adca20 elementor-widget elementor-widget-shortcode\" data-id=\"8adca20\" data-element_type=\"widget\" data-e-type=\"widget\" data-widget_type=\"shortcode.default\">\n\t\t\t\t<div class=\"elementor-widget-container\">\n\t\t\t\t\t\t\t<div class=\"elementor-shortcode\">\t\t<section\n\t\t\tclass=\"elementor-section elementor-top-section elementor-element elementor-element-2f30f66b elementor-section-boxed elementor-section-height-default elementor-section-height-default\"\n\t\t\tstyle=\"margin:-10px\"\n\t\t\tdata-element_type=\"section\">\n\t\t\t<div class=\"elementor-container elementor-column-gap-default\">\n\t\t\t\t<div class=\"elementor-column elementor-col-25 elementor-top-column elementor-element elementor-element-50798f78\"\n\t\t\t\t\tdata-element_type=\"column\">\n\t\t\t\t\t<div class=\"elementor-widget-wrap elementor-element-populated\">\n\t\t\t\t\t\t<div class=\"elementor-element elementor-element-24415776 elementor-widget elementor-widget-image\"\n\t\t\t\t\t\t\tdata-element_type=\"widget\" data-widget_type=\"image.default\">\n\t\t\t\t\t\t\t<div class=\"elementor-widget-container\">\n\t\t\t\t\t\t\t\t<a href=\"https:\/\/www.elovis.com\/es\/productos\/sistemas-de-medicion-de-longitud-y-velocidad-de-codificador-laser\/\">\n\t\t\t\t\t\t\t\t\t<img decoding=\"async\" width=\"300\" height=\"225\" data-src=\"https:\/\/www.elovis.com\/wp-content\/smush-webp\/2017\/12\/bewegung_messen-be-300x225.jpg.webp\" class=\"attachment-medium size-medium wp-post-image lazyload\" alt=\"Medici\u00f3n de la longitud sin contacto con un codificador l\u00e1ser\" data-srcset=\"https:\/\/www.elovis.com\/wp-content\/smush-webp\/2017\/12\/bewegung_messen-be-300x225.jpg.webp 300w, https:\/\/www.elovis.com\/wp-content\/smush-webp\/2017\/12\/bewegung_messen-be-768x576.jpg.webp 768w, https:\/\/www.elovis.com\/wp-content\/smush-webp\/2017\/12\/bewegung_messen-be-1024x768.jpg.webp 1024w, https:\/\/www.elovis.com\/wp-content\/uploads\/2017\/12\/bewegung_messen-be.jpg 1360w\" data-sizes=\"(max-width: 300px) 100vw, 300px\" src=\"data:image\/svg+xml;base64,PHN2ZyB3aWR0aD0iMSIgaGVpZ2h0PSIxIiB4bWxucz0iaHR0cDovL3d3dy53My5vcmcvMjAwMC9zdmciPjwvc3ZnPg==\" style=\"--smush-placeholder-width: 300px; --smush-placeholder-aspect-ratio: 300\/225;\" data-smush-webp-fallback=\"{&quot;data-src&quot;:&quot;https:\\\/\\\/www.elovis.com\\\/wp-content\\\/uploads\\\/2017\\\/12\\\/bewegung_messen-be-300x225.jpg&quot;,&quot;data-srcset&quot;:&quot;https:\\\/\\\/www.elovis.com\\\/wp-content\\\/uploads\\\/2017\\\/12\\\/bewegung_messen-be-300x225.jpg 300w, https:\\\/\\\/www.elovis.com\\\/wp-content\\\/uploads\\\/2017\\\/12\\\/bewegung_messen-be-768x576.jpg 768w, https:\\\/\\\/www.elovis.com\\\/wp-content\\\/uploads\\\/2017\\\/12\\\/bewegung_messen-be-1024x768.jpg 1024w, https:\\\/\\\/www.elovis.com\\\/wp-content\\\/uploads\\\/2017\\\/12\\\/bewegung_messen-be.jpg 1360w&quot;}\" \/>\n\t\t\t\t\t\t\t<\/div>\n\t\t\t\t\t\t<\/div>\n\t\t\t\t\t<\/div>\n\t\t\t\t<\/div>\n\t\t\t\t<div class=\"elementor-column elementor-col-75 elementor-top-column elementor-element elementor-element-247710d2\"\n\t\t\t\t\tdata-element_type=\"column\">\n\t\t\t\t\t<div class=\"elementor-widget-wrap elementor-element-populated\">\n\t\t\t\t\t\t<div class=\"elementor-element elementor-element-1943c0c8 elementor-widget elementor-widget-text-editor\"\n\t\t\t\t\t\t\tdata-element_type=\"widget\" data-widget_type=\"text-editor.default\">\n\t\t\t\t\t\t\t<div class=\"elementor-widget-container\">\n\t\t\t\t\t\t\t\t<h2>\n\t\t\t\t\t\t\t\t\t<a href=\"https:\/\/www.elovis.com\/es\/productos\/sistemas-de-medicion-de-longitud-y-velocidad-de-codificador-laser\/\">Sistemas de Medici\u00f3n de Longitud y Velocidad de Codificador L\u00e1ser<\/a>\n\t\t\t\t\t\t\t\t<\/h2>\n\t\t\t\t\t\t\t\t<p><ul>\r\n \t<li>Medida de longitud y velocidad sin contacto, \u00f3pticamente con un l\u00e1ser<\/li>\r\n \t<li>  Longitud y velocidad sin deslizamiento, sin mantenimiento, calibrado permanentemente y mesurado con precisi\u00f3n <\/li>\r\n \t<li>El Laser -codificador reemplaza una medici\u00f3n t\u00e1ctil a trav\u00e9s del impulsor, rodillo de medici\u00f3n o accionamiento de la m\u00e1quina<\/li>\r\n \t<li>Medici\u00f3n de superficies en movimiento mediante veloc\u00edmetro de superficie l\u00e1ser-doppler<\/li>\r\n<\/ul><\/p>\n\t\t\t\t\t\t\t<\/div>\n\t\t\t\t\t\t<\/div>\n\t\t\t\t\t<\/div>\n\t\t\t\t<\/div>\n\t\t\t<\/div>\n\t\t<\/section><\/div>\n\t\t\t\t\t\t<\/div>\n\t\t\t\t<\/div>\n\t\t\t\t\t<\/div>\n\t\t<\/div>\n\t\t\t\t\t<\/div>\n\t\t<\/section>\n\t\t\t\t<section class=\"elementor-section elementor-top-section elementor-element elementor-element-351421e2 elementor-section-boxed elementor-section-height-default elementor-section-height-default\" data-id=\"351421e2\" data-element_type=\"section\" data-e-type=\"section\">\n\t\t\t\t\t\t<div class=\"elementor-container elementor-column-gap-default\">\n\t\t\t\t\t<div class=\"elementor-column elementor-col-50 elementor-top-column elementor-element elementor-element-41b5315a\" data-id=\"41b5315a\" data-element_type=\"column\" data-e-type=\"column\">\n\t\t\t<div class=\"elementor-widget-wrap elementor-element-populated\">\n\t\t\t\t\t\t<div class=\"elementor-element elementor-element-3ba526d elementor-widget elementor-widget-image\" data-id=\"3ba526d\" data-element_type=\"widget\" data-e-type=\"widget\" data-widget_type=\"image.default\">\n\t\t\t\t<div class=\"elementor-widget-container\">\n\t\t\t\t\t\t\t\t\t\t\t\t\t\t\t\t<a href=\"https:\/\/www.elovis.com\/en\/services\/\">\n\t\t\t\t\t\t\t<img decoding=\"async\" width=\"1024\" height=\"768\" data-src=\"https:\/\/www.elovis.com\/wp-content\/smush-webp\/2019\/01\/ServiceFertig1GrauVerlauf-1024x768.png.webp\" class=\"attachment-large size-large wp-image-9473 lazyload\" alt=\"\" data-srcset=\"https:\/\/www.elovis.com\/wp-content\/smush-webp\/2019\/01\/ServiceFertig1GrauVerlauf-1024x768.png.webp 1024w, https:\/\/www.elovis.com\/wp-content\/smush-webp\/2019\/01\/ServiceFertig1GrauVerlauf-300x225.png.webp 300w, https:\/\/www.elovis.com\/wp-content\/smush-webp\/2019\/01\/ServiceFertig1GrauVerlauf-768x576.png.webp 768w, https:\/\/www.elovis.com\/wp-content\/uploads\/2019\/01\/ServiceFertig1GrauVerlauf.png 2000w\" data-sizes=\"(max-width: 1024px) 100vw, 1024px\" src=\"data:image\/svg+xml;base64,PHN2ZyB3aWR0aD0iMSIgaGVpZ2h0PSIxIiB4bWxucz0iaHR0cDovL3d3dy53My5vcmcvMjAwMC9zdmciPjwvc3ZnPg==\" style=\"--smush-placeholder-width: 1024px; --smush-placeholder-aspect-ratio: 1024\/768;\" data-smush-webp-fallback=\"{&quot;data-src&quot;:&quot;https:\\\/\\\/www.elovis.com\\\/wp-content\\\/uploads\\\/2019\\\/01\\\/ServiceFertig1GrauVerlauf-1024x768.png&quot;,&quot;data-srcset&quot;:&quot;https:\\\/\\\/www.elovis.com\\\/wp-content\\\/uploads\\\/2019\\\/01\\\/ServiceFertig1GrauVerlauf-1024x768.png 1024w, https:\\\/\\\/www.elovis.com\\\/wp-content\\\/uploads\\\/2019\\\/01\\\/ServiceFertig1GrauVerlauf-300x225.png 300w, https:\\\/\\\/www.elovis.com\\\/wp-content\\\/uploads\\\/2019\\\/01\\\/ServiceFertig1GrauVerlauf-768x576.png 768w, https:\\\/\\\/www.elovis.com\\\/wp-content\\\/uploads\\\/2019\\\/01\\\/ServiceFertig1GrauVerlauf.png 2000w&quot;}\" \/>\t\t\t\t\t\t\t\t<\/a>\n\t\t\t\t\t\t\t\t\t\t\t\t\t\t\t<\/div>\n\t\t\t\t<\/div>\n\t\t\t\t\t<\/div>\n\t\t<\/div>\n\t\t\t\t<div class=\"elementor-column elementor-col-50 elementor-top-column elementor-element elementor-element-476be5de\" data-id=\"476be5de\" data-element_type=\"column\" data-e-type=\"column\">\n\t\t\t<div class=\"elementor-widget-wrap elementor-element-populated\">\n\t\t\t\t\t\t<div class=\"elementor-element elementor-element-2f0d956a elementor-widget elementor-widget-text-editor\" data-id=\"2f0d956a\" data-element_type=\"widget\" data-e-type=\"widget\" data-widget_type=\"text-editor.default\">\n\t\t\t\t<div class=\"elementor-widget-container\">\n\t\t\t\t\t\t\t\t\t<h2>Servicios ELOVIS<\/h2>\n<p>ELOVIS ofrece los siguientes servicios en el campo de la medici\u00f3n de la longitud de repetici\u00f3n de patrones:<\/p>\n<ul>\n<li>Asesoramiento sobre la medici\u00f3n de distancia de marcas<\/li>\n<li>Servicios de medici\u00f3n y calibraci\u00f3n<\/li>\n<li>Asistencia para encontrar fallos en el sistema<\/li>\n<li>Desarrollos de sensores OEM en el campo de la medici\u00f3n de la longitud de repetici\u00f3n de patrones:<\/li>\n<\/ul>\n\t\t\t\t\t\t\t\t<\/div>\n\t\t\t\t<\/div>\n\t\t\t\t\t<\/div>\n\t\t<\/div>\n\t\t\t\t\t<\/div>\n\t\t<\/section>\n\t\t\t\t<\/div>\n\t\t","protected":false},"excerpt":{"rendered":"<p>El prop\u00f3sito de la medici\u00f3n de la longitud de repetici\u00f3n es acortar el proceso de puesta en marcha y lograr distancias de marca permanentemente correctas. Cuando las elasticidades del producto y las series de la m\u00e1quina tienen que coincidir, y cuando las distancias de la marca deben estar en un rango de tolerancia definido por el cliente, se exige a las impresoras y los ingenieros de proceso. Sin herramientas y confiando en sus sentidos, el trabajo de ajuste puede consumir y malgastar mucho tiempo. &#8230; Ya sean mediciones con fines de documentaci\u00f3n, desde la supervisi\u00f3n del proceso hasta el control del proceso, los sistemas de medici\u00f3n de repetici\u00f3n \u03bcSPEED-RL son soluciones de medici\u00f3n sin contacto y de precisi\u00f3n constante.<\/p>\n","protected":false},"author":1,"featured_media":2287,"parent":7846,"menu_order":26,"comment_status":"closed","ping_status":"closed","template":"","meta":{"footnotes":""},"yst_prominent_words":[],"class_list":{"0":"post-7985","1":"page","2":"type-page","3":"status-publish","4":"has-post-thumbnail","6":"resize-featured-image"},"_links":{"self":[{"href":"https:\/\/www.elovis.com\/es\/wp-json\/wp\/v2\/pages\/7985","targetHints":{"allow":["GET"]}}],"collection":[{"href":"https:\/\/www.elovis.com\/es\/wp-json\/wp\/v2\/pages"}],"about":[{"href":"https:\/\/www.elovis.com\/es\/wp-json\/wp\/v2\/types\/page"}],"author":[{"embeddable":true,"href":"https:\/\/www.elovis.com\/es\/wp-json\/wp\/v2\/users\/1"}],"replies":[{"embeddable":true,"href":"https:\/\/www.elovis.com\/es\/wp-json\/wp\/v2\/comments?post=7985"}],"version-history":[{"count":3,"href":"https:\/\/www.elovis.com\/es\/wp-json\/wp\/v2\/pages\/7985\/revisions"}],"predecessor-version":[{"id":431211,"href":"https:\/\/www.elovis.com\/es\/wp-json\/wp\/v2\/pages\/7985\/revisions\/431211"}],"up":[{"embeddable":true,"href":"https:\/\/www.elovis.com\/es\/wp-json\/wp\/v2\/pages\/7846"}],"wp:featuredmedia":[{"embeddable":true,"href":"https:\/\/www.elovis.com\/es\/wp-json\/wp\/v2\/media\/2287"}],"wp:attachment":[{"href":"https:\/\/www.elovis.com\/es\/wp-json\/wp\/v2\/media?parent=7985"}],"wp:term":[{"taxonomy":"yst_prominent_words","embeddable":true,"href":"https:\/\/www.elovis.com\/es\/wp-json\/wp\/v2\/yst_prominent_words?post=7985"}],"curies":[{"name":"wp","href":"https:\/\/api.w.org\/{rel}","templated":true}]}}