{"id":7977,"date":"2018-11-07T08:08:55","date_gmt":"2018-11-07T07:08:55","guid":{"rendered":"\/aplicaciones\/medicion-de-longitud-sin-contacto\/calibracion-del-codificador\/calibracion-de-contadores-de-longitud\/"},"modified":"2025-01-21T18:36:13","modified_gmt":"2025-01-21T17:36:13","slug":"calibracion-de-contadores-de-longitud","status":"publish","type":"page","link":"https:\/\/www.elovis.com\/es\/aplicaciones\/medicion-de-longitud-sin-contacto\/calibracion-del-codificador\/calibracion-de-contadores-de-longitud\/","title":{"rendered":"Calibraci\u00f3n de contadores de longitud"},"content":{"rendered":"\t\t<div data-elementor-type=\"wp-post\" data-elementor-id=\"7977\" class=\"elementor elementor-7977 elementor-3600\" data-elementor-post-type=\"page\">\n\t\t\t\t\t\t<section class=\"elementor-section elementor-top-section elementor-element elementor-element-373ddd61 elementor-section-boxed elementor-section-height-default elementor-section-height-default\" data-id=\"373ddd61\" data-element_type=\"section\" data-e-type=\"section\">\n\t\t\t\t\t\t<div class=\"elementor-container elementor-column-gap-default\">\n\t\t\t\t\t<div class=\"elementor-column elementor-col-100 elementor-top-column elementor-element elementor-element-8f12067\" data-id=\"8f12067\" data-element_type=\"column\" data-e-type=\"column\">\n\t\t\t<div class=\"elementor-widget-wrap elementor-element-populated\">\n\t\t\t\t\t\t<div class=\"elementor-element elementor-element-3ab8c63e elementor-widget elementor-widget-text-editor\" data-id=\"3ab8c63e\" data-element_type=\"widget\" data-e-type=\"widget\" data-widget_type=\"text-editor.default\">\n\t\t\t\t<div class=\"elementor-widget-container\">\n\t\t\t\t\t\t\t\t\t<h2>Correcciones de longitudes del rollo y longitudes de bobina mediante una inspecci\u00f3n peri\u00f3dica<\/h2>\n\t\t\t\t\t\t\t\t<\/div>\n\t\t\t\t<\/div>\n\t\t\t\t\t<\/div>\n\t\t<\/div>\n\t\t\t\t\t<\/div>\n\t\t<\/section>\n\t\t\t\t<section class=\"elementor-section elementor-top-section elementor-element elementor-element-2f08eab9 elementor-section-boxed elementor-section-height-default elementor-section-height-default\" data-id=\"2f08eab9\" data-element_type=\"section\" data-e-type=\"section\">\n\t\t\t\t\t\t<div class=\"elementor-container elementor-column-gap-default\">\n\t\t\t\t\t<div class=\"elementor-column elementor-col-66 elementor-top-column elementor-element elementor-element-59ab8981\" data-id=\"59ab8981\" data-element_type=\"column\" data-e-type=\"column\">\n\t\t\t<div class=\"elementor-widget-wrap elementor-element-populated\">\n\t\t\t\t\t\t<div class=\"elementor-element elementor-element-633920c0 elementor-widget elementor-widget-text-editor\" data-id=\"633920c0\" data-element_type=\"widget\" data-e-type=\"widget\" data-widget_type=\"text-editor.default\">\n\t\t\t\t<div class=\"elementor-widget-container\">\n\t\t\t\t\t\t\t\t\t<p>\t<p>Los codificadores y los contadores para detectar longitudes de banda o longitudes de rollo deben verificarse peri\u00f3dicamente para determinar su funcionamiento y precisi\u00f3n. Esto se hace de forma r\u00e1pida y segura con el sistema de medici\u00f3n de longitud \u03bcSPEED sin contacto. La precisi\u00f3n de medici\u00f3n m\u00e1s alta posible, la documentaci\u00f3n del 100% de las mediciones y los protocolos de medici\u00f3n y calibraci\u00f3n por parte de un especialista se acompa\u00f1an de la consiguiente garant\u00eda de que las longitudes del rollo y las longitudes de la bobina se miden correctamente<\/p><\/p>\n\t\t\t\t\t\t\t\t<\/div>\n\t\t\t\t<\/div>\n\t\t\t\t<div class=\"elementor-element elementor-element-2076cc69 elementor-widget elementor-widget-text-editor\" data-id=\"2076cc69\" data-element_type=\"widget\" data-e-type=\"widget\" data-widget_type=\"text-editor.default\">\n\t\t\t\t<div class=\"elementor-widget-container\">\n\t\t\t\t\t\t\t\t\t<p>Datos de aplicaci\u00f3n t\u00edpicos:<\/p>\n<ul>\n<li>Velocidad de marcha: t\u00edpicamente hasta 4.000 m \/ min<\/li>\n<\/ul>\n<p>Exactitud de medici\u00f3n con equipos de medici\u00f3n t\u00e1ctil o a trav\u00e9s de un variador: t\u00edpicamente 0.5-5%<\/p>\n<ul>\n<li>Precisi\u00f3n de medici\u00f3n con medici\u00f3n de longitud sin contacto \u03bcSPEED: t\u00edpicamente 0.03%<\/li>\n<li>Amortizaci\u00f3n: en la primera queja que se ha evitado<\/li>\n<\/ul>\n\t\t\t\t\t\t\t\t<\/div>\n\t\t\t\t<\/div>\n\t\t\t\t<div class=\"elementor-element elementor-element-14c08fca elementor-widget elementor-widget-text-editor\" data-id=\"14c08fca\" data-element_type=\"widget\" data-e-type=\"widget\" data-widget_type=\"text-editor.default\">\n\t\t\t\t<div class=\"elementor-widget-container\">\n\t\t\t\t\t\t\t\t\t<p>Ejemplos de medici\u00f3n y material:<\/p>\n<p>Inspecci\u00f3n de medidores de longitud de m\u00e1quinas de bobinado para Chapa, cart\u00f3n, papel tis\u00fa, papel de aluminio, revestimientos de suelos, l\u00e1minas, bobinas, textiles, hilos, cables, perfiles, &#8230;<\/p>\n<ul>\n<li>Inspecci\u00f3n de contadores para l\u00e1mina transparente, l\u00e1mina brillante, papel de aluminio, papel de embalaje, papel de aluminio para muebles, &#8230;<\/li>\n<li>Soluci\u00f3n de problemas para encontrar equipos con deslizamiento, elongaci\u00f3n, contracci\u00f3n, &#8230;<\/li>\n<\/ul>\n\t\t\t\t\t\t\t\t<\/div>\n\t\t\t\t<\/div>\n\t\t\t\t<div class=\"elementor-element elementor-element-5ffd8c8e elementor-widget elementor-widget-text-editor\" data-id=\"5ffd8c8e\" data-element_type=\"widget\" data-e-type=\"widget\" data-widget_type=\"text-editor.default\">\n\t\t\t\t<div class=\"elementor-widget-container\">\n\t\t\t\t\t\t\t\t\t<p>M\u00e1quinas equipadas con medici\u00f3n de longitud sin contacto:<\/p>\n<ul>\n<li>m\u00e1quinas de corte por rodillo, cortadores de rodillo, cortadores transversales, cortadores longitudinales<\/li>\n<li>Bobinadoras, rebobinadoras, enrolladoras, rodillo de agujas<\/li>\n<li>extrusoras, m\u00e1quinas de fundici\u00f3n de pel\u00edculas, calandras<\/li>\n<li>m\u00e1quinas de laminaci\u00f3n, m\u00e1quinas de inspecci\u00f3n de tela<\/li>\n<\/ul>\n\t\t\t\t\t\t\t\t<\/div>\n\t\t\t\t<\/div>\n\t\t\t\t\t<\/div>\n\t\t<\/div>\n\t\t\t\t<div class=\"elementor-column elementor-col-33 elementor-top-column elementor-element elementor-element-2c306295 elovis-vertical-image-gallery\" data-id=\"2c306295\" data-element_type=\"column\" data-e-type=\"column\">\n\t\t\t<div class=\"elementor-widget-wrap elementor-element-populated\">\n\t\t\t\t\t\t<div class=\"elementor-element elementor-element-54a12b59 elementor-widget elementor-widget-shortcode\" data-id=\"54a12b59\" data-element_type=\"widget\" data-e-type=\"widget\" data-widget_type=\"shortcode.default\">\n\t\t\t\t<div class=\"elementor-widget-container\">\n\t\t\t\t\t\t\t<div class=\"elementor-shortcode\"><div class=\"elementor-image-gallery\"><div id=\"gallery-69e38340e56ca\" class=\"gallery gallery-size-thumbnail\"><figure class=\"gallery-item\" >\n\t\t\t  <div class=\"gallery-icon landscape\">\n\t\t\t\t  <a data-elementor-open-lightbox=\"default\" data-elementor-lightbox-slideshow=\"69e38340e56ca\" class=\"elementor-clickable\" href=\"https:\/\/www.elovis.com\/wp-content\/uploads\/2019\/11\/Test-ApplikationsseiteDrehgeber-Kalibrierung-2.png\">\n\t\t\t\t\t  <img decoding=\"async\" width=\"232\" height=\"176\" data-src=\"https:\/\/www.elovis.com\/wp-content\/uploads\/2019\/11\/Test-ApplikationsseiteDrehgeber-Kalibrierung-2.png\" class=\"img-responsive attachment-medium lazyload\" alt=\"\" src=\"data:image\/svg+xml;base64,PHN2ZyB3aWR0aD0iMSIgaGVpZ2h0PSIxIiB4bWxucz0iaHR0cDovL3d3dy53My5vcmcvMjAwMC9zdmciPjwvc3ZnPg==\" style=\"--smush-placeholder-width: 232px; --smush-placeholder-aspect-ratio: 232\/176;\" \/>\n\t\t\t\t  <\/a>\n\t\t\t  <\/div>\n\t\t  <\/figure><\/div><\/div><\/div><\/div>\n\t\t\t\t\t\t<\/div>\n\t\t\t\t<\/div>\n\t\t\t\t<div class=\"elementor-element elementor-element-22ae3404 elementor-widget elementor-widget-spacer\" data-id=\"22ae3404\" data-element_type=\"widget\" data-e-type=\"widget\" data-widget_type=\"spacer.default\">\n\t\t\t\t<div class=\"elementor-widget-container\">\n\t\t\t\t\t\t\t<div class=\"elementor-spacer\">\n\t\t\t<div class=\"elementor-spacer-inner\"><\/div>\n\t\t<\/div>\n\t\t\t\t\t\t<\/div>\n\t\t\t\t<\/div>\n\t\t\t\t<div class=\"elementor-element elementor-element-c9b47d7 elementor-widget elementor-widget-shortcode\" data-id=\"c9b47d7\" data-element_type=\"widget\" data-e-type=\"widget\" data-widget_type=\"shortcode.default\">\n\t\t\t\t<div class=\"elementor-widget-container\">\n\t\t\t\t\t\t\t<div class=\"elementor-shortcode\"><div class=\"elementor-image-gallery\"><div id=\"gallery-69e38340e69b6\" class=\"gallery gallery-size-thumbnail\"><figure class=\"gallery-item\" >\n\t\t\t  <div class=\"gallery-icon landscape\">\n\t\t\t\t  <a data-elementor-open-lightbox=\"default\" data-elementor-lightbox-slideshow=\"69e38340e69b6\" class=\"elementor-clickable\" href=\"https:\/\/www.elovis.com\/wp-content\/smush-webp\/2018\/03\/Bodenbelag_01-1-1024x768.jpg.webp\" data-smush-webp-fallback=\"{&quot;href&quot;:&quot;https:\\\/\\\/www.elovis.com\\\/wp-content\\\/uploads\\\/2018\\\/03\\\/Bodenbelag_01-1-1024x768.jpg&quot;}\">\n\t\t\t\t\t  <img fetchpriority=\"high\" decoding=\"async\" width=\"300\" height=\"225\" src=\"https:\/\/www.elovis.com\/wp-content\/smush-webp\/2018\/03\/Bodenbelag_01-1-300x225.jpg.webp\" class=\"img-responsive attachment-medium\" alt=\"\" srcset=\"https:\/\/www.elovis.com\/wp-content\/smush-webp\/2018\/03\/Bodenbelag_01-1-300x225.jpg.webp 300w, https:\/\/www.elovis.com\/wp-content\/smush-webp\/2018\/03\/Bodenbelag_01-1-768x576.jpg.webp 768w, https:\/\/www.elovis.com\/wp-content\/smush-webp\/2018\/03\/Bodenbelag_01-1-1024x768.jpg.webp 1024w, https:\/\/www.elovis.com\/wp-content\/uploads\/2018\/03\/Bodenbelag_01-1.jpg 1280w\" sizes=\"(max-width: 300px) 100vw, 300px\" data-smush-webp-fallback=\"{&quot;src&quot;:&quot;https:\\\/\\\/www.elovis.com\\\/wp-content\\\/uploads\\\/2018\\\/03\\\/Bodenbelag_01-1-300x225.jpg&quot;,&quot;srcset&quot;:&quot;https:\\\/\\\/www.elovis.com\\\/wp-content\\\/uploads\\\/2018\\\/03\\\/Bodenbelag_01-1-300x225.jpg 300w, https:\\\/\\\/www.elovis.com\\\/wp-content\\\/uploads\\\/2018\\\/03\\\/Bodenbelag_01-1-768x576.jpg 768w, https:\\\/\\\/www.elovis.com\\\/wp-content\\\/uploads\\\/2018\\\/03\\\/Bodenbelag_01-1-1024x768.jpg 1024w, https:\\\/\\\/www.elovis.com\\\/wp-content\\\/uploads\\\/2018\\\/03\\\/Bodenbelag_01-1.jpg 1280w&quot;}\" \/>\n\t\t\t\t  <\/a>\n\t\t\t  <\/div>\n\t\t  <\/figure><\/div><\/div><\/div><\/div>\n\t\t\t\t\t\t<\/div>\n\t\t\t\t<\/div>\n\t\t\t\t\t<\/div>\n\t\t<\/div>\n\t\t\t\t\t<\/div>\n\t\t<\/section>\n\t\t\t\t<section class=\"elementor-section elementor-top-section elementor-element elementor-element-18a0acaf elementor-section-boxed elementor-section-height-default elementor-section-height-default\" data-id=\"18a0acaf\" data-element_type=\"section\" data-e-type=\"section\">\n\t\t\t\t\t\t<div class=\"elementor-container elementor-column-gap-default\">\n\t\t\t\t\t<div class=\"elementor-column elementor-col-100 elementor-top-column elementor-element elementor-element-5f2559c7\" data-id=\"5f2559c7\" data-element_type=\"column\" data-e-type=\"column\">\n\t\t\t<div class=\"elementor-widget-wrap elementor-element-populated\">\n\t\t\t\t\t\t<div class=\"elementor-element elementor-element-7183169f elementor-widget elementor-widget-heading\" data-id=\"7183169f\" data-element_type=\"widget\" data-e-type=\"widget\" data-widget_type=\"heading.default\">\n\t\t\t\t<div class=\"elementor-widget-container\">\n\t\t\t\t\t<h2 class=\"elementor-heading-title elementor-size-default\">Productos y servicios a juego<\/h2>\t\t\t\t<\/div>\n\t\t\t\t<\/div>\n\t\t\t\t<div class=\"elementor-element elementor-element-4c9c4a02 elementor-widget elementor-widget-shortcode\" data-id=\"4c9c4a02\" data-element_type=\"widget\" data-e-type=\"widget\" data-widget_type=\"shortcode.default\">\n\t\t\t\t<div class=\"elementor-widget-container\">\n\t\t\t\t\t\t\t<div class=\"elementor-shortcode\">\t\t<section\n\t\t\tclass=\"elementor-section elementor-top-section elementor-element elementor-element-2f30f66b elementor-section-boxed elementor-section-height-default elementor-section-height-default\"\n\t\t\tstyle=\"margin:-10px\"\n\t\t\tdata-element_type=\"section\">\n\t\t\t<div class=\"elementor-container elementor-column-gap-default\">\n\t\t\t\t<div class=\"elementor-column elementor-col-25 elementor-top-column elementor-element elementor-element-50798f78\"\n\t\t\t\t\tdata-element_type=\"column\">\n\t\t\t\t\t<div class=\"elementor-widget-wrap elementor-element-populated\">\n\t\t\t\t\t\t<div class=\"elementor-element elementor-element-24415776 elementor-widget elementor-widget-image\"\n\t\t\t\t\t\t\tdata-element_type=\"widget\" data-widget_type=\"image.default\">\n\t\t\t\t\t\t\t<div class=\"elementor-widget-container\">\n\t\t\t\t\t\t\t\t<a href=\"https:\/\/www.elovis.com\/es\/productos\/sistemas-de-medicion-de-longitud-y-velocidad-de-codificador-laser\/\">\n\t\t\t\t\t\t\t\t\t<img decoding=\"async\" width=\"300\" height=\"225\" data-src=\"https:\/\/www.elovis.com\/wp-content\/smush-webp\/2017\/12\/bewegung_messen-be-300x225.jpg.webp\" class=\"attachment-medium size-medium wp-post-image lazyload\" alt=\"Medici\u00f3n de la longitud sin contacto con un codificador l\u00e1ser\" data-srcset=\"https:\/\/www.elovis.com\/wp-content\/smush-webp\/2017\/12\/bewegung_messen-be-300x225.jpg.webp 300w, https:\/\/www.elovis.com\/wp-content\/smush-webp\/2017\/12\/bewegung_messen-be-768x576.jpg.webp 768w, https:\/\/www.elovis.com\/wp-content\/smush-webp\/2017\/12\/bewegung_messen-be-1024x768.jpg.webp 1024w, https:\/\/www.elovis.com\/wp-content\/uploads\/2017\/12\/bewegung_messen-be.jpg 1360w\" data-sizes=\"(max-width: 300px) 100vw, 300px\" src=\"data:image\/svg+xml;base64,PHN2ZyB3aWR0aD0iMSIgaGVpZ2h0PSIxIiB4bWxucz0iaHR0cDovL3d3dy53My5vcmcvMjAwMC9zdmciPjwvc3ZnPg==\" style=\"--smush-placeholder-width: 300px; --smush-placeholder-aspect-ratio: 300\/225;\" data-smush-webp-fallback=\"{&quot;data-src&quot;:&quot;https:\\\/\\\/www.elovis.com\\\/wp-content\\\/uploads\\\/2017\\\/12\\\/bewegung_messen-be-300x225.jpg&quot;,&quot;data-srcset&quot;:&quot;https:\\\/\\\/www.elovis.com\\\/wp-content\\\/uploads\\\/2017\\\/12\\\/bewegung_messen-be-300x225.jpg 300w, https:\\\/\\\/www.elovis.com\\\/wp-content\\\/uploads\\\/2017\\\/12\\\/bewegung_messen-be-768x576.jpg 768w, https:\\\/\\\/www.elovis.com\\\/wp-content\\\/uploads\\\/2017\\\/12\\\/bewegung_messen-be-1024x768.jpg 1024w, https:\\\/\\\/www.elovis.com\\\/wp-content\\\/uploads\\\/2017\\\/12\\\/bewegung_messen-be.jpg 1360w&quot;}\" \/>\n\t\t\t\t\t\t\t<\/div>\n\t\t\t\t\t\t<\/div>\n\t\t\t\t\t<\/div>\n\t\t\t\t<\/div>\n\t\t\t\t<div class=\"elementor-column elementor-col-75 elementor-top-column elementor-element elementor-element-247710d2\"\n\t\t\t\t\tdata-element_type=\"column\">\n\t\t\t\t\t<div class=\"elementor-widget-wrap elementor-element-populated\">\n\t\t\t\t\t\t<div class=\"elementor-element elementor-element-1943c0c8 elementor-widget elementor-widget-text-editor\"\n\t\t\t\t\t\t\tdata-element_type=\"widget\" data-widget_type=\"text-editor.default\">\n\t\t\t\t\t\t\t<div class=\"elementor-widget-container\">\n\t\t\t\t\t\t\t\t<h2>\n\t\t\t\t\t\t\t\t\t<a href=\"https:\/\/www.elovis.com\/es\/productos\/sistemas-de-medicion-de-longitud-y-velocidad-de-codificador-laser\/\">Sistemas de Medici\u00f3n de Longitud y Velocidad de Codificador L\u00e1ser<\/a>\n\t\t\t\t\t\t\t\t<\/h2>\n\t\t\t\t\t\t\t\t<p><ul>\r\n \t<li>Medida de longitud y velocidad sin contacto, \u00f3pticamente con un l\u00e1ser<\/li>\r\n \t<li>  Longitud y velocidad sin deslizamiento, sin mantenimiento, calibrado permanentemente y mesurado con precisi\u00f3n <\/li>\r\n \t<li>El Laser -codificador reemplaza una medici\u00f3n t\u00e1ctil a trav\u00e9s del impulsor, rodillo de medici\u00f3n o accionamiento de la m\u00e1quina<\/li>\r\n \t<li>Medici\u00f3n de superficies en movimiento mediante veloc\u00edmetro de superficie l\u00e1ser-doppler<\/li>\r\n<\/ul><\/p>\n\t\t\t\t\t\t\t<\/div>\n\t\t\t\t\t\t<\/div>\n\t\t\t\t\t<\/div>\n\t\t\t\t<\/div>\n\t\t\t<\/div>\n\t\t<\/section><\/div>\n\t\t\t\t\t\t<\/div>\n\t\t\t\t<\/div>\n\t\t\t\t\t<\/div>\n\t\t<\/div>\n\t\t\t\t\t<\/div>\n\t\t<\/section>\n\t\t\t\t<section class=\"elementor-section elementor-top-section elementor-element elementor-element-3baf960c elementor-section-boxed elementor-section-height-default elementor-section-height-default\" data-id=\"3baf960c\" data-element_type=\"section\" data-e-type=\"section\">\n\t\t\t\t\t\t<div class=\"elementor-container elementor-column-gap-default\">\n\t\t\t\t\t<div class=\"elementor-column elementor-col-33 elementor-top-column elementor-element elementor-element-517a2816\" data-id=\"517a2816\" data-element_type=\"column\" data-e-type=\"column\">\n\t\t\t<div class=\"elementor-widget-wrap elementor-element-populated\">\n\t\t\t\t\t\t<div class=\"elementor-element elementor-element-25add292 elementor-widget elementor-widget-image\" data-id=\"25add292\" data-element_type=\"widget\" data-e-type=\"widget\" data-widget_type=\"image.default\">\n\t\t\t\t<div class=\"elementor-widget-container\">\n\t\t\t\t\t\t\t\t\t\t\t\t\t\t\t\t<a href=\"https:\/\/www.elovis.com\/es\/servicios\/\">\n\t\t\t\t\t\t\t<img decoding=\"async\" width=\"2000\" height=\"1500\" data-src=\"https:\/\/www.elovis.com\/wp-content\/uploads\/2019\/01\/ServiceFertig1GrauVerlauf.png\" class=\"attachment-full size-full wp-image-9473 lazyload\" alt=\"\" data-srcset=\"https:\/\/www.elovis.com\/wp-content\/uploads\/2019\/01\/ServiceFertig1GrauVerlauf.png 2000w, https:\/\/www.elovis.com\/wp-content\/smush-webp\/2019\/01\/ServiceFertig1GrauVerlauf-300x225.png.webp 300w, https:\/\/www.elovis.com\/wp-content\/smush-webp\/2019\/01\/ServiceFertig1GrauVerlauf-768x576.png.webp 768w, https:\/\/www.elovis.com\/wp-content\/smush-webp\/2019\/01\/ServiceFertig1GrauVerlauf-1024x768.png.webp 1024w\" data-sizes=\"(max-width: 2000px) 100vw, 2000px\" src=\"data:image\/svg+xml;base64,PHN2ZyB3aWR0aD0iMSIgaGVpZ2h0PSIxIiB4bWxucz0iaHR0cDovL3d3dy53My5vcmcvMjAwMC9zdmciPjwvc3ZnPg==\" style=\"--smush-placeholder-width: 2000px; --smush-placeholder-aspect-ratio: 2000\/1500;\" data-smush-webp-fallback=\"{&quot;data-srcset&quot;:&quot;https:\\\/\\\/www.elovis.com\\\/wp-content\\\/uploads\\\/2019\\\/01\\\/ServiceFertig1GrauVerlauf.png 2000w, https:\\\/\\\/www.elovis.com\\\/wp-content\\\/uploads\\\/2019\\\/01\\\/ServiceFertig1GrauVerlauf-300x225.png 300w, https:\\\/\\\/www.elovis.com\\\/wp-content\\\/uploads\\\/2019\\\/01\\\/ServiceFertig1GrauVerlauf-768x576.png 768w, https:\\\/\\\/www.elovis.com\\\/wp-content\\\/uploads\\\/2019\\\/01\\\/ServiceFertig1GrauVerlauf-1024x768.png 1024w&quot;}\" \/>\t\t\t\t\t\t\t\t<\/a>\n\t\t\t\t\t\t\t\t\t\t\t\t\t\t\t<\/div>\n\t\t\t\t<\/div>\n\t\t\t\t\t<\/div>\n\t\t<\/div>\n\t\t\t\t<div class=\"elementor-column elementor-col-66 elementor-top-column elementor-element elementor-element-542d26\" data-id=\"542d26\" data-element_type=\"column\" data-e-type=\"column\">\n\t\t\t<div class=\"elementor-widget-wrap elementor-element-populated\">\n\t\t\t\t\t\t<div class=\"elementor-element elementor-element-9f4db41 elementor-widget elementor-widget-text-editor\" data-id=\"9f4db41\" data-element_type=\"widget\" data-e-type=\"widget\" data-widget_type=\"text-editor.default\">\n\t\t\t\t<div class=\"elementor-widget-container\">\n\t\t\t\t\t\t\t\t\t<h2>Servicios ELOVIS<\/h2>\n<p>ELOVIS ofrece los siguientes servicios para la calibraci\u00f3n del codificador:<\/p>\n<ul>\n<li>Asesoramiento sobre la medici\u00f3n de longitud y velocidad<\/li>\n<li>Servicios de medici\u00f3n y calibraci\u00f3n<\/li>\n<li>Ayuda con las quejas de longitud de sus clientes<\/li>\n<\/ul>\n<ul>\n<li>Desarrollos de sensores OEM en el campo de medici\u00f3n de longitud y velocidad<\/li>\n<\/ul>\n\t\t\t\t\t\t\t\t<\/div>\n\t\t\t\t<\/div>\n\t\t\t\t\t<\/div>\n\t\t<\/div>\n\t\t\t\t\t<\/div>\n\t\t<\/section>\n\t\t\t\t<section class=\"elementor-section elementor-top-section elementor-element elementor-element-2c721468 elementor-section-boxed elementor-section-height-default elementor-section-height-default\" data-id=\"2c721468\" data-element_type=\"section\" data-e-type=\"section\">\n\t\t\t\t\t\t<div class=\"elementor-container elementor-column-gap-default\">\n\t\t\t\t\t<div class=\"elementor-column elementor-col-100 elementor-top-column elementor-element elementor-element-3be38bd4\" data-id=\"3be38bd4\" data-element_type=\"column\" data-e-type=\"column\">\n\t\t\t<div class=\"elementor-widget-wrap elementor-element-populated\">\n\t\t\t\t\t\t<section class=\"elementor-section elementor-inner-section elementor-element elementor-element-56812453 elementor-section-boxed elementor-section-height-default elementor-section-height-default\" data-id=\"56812453\" data-element_type=\"section\" data-e-type=\"section\">\n\t\t\t\t\t\t<div class=\"elementor-container elementor-column-gap-default\">\n\t\t\t\t\t<div class=\"elementor-column elementor-col-50 elementor-inner-column elementor-element elementor-element-606fc572\" data-id=\"606fc572\" data-element_type=\"column\" data-e-type=\"column\">\n\t\t\t<div class=\"elementor-widget-wrap elementor-element-populated\">\n\t\t\t\t\t\t<div class=\"elementor-element elementor-element-46bf53f5 elementor-widget elementor-widget-shortcode\" data-id=\"46bf53f5\" data-element_type=\"widget\" data-e-type=\"widget\" data-widget_type=\"shortcode.default\">\n\t\t\t\t<div class=\"elementor-widget-container\">\n\t\t\t\t\t\t\t<div class=\"elementor-shortcode\"><a href=\"https:\/\/www.elovis.com\/es\/aplicaciones\/medicion-de-longitud-sin-contacto\/\" title=\"more applications\" class=\"elementor-button-link elementor-button elementor-size-sm elovis-parent\">\n\t<span class=\"elementor-button-content-wrapper\">\n\t\t<span class=\"elementor-button-text\">more applications<\/span>\n\t<\/span>\n<\/a><\/div>\n\t\t\t\t\t\t<\/div>\n\t\t\t\t<\/div>\n\t\t\t\t\t<\/div>\n\t\t<\/div>\n\t\t\t\t<div class=\"elementor-column elementor-col-50 elementor-inner-column elementor-element elementor-element-589579bf\" data-id=\"589579bf\" data-element_type=\"column\" data-e-type=\"column\">\n\t\t\t<div class=\"elementor-widget-wrap elementor-element-populated\">\n\t\t\t\t\t\t<div class=\"elementor-element elementor-element-39b8a245 elementor-widget elementor-widget-button\" data-id=\"39b8a245\" data-element_type=\"widget\" data-e-type=\"widget\" data-widget_type=\"button.default\">\n\t\t\t\t<div class=\"elementor-widget-container\">\n\t\t\t\t\t\t\t\t\t<div class=\"elementor-button-wrapper\">\n\t\t\t\t\t<a class=\"elementor-button elementor-button-link elementor-size-sm\" href=\"https:\/\/www.elovis.com\/es\/contacto\/\" target=\"_blank\">\n\t\t\t\t\t\t<span class=\"elementor-button-content-wrapper\">\n\t\t\t\t\t\t<span class=\"elementor-button-icon\">\n\t\t\t\t\t\t\t\t\t<i class=\"fa fa-phone\" aria-hidden=\"true\"><\/i>\n\t\t\t\t\t\t\t<\/span>\n\t\t\t\t\t\t\t\t\t<span class=\"elementor-button-text\">Consultoria personalizada<\/span>\n\t\t\t\t\t<\/span>\n\t\t\t\t\t<\/a>\n\t\t\t\t<\/div>\n\t\t\t\t\t\t\t\t<\/div>\n\t\t\t\t<\/div>\n\t\t\t\t\t<\/div>\n\t\t<\/div>\n\t\t\t\t\t<\/div>\n\t\t<\/section>\n\t\t\t\t\t<\/div>\n\t\t<\/div>\n\t\t\t\t\t<\/div>\n\t\t<\/section>\n\t\t\t\t<section class=\"elementor-section elementor-top-section elementor-element elementor-element-2c32fad elementor-section-boxed elementor-section-height-default elementor-section-height-default\" data-id=\"2c32fad\" data-element_type=\"section\" data-e-type=\"section\">\n\t\t\t\t\t\t<div class=\"elementor-container elementor-column-gap-default\">\n\t\t\t\t\t<div class=\"elementor-column elementor-col-100 elementor-top-column elementor-element elementor-element-81ac7c6\" data-id=\"81ac7c6\" data-element_type=\"column\" data-e-type=\"column\">\n\t\t\t<div class=\"elementor-widget-wrap\">\n\t\t\t\t\t\t\t<\/div>\n\t\t<\/div>\n\t\t\t\t\t<\/div>\n\t\t<\/section>\n\t\t\t\t<\/div>\n\t\t","protected":false},"excerpt":{"rendered":"<p>Los codificadores y los contadores para detectar longitudes de banda o longitudes de rollo deben verificarse peri\u00f3dicamente para determinar su funcionamiento y precisi\u00f3n. Esto se hace de forma r\u00e1pida y segura con el sistema de medici\u00f3n de longitud \u03bcSPEED sin contacto. La precisi\u00f3n de medici\u00f3n m\u00e1s alta posible, la documentaci\u00f3n del 100% de las mediciones y los protocolos de medici\u00f3n y calibraci\u00f3n por parte de un especialista se acompa\u00f1an de la consiguiente garant\u00eda de que las longitudes del rollo y las longitudes de la bobina se miden correctamente<\/p>\n","protected":false},"author":2,"featured_media":3939,"parent":7975,"menu_order":4,"comment_status":"closed","ping_status":"closed","template":"","meta":{"footnotes":""},"yst_prominent_words":[],"class_list":{"0":"post-7977","1":"page","2":"type-page","3":"status-publish","4":"has-post-thumbnail","6":"resize-featured-image"},"_links":{"self":[{"href":"https:\/\/www.elovis.com\/es\/wp-json\/wp\/v2\/pages\/7977","targetHints":{"allow":["GET"]}}],"collection":[{"href":"https:\/\/www.elovis.com\/es\/wp-json\/wp\/v2\/pages"}],"about":[{"href":"https:\/\/www.elovis.com\/es\/wp-json\/wp\/v2\/types\/page"}],"author":[{"embeddable":true,"href":"https:\/\/www.elovis.com\/es\/wp-json\/wp\/v2\/users\/2"}],"replies":[{"embeddable":true,"href":"https:\/\/www.elovis.com\/es\/wp-json\/wp\/v2\/comments?post=7977"}],"version-history":[{"count":4,"href":"https:\/\/www.elovis.com\/es\/wp-json\/wp\/v2\/pages\/7977\/revisions"}],"predecessor-version":[{"id":1622119,"href":"https:\/\/www.elovis.com\/es\/wp-json\/wp\/v2\/pages\/7977\/revisions\/1622119"}],"up":[{"embeddable":true,"href":"https:\/\/www.elovis.com\/es\/wp-json\/wp\/v2\/pages\/7975"}],"wp:featuredmedia":[{"embeddable":true,"href":"https:\/\/www.elovis.com\/es\/wp-json\/wp\/v2\/media\/3939"}],"wp:attachment":[{"href":"https:\/\/www.elovis.com\/es\/wp-json\/wp\/v2\/media?parent=7977"}],"wp:term":[{"taxonomy":"yst_prominent_words","embeddable":true,"href":"https:\/\/www.elovis.com\/es\/wp-json\/wp\/v2\/yst_prominent_words?post=7977"}],"curies":[{"name":"wp","href":"https:\/\/api.w.org\/{rel}","templated":true}]}}