{"id":7933,"date":"2018-11-07T07:12:28","date_gmt":"2018-11-07T06:12:28","guid":{"rendered":"\/aplicaciones\/medicion-de-longitud-sin-contacto\/medicion-sin-contacto-de-la-longitud-del-rollo-de-la-bobina\/medicion-de-la-longitud-de-papel-a-alta-velocidad\/"},"modified":"2025-01-17T15:20:23","modified_gmt":"2025-01-17T14:20:23","slug":"medicion-de-la-longitud-de-papel-a-alta-velocidad","status":"publish","type":"page","link":"https:\/\/www.elovis.com\/es\/aplicaciones\/medicion-de-longitud-sin-contacto\/medicion-sin-contacto-de-la-longitud-del-rollo-de-la-bobina\/medicion-de-la-longitud-de-papel-a-alta-velocidad\/","title":{"rendered":"Medici\u00f3n de la longitud de papel a alta velocidad"},"content":{"rendered":"\t\t<div data-elementor-type=\"wp-post\" data-elementor-id=\"7933\" class=\"elementor elementor-7933 elementor-3037\" data-elementor-post-type=\"page\">\n\t\t\t\t\t\t<section class=\"elementor-section elementor-top-section elementor-element elementor-element-286f4e43 elementor-section-boxed elementor-section-height-default elementor-section-height-default\" data-id=\"286f4e43\" data-element_type=\"section\" data-e-type=\"section\">\n\t\t\t\t\t\t<div class=\"elementor-container elementor-column-gap-default\">\n\t\t\t\t\t<div class=\"elementor-column elementor-col-100 elementor-top-column elementor-element elementor-element-6275719a\" data-id=\"6275719a\" data-element_type=\"column\" data-e-type=\"column\">\n\t\t\t<div class=\"elementor-widget-wrap elementor-element-populated\">\n\t\t\t\t\t\t<div class=\"elementor-element elementor-element-18d6aa36 elementor-widget elementor-widget-text-editor\" data-id=\"18d6aa36\" data-element_type=\"widget\" data-e-type=\"widget\" data-widget_type=\"text-editor.default\">\n\t\t\t\t<div class=\"elementor-widget-container\">\n\t\t\t\t\t\t\t\t\t<h2>Longitudes de rollo exactas y detecci\u00f3n de \u00e1rea exacta en papel<\/h2>\n\t\t\t\t\t\t\t\t<\/div>\n\t\t\t\t<\/div>\n\t\t\t\t\t<\/div>\n\t\t<\/div>\n\t\t\t\t\t<\/div>\n\t\t<\/section>\n\t\t\t\t<section class=\"elementor-section elementor-top-section elementor-element elementor-element-1002d941 elementor-section-boxed elementor-section-height-default elementor-section-height-default\" data-id=\"1002d941\" data-element_type=\"section\" data-e-type=\"section\">\n\t\t\t\t\t\t<div class=\"elementor-container elementor-column-gap-default\">\n\t\t\t\t\t<div class=\"elementor-column elementor-col-66 elementor-top-column elementor-element elementor-element-73ba7d9f\" data-id=\"73ba7d9f\" data-element_type=\"column\" data-e-type=\"column\">\n\t\t\t<div class=\"elementor-widget-wrap elementor-element-populated\">\n\t\t\t\t\t\t<div class=\"elementor-element elementor-element-26c1ad89 elementor-widget elementor-widget-text-editor\" data-id=\"26c1ad89\" data-element_type=\"widget\" data-e-type=\"widget\" data-widget_type=\"text-editor.default\">\n\t\t\t\t<div class=\"elementor-widget-container\">\n\t\t\t\t\t\t\t\t\t<p>\t<p>Medici\u00f3n precisa de la longitud en superficies de papel, independientemente del gramaje, tambi\u00e9n como base para la contabilizaci\u00f3n de \u00e1rea. Medida de longitud en el tambor, en la bobinadora, cortadora longitudinal \/ transversal con alta velocidad de material.<\/p><\/p>\n\t\t\t\t\t\t\t\t<\/div>\n\t\t\t\t<\/div>\n\t\t\t\t<div class=\"elementor-element elementor-element-2842be21 elementor-widget elementor-widget-text-editor\" data-id=\"2842be21\" data-element_type=\"widget\" data-e-type=\"widget\" data-widget_type=\"text-editor.default\">\n\t\t\t\t<div class=\"elementor-widget-container\">\n\t\t\t\t\t\t\t\t\t<p>Datos de aplicaci\u00f3n t\u00edpicos:<\/p>\n<ul>\n<li>Velocidades web: t\u00edpicamente hasta 3.600 m \/ min.<\/li>\n<li>Precisi\u00f3n de medici\u00f3n con equipos de medici\u00f3n t\u00e1ctil o a trav\u00e9s de la unidad: generalmente 1 &#8211; 2%<\/li>\n<li>Precisi\u00f3n de medici\u00f3n con medici\u00f3n de longitud sin contacto \u03bcSPEED: t\u00edpico: 0.03%<\/li>\n<li>Amortizaci\u00f3n: 1 mes, reemplazo del codificador directo, no se necesitan otras modificaciones<\/li>\n<\/ul>\n\t\t\t\t\t\t\t\t<\/div>\n\t\t\t\t<\/div>\n\t\t\t\t<div class=\"elementor-element elementor-element-4460913c elementor-widget elementor-widget-text-editor\" data-id=\"4460913c\" data-element_type=\"widget\" data-e-type=\"widget\" data-widget_type=\"text-editor.default\">\n\t\t\t\t<div class=\"elementor-widget-container\">\n\t\t\t\t\t\t\t\t\t<p>Ejemplos de materiales:<\/p>\n<ul>\n<li>Papel gr\u00e1fico, papel autocopiativo, papel t\u00e9rmico, papel de filtro, papel pintado, papel decorativo, &#8230;<\/li>\n<li>Papel en bruto, papel estucado, papel sin recubrir, m\u00e1quina lisa, satinada, &#8230;<\/li>\n<li>Cart\u00f3n, cart\u00f3n, papel tis\u00fa, papel higi\u00e9nico, &#8230; todos los pesos base y gramajes<\/li>\n<\/ul>\n\t\t\t\t\t\t\t\t<\/div>\n\t\t\t\t<\/div>\n\t\t\t\t<div class=\"elementor-element elementor-element-5bf36f22 elementor-widget elementor-widget-text-editor\" data-id=\"5bf36f22\" data-element_type=\"widget\" data-e-type=\"widget\" data-widget_type=\"text-editor.default\">\n\t\t\t\t<div class=\"elementor-widget-container\">\n\t\t\t\t\t\t\t\t\t<p>M\u00e1quinas equipadas con medici\u00f3n de longitud sin contacto:<\/p>\n<ul>\n<li>M\u00e1quina de papel en tambor<\/li>\n<li>bobinadora, cortadora, cortador transversal, cortadora<\/li>\n<li>Envasadoras, rebobinadoras, enrolladoras, rodillo m\u00e9dico, clasificador<\/li>\n<li>unidades de recubrimiento, calandra<\/li>\n<\/ul>\n\t\t\t\t\t\t\t\t<\/div>\n\t\t\t\t<\/div>\n\t\t\t\t\t<\/div>\n\t\t<\/div>\n\t\t\t\t<div class=\"elementor-column elementor-col-33 elementor-top-column elementor-element elementor-element-8fd42d8 elovis-vertical-image-gallery\" data-id=\"8fd42d8\" data-element_type=\"column\" data-e-type=\"column\">\n\t\t\t<div class=\"elementor-widget-wrap elementor-element-populated\">\n\t\t\t\t\t\t<div class=\"elementor-element elementor-element-5077e5b0 elementor-widget elementor-widget-shortcode\" data-id=\"5077e5b0\" data-element_type=\"widget\" data-e-type=\"widget\" data-widget_type=\"shortcode.default\">\n\t\t\t\t<div class=\"elementor-widget-container\">\n\t\t\t\t\t\t\t<div class=\"elementor-shortcode\"><div class=\"elementor-image-gallery\"><div id=\"gallery-69e357136f9a4\" class=\"gallery gallery-size-thumbnail\"><figure class=\"gallery-item\" >\n\t\t\t  <div class=\"gallery-icon landscape\">\n\t\t\t\t  <a data-elementor-open-lightbox=\"default\" data-elementor-lightbox-slideshow=\"69e357136f9a4\" class=\"elementor-clickable\" href=\"https:\/\/www.elovis.com\/wp-content\/smush-webp\/2018\/01\/laengenmessung-1024x768.jpg.webp\" data-smush-webp-fallback=\"{&quot;href&quot;:&quot;https:\\\/\\\/www.elovis.com\\\/wp-content\\\/uploads\\\/2018\\\/01\\\/laengenmessung-1024x768.jpg&quot;}\">\n\t\t\t\t\t  <img fetchpriority=\"high\" decoding=\"async\" width=\"300\" height=\"225\" src=\"https:\/\/www.elovis.com\/wp-content\/smush-webp\/2018\/01\/laengenmessung-300x225.jpg.webp\" class=\"img-responsive attachment-medium\" alt=\"\" srcset=\"https:\/\/www.elovis.com\/wp-content\/smush-webp\/2018\/01\/laengenmessung-300x225.jpg.webp 300w, https:\/\/www.elovis.com\/wp-content\/smush-webp\/2018\/01\/laengenmessung-768x576.jpg.webp 768w, https:\/\/www.elovis.com\/wp-content\/smush-webp\/2018\/01\/laengenmessung-1024x768.jpg.webp 1024w, https:\/\/www.elovis.com\/wp-content\/uploads\/2018\/01\/laengenmessung.jpg 2000w\" sizes=\"(max-width: 300px) 100vw, 300px\" data-smush-webp-fallback=\"{&quot;src&quot;:&quot;https:\\\/\\\/www.elovis.com\\\/wp-content\\\/uploads\\\/2018\\\/01\\\/laengenmessung-300x225.jpg&quot;,&quot;srcset&quot;:&quot;https:\\\/\\\/www.elovis.com\\\/wp-content\\\/uploads\\\/2018\\\/01\\\/laengenmessung-300x225.jpg 300w, https:\\\/\\\/www.elovis.com\\\/wp-content\\\/uploads\\\/2018\\\/01\\\/laengenmessung-768x576.jpg 768w, https:\\\/\\\/www.elovis.com\\\/wp-content\\\/uploads\\\/2018\\\/01\\\/laengenmessung-1024x768.jpg 1024w, https:\\\/\\\/www.elovis.com\\\/wp-content\\\/uploads\\\/2018\\\/01\\\/laengenmessung.jpg 2000w&quot;}\" \/>\n\t\t\t\t  <\/a>\n\t\t\t  <\/div>\n\t\t  <\/figure><\/div><\/div><\/div><\/div>\n\t\t\t\t\t\t<\/div>\n\t\t\t\t<\/div>\n\t\t\t\t<div class=\"elementor-element elementor-element-98fe645 elementor-widget elementor-widget-spacer\" data-id=\"98fe645\" data-element_type=\"widget\" data-e-type=\"widget\" data-widget_type=\"spacer.default\">\n\t\t\t\t<div class=\"elementor-widget-container\">\n\t\t\t\t\t\t\t<div class=\"elementor-spacer\">\n\t\t\t<div class=\"elementor-spacer-inner\"><\/div>\n\t\t<\/div>\n\t\t\t\t\t\t<\/div>\n\t\t\t\t<\/div>\n\t\t\t\t<div class=\"elementor-element elementor-element-431e138 elementor-widget elementor-widget-shortcode\" data-id=\"431e138\" data-element_type=\"widget\" data-e-type=\"widget\" data-widget_type=\"shortcode.default\">\n\t\t\t\t<div class=\"elementor-widget-container\">\n\t\t\t\t\t\t\t<div class=\"elementor-shortcode\"><div class=\"elementor-image-gallery\"><div id=\"gallery-69e3571371c6a\" class=\"gallery gallery-size-thumbnail\"><figure class=\"gallery-item\" >\n\t\t\t  <div class=\"gallery-icon landscape\">\n\t\t\t\t  <a data-elementor-open-lightbox=\"default\" data-elementor-lightbox-slideshow=\"69e3571371c6a\" class=\"elementor-clickable\" href=\"https:\/\/www.elovis.com\/wp-content\/smush-webp\/2018\/03\/Paper-01-1024x768.jpg.webp\" data-smush-webp-fallback=\"{&quot;href&quot;:&quot;https:\\\/\\\/www.elovis.com\\\/wp-content\\\/uploads\\\/2018\\\/03\\\/Paper-01-1024x768.jpg&quot;}\">\n\t\t\t\t\t  <img decoding=\"async\" width=\"300\" height=\"225\" data-src=\"https:\/\/www.elovis.com\/wp-content\/smush-webp\/2018\/03\/Paper-01-300x225.jpg.webp\" class=\"img-responsive attachment-medium lazyload\" alt=\"\" data-srcset=\"https:\/\/www.elovis.com\/wp-content\/smush-webp\/2018\/03\/Paper-01-300x225.jpg.webp 300w, https:\/\/www.elovis.com\/wp-content\/smush-webp\/2018\/03\/Paper-01-768x576.jpg.webp 768w, https:\/\/www.elovis.com\/wp-content\/smush-webp\/2018\/03\/Paper-01-1024x768.jpg.webp 1024w, https:\/\/www.elovis.com\/wp-content\/uploads\/2018\/03\/Paper-01.jpg 2048w\" data-sizes=\"(max-width: 300px) 100vw, 300px\" src=\"data:image\/svg+xml;base64,PHN2ZyB3aWR0aD0iMSIgaGVpZ2h0PSIxIiB4bWxucz0iaHR0cDovL3d3dy53My5vcmcvMjAwMC9zdmciPjwvc3ZnPg==\" style=\"--smush-placeholder-width: 300px; --smush-placeholder-aspect-ratio: 300\/225;\" data-smush-webp-fallback=\"{&quot;data-src&quot;:&quot;https:\\\/\\\/www.elovis.com\\\/wp-content\\\/uploads\\\/2018\\\/03\\\/Paper-01-300x225.jpg&quot;,&quot;data-srcset&quot;:&quot;https:\\\/\\\/www.elovis.com\\\/wp-content\\\/uploads\\\/2018\\\/03\\\/Paper-01-300x225.jpg 300w, https:\\\/\\\/www.elovis.com\\\/wp-content\\\/uploads\\\/2018\\\/03\\\/Paper-01-768x576.jpg 768w, https:\\\/\\\/www.elovis.com\\\/wp-content\\\/uploads\\\/2018\\\/03\\\/Paper-01-1024x768.jpg 1024w, https:\\\/\\\/www.elovis.com\\\/wp-content\\\/uploads\\\/2018\\\/03\\\/Paper-01.jpg 2048w&quot;}\" \/>\n\t\t\t\t  <\/a>\n\t\t\t  <\/div>\n\t\t  <\/figure><\/div><\/div><\/div><\/div>\n\t\t\t\t\t\t<\/div>\n\t\t\t\t<\/div>\n\t\t\t\t\t<\/div>\n\t\t<\/div>\n\t\t\t\t\t<\/div>\n\t\t<\/section>\n\t\t\t\t<section class=\"elementor-section elementor-top-section elementor-element elementor-element-290e8798 elementor-section-boxed elementor-section-height-default elementor-section-height-default\" data-id=\"290e8798\" data-element_type=\"section\" data-e-type=\"section\">\n\t\t\t\t\t\t<div class=\"elementor-container elementor-column-gap-default\">\n\t\t\t\t\t<div class=\"elementor-column elementor-col-100 elementor-top-column elementor-element elementor-element-205071ff\" data-id=\"205071ff\" data-element_type=\"column\" data-e-type=\"column\">\n\t\t\t<div class=\"elementor-widget-wrap elementor-element-populated\">\n\t\t\t\t\t\t<div class=\"elementor-element elementor-element-2e32cc9d elementor-widget elementor-widget-heading\" data-id=\"2e32cc9d\" data-element_type=\"widget\" data-e-type=\"widget\" data-widget_type=\"heading.default\">\n\t\t\t\t<div class=\"elementor-widget-container\">\n\t\t\t\t\t<h2 class=\"elementor-heading-title elementor-size-default\">Productos y servicios a juego<\/h2>\t\t\t\t<\/div>\n\t\t\t\t<\/div>\n\t\t\t\t<div class=\"elementor-element elementor-element-482ffd0e elementor-widget elementor-widget-shortcode\" data-id=\"482ffd0e\" data-element_type=\"widget\" data-e-type=\"widget\" data-widget_type=\"shortcode.default\">\n\t\t\t\t<div class=\"elementor-widget-container\">\n\t\t\t\t\t\t\t<div class=\"elementor-shortcode\">\t\t<section\n\t\t\tclass=\"elementor-section elementor-top-section elementor-element elementor-element-2f30f66b elementor-section-boxed elementor-section-height-default elementor-section-height-default\"\n\t\t\tstyle=\"margin:-10px\"\n\t\t\tdata-element_type=\"section\">\n\t\t\t<div class=\"elementor-container elementor-column-gap-default\">\n\t\t\t\t<div class=\"elementor-column elementor-col-25 elementor-top-column elementor-element elementor-element-50798f78\"\n\t\t\t\t\tdata-element_type=\"column\">\n\t\t\t\t\t<div class=\"elementor-widget-wrap elementor-element-populated\">\n\t\t\t\t\t\t<div class=\"elementor-element elementor-element-24415776 elementor-widget elementor-widget-image\"\n\t\t\t\t\t\t\tdata-element_type=\"widget\" data-widget_type=\"image.default\">\n\t\t\t\t\t\t\t<div class=\"elementor-widget-container\">\n\t\t\t\t\t\t\t\t<a href=\"https:\/\/www.elovis.com\/es\/productos\/sistemas-de-medicion-de-longitud-y-velocidad-de-codificador-laser\/\">\n\t\t\t\t\t\t\t\t\t<img decoding=\"async\" width=\"300\" height=\"225\" data-src=\"https:\/\/www.elovis.com\/wp-content\/smush-webp\/2017\/12\/bewegung_messen-be-300x225.jpg.webp\" class=\"attachment-medium size-medium wp-post-image lazyload\" alt=\"Medici\u00f3n de la longitud sin contacto con un codificador l\u00e1ser\" data-srcset=\"https:\/\/www.elovis.com\/wp-content\/smush-webp\/2017\/12\/bewegung_messen-be-300x225.jpg.webp 300w, https:\/\/www.elovis.com\/wp-content\/smush-webp\/2017\/12\/bewegung_messen-be-768x576.jpg.webp 768w, https:\/\/www.elovis.com\/wp-content\/smush-webp\/2017\/12\/bewegung_messen-be-1024x768.jpg.webp 1024w, https:\/\/www.elovis.com\/wp-content\/uploads\/2017\/12\/bewegung_messen-be.jpg 1360w\" data-sizes=\"(max-width: 300px) 100vw, 300px\" src=\"data:image\/svg+xml;base64,PHN2ZyB3aWR0aD0iMSIgaGVpZ2h0PSIxIiB4bWxucz0iaHR0cDovL3d3dy53My5vcmcvMjAwMC9zdmciPjwvc3ZnPg==\" style=\"--smush-placeholder-width: 300px; --smush-placeholder-aspect-ratio: 300\/225;\" data-smush-webp-fallback=\"{&quot;data-src&quot;:&quot;https:\\\/\\\/www.elovis.com\\\/wp-content\\\/uploads\\\/2017\\\/12\\\/bewegung_messen-be-300x225.jpg&quot;,&quot;data-srcset&quot;:&quot;https:\\\/\\\/www.elovis.com\\\/wp-content\\\/uploads\\\/2017\\\/12\\\/bewegung_messen-be-300x225.jpg 300w, https:\\\/\\\/www.elovis.com\\\/wp-content\\\/uploads\\\/2017\\\/12\\\/bewegung_messen-be-768x576.jpg 768w, https:\\\/\\\/www.elovis.com\\\/wp-content\\\/uploads\\\/2017\\\/12\\\/bewegung_messen-be-1024x768.jpg 1024w, https:\\\/\\\/www.elovis.com\\\/wp-content\\\/uploads\\\/2017\\\/12\\\/bewegung_messen-be.jpg 1360w&quot;}\" \/>\n\t\t\t\t\t\t\t<\/div>\n\t\t\t\t\t\t<\/div>\n\t\t\t\t\t<\/div>\n\t\t\t\t<\/div>\n\t\t\t\t<div class=\"elementor-column elementor-col-75 elementor-top-column elementor-element elementor-element-247710d2\"\n\t\t\t\t\tdata-element_type=\"column\">\n\t\t\t\t\t<div class=\"elementor-widget-wrap elementor-element-populated\">\n\t\t\t\t\t\t<div class=\"elementor-element elementor-element-1943c0c8 elementor-widget elementor-widget-text-editor\"\n\t\t\t\t\t\t\tdata-element_type=\"widget\" data-widget_type=\"text-editor.default\">\n\t\t\t\t\t\t\t<div class=\"elementor-widget-container\">\n\t\t\t\t\t\t\t\t<h2>\n\t\t\t\t\t\t\t\t\t<a href=\"https:\/\/www.elovis.com\/es\/productos\/sistemas-de-medicion-de-longitud-y-velocidad-de-codificador-laser\/\">Sistemas de Medici\u00f3n de Longitud y Velocidad de Codificador L\u00e1ser<\/a>\n\t\t\t\t\t\t\t\t<\/h2>\n\t\t\t\t\t\t\t\t<p><ul>\r\n \t<li>Medida de longitud y velocidad sin contacto, \u00f3pticamente con un l\u00e1ser<\/li>\r\n \t<li>  Longitud y velocidad sin deslizamiento, sin mantenimiento, calibrado permanentemente y mesurado con precisi\u00f3n <\/li>\r\n \t<li>El Laser -codificador reemplaza una medici\u00f3n t\u00e1ctil a trav\u00e9s del impulsor, rodillo de medici\u00f3n o accionamiento de la m\u00e1quina<\/li>\r\n \t<li>Medici\u00f3n de superficies en movimiento mediante veloc\u00edmetro de superficie l\u00e1ser-doppler<\/li>\r\n<\/ul><\/p>\n\t\t\t\t\t\t\t<\/div>\n\t\t\t\t\t\t<\/div>\n\t\t\t\t\t<\/div>\n\t\t\t\t<\/div>\n\t\t\t<\/div>\n\t\t<\/section><\/div>\n\t\t\t\t\t\t<\/div>\n\t\t\t\t<\/div>\n\t\t\t\t\t<\/div>\n\t\t<\/div>\n\t\t\t\t\t<\/div>\n\t\t<\/section>\n\t\t\t\t<section class=\"elementor-section elementor-top-section elementor-element elementor-element-233e793e elementor-section-boxed elementor-section-height-default elementor-section-height-default\" data-id=\"233e793e\" data-element_type=\"section\" data-e-type=\"section\">\n\t\t\t\t\t\t<div class=\"elementor-container elementor-column-gap-default\">\n\t\t\t\t\t<div class=\"elementor-column elementor-col-33 elementor-top-column elementor-element elementor-element-105338d8\" data-id=\"105338d8\" data-element_type=\"column\" data-e-type=\"column\">\n\t\t\t<div class=\"elementor-widget-wrap elementor-element-populated\">\n\t\t\t\t\t\t<div class=\"elementor-element elementor-element-60988f81 elementor-widget elementor-widget-image\" data-id=\"60988f81\" data-element_type=\"widget\" data-e-type=\"widget\" data-widget_type=\"image.default\">\n\t\t\t\t<div class=\"elementor-widget-container\">\n\t\t\t\t\t\t\t\t\t\t\t\t\t\t\t\t<a href=\"https:\/\/www.elovis.com\/es\/servicios\/\">\n\t\t\t\t\t\t\t<img decoding=\"async\" width=\"2000\" height=\"1500\" data-src=\"https:\/\/www.elovis.com\/wp-content\/uploads\/2019\/01\/ServiceFertig1GrauVerlauf.png\" class=\"attachment-full size-full wp-image-9473 lazyload\" alt=\"\" data-srcset=\"https:\/\/www.elovis.com\/wp-content\/uploads\/2019\/01\/ServiceFertig1GrauVerlauf.png 2000w, https:\/\/www.elovis.com\/wp-content\/smush-webp\/2019\/01\/ServiceFertig1GrauVerlauf-300x225.png.webp 300w, https:\/\/www.elovis.com\/wp-content\/smush-webp\/2019\/01\/ServiceFertig1GrauVerlauf-768x576.png.webp 768w, https:\/\/www.elovis.com\/wp-content\/smush-webp\/2019\/01\/ServiceFertig1GrauVerlauf-1024x768.png.webp 1024w\" data-sizes=\"(max-width: 2000px) 100vw, 2000px\" src=\"data:image\/svg+xml;base64,PHN2ZyB3aWR0aD0iMSIgaGVpZ2h0PSIxIiB4bWxucz0iaHR0cDovL3d3dy53My5vcmcvMjAwMC9zdmciPjwvc3ZnPg==\" style=\"--smush-placeholder-width: 2000px; --smush-placeholder-aspect-ratio: 2000\/1500;\" data-smush-webp-fallback=\"{&quot;data-srcset&quot;:&quot;https:\\\/\\\/www.elovis.com\\\/wp-content\\\/uploads\\\/2019\\\/01\\\/ServiceFertig1GrauVerlauf.png 2000w, https:\\\/\\\/www.elovis.com\\\/wp-content\\\/uploads\\\/2019\\\/01\\\/ServiceFertig1GrauVerlauf-300x225.png 300w, https:\\\/\\\/www.elovis.com\\\/wp-content\\\/uploads\\\/2019\\\/01\\\/ServiceFertig1GrauVerlauf-768x576.png 768w, https:\\\/\\\/www.elovis.com\\\/wp-content\\\/uploads\\\/2019\\\/01\\\/ServiceFertig1GrauVerlauf-1024x768.png 1024w&quot;}\" \/>\t\t\t\t\t\t\t\t<\/a>\n\t\t\t\t\t\t\t\t\t\t\t\t\t\t\t<\/div>\n\t\t\t\t<\/div>\n\t\t\t\t\t<\/div>\n\t\t<\/div>\n\t\t\t\t<div class=\"elementor-column elementor-col-66 elementor-top-column elementor-element elementor-element-6c89989d\" data-id=\"6c89989d\" data-element_type=\"column\" data-e-type=\"column\">\n\t\t\t<div class=\"elementor-widget-wrap elementor-element-populated\">\n\t\t\t\t\t\t<div class=\"elementor-element elementor-element-49fe3b08 elementor-widget elementor-widget-text-editor\" data-id=\"49fe3b08\" data-element_type=\"widget\" data-e-type=\"widget\" data-widget_type=\"text-editor.default\">\n\t\t\t\t<div class=\"elementor-widget-container\">\n\t\t\t\t\t\t\t\t\t<h2>Servicios ELOVIS<\/h2>\n<p>ELOVIS ofrece los siguientes servicios para la medici\u00f3n de papel:<\/p>\n<ul>\n<li>Asesoramiento sobre la medici\u00f3n de longitud y velocidad<\/li>\n<li>Servicios de medici\u00f3n y calibraci\u00f3n<\/li>\n<li>Ayuda con quejas de longitud de sus clientes<\/li>\n<li>Desarrollos de sensores OEM en el campo de medici\u00f3n de longitud y velocidad<\/li>\n<\/ul>\n\t\t\t\t\t\t\t\t<\/div>\n\t\t\t\t<\/div>\n\t\t\t\t\t<\/div>\n\t\t<\/div>\n\t\t\t\t\t<\/div>\n\t\t<\/section>\n\t\t\t\t<section class=\"elementor-section elementor-top-section elementor-element elementor-element-7f45bf14 elementor-section-boxed elementor-section-height-default elementor-section-height-default\" data-id=\"7f45bf14\" data-element_type=\"section\" data-e-type=\"section\">\n\t\t\t\t\t\t<div class=\"elementor-container elementor-column-gap-default\">\n\t\t\t\t\t<div class=\"elementor-column elementor-col-100 elementor-top-column elementor-element elementor-element-6fe02a91\" data-id=\"6fe02a91\" data-element_type=\"column\" data-e-type=\"column\">\n\t\t\t<div class=\"elementor-widget-wrap elementor-element-populated\">\n\t\t\t\t\t\t<section class=\"elementor-section elementor-inner-section elementor-element elementor-element-4002de77 elementor-section-boxed elementor-section-height-default elementor-section-height-default\" data-id=\"4002de77\" data-element_type=\"section\" data-e-type=\"section\">\n\t\t\t\t\t\t<div class=\"elementor-container elementor-column-gap-default\">\n\t\t\t\t\t<div class=\"elementor-column elementor-col-50 elementor-inner-column elementor-element elementor-element-1d3e7cb1\" data-id=\"1d3e7cb1\" data-element_type=\"column\" data-e-type=\"column\">\n\t\t\t<div class=\"elementor-widget-wrap elementor-element-populated\">\n\t\t\t\t\t\t<div class=\"elementor-element elementor-element-2f4ead49 elementor-widget elementor-widget-shortcode\" data-id=\"2f4ead49\" data-element_type=\"widget\" data-e-type=\"widget\" data-widget_type=\"shortcode.default\">\n\t\t\t\t<div class=\"elementor-widget-container\">\n\t\t\t\t\t\t\t<div class=\"elementor-shortcode\"><a href=\"https:\/\/www.elovis.com\/es\/aplicaciones\/medicion-de-longitud-sin-contacto\/\" title=\"more applications\" class=\"elementor-button-link elementor-button elementor-size-sm elovis-parent\">\n\t<span class=\"elementor-button-content-wrapper\">\n\t\t<span class=\"elementor-button-text\">more applications<\/span>\n\t<\/span>\n<\/a><\/div>\n\t\t\t\t\t\t<\/div>\n\t\t\t\t<\/div>\n\t\t\t\t\t<\/div>\n\t\t<\/div>\n\t\t\t\t<div class=\"elementor-column elementor-col-50 elementor-inner-column elementor-element elementor-element-e4e6ef8\" data-id=\"e4e6ef8\" data-element_type=\"column\" data-e-type=\"column\">\n\t\t\t<div class=\"elementor-widget-wrap elementor-element-populated\">\n\t\t\t\t\t\t<div class=\"elementor-element elementor-element-b0dbd25 elementor-widget elementor-widget-button\" data-id=\"b0dbd25\" data-element_type=\"widget\" data-e-type=\"widget\" data-widget_type=\"button.default\">\n\t\t\t\t<div class=\"elementor-widget-container\">\n\t\t\t\t\t\t\t\t\t<div class=\"elementor-button-wrapper\">\n\t\t\t\t\t<a class=\"elementor-button elementor-button-link elementor-size-sm\" href=\"https:\/\/www.elovis.com\/es\/contacto\/\" target=\"_blank\">\n\t\t\t\t\t\t<span class=\"elementor-button-content-wrapper\">\n\t\t\t\t\t\t<span class=\"elementor-button-icon\">\n\t\t\t\t\t\t\t\t\t<i class=\"fa fa-phone\" aria-hidden=\"true\"><\/i>\n\t\t\t\t\t\t\t<\/span>\n\t\t\t\t\t\t\t\t\t<span class=\"elementor-button-text\">Consejo personal<\/span>\n\t\t\t\t\t<\/span>\n\t\t\t\t\t<\/a>\n\t\t\t\t<\/div>\n\t\t\t\t\t\t\t\t<\/div>\n\t\t\t\t<\/div>\n\t\t\t\t\t<\/div>\n\t\t<\/div>\n\t\t\t\t\t<\/div>\n\t\t<\/section>\n\t\t\t\t\t<\/div>\n\t\t<\/div>\n\t\t\t\t\t<\/div>\n\t\t<\/section>\n\t\t\t\t<\/div>\n\t\t","protected":false},"excerpt":{"rendered":"<p>Medici\u00f3n precisa de la longitud en superficies de papel, independientemente del gramaje, tambi\u00e9n como base para la contabilizaci\u00f3n de \u00e1rea. Medida de longitud en el tambor, en la bobinadora, cortadora longitudinal \/ transversal con alta velocidad de material.<\/p>\n","protected":false},"author":2,"featured_media":1278,"parent":7929,"menu_order":6,"comment_status":"closed","ping_status":"closed","template":"","meta":{"footnotes":""},"yst_prominent_words":[],"class_list":{"0":"post-7933","1":"page","2":"type-page","3":"status-publish","4":"has-post-thumbnail","6":"resize-featured-image"},"_links":{"self":[{"href":"https:\/\/www.elovis.com\/es\/wp-json\/wp\/v2\/pages\/7933","targetHints":{"allow":["GET"]}}],"collection":[{"href":"https:\/\/www.elovis.com\/es\/wp-json\/wp\/v2\/pages"}],"about":[{"href":"https:\/\/www.elovis.com\/es\/wp-json\/wp\/v2\/types\/page"}],"author":[{"embeddable":true,"href":"https:\/\/www.elovis.com\/es\/wp-json\/wp\/v2\/users\/2"}],"replies":[{"embeddable":true,"href":"https:\/\/www.elovis.com\/es\/wp-json\/wp\/v2\/comments?post=7933"}],"version-history":[{"count":5,"href":"https:\/\/www.elovis.com\/es\/wp-json\/wp\/v2\/pages\/7933\/revisions"}],"predecessor-version":[{"id":1622060,"href":"https:\/\/www.elovis.com\/es\/wp-json\/wp\/v2\/pages\/7933\/revisions\/1622060"}],"up":[{"embeddable":true,"href":"https:\/\/www.elovis.com\/es\/wp-json\/wp\/v2\/pages\/7929"}],"wp:featuredmedia":[{"embeddable":true,"href":"https:\/\/www.elovis.com\/es\/wp-json\/wp\/v2\/media\/1278"}],"wp:attachment":[{"href":"https:\/\/www.elovis.com\/es\/wp-json\/wp\/v2\/media?parent=7933"}],"wp:term":[{"taxonomy":"yst_prominent_words","embeddable":true,"href":"https:\/\/www.elovis.com\/es\/wp-json\/wp\/v2\/yst_prominent_words?post=7933"}],"curies":[{"name":"wp","href":"https:\/\/api.w.org\/{rel}","templated":true}]}}