{"id":1491119,"date":"2021-12-28T22:55:20","date_gmt":"2021-12-28T21:55:20","guid":{"rendered":"https:\/\/www.elovis.com\/aplicaciones\/medicion-sin-contacto-de-anchos-alturas-diametros\/medicion-sin-contacto-de-alta-precision-de-anchos-de-bandas-y-paneles\/anchura-y-grosor-en-bandas-estrechas\/"},"modified":"2021-12-28T23:06:11","modified_gmt":"2021-12-28T22:06:11","slug":"anchura-y-grosor-en-bandas-estrechas","status":"publish","type":"page","link":"https:\/\/www.elovis.com\/es\/aplicaciones\/medicion-sin-contacto-de-anchos-alturas-diametros\/medicion-sin-contacto-de-alta-precision-de-anchos-de-bandas-y-paneles\/anchura-y-grosor-en-bandas-estrechas\/","title":{"rendered":"Anchura y grosor en bandas estrechas"},"content":{"rendered":"\t\t<div data-elementor-type=\"wp-post\" data-elementor-id=\"1491119\" class=\"elementor elementor-1491119 elementor-1457678\" data-elementor-post-type=\"page\">\n\t\t\t\t\t\t<section class=\"elementor-section elementor-top-section elementor-element elementor-element-5097eea6 elementor-section-boxed elementor-section-height-default elementor-section-height-default\" data-id=\"5097eea6\" data-element_type=\"section\" data-e-type=\"section\">\n\t\t\t\t\t\t<div class=\"elementor-container elementor-column-gap-default\">\n\t\t\t\t\t<div class=\"elementor-column elementor-col-100 elementor-top-column elementor-element elementor-element-5edd76a4\" data-id=\"5edd76a4\" data-element_type=\"column\" data-e-type=\"column\">\n\t\t\t<div class=\"elementor-widget-wrap elementor-element-populated\">\n\t\t\t\t\t\t<div class=\"elementor-element elementor-element-290bc01a elementor-widget elementor-widget-text-editor\" data-id=\"290bc01a\" data-element_type=\"widget\" data-e-type=\"widget\" data-widget_type=\"text-editor.default\">\n\t\t\t\t<div class=\"elementor-widget-container\">\n\t\t\t\t\t\t\t\t\t<h2>Medici\u00f3n sin contacto de la anchura y el grosor de las bandas<\/h2>\n\t\t\t\t\t\t\t\t<\/div>\n\t\t\t\t<\/div>\n\t\t\t\t\t<\/div>\n\t\t<\/div>\n\t\t\t\t\t<\/div>\n\t\t<\/section>\n\t\t\t\t<section class=\"elementor-section elementor-top-section elementor-element elementor-element-37b30f84 elementor-section-boxed elementor-section-height-default elementor-section-height-default\" data-id=\"37b30f84\" data-element_type=\"section\" data-e-type=\"section\">\n\t\t\t\t\t\t<div class=\"elementor-container elementor-column-gap-default\">\n\t\t\t\t\t<div class=\"elementor-column elementor-col-66 elementor-top-column elementor-element elementor-element-5c5111ee\" data-id=\"5c5111ee\" data-element_type=\"column\" data-e-type=\"column\">\n\t\t\t<div class=\"elementor-widget-wrap elementor-element-populated\">\n\t\t\t\t\t\t<div class=\"elementor-element elementor-element-252669fd elementor-widget elementor-widget-text-editor\" data-id=\"252669fd\" data-element_type=\"widget\" data-e-type=\"widget\" data-widget_type=\"text-editor.default\">\n\t\t\t\t<div class=\"elementor-widget-container\">\n\t\t\t\t\t\t\t\t\t<p>Hay que comprobar que las bandas estrechas cumplen con una anchura y un grosor definidos. Los errores de anchura y grosor que ya existen en la producci\u00f3n no pueden eliminarse a posteriori. Por lo tanto, es importante detectar las desviaciones en una fase temprana, en principio ya cuando las correas est\u00e1n todav\u00eda dentro del rango de tolerancia pero han superado un rango de advertencia. El detector de proximidad fotoel\u00e9ctrico transversal TLS se utiliza para la medici\u00f3n sin contacto, sin mantenimiento y con precisi\u00f3n permanente.<\/p>\n\t\t\t\t\t\t\t\t<\/div>\n\t\t\t\t<\/div>\n\t\t\t\t<div class=\"elementor-element elementor-element-67c01d52 elementor-widget elementor-widget-text-editor\" data-id=\"67c01d52\" data-element_type=\"widget\" data-e-type=\"widget\" data-widget_type=\"text-editor.default\">\n\t\t\t\t<div class=\"elementor-widget-container\">\n\t\t\t\t\t\t\t\t\t<p>Datos de aplicaci\u00f3n t\u00edpicos:<\/p>\n<ul>\n<li>Medici\u00f3n de la anchura de la cinta durante la producci\u00f3n y en el contexto del control de calidad<\/li>\n<li>Medici\u00f3n del grosor de la cinta durante la producci\u00f3n y en el contexto del control de calidad<\/li>\n<li>Medici\u00f3n de anchos hasta aprox. 90 mm, posibilidad de anchos mayores mediante la conexi\u00f3n en cascada de los sensores<\/li>\n<li>Velocidades de producci\u00f3n: normalmente 100 m\/min<\/li>\n<li>Problema con los dispositivos de medici\u00f3n por contacto: s\u00f3lo es posible realizar controles aleatorios de las muestras, dependencia del personal<\/li>\n<li>Precisi\u00f3n de la medici\u00f3n de la anchura\/grosor de la cinta sin contacto: normalmente 0,01 mm<\/li>\n<li>Amortizaci\u00f3n: aprox. 3 meses<\/li>\n<li>Integraci\u00f3n del sistema de medici\u00f3n en la tecnolog\u00eda existente de la planta<\/li>\n<\/ul>\n\t\t\t\t\t\t\t\t<\/div>\n\t\t\t\t<\/div>\n\t\t\t\t<div class=\"elementor-element elementor-element-3200bb42 elementor-widget elementor-widget-text-editor\" data-id=\"3200bb42\" data-element_type=\"widget\" data-e-type=\"widget\" data-widget_type=\"text-editor.default\">\n\t\t\t\t<div class=\"elementor-widget-container\">\n\t\t\t\t\t\t\t\t\t<p>Ejemplos de materiales:<\/p>\n<ul>\n<li>Flejes de pl\u00e1stico, flejes de polipropileno<\/li>\n<li>Cintas de l\u00e1mina<\/li>\n<li>Tiras de metal, tira cortada<\/li>\n<li>Alambre plano, alambre redondo, alambre perfilado<\/li>\n<\/ul>\n\t\t\t\t\t\t\t\t<\/div>\n\t\t\t\t<\/div>\n\t\t\t\t<div class=\"elementor-element elementor-element-a15ad3e elementor-widget elementor-widget-text-editor\" data-id=\"a15ad3e\" data-element_type=\"widget\" data-e-type=\"widget\" data-widget_type=\"text-editor.default\">\n\t\t\t\t<div class=\"elementor-widget-container\">\n\t\t\t\t\t\t\t\t\t<p>M\u00e1quinas equipadas con medici\u00f3n de la secci\u00f3n transversal sin contacto:<\/p>\n<ul>\n<li>L\u00edneas de extrusi\u00f3n<\/li>\n<li>Trenes de laminaci\u00f3n<\/li>\n<li>M\u00e1quinas de bobinado<\/li>\n<li>M\u00e1quinas de estampaci\u00f3n<\/li>\n<\/ul>\n\t\t\t\t\t\t\t\t<\/div>\n\t\t\t\t<\/div>\n\t\t\t\t\t<\/div>\n\t\t<\/div>\n\t\t\t\t<div class=\"elementor-column elementor-col-33 elementor-top-column elementor-element elementor-element-2bb60c29\" data-id=\"2bb60c29\" data-element_type=\"column\" data-e-type=\"column\">\n\t\t\t<div class=\"elementor-widget-wrap elementor-element-populated\">\n\t\t\t\t\t\t<div class=\"elementor-element elementor-element-88e8748 elementor-widget elementor-widget-image\" data-id=\"88e8748\" data-element_type=\"widget\" data-e-type=\"widget\" data-widget_type=\"image.default\">\n\t\t\t\t<div class=\"elementor-widget-container\">\n\t\t\t\t\t\t\t\t\t\t\t\t\t\t\t<img fetchpriority=\"high\" decoding=\"async\" width=\"1024\" height=\"768\" src=\"https:\/\/www.elovis.com\/wp-content\/smush-webp\/2021\/12\/Umreifungsb\u00e4nder_01-1024x768.jpg.webp\" class=\"attachment-large size-large wp-image-1457686\" alt=\"anchura y grosor de las cintas\" srcset=\"https:\/\/www.elovis.com\/wp-content\/smush-webp\/2021\/12\/Umreifungsb\u00e4nder_01-1024x768.jpg.webp 1024w, https:\/\/www.elovis.com\/wp-content\/smush-webp\/2021\/12\/Umreifungsb\u00e4nder_01-300x225.jpg.webp 300w, https:\/\/www.elovis.com\/wp-content\/smush-webp\/2021\/12\/Umreifungsb\u00e4nder_01-768x576.jpg.webp 768w, https:\/\/www.elovis.com\/wp-content\/smush-webp\/2021\/12\/Umreifungsb\u00e4nder_01-1536x1152.jpg.webp 1536w, https:\/\/www.elovis.com\/wp-content\/uploads\/2021\/12\/Umreifungsb\u00e4nder_01.jpg 1600w\" sizes=\"(max-width: 1024px) 100vw, 1024px\" data-smush-webp-fallback=\"{&quot;src&quot;:&quot;https:\\\/\\\/www.elovis.com\\\/wp-content\\\/uploads\\\/2021\\\/12\\\/Umreifungsb\\u00e4nder_01-1024x768.jpg&quot;,&quot;srcset&quot;:&quot;https:\\\/\\\/www.elovis.com\\\/wp-content\\\/uploads\\\/2021\\\/12\\\/Umreifungsb\\u00e4nder_01-1024x768.jpg 1024w, https:\\\/\\\/www.elovis.com\\\/wp-content\\\/uploads\\\/2021\\\/12\\\/Umreifungsb\\u00e4nder_01-300x225.jpg 300w, https:\\\/\\\/www.elovis.com\\\/wp-content\\\/uploads\\\/2021\\\/12\\\/Umreifungsb\\u00e4nder_01-768x576.jpg 768w, https:\\\/\\\/www.elovis.com\\\/wp-content\\\/uploads\\\/2021\\\/12\\\/Umreifungsb\\u00e4nder_01-1536x1152.jpg 1536w, https:\\\/\\\/www.elovis.com\\\/wp-content\\\/uploads\\\/2021\\\/12\\\/Umreifungsb\\u00e4nder_01.jpg 1600w&quot;}\" \/>\t\t\t\t\t\t\t\t\t\t\t\t\t\t\t<\/div>\n\t\t\t\t<\/div>\n\t\t\t\t<div class=\"elementor-element elementor-element-068b862 elementor-widget elementor-widget-image\" data-id=\"068b862\" data-element_type=\"widget\" data-e-type=\"widget\" data-widget_type=\"image.default\">\n\t\t\t\t<div class=\"elementor-widget-container\">\n\t\t\t\t\t\t\t\t\t\t\t\t\t\t\t<img decoding=\"async\" width=\"1024\" height=\"625\" data-src=\"https:\/\/www.elovis.com\/wp-content\/smush-webp\/2021\/12\/Breite-Dicke-an-Umreifungsband_02-1024x625.jpg.webp\" class=\"attachment-large size-large wp-image-1457726 lazyload\" alt=\"\" data-srcset=\"https:\/\/www.elovis.com\/wp-content\/smush-webp\/2021\/12\/Breite-Dicke-an-Umreifungsband_02-1024x625.jpg.webp 1024w, https:\/\/www.elovis.com\/wp-content\/smush-webp\/2021\/12\/Breite-Dicke-an-Umreifungsband_02-300x183.jpg.webp 300w, https:\/\/www.elovis.com\/wp-content\/smush-webp\/2021\/12\/Breite-Dicke-an-Umreifungsband_02-768x469.jpg.webp 768w, https:\/\/www.elovis.com\/wp-content\/uploads\/2021\/12\/Breite-Dicke-an-Umreifungsband_02.jpg 1194w\" data-sizes=\"(max-width: 1024px) 100vw, 1024px\" src=\"data:image\/svg+xml;base64,PHN2ZyB3aWR0aD0iMSIgaGVpZ2h0PSIxIiB4bWxucz0iaHR0cDovL3d3dy53My5vcmcvMjAwMC9zdmciPjwvc3ZnPg==\" style=\"--smush-placeholder-width: 1024px; --smush-placeholder-aspect-ratio: 1024\/625;\" data-smush-webp-fallback=\"{&quot;data-src&quot;:&quot;https:\\\/\\\/www.elovis.com\\\/wp-content\\\/uploads\\\/2021\\\/12\\\/Breite-Dicke-an-Umreifungsband_02-1024x625.jpg&quot;,&quot;data-srcset&quot;:&quot;https:\\\/\\\/www.elovis.com\\\/wp-content\\\/uploads\\\/2021\\\/12\\\/Breite-Dicke-an-Umreifungsband_02-1024x625.jpg 1024w, https:\\\/\\\/www.elovis.com\\\/wp-content\\\/uploads\\\/2021\\\/12\\\/Breite-Dicke-an-Umreifungsband_02-300x183.jpg 300w, https:\\\/\\\/www.elovis.com\\\/wp-content\\\/uploads\\\/2021\\\/12\\\/Breite-Dicke-an-Umreifungsband_02-768x469.jpg 768w, https:\\\/\\\/www.elovis.com\\\/wp-content\\\/uploads\\\/2021\\\/12\\\/Breite-Dicke-an-Umreifungsband_02.jpg 1194w&quot;}\" \/>\t\t\t\t\t\t\t\t\t\t\t\t\t\t\t<\/div>\n\t\t\t\t<\/div>\n\t\t\t\t<div class=\"elementor-element elementor-element-5308816 elementor-widget elementor-widget-image\" data-id=\"5308816\" data-element_type=\"widget\" data-e-type=\"widget\" data-widget_type=\"image.default\">\n\t\t\t\t<div class=\"elementor-widget-container\">\n\t\t\t\t\t\t\t\t\t\t\t\t\t\t\t<img decoding=\"async\" width=\"792\" height=\"495\" data-src=\"https:\/\/www.elovis.com\/wp-content\/uploads\/2021\/12\/Bandmaterial_Umreifungsband_03.png\" class=\"attachment-large size-large wp-image-1457745 lazyload\" alt=\"\" data-srcset=\"https:\/\/www.elovis.com\/wp-content\/uploads\/2021\/12\/Bandmaterial_Umreifungsband_03.png 792w, https:\/\/www.elovis.com\/wp-content\/smush-webp\/2021\/12\/Bandmaterial_Umreifungsband_03-300x188.png.webp 300w, https:\/\/www.elovis.com\/wp-content\/smush-webp\/2021\/12\/Bandmaterial_Umreifungsband_03-768x480.png.webp 768w\" data-sizes=\"(max-width: 792px) 100vw, 792px\" src=\"data:image\/svg+xml;base64,PHN2ZyB3aWR0aD0iMSIgaGVpZ2h0PSIxIiB4bWxucz0iaHR0cDovL3d3dy53My5vcmcvMjAwMC9zdmciPjwvc3ZnPg==\" style=\"--smush-placeholder-width: 792px; --smush-placeholder-aspect-ratio: 792\/495;\" data-smush-webp-fallback=\"{&quot;data-srcset&quot;:&quot;https:\\\/\\\/www.elovis.com\\\/wp-content\\\/uploads\\\/2021\\\/12\\\/Bandmaterial_Umreifungsband_03.png 792w, https:\\\/\\\/www.elovis.com\\\/wp-content\\\/uploads\\\/2021\\\/12\\\/Bandmaterial_Umreifungsband_03-300x188.png 300w, https:\\\/\\\/www.elovis.com\\\/wp-content\\\/uploads\\\/2021\\\/12\\\/Bandmaterial_Umreifungsband_03-768x480.png 768w&quot;}\" \/>\t\t\t\t\t\t\t\t\t\t\t\t\t\t\t<\/div>\n\t\t\t\t<\/div>\n\t\t\t\t\t<\/div>\n\t\t<\/div>\n\t\t\t\t\t<\/div>\n\t\t<\/section>\n\t\t\t\t<section class=\"elementor-section elementor-top-section elementor-element elementor-element-736d0a29 elementor-section-boxed elementor-section-height-default elementor-section-height-default\" data-id=\"736d0a29\" data-element_type=\"section\" data-e-type=\"section\">\n\t\t\t\t\t\t<div class=\"elementor-container elementor-column-gap-default\">\n\t\t\t\t\t<div class=\"elementor-column elementor-col-100 elementor-top-column elementor-element elementor-element-7d85765b\" data-id=\"7d85765b\" data-element_type=\"column\" data-e-type=\"column\">\n\t\t\t<div class=\"elementor-widget-wrap elementor-element-populated\">\n\t\t\t\t\t\t<div class=\"elementor-element elementor-element-719e3ddd elementor-widget elementor-widget-heading\" data-id=\"719e3ddd\" data-element_type=\"widget\" data-e-type=\"widget\" data-widget_type=\"heading.default\">\n\t\t\t\t<div class=\"elementor-widget-container\">\n\t\t\t\t\t<h2 class=\"elementor-heading-title elementor-size-default\">Productos y servicios a juego<\/h2>\t\t\t\t<\/div>\n\t\t\t\t<\/div>\n\t\t\t\t<div class=\"elementor-element elementor-element-272ad9ae elementor-widget elementor-widget-shortcode\" data-id=\"272ad9ae\" data-element_type=\"widget\" data-e-type=\"widget\" data-widget_type=\"shortcode.default\">\n\t\t\t\t<div class=\"elementor-widget-container\">\n\t\t\t\t\t\t\t<div class=\"elementor-shortcode\">\t\t<section\n\t\t\tclass=\"elementor-section elementor-top-section elementor-element elementor-element-2f30f66b elementor-section-boxed elementor-section-height-default elementor-section-height-default\"\n\t\t\tstyle=\"margin:-10px\"\n\t\t\tdata-element_type=\"section\">\n\t\t\t<div class=\"elementor-container elementor-column-gap-default\">\n\t\t\t\t<div class=\"elementor-column elementor-col-25 elementor-top-column elementor-element elementor-element-50798f78\"\n\t\t\t\t\tdata-element_type=\"column\">\n\t\t\t\t\t<div class=\"elementor-widget-wrap elementor-element-populated\">\n\t\t\t\t\t\t<div class=\"elementor-element elementor-element-24415776 elementor-widget elementor-widget-image\"\n\t\t\t\t\t\t\tdata-element_type=\"widget\" data-widget_type=\"image.default\">\n\t\t\t\t\t\t\t<div class=\"elementor-widget-container\">\n\t\t\t\t\t\t\t\t<a href=\"https:\/\/www.elovis.com\/es\/productos\/los-interruptores-de-proximidad-fotoelectricos-transversales-sistemas-de-medicion-de-diametro-de-ancho-y-alto\/\">\n\t\t\t\t\t\t\t\t\t<img decoding=\"async\" width=\"300\" height=\"225\" data-src=\"https:\/\/www.elovis.com\/wp-content\/smush-webp\/2017\/12\/Masshaltigkeitspruefung_Pfeile-be-300x225.jpg.webp\" class=\"attachment-medium size-medium wp-post-image lazyload\" alt=\"Medici\u00f3n de anchos, alturas, di\u00e1metros sin contacto\" data-srcset=\"https:\/\/www.elovis.com\/wp-content\/smush-webp\/2017\/12\/Masshaltigkeitspruefung_Pfeile-be-300x225.jpg.webp 300w, https:\/\/www.elovis.com\/wp-content\/smush-webp\/2017\/12\/Masshaltigkeitspruefung_Pfeile-be-768x576.jpg.webp 768w, https:\/\/www.elovis.com\/wp-content\/smush-webp\/2017\/12\/Masshaltigkeitspruefung_Pfeile-be-1024x768.jpg.webp 1024w, https:\/\/www.elovis.com\/wp-content\/uploads\/2017\/12\/Masshaltigkeitspruefung_Pfeile-be.jpg 1680w\" data-sizes=\"(max-width: 300px) 100vw, 300px\" src=\"data:image\/svg+xml;base64,PHN2ZyB3aWR0aD0iMSIgaGVpZ2h0PSIxIiB4bWxucz0iaHR0cDovL3d3dy53My5vcmcvMjAwMC9zdmciPjwvc3ZnPg==\" style=\"--smush-placeholder-width: 300px; --smush-placeholder-aspect-ratio: 300\/225;\" data-smush-webp-fallback=\"{&quot;data-src&quot;:&quot;https:\\\/\\\/www.elovis.com\\\/wp-content\\\/uploads\\\/2017\\\/12\\\/Masshaltigkeitspruefung_Pfeile-be-300x225.jpg&quot;,&quot;data-srcset&quot;:&quot;https:\\\/\\\/www.elovis.com\\\/wp-content\\\/uploads\\\/2017\\\/12\\\/Masshaltigkeitspruefung_Pfeile-be-300x225.jpg 300w, https:\\\/\\\/www.elovis.com\\\/wp-content\\\/uploads\\\/2017\\\/12\\\/Masshaltigkeitspruefung_Pfeile-be-768x576.jpg 768w, https:\\\/\\\/www.elovis.com\\\/wp-content\\\/uploads\\\/2017\\\/12\\\/Masshaltigkeitspruefung_Pfeile-be-1024x768.jpg 1024w, https:\\\/\\\/www.elovis.com\\\/wp-content\\\/uploads\\\/2017\\\/12\\\/Masshaltigkeitspruefung_Pfeile-be.jpg 1680w&quot;}\" \/>\n\t\t\t\t\t\t\t<\/div>\n\t\t\t\t\t\t<\/div>\n\t\t\t\t\t<\/div>\n\t\t\t\t<\/div>\n\t\t\t\t<div class=\"elementor-column elementor-col-75 elementor-top-column elementor-element elementor-element-247710d2\"\n\t\t\t\t\tdata-element_type=\"column\">\n\t\t\t\t\t<div class=\"elementor-widget-wrap elementor-element-populated\">\n\t\t\t\t\t\t<div class=\"elementor-element elementor-element-1943c0c8 elementor-widget elementor-widget-text-editor\"\n\t\t\t\t\t\t\tdata-element_type=\"widget\" data-widget_type=\"text-editor.default\">\n\t\t\t\t\t\t\t<div class=\"elementor-widget-container\">\n\t\t\t\t\t\t\t\t<h2>\n\t\t\t\t\t\t\t\t\t<a href=\"https:\/\/www.elovis.com\/es\/productos\/los-interruptores-de-proximidad-fotoelectricos-transversales-sistemas-de-medicion-de-diametro-de-ancho-y-alto\/\">Los interruptores de proximidad fotoel\u00e9ctricos transversales <br> sistemas de medici\u00f3n de di\u00e1metro de ancho y alto<\/a>\n\t\t\t\t\t\t\t\t<\/h2>\n\t\t\t\t\t\t\t\t<p><ul>\r\n \t<Ancho, altura, di\u00e1metro pueden ser medidos sin contacto en el proceso de producci\u00f3n, en el rendimiento<\/li>\r\n \t<li>Medici\u00f3n de la secci\u00f3n transversal de alta precisi\u00f3n, supervisi\u00f3n de la tolerancia dimensional, control y documentaci\u00f3n<\/li>\r\n \t<li>LED basado en interruptores de proximidad fotoel\u00e9ctricos transversales Tecnolog\u00eda de medici\u00f3n, libre de mantenimiento, \u00f3ptica, permanentemente calibrada<\/li>\r\n \t<li>Micr\u00f3metro \u00f3ptico para la medici\u00f3n de secciones transversales en perfiles, tubos, placas, vigas, rollos<\/li>\r\n<\/ul><\/p>\n\t\t\t\t\t\t\t<\/div>\n\t\t\t\t\t\t<\/div>\n\t\t\t\t\t<\/div>\n\t\t\t\t<\/div>\n\t\t\t<\/div>\n\t\t<\/section><\/div>\n\t\t\t\t\t\t<\/div>\n\t\t\t\t<\/div>\n\t\t\t\t\t<\/div>\n\t\t<\/div>\n\t\t\t\t\t<\/div>\n\t\t<\/section>\n\t\t\t\t<section class=\"elementor-section elementor-top-section elementor-element elementor-element-177dbbd9 elementor-section-boxed elementor-section-height-default elementor-section-height-default\" data-id=\"177dbbd9\" data-element_type=\"section\" data-e-type=\"section\">\n\t\t\t\t\t\t<div class=\"elementor-container elementor-column-gap-default\">\n\t\t\t\t\t<div class=\"elementor-column elementor-col-33 elementor-top-column elementor-element elementor-element-d1e821c\" data-id=\"d1e821c\" data-element_type=\"column\" data-e-type=\"column\">\n\t\t\t<div class=\"elementor-widget-wrap elementor-element-populated\">\n\t\t\t\t\t\t<div class=\"elementor-element elementor-element-5ad9e348 elementor-widget elementor-widget-image\" data-id=\"5ad9e348\" data-element_type=\"widget\" data-e-type=\"widget\" data-widget_type=\"image.default\">\n\t\t\t\t<div class=\"elementor-widget-container\">\n\t\t\t\t\t\t\t\t\t\t\t\t\t\t\t\t<a href=\"https:\/\/www.elovis.com\/es\/servicios\/\">\n\t\t\t\t\t\t\t<img decoding=\"async\" width=\"2000\" height=\"1500\" data-src=\"https:\/\/www.elovis.com\/wp-content\/uploads\/2019\/01\/ServiceFertig1GrauVerlauf.png\" class=\"attachment-full size-full wp-image-9473 lazyload\" alt=\"\" data-srcset=\"https:\/\/www.elovis.com\/wp-content\/uploads\/2019\/01\/ServiceFertig1GrauVerlauf.png 2000w, https:\/\/www.elovis.com\/wp-content\/smush-webp\/2019\/01\/ServiceFertig1GrauVerlauf-300x225.png.webp 300w, https:\/\/www.elovis.com\/wp-content\/smush-webp\/2019\/01\/ServiceFertig1GrauVerlauf-768x576.png.webp 768w, https:\/\/www.elovis.com\/wp-content\/smush-webp\/2019\/01\/ServiceFertig1GrauVerlauf-1024x768.png.webp 1024w\" data-sizes=\"(max-width: 2000px) 100vw, 2000px\" src=\"data:image\/svg+xml;base64,PHN2ZyB3aWR0aD0iMSIgaGVpZ2h0PSIxIiB4bWxucz0iaHR0cDovL3d3dy53My5vcmcvMjAwMC9zdmciPjwvc3ZnPg==\" style=\"--smush-placeholder-width: 2000px; --smush-placeholder-aspect-ratio: 2000\/1500;\" data-smush-webp-fallback=\"{&quot;data-srcset&quot;:&quot;https:\\\/\\\/www.elovis.com\\\/wp-content\\\/uploads\\\/2019\\\/01\\\/ServiceFertig1GrauVerlauf.png 2000w, https:\\\/\\\/www.elovis.com\\\/wp-content\\\/uploads\\\/2019\\\/01\\\/ServiceFertig1GrauVerlauf-300x225.png 300w, https:\\\/\\\/www.elovis.com\\\/wp-content\\\/uploads\\\/2019\\\/01\\\/ServiceFertig1GrauVerlauf-768x576.png 768w, https:\\\/\\\/www.elovis.com\\\/wp-content\\\/uploads\\\/2019\\\/01\\\/ServiceFertig1GrauVerlauf-1024x768.png 1024w&quot;}\" \/>\t\t\t\t\t\t\t\t<\/a>\n\t\t\t\t\t\t\t\t\t\t\t\t\t\t\t<\/div>\n\t\t\t\t<\/div>\n\t\t\t\t\t<\/div>\n\t\t<\/div>\n\t\t\t\t<div class=\"elementor-column elementor-col-66 elementor-top-column elementor-element elementor-element-2279b0da\" data-id=\"2279b0da\" data-element_type=\"column\" data-e-type=\"column\">\n\t\t\t<div class=\"elementor-widget-wrap elementor-element-populated\">\n\t\t\t\t\t\t<div class=\"elementor-element elementor-element-54da182c elementor-widget elementor-widget-text-editor\" data-id=\"54da182c\" data-element_type=\"widget\" data-e-type=\"widget\" data-widget_type=\"text-editor.default\">\n\t\t\t\t<div class=\"elementor-widget-container\">\n\t\t\t\t\t\t\t\t\t<h2><a href=\"https:\/\/www.elovis.com\/es\/servicios\/\">Servicios ELOVIS<\/a><\/h2>\n<p>ELOVIS ofrece los siguientes servicios en esta \u00e1rea:<\/p>\n<ul>\n<li>Consulta para medici\u00f3n de ancho sin contacto<\/li>\n<li>servicios de medici\u00f3n<\/li>\n<li>Alquiler\u00a0 del sistema de medici\u00f3n<\/li>\n<li>Ayuda para encontrar fallos en el sistema<\/li>\n<li>Desarrollos de sensores OEM en el campo de la medici\u00f3n de ancho de placas, bandas, cintas<\/li>\n<\/ul>\n\t\t\t\t\t\t\t\t<\/div>\n\t\t\t\t<\/div>\n\t\t\t\t\t<\/div>\n\t\t<\/div>\n\t\t\t\t\t<\/div>\n\t\t<\/section>\n\t\t\t\t<section class=\"elementor-section elementor-top-section elementor-element elementor-element-3852d085 elementor-section-boxed elementor-section-height-default elementor-section-height-default\" data-id=\"3852d085\" data-element_type=\"section\" data-e-type=\"section\">\n\t\t\t\t\t\t<div class=\"elementor-container elementor-column-gap-default\">\n\t\t\t\t\t<div class=\"elementor-column elementor-col-100 elementor-top-column elementor-element elementor-element-260785e0\" data-id=\"260785e0\" data-element_type=\"column\" data-e-type=\"column\">\n\t\t\t<div class=\"elementor-widget-wrap elementor-element-populated\">\n\t\t\t\t\t\t<section class=\"elementor-section elementor-inner-section elementor-element elementor-element-63cdcff4 elementor-section-boxed elementor-section-height-default elementor-section-height-default\" data-id=\"63cdcff4\" data-element_type=\"section\" data-e-type=\"section\">\n\t\t\t\t\t\t<div class=\"elementor-container elementor-column-gap-default\">\n\t\t\t\t\t<div class=\"elementor-column elementor-col-50 elementor-inner-column elementor-element elementor-element-66c8960e\" data-id=\"66c8960e\" data-element_type=\"column\" data-e-type=\"column\">\n\t\t\t<div class=\"elementor-widget-wrap elementor-element-populated\">\n\t\t\t\t\t\t<div class=\"elementor-element elementor-element-42d36be9 elementor-widget elementor-widget-shortcode\" data-id=\"42d36be9\" data-element_type=\"widget\" data-e-type=\"widget\" data-widget_type=\"shortcode.default\">\n\t\t\t\t<div class=\"elementor-widget-container\">\n\t\t\t\t\t\t\t<div class=\"elementor-shortcode\"><a href=\"https:\/\/www.elovis.com\/es\/aplicaciones\/medicion-sin-contacto-de-anchos-alturas-diametros\/\" title=\"more applications\" class=\"elementor-button-link elementor-button elementor-size-sm elovis-parent\">\n\t<span class=\"elementor-button-content-wrapper\">\n\t\t<span class=\"elementor-button-text\">more applications<\/span>\n\t<\/span>\n<\/a><\/div>\n\t\t\t\t\t\t<\/div>\n\t\t\t\t<\/div>\n\t\t\t\t\t<\/div>\n\t\t<\/div>\n\t\t\t\t<div class=\"elementor-column elementor-col-50 elementor-inner-column elementor-element elementor-element-6517d943\" data-id=\"6517d943\" data-element_type=\"column\" data-e-type=\"column\">\n\t\t\t<div class=\"elementor-widget-wrap elementor-element-populated\">\n\t\t\t\t\t\t<div class=\"elementor-element elementor-element-7f4efc66 elementor-widget elementor-widget-button\" data-id=\"7f4efc66\" data-element_type=\"widget\" data-e-type=\"widget\" data-widget_type=\"button.default\">\n\t\t\t\t<div class=\"elementor-widget-container\">\n\t\t\t\t\t\t\t\t\t<div class=\"elementor-button-wrapper\">\n\t\t\t\t\t<a class=\"elementor-button elementor-button-link elementor-size-sm\" href=\"https:\/\/www.elovis.com\/es\/contacto\/\" target=\"_blank\">\n\t\t\t\t\t\t<span class=\"elementor-button-content-wrapper\">\n\t\t\t\t\t\t<span class=\"elementor-button-icon\">\n\t\t\t\t\t\t\t\t\t<i class=\"fa fa-phone\" aria-hidden=\"true\"><\/i>\n\t\t\t\t\t\t\t<\/span>\n\t\t\t\t\t\t\t\t\t<span class=\"elementor-button-text\">Consultoria personalizada<\/span>\n\t\t\t\t\t<\/span>\n\t\t\t\t\t<\/a>\n\t\t\t\t<\/div>\n\t\t\t\t\t\t\t\t<\/div>\n\t\t\t\t<\/div>\n\t\t\t\t\t<\/div>\n\t\t<\/div>\n\t\t\t\t\t<\/div>\n\t\t<\/section>\n\t\t\t\t\t<\/div>\n\t\t<\/div>\n\t\t\t\t\t<\/div>\n\t\t<\/section>\n\t\t\t\t<\/div>\n\t\t","protected":false},"excerpt":{"rendered":"<p>Debe comprobarse que el fleje tiene la anchura y el grosor correctos. Los errores de anchura y grosor que ya existen en la producci\u00f3n no pueden eliminarse a posteriori. Por lo tanto, es importante detectar las desviaciones en una fase temprana, en principio ya cuando las correas est\u00e1n todav\u00eda dentro del rango de tolerancia pero han superado un rango de advertencia. El detector de proximidad fotoel\u00e9ctrico transversal TLS se utiliza para la medici\u00f3n sin contacto, sin mantenimiento y con precisi\u00f3n permanente.<\/p>\n","protected":false},"author":2,"featured_media":1457686,"parent":8136,"menu_order":5,"comment_status":"closed","ping_status":"closed","template":"","meta":{"footnotes":""},"yst_prominent_words":[],"class_list":{"0":"post-1491119","1":"page","2":"type-page","3":"status-publish","4":"has-post-thumbnail","6":"resize-featured-image"},"_links":{"self":[{"href":"https:\/\/www.elovis.com\/es\/wp-json\/wp\/v2\/pages\/1491119","targetHints":{"allow":["GET"]}}],"collection":[{"href":"https:\/\/www.elovis.com\/es\/wp-json\/wp\/v2\/pages"}],"about":[{"href":"https:\/\/www.elovis.com\/es\/wp-json\/wp\/v2\/types\/page"}],"author":[{"embeddable":true,"href":"https:\/\/www.elovis.com\/es\/wp-json\/wp\/v2\/users\/2"}],"replies":[{"embeddable":true,"href":"https:\/\/www.elovis.com\/es\/wp-json\/wp\/v2\/comments?post=1491119"}],"version-history":[{"count":3,"href":"https:\/\/www.elovis.com\/es\/wp-json\/wp\/v2\/pages\/1491119\/revisions"}],"predecessor-version":[{"id":1491137,"href":"https:\/\/www.elovis.com\/es\/wp-json\/wp\/v2\/pages\/1491119\/revisions\/1491137"}],"up":[{"embeddable":true,"href":"https:\/\/www.elovis.com\/es\/wp-json\/wp\/v2\/pages\/8136"}],"wp:featuredmedia":[{"embeddable":true,"href":"https:\/\/www.elovis.com\/es\/wp-json\/wp\/v2\/media\/1457686"}],"wp:attachment":[{"href":"https:\/\/www.elovis.com\/es\/wp-json\/wp\/v2\/media?parent=1491119"}],"wp:term":[{"taxonomy":"yst_prominent_words","embeddable":true,"href":"https:\/\/www.elovis.com\/es\/wp-json\/wp\/v2\/yst_prominent_words?post=1491119"}],"curies":[{"name":"wp","href":"https:\/\/api.w.org\/{rel}","templated":true}]}}