{"id":56287,"date":"2019-04-09T11:56:23","date_gmt":"2019-04-09T09:56:23","guid":{"rendered":"\/world\/"},"modified":"2020-03-08T21:50:30","modified_gmt":"2020-03-08T20:50:30","slug":"world","status":"publish","type":"page","link":"https:\/\/www.elovis.com\/en\/world\/","title":{"rendered":"World"},"content":{"rendered":"\t\t<div data-elementor-type=\"wp-post\" data-elementor-id=\"56287\" class=\"elementor elementor-56287 elementor-50982\" data-elementor-post-type=\"page\">\n\t\t\t\t\t\t<section class=\"elementor-section elementor-top-section elementor-element elementor-element-b056fc4 elementor-section-boxed elementor-section-height-default elementor-section-height-default\" data-id=\"b056fc4\" data-element_type=\"section\" data-e-type=\"section\">\n\t\t\t\t\t\t<div class=\"elementor-container elementor-column-gap-default\">\n\t\t\t\t\t<div class=\"elementor-column elementor-col-100 elementor-top-column elementor-element elementor-element-c2d256e\" data-id=\"c2d256e\" data-element_type=\"column\" data-e-type=\"column\">\n\t\t\t<div class=\"elementor-widget-wrap elementor-element-populated\">\n\t\t\t\t\t\t<div class=\"elementor-element elementor-element-5577944 elementor-widget elementor-widget-text-editor\" data-id=\"5577944\" data-element_type=\"widget\" data-e-type=\"widget\" data-widget_type=\"text-editor.default\">\n\t\t\t\t<div class=\"elementor-widget-container\">\n\t\t\t\t\t\t\t\t\t<h2>International brochures, sales partner and distributor information<\/h2>\n\t\t\t\t\t\t\t\t<\/div>\n\t\t\t\t<\/div>\n\t\t\t\t\t<\/div>\n\t\t<\/div>\n\t\t\t\t\t<\/div>\n\t\t<\/section>\n\t\t\t\t<section class=\"elementor-section elementor-top-section elementor-element elementor-element-513cdc45 elementor-section-boxed elementor-section-height-default elementor-section-height-default\" data-id=\"513cdc45\" data-element_type=\"section\" data-e-type=\"section\">\n\t\t\t\t\t\t<div class=\"elementor-container elementor-column-gap-default\">\n\t\t\t\t\t<div class=\"elementor-column elementor-col-100 elementor-top-column elementor-element elementor-element-3d6e4c39\" data-id=\"3d6e4c39\" data-element_type=\"column\" data-e-type=\"column\">\n\t\t\t<div class=\"elementor-widget-wrap elementor-element-populated\">\n\t\t\t\t\t\t<div class=\"elementor-element elementor-element-3dd6692b elementor-widget elementor-widget-text-editor\" data-id=\"3dd6692b\" data-element_type=\"widget\" data-e-type=\"widget\" data-widget_type=\"text-editor.default\">\n\t\t\t\t<div class=\"elementor-widget-container\">\n\t\t\t\t\t\t\t\t\t<div class=\"dl_abschnitt\">\n<h2>Espa\u00f1ol<\/h2>\n<table class=\"dl_tab nostripes mce-item-table\">\n<tbody>\n<tr>\n<td class=\"dl_sp2\" style=\"width: 472px;\" data-mce-style=\"width: 472px;\">Informaci\u00f3n sobre todos los productos de ELOVIS<\/td>\n<td class=\"dl_sp5\" style=\"width: 118px;\" data-mce-style=\"width: 118px;\"><a href=\"http:\/\/www.elovis.de\/sp\/produkte\/index.html\" target=\"_blank\" rel=\"noopener\" data-mce-href=\"http:\/\/www.elovis.de\/sp\/produkte\/index.html\">P\u00e1gina de inicio en espa\u00f1ol<\/a><\/td>\n<\/tr>\n<\/tbody>\n<\/table>\n<\/div>\n<div class=\"dl_abschnitt\">\n<h2>Fran\u00e7ais<\/h2>\n<table class=\"dl_tab nostripes mce-item-table\" style=\"height: 96px;\" data-mce-style=\"height: 96px;\">\n<tbody>\n<tr style=\"height: 96px;\" data-mce-style=\"height: 96px;\">\n<td class=\"dl_sp2\" style=\"width: 472px; height: 96px;\" data-mce-style=\"width: 472px; height: 96px;\">Informations sur tous les produits ELOVIS<\/td>\n<td class=\"dl_sp5\" style=\"width: 118px; height: 96px;\" data-mce-style=\"width: 118px; height: 96px;\"><a href=\"http:\/\/www.elovis.de\/fr\/produkte\/index.html\" target=\"_blank\" rel=\"noopener\" data-mce-href=\"http:\/\/www.elovis.de\/fr\/produkte\/index.html\">Page d&#8217;accueil fran\u00e7ais\u200b<\/a><a href=\"http:\/\/www.elovis.de\/fr\/produkte\/index.html\" target=\"_blank\" rel=\"noopener\" data-mce-href=\"http:\/\/www.elovis.de\/fr\/produkte\/index.html\"><br \/><\/a><\/td>\n<\/tr>\n<\/tbody>\n<\/table>\n<\/div>\n<div class=\"dl_abschnitt\">\n<h2>\u4e2d\u56fd\u7684<\/h2>\n<table class=\"dl_tab nostripes mce-item-table\">\n<tbody>\n<tr>\n<td class=\"dl_sp2\" width=\"80%\">\u4ea7\u54c1\u76ee\u5f55 \u00b5Speed &#8211; \u975e\u63a5\u89e6\u5f0f \u901f\u5ea6\u53ca\u957f\u5ea6\u6d4b\u91cf<\/td>\n<td class=\"dl_sp3\">232KB<\/td>\n<td class=\"dl_sp4\"><a href=\"https:\/\/www.elovis.com\/wp-content\/uploads\/2019\/04\/brochure_\u00b5Speed-cn-1.pdf\" target=\"_blank\" rel=\"noopener\" data-mce-href=\"https:\/\/www.elovis.com\/wp-content\/uploads\/2019\/04\/brochure_\u00b5Speed-cn-1.pdf\"><img decoding=\"async\" class=\"alignnone wp-image-99554 size-full lazyload\" data-src=\"https:\/\/www.elovis.com\/wp-content\/uploads\/2019\/05\/833px-PDF_file_icon.svg-e1557377320565.png\" alt=\"\" width=\"20\" height=\"25\" data-mce-data-src=\"https:\/\/www.elovis.com\/wp-content\/uploads\/2019\/05\/833px-PDF_file_icon.svg-e1557377320565.png\" src=\"data:image\/svg+xml;base64,PHN2ZyB3aWR0aD0iMSIgaGVpZ2h0PSIxIiB4bWxucz0iaHR0cDovL3d3dy53My5vcmcvMjAwMC9zdmciPjwvc3ZnPg==\" style=\"--smush-placeholder-width: 20px; --smush-placeholder-aspect-ratio: 20\/25;\"><\/a><\/td>\n<td class=\"dl_sp5\"><a href=\"https:\/\/www.elovis.com\/wp-content\/uploads\/2019\/04\/brochure_\u00b5Speed-cn-1.pdf\" target=\"_blank\" rel=\"noopener\" data-mce-href=\"https:\/\/www.elovis.com\/wp-content\/uploads\/2019\/04\/brochure_\u00b5Speed-cn-1.pdf\">download<\/a><\/td>\n<\/tr>\n<tr>\n<td class=\"dl_sp2\" width=\"80%\">\u4ea7\u54c1\u624b\u518c<\/td>\n<td class=\"dl_sp3\">935KB<\/td>\n<td class=\"dl_sp4\"><a href=\"https:\/\/www.elovis.com\/wp-content\/uploads\/2019\/04\/ProductInfo-Speed-classic_In_Chinese.pdf\" target=\"_blank\" rel=\"noopener\" data-mce-href=\"https:\/\/www.elovis.com\/wp-content\/uploads\/2019\/04\/ProductInfo-Speed-classic_In_Chinese.pdf\"><img decoding=\"async\" class=\"alignnone wp-image-99554 size-full lazyload\" data-src=\"https:\/\/www.elovis.com\/wp-content\/uploads\/2019\/05\/833px-PDF_file_icon.svg-e1557377320565.png\" alt=\"\" width=\"20\" height=\"25\" data-mce-data-src=\"https:\/\/www.elovis.com\/wp-content\/uploads\/2019\/05\/833px-PDF_file_icon.svg-e1557377320565.png\" src=\"data:image\/svg+xml;base64,PHN2ZyB3aWR0aD0iMSIgaGVpZ2h0PSIxIiB4bWxucz0iaHR0cDovL3d3dy53My5vcmcvMjAwMC9zdmciPjwvc3ZnPg==\" style=\"--smush-placeholder-width: 20px; --smush-placeholder-aspect-ratio: 20\/25;\"><\/a><\/td>\n<td class=\"dl_sp5\"><a href=\"https:\/\/www.elovis.com\/wp-content\/uploads\/2019\/04\/ProductInfo-Speed-classic_In_Chinese.pdf\" target=\"_blank\" rel=\"noopener\" data-mce-href=\"https:\/\/www.elovis.com\/wp-content\/uploads\/2019\/04\/ProductInfo-Speed-classic_In_Chinese.pdf\">download<\/a><\/td>\n<\/tr>\n<\/tbody>\n<\/table>\n<\/div>\n<div class=\"dl_abschnitt\">\n<h2>\u0440\u043e\u0441\u0441\u0438\u0301\u0439\u0441\u043a\u0438\u0439<\/h2>\n<table class=\"dl_tab nostripes mce-item-table\">\n<tbody>\n<tr>\n<td class=\"dl_sp2\" width=\"80%\">\u0431\u0440\u043e\u0448\u044e\u0440\u0430 \u00b5SPEED &#8211; \u0411\u0435\u0441\u043a\u043e\u043d\u0442\u0430\u043a\u0442\u043d\u043e\u0435 \u0438\u0437\u043c\u0435\u0440\u0435\u043d\u0438\u0435 \u0434\u043b\u0438\u043d\u044b \u0438 \u0441\u043a\u043e\u0440\u043e\u0441\u0442\u0438<\/td>\n<td class=\"dl_sp3\">2,2MB<\/td>\n<td class=\"dl_sp4\"><a href=\"https:\/\/www.elovis.com\/wp-content\/uploads\/2019\/04\/uSPEED_ru_2012.pdf\" target=\"_blank\" rel=\"noopener\" data-mce-href=\"https:\/\/www.elovis.com\/wp-content\/uploads\/2019\/04\/uSPEED_ru_2012.pdf\"><img decoding=\"async\" class=\"alignnone wp-image-99554 size-full lazyload\" data-src=\"https:\/\/www.elovis.com\/wp-content\/uploads\/2019\/05\/833px-PDF_file_icon.svg-e1557377320565.png\" alt=\"\" width=\"20\" height=\"25\" data-mce-data-src=\"https:\/\/www.elovis.com\/wp-content\/uploads\/2019\/05\/833px-PDF_file_icon.svg-e1557377320565.png\" src=\"data:image\/svg+xml;base64,PHN2ZyB3aWR0aD0iMSIgaGVpZ2h0PSIxIiB4bWxucz0iaHR0cDovL3d3dy53My5vcmcvMjAwMC9zdmciPjwvc3ZnPg==\" style=\"--smush-placeholder-width: 20px; --smush-placeholder-aspect-ratio: 20\/25;\"><\/a><\/td>\n<td class=\"dl_sp5\"><a href=\"https:\/\/www.elovis.com\/wp-content\/uploads\/2019\/04\/uSPEED_ru_2012.pdf\" target=\"_blank\" rel=\"noopener\" data-mce-href=\"https:\/\/www.elovis.com\/wp-content\/uploads\/2019\/04\/uSPEED_ru_2012.pdf\">download<\/a><\/td>\n<\/tr>\n<tr>\n<td class=\"dl_sp2\" width=\"80%\">\u0443\u043f\u043e\u0442\u0440\u0435\u0431\u043b\u0435\u043d\u0438\u0435<\/td>\n<td class=\"dl_sp3\">319KB<\/td>\n<td class=\"dl_sp4\"><a href=\"https:\/\/www.elovis.com\/wp-content\/uploads\/2019\/04\/Keywords_RU.pdf\" target=\"_blank\" rel=\"noopener\" data-mce-href=\"https:\/\/www.elovis.com\/wp-content\/uploads\/2019\/04\/Keywords_RU.pdf\"><img decoding=\"async\" class=\"alignnone wp-image-99554 size-full lazyload\" data-src=\"https:\/\/www.elovis.com\/wp-content\/uploads\/2019\/05\/833px-PDF_file_icon.svg-e1557377320565.png\" alt=\"\" width=\"20\" height=\"25\" data-mce-data-src=\"https:\/\/www.elovis.com\/wp-content\/uploads\/2019\/05\/833px-PDF_file_icon.svg-e1557377320565.png\" src=\"data:image\/svg+xml;base64,PHN2ZyB3aWR0aD0iMSIgaGVpZ2h0PSIxIiB4bWxucz0iaHR0cDovL3d3dy53My5vcmcvMjAwMC9zdmciPjwvc3ZnPg==\" style=\"--smush-placeholder-width: 20px; --smush-placeholder-aspect-ratio: 20\/25;\"><\/a><\/td>\n<td class=\"dl_sp5\"><a href=\"https:\/\/www.elovis.com\/wp-content\/uploads\/2019\/04\/Keywords_RU.pdf\" target=\"_blank\" rel=\"noopener\" data-mce-href=\"https:\/\/www.elovis.com\/wp-content\/uploads\/2019\/04\/Keywords_RU.pdf\">download<\/a><\/td>\n<\/tr>\n<\/tbody>\n<\/table>\n<\/div>\n<div class=\"dl_abschnitt\">\n<h2>magyar<\/h2>\n<table class=\"dl_tab nostripes mce-item-table\">\n<tbody>\n<tr>\n<td class=\"dl_sp2\" width=\"80%\">Bros\u00fara \u00b5SPEED &#8211; \u00c9rint\u00e9smentes sebess\u00e9g \u00e9s hosszm\u00e9r\u00e9s<\/td>\n<td class=\"dl_sp3\">705KB<\/td>\n<td class=\"dl_sp4\"><a href=\"https:\/\/www.elovis.com\/wp-content\/uploads\/2019\/04\/Prospekt_Speed-HUN01.pdf\" target=\"_blank\" rel=\"noopener\" data-mce-href=\"https:\/\/www.elovis.com\/wp-content\/uploads\/2019\/04\/Prospekt_Speed-HUN01.pdf\"><img decoding=\"async\" class=\"alignnone wp-image-99554 size-full lazyload\" data-src=\"https:\/\/www.elovis.com\/wp-content\/uploads\/2019\/05\/833px-PDF_file_icon.svg-e1557377320565.png\" alt=\"\" width=\"20\" height=\"25\" data-mce-data-src=\"https:\/\/www.elovis.com\/wp-content\/uploads\/2019\/05\/833px-PDF_file_icon.svg-e1557377320565.png\" src=\"data:image\/svg+xml;base64,PHN2ZyB3aWR0aD0iMSIgaGVpZ2h0PSIxIiB4bWxucz0iaHR0cDovL3d3dy53My5vcmcvMjAwMC9zdmciPjwvc3ZnPg==\" style=\"--smush-placeholder-width: 20px; --smush-placeholder-aspect-ratio: 20\/25;\"><\/a><\/td>\n<td class=\"dl_sp5\"><a href=\"https:\/\/www.elovis.com\/wp-content\/uploads\/2019\/04\/Prospekt_Speed-HUN01.pdf\" target=\"_blank\" rel=\"noopener\" data-mce-href=\"https:\/\/www.elovis.com\/wp-content\/uploads\/2019\/04\/Prospekt_Speed-HUN01.pdf\">download<\/a><\/td>\n<\/tr>\n<\/tbody>\n<\/table>\n<\/div>\n<div class=\"dl_abschnitt\">\n<h2>polski<\/h2>\n<table class=\"dl_tab nostripes mce-item-table\">\n<tbody>\n<tr>\n<td class=\"dl_sp2\" width=\"80%\">Broszura \u00b5SPEED &#8211; bezdotykowy pomiar pr\u0119dko\u015bci i d\u0142ugo\u015bci<\/td>\n<td class=\"dl_sp3\">366KB<\/td>\n<td class=\"dl_sp4\"><a href=\"https:\/\/www.elovis.com\/wp-content\/uploads\/2019\/04\/Prospekt_\u00b5Speed-p.pdf\" target=\"_blank\" rel=\"noopener\" data-mce-href=\"https:\/\/www.elovis.com\/wp-content\/uploads\/2019\/04\/Prospekt_\u00b5Speed-p.pdf\"><img decoding=\"async\" class=\"alignnone wp-image-99554 size-full lazyload\" data-src=\"https:\/\/www.elovis.com\/wp-content\/uploads\/2019\/05\/833px-PDF_file_icon.svg-e1557377320565.png\" alt=\"\" width=\"20\" height=\"25\" data-mce-data-src=\"https:\/\/www.elovis.com\/wp-content\/uploads\/2019\/05\/833px-PDF_file_icon.svg-e1557377320565.png\" src=\"data:image\/svg+xml;base64,PHN2ZyB3aWR0aD0iMSIgaGVpZ2h0PSIxIiB4bWxucz0iaHR0cDovL3d3dy53My5vcmcvMjAwMC9zdmciPjwvc3ZnPg==\" style=\"--smush-placeholder-width: 20px; --smush-placeholder-aspect-ratio: 20\/25;\"><\/a><\/td>\n<td class=\"dl_sp5\"><a href=\"https:\/\/www.elovis.com\/wp-content\/uploads\/2019\/04\/Prospekt_\u00b5Speed-p.pdf\" target=\"_blank\" rel=\"noopener\" data-mce-href=\"https:\/\/www.elovis.com\/wp-content\/uploads\/2019\/04\/Prospekt_\u00b5Speed-p.pdf\">download<\/a><\/td>\n<\/tr>\n<\/tbody>\n<\/table>\n<\/div>\n<div class=\"dl_abschnitt\">\n<h2>portugu\u00eas<\/h2>\n<table class=\"dl_tab nostripes mce-item-table\">\n<tbody>\n<tr>\n<td class=\"dl_sp2\" width=\"80%\">Panfleto \u00b5SPEED &#8211; Medi\u00e7\u00e3o de comprimento e Velocidade sem contato<\/td>\n<td class=\"dl_sp3\">185KB<\/td>\n<td class=\"dl_sp4\"><a href=\"https:\/\/www.elovis.com\/wp-content\/uploads\/2019\/04\/Prospecto_\u00b5Speed-port.pdf\" target=\"_blank\" rel=\"noopener\" data-mce-href=\"https:\/\/www.elovis.com\/wp-content\/uploads\/2019\/04\/Prospecto_\u00b5Speed-port.pdf\"><img decoding=\"async\" class=\"alignnone wp-image-99554 size-full lazyload\" data-src=\"https:\/\/www.elovis.com\/wp-content\/uploads\/2019\/05\/833px-PDF_file_icon.svg-e1557377320565.png\" alt=\"\" width=\"20\" height=\"25\" data-mce-data-src=\"https:\/\/www.elovis.com\/wp-content\/uploads\/2019\/05\/833px-PDF_file_icon.svg-e1557377320565.png\" src=\"data:image\/svg+xml;base64,PHN2ZyB3aWR0aD0iMSIgaGVpZ2h0PSIxIiB4bWxucz0iaHR0cDovL3d3dy53My5vcmcvMjAwMC9zdmciPjwvc3ZnPg==\" style=\"--smush-placeholder-width: 20px; --smush-placeholder-aspect-ratio: 20\/25;\"><\/a><\/td>\n<td class=\"dl_sp5\"><a href=\"https:\/\/www.elovis.com\/wp-content\/uploads\/2019\/04\/Prospecto_\u00b5Speed-port.pdf\" target=\"_blank\" rel=\"noopener\" data-mce-href=\"https:\/\/www.elovis.com\/wp-content\/uploads\/2019\/04\/Prospecto_\u00b5Speed-port.pdf\">download<\/a><\/td>\n<\/tr>\n<\/tbody>\n<\/table>\n<\/div>\n<div class=\"dl_abschnitt\">\n<h2>t\u00fcrk<\/h2>\n<table class=\"dl_tab nostripes mce-item-table\">\n<tbody>\n<tr>\n<td class=\"dl_sp2\" width=\"80%\">bro\u015f\u00fcr \u00b5SPEED &#8211; temass\u0131z uzunlukve s\u00fcrrat\u00f6lc\u00fcs\u00fc<\/td>\n<td class=\"dl_sp3\">1,4MB<\/td>\n<td class=\"dl_sp4\"><a href=\"https:\/\/www.elovis.com\/wp-content\/uploads\/2019\/04\/Prospekt_\u00b5AWS-d01_t\u00fcrkisch.pdf\" target=\"_blank\" rel=\"noopener\" data-mce-href=\"https:\/\/www.elovis.com\/wp-content\/uploads\/2019\/04\/Prospekt_\u00b5AWS-d01_t\u00fcrkisch.pdf\"><img decoding=\"async\" class=\"alignnone wp-image-99554 size-full lazyload\" data-src=\"https:\/\/www.elovis.com\/wp-content\/uploads\/2019\/05\/833px-PDF_file_icon.svg-e1557377320565.png\" alt=\"\" width=\"20\" height=\"25\" data-mce-data-src=\"https:\/\/www.elovis.com\/wp-content\/uploads\/2019\/05\/833px-PDF_file_icon.svg-e1557377320565.png\" src=\"data:image\/svg+xml;base64,PHN2ZyB3aWR0aD0iMSIgaGVpZ2h0PSIxIiB4bWxucz0iaHR0cDovL3d3dy53My5vcmcvMjAwMC9zdmciPjwvc3ZnPg==\" style=\"--smush-placeholder-width: 20px; --smush-placeholder-aspect-ratio: 20\/25;\"><\/a><\/td>\n<td class=\"dl_sp5\"><a href=\"https:\/\/www.elovis.com\/wp-content\/uploads\/2019\/04\/Prospekt_\u00b5AWS-d01_t\u00fcrkisch.pdf\" target=\"_blank\" rel=\"noopener\" data-mce-href=\"https:\/\/www.elovis.com\/wp-content\/uploads\/2019\/04\/Prospekt_\u00b5AWS-d01_t\u00fcrkisch.pdf\">download<\/a><\/td>\n<\/tr>\n<\/tbody>\n<\/table>\n<\/div>\n<div class=\"dl_abschnitt\">\n<h2>\u0639\u0631\u0628\u064a<\/h2>\n<table class=\"dl_tab nostripes mce-item-table\">\n<tbody>\n<tr>\n<td class=\"dl_sp2\" width=\"80%\">\u0643\u062a\u0627\u0644\u0648\u062c \u00b5SPEED &#8211; \ufed7\ufef4\ufe8e\u0633 \ufedf\ufee0\ufeb4\u0651\u0640\ufeae\ufecb\ufe94 \u0648 \u0627\ufedf\ufec4\u0651\u0640\ufeee\u0644 \ufecb\ufee6 \ufe91\ufecc\ufeaa<\/td>\n<td class=\"dl_sp3\">695KB<\/td>\n<td class=\"dl_sp4\"><a href=\"https:\/\/www.elovis.com\/wp-content\/uploads\/2019\/04\/Prospekt_\u00b5Speed_Arabisch.pdf\" target=\"_blank\" rel=\"noopener\" data-mce-href=\"https:\/\/www.elovis.com\/wp-content\/uploads\/2019\/04\/Prospekt_\u00b5Speed_Arabisch.pdf\"><img decoding=\"async\" class=\"alignnone wp-image-99554 size-full lazyload\" data-src=\"https:\/\/www.elovis.com\/wp-content\/uploads\/2019\/05\/833px-PDF_file_icon.svg-e1557377320565.png\" alt=\"\" width=\"20\" height=\"25\" data-mce-data-src=\"https:\/\/www.elovis.com\/wp-content\/uploads\/2019\/05\/833px-PDF_file_icon.svg-e1557377320565.png\" src=\"data:image\/svg+xml;base64,PHN2ZyB3aWR0aD0iMSIgaGVpZ2h0PSIxIiB4bWxucz0iaHR0cDovL3d3dy53My5vcmcvMjAwMC9zdmciPjwvc3ZnPg==\" style=\"--smush-placeholder-width: 20px; --smush-placeholder-aspect-ratio: 20\/25;\"><\/a><\/td>\n<td class=\"dl_sp5\"><a href=\"https:\/\/www.elovis.com\/wp-content\/uploads\/2019\/04\/Prospekt_\u00b5Speed_Arabisch.pdf\" target=\"_blank\" rel=\"noopener\" data-mce-href=\"https:\/\/www.elovis.com\/wp-content\/uploads\/2019\/04\/Prospekt_\u00b5Speed_Arabisch.pdf\">download<\/a><\/td>\n<\/tr>\n<\/tbody>\n<\/table>\n<\/div>\n<div class=\"dl_abschnitt\">\n<h2>belges<\/h2>\n<table class=\"dl_tab nostripes mce-item-table\">\n<tbody>\n<tr>\n<td class=\"dl_sp2\" width=\"80%\">Product Info \u00b5SPEED &#8211; contactloos snelheids en lengtemeetsysteem<\/td>\n<td class=\"dl_sp3\">1,3MB<\/td>\n<td class=\"dl_sp4\"><a href=\"https:\/\/www.elovis.com\/wp-content\/uploads\/2019\/04\/Prospekt_\u00b5AWS-Belgisch.pdf\" target=\"_blank\" rel=\"noopener\" data-mce-href=\"https:\/\/www.elovis.com\/wp-content\/uploads\/2019\/04\/Prospekt_\u00b5AWS-Belgisch.pdf\"><img decoding=\"async\" class=\"alignnone wp-image-99554 size-full lazyload\" data-src=\"https:\/\/www.elovis.com\/wp-content\/uploads\/2019\/05\/833px-PDF_file_icon.svg-e1557377320565.png\" alt=\"\" width=\"20\" height=\"25\" data-mce-data-src=\"https:\/\/www.elovis.com\/wp-content\/uploads\/2019\/05\/833px-PDF_file_icon.svg-e1557377320565.png\" src=\"data:image\/svg+xml;base64,PHN2ZyB3aWR0aD0iMSIgaGVpZ2h0PSIxIiB4bWxucz0iaHR0cDovL3d3dy53My5vcmcvMjAwMC9zdmciPjwvc3ZnPg==\" style=\"--smush-placeholder-width: 20px; --smush-placeholder-aspect-ratio: 20\/25;\"><\/a><\/td>\n<td class=\"dl_sp5\"><a href=\"https:\/\/www.elovis.com\/wp-content\/uploads\/2019\/04\/Prospekt_\u00b5AWS-Belgisch.pdf\" target=\"_blank\" rel=\"noopener\" data-mce-href=\"https:\/\/www.elovis.com\/wp-content\/uploads\/2019\/04\/Prospekt_\u00b5AWS-Belgisch.pdf\">download<\/a><\/td>\n<\/tr>\n<\/tbody>\n<\/table>\n<\/div>\n<div class=\"dl_abschnitt\">\n<h2>italiano<\/h2>\n<table class=\"dl_tab nostripes mce-item-table\">\n<tbody>\n<tr>\n<td class=\"dl_sp2\" width=\"80%\">Brochure \u00b5SPEED &#8211; misurazione di longitudine e di velocit\u00e0 senza contatto<\/td>\n<td class=\"dl_sp3\">1,4MB<\/td>\n<td class=\"dl_sp4\"><a href=\"https:\/\/www.elovis.com\/wp-content\/uploads\/2019\/04\/Prospekt_\u00b5AWS-Italienisch.pdf\" target=\"_blank\" rel=\"noopener\" data-mce-href=\"https:\/\/www.elovis.com\/wp-content\/uploads\/2019\/04\/Prospekt_\u00b5AWS-Italienisch.pdf\"><img decoding=\"async\" class=\"alignnone wp-image-99554 size-full lazyload\" data-src=\"https:\/\/www.elovis.com\/wp-content\/uploads\/2019\/05\/833px-PDF_file_icon.svg-e1557377320565.png\" alt=\"\" width=\"20\" height=\"25\" data-mce-data-src=\"https:\/\/www.elovis.com\/wp-content\/uploads\/2019\/05\/833px-PDF_file_icon.svg-e1557377320565.png\" src=\"data:image\/svg+xml;base64,PHN2ZyB3aWR0aD0iMSIgaGVpZ2h0PSIxIiB4bWxucz0iaHR0cDovL3d3dy53My5vcmcvMjAwMC9zdmciPjwvc3ZnPg==\" style=\"--smush-placeholder-width: 20px; --smush-placeholder-aspect-ratio: 20\/25;\"><\/a><\/td>\n<td class=\"dl_sp5\"><a href=\"https:\/\/www.elovis.com\/wp-content\/uploads\/2019\/04\/Prospekt_\u00b5AWS-Italienisch.pdf\" target=\"_blank\" rel=\"noopener\" data-mce-href=\"https:\/\/www.elovis.com\/wp-content\/uploads\/2019\/04\/Prospekt_\u00b5AWS-Italienisch.pdf\">download<\/a><\/td>\n<\/tr>\n<\/tbody>\n<\/table>\n<\/div>\n\t\t\t\t\t\t\t\t<\/div>\n\t\t\t\t<\/div>\n\t\t\t\t\t<\/div>\n\t\t<\/div>\n\t\t\t\t\t<\/div>\n\t\t<\/section>\n\t\t\t\t<\/div>\n\t\t","protected":false},"excerpt":{"rendered":"<p>International brochures, sales partner and distributor information Espa\u00f1ol Informaci\u00f3n sobre todos los productos de ELOVIS P\u00e1gina de inicio en espa\u00f1ol Fran\u00e7ais Informations sur tous les produits ELOVIS Page d&#8217;accueil fran\u00e7ais\u200b \u4e2d\u56fd\u7684 \u4ea7\u54c1\u76ee\u5f55 \u00b5Speed &#8211; \u975e\u63a5\u89e6\u5f0f \u901f\u5ea6\u53ca\u957f\u5ea6\u6d4b\u91cf 232KB download \u4ea7\u54c1\u624b\u518c 935KB download \u0440\u043e\u0441\u0441\u0438\u0301\u0439\u0441\u043a\u0438\u0439 \u0431\u0440\u043e\u0448\u044e\u0440\u0430 \u00b5SPEED &#8211; \u0411\u0435\u0441\u043a\u043e\u043d\u0442\u0430\u043a\u0442\u043d\u043e\u0435 \u0438\u0437\u043c\u0435\u0440\u0435\u043d\u0438\u0435 \u0434\u043b\u0438\u043d\u044b \u0438 \u0441\u043a\u043e\u0440\u043e\u0441\u0442\u0438 2,2MB download \u0443\u043f\u043e\u0442\u0440\u0435\u0431\u043b\u0435\u043d\u0438\u0435 319KB download &#8230; <a title=\"World\" class=\"read-more\" href=\"https:\/\/www.elovis.com\/en\/world\/\" aria-label=\"Read more about World\">Weiterlesen &#8230;<\/a><\/p>\n","protected":false},"author":1,"featured_media":0,"parent":0,"menu_order":45,"comment_status":"closed","ping_status":"closed","template":"","meta":{"footnotes":""},"yst_prominent_words":[1078,1720,1079,1077,208,1722,1721,130],"class_list":["post-56287","page","type-page","status-publish"],"_links":{"self":[{"href":"https:\/\/www.elovis.com\/en\/wp-json\/wp\/v2\/pages\/56287","targetHints":{"allow":["GET"]}}],"collection":[{"href":"https:\/\/www.elovis.com\/en\/wp-json\/wp\/v2\/pages"}],"about":[{"href":"https:\/\/www.elovis.com\/en\/wp-json\/wp\/v2\/types\/page"}],"author":[{"embeddable":true,"href":"https:\/\/www.elovis.com\/en\/wp-json\/wp\/v2\/users\/1"}],"replies":[{"embeddable":true,"href":"https:\/\/www.elovis.com\/en\/wp-json\/wp\/v2\/comments?post=56287"}],"version-history":[{"count":9,"href":"https:\/\/www.elovis.com\/en\/wp-json\/wp\/v2\/pages\/56287\/revisions"}],"predecessor-version":[{"id":541618,"href":"https:\/\/www.elovis.com\/en\/wp-json\/wp\/v2\/pages\/56287\/revisions\/541618"}],"wp:attachment":[{"href":"https:\/\/www.elovis.com\/en\/wp-json\/wp\/v2\/media?parent=56287"}],"wp:term":[{"taxonomy":"yst_prominent_words","embeddable":true,"href":"https:\/\/www.elovis.com\/en\/wp-json\/wp\/v2\/yst_prominent_words?post=56287"}],"curies":[{"name":"wp","href":"https:\/\/api.w.org\/{rel}","templated":true}]}}